{"id":1058,"date":"2022-08-18T12:52:50","date_gmt":"2022-08-18T15:52:50","guid":{"rendered":"https:\/\/keepdata.com\/demo\/?page_id=1058"},"modified":"2022-11-14T09:30:46","modified_gmt":"2022-11-14T12:30:46","slug":"ssd-m-2-ngff-256gb","status":"publish","type":"page","link":"https:\/\/keepdata.com\/pt\/ssd-m-2-ngff-256gb\/","title":{"rendered":"SSD M.2 NGFF 256GB"},"content":{"rendered":"\t\t<div data-elementor-type=\"wp-page\" data-elementor-id=\"1058\" class=\"elementor elementor-1058\" data-elementor-post-type=\"page\">\n\t\t\t\t\t\t<section class=\"elementor-section elementor-top-section elementor-element elementor-element-3fdc27e9 elementor-section-boxed elementor-section-height-default elementor-section-height-default\" data-id=\"3fdc27e9\" data-element_type=\"section\" data-e-type=\"section\">\n\t\t\t\t\t\t<div class=\"elementor-container elementor-column-gap-default\">\n\t\t\t\t\t<div class=\"elementor-column elementor-col-100 elementor-top-column elementor-element elementor-element-5cbb5cea\" data-id=\"5cbb5cea\" data-element_type=\"column\" data-e-type=\"column\">\n\t\t\t<div class=\"elementor-widget-wrap elementor-element-populated\">\n\t\t\t\t\t\t<div class=\"elementor-element elementor-element-68b5a18f elementor-widget elementor-widget-heading\" data-id=\"68b5a18f\" data-element_type=\"widget\" data-e-type=\"widget\" data-widget_type=\"heading.default\">\n\t\t\t\t<div class=\"elementor-widget-container\">\n\t\t\t\t\t<h2 class=\"elementor-heading-title elementor-size-default\">SSD M.2 SATA NGFF 256GB<\/h2>\t\t\t\t<\/div>\n\t\t\t\t<\/div>\n\t\t\t\t<div class=\"elementor-element elementor-element-36f2f98f elementor-widget elementor-widget-heading\" data-id=\"36f2f98f\" data-element_type=\"widget\" data-e-type=\"widget\" data-widget_type=\"heading.default\">\n\t\t\t\t<div class=\"elementor-widget-container\">\n\t\t\t\t\t<h2 class=\"elementor-heading-title elementor-size-default\">Modelo: KDM256G-J12<\/h2>\t\t\t\t<\/div>\n\t\t\t\t<\/div>\n\t\t\t\t<div class=\"elementor-element elementor-element-5e0ad6d8 elementor-widget elementor-widget-image\" data-id=\"5e0ad6d8\" data-element_type=\"widget\" data-e-type=\"widget\" data-widget_type=\"image.default\">\n\t\t\t\t<div class=\"elementor-widget-container\">\n\t\t\t\t\t\t\t\t\t\t\t\t\t\t\t<img fetchpriority=\"high\" decoding=\"async\" width=\"854\" height=\"472\" src=\"https:\/\/keepdata.com\/pt\/wp-content\/uploads\/2022\/08\/M2-sata-KDM256G-J12-box-Small.png\" class=\"attachment-full size-full wp-image-955\" alt=\"\" srcset=\"https:\/\/keepdata.com\/pt\/wp-content\/uploads\/2022\/08\/M2-sata-KDM256G-J12-box-Small.png 854w, https:\/\/keepdata.com\/pt\/wp-content\/uploads\/2022\/08\/M2-sata-KDM256G-J12-box-Small-300x166.png 300w, https:\/\/keepdata.com\/pt\/wp-content\/uploads\/2022\/08\/M2-sata-KDM256G-J12-box-Small-768x424.png 768w\" sizes=\"(max-width: 854px) 100vw, 854px\" \/>\t\t\t\t\t\t\t\t\t\t\t\t\t\t\t<\/div>\n\t\t\t\t<\/div>\n\t\t\t\t<div class=\"elementor-element elementor-element-d67eb6e elementor-widget elementor-widget-text-editor\" data-id=\"d67eb6e\" data-element_type=\"widget\" data-e-type=\"widget\" data-widget_type=\"text-editor.default\">\n\t\t\t\t<div class=\"elementor-widget-container\">\n\t\t\t\t\t\t\t\t\t<p>R\u00e1pida inicializa\u00e7\u00e3o, carregamento e transfer\u00eancia de arquivos. Mais confi\u00e1vel e mais dur\u00e1vel do que um disco r\u00edgido. A unidade de estado s\u00f3lido NGFF da KeepData, aumenta eficientemente a resposta do seu computador com tempos inacredit\u00e1veis de inicializa\u00e7\u00e3o, carregamento e transfer\u00eancia, comparados a discos r\u00edgidos mec\u00e2nicos. Acrescido com uma controladora de alta tecnologia para velocidades de leitura e grava\u00e7\u00e3o de at\u00e9 550MB\/s e 500MB\/s, este SSD \u00e9 10x mais r\u00e1pido do que um disco r\u00edgido tradicional. Para melhor desempenho, resposta instant\u00e2nea em multitarefas e um computador mais r\u00e1pido de modo geral.<\/p>\t\t\t\t\t\t\t\t<\/div>\n\t\t\t\t<\/div>\n\t\t\t\t<div class=\"elementor-element elementor-element-5f776aca elementor-widget elementor-widget-image\" data-id=\"5f776aca\" data-element_type=\"widget\" data-e-type=\"widget\" data-widget_type=\"image.default\">\n\t\t\t\t<div class=\"elementor-widget-container\">\n\t\t\t\t\t\t\t\t\t\t\t\t\t\t\t<img decoding=\"async\" width=\"800\" height=\"268\" src=\"https:\/\/keepdata.com\/pt\/wp-content\/uploads\/2022\/07\/M2-sata-KDM256G-J12-Small.png\" class=\"attachment-large size-large wp-image-635\" alt=\"\" srcset=\"https:\/\/keepdata.com\/pt\/wp-content\/uploads\/2022\/07\/M2-sata-KDM256G-J12-Small.png 955w, https:\/\/keepdata.com\/pt\/wp-content\/uploads\/2022\/07\/M2-sata-KDM256G-J12-Small-300x101.png 300w, https:\/\/keepdata.com\/pt\/wp-content\/uploads\/2022\/07\/M2-sata-KDM256G-J12-Small-768x257.png 768w\" sizes=\"(max-width: 800px) 100vw, 800px\" \/>\t\t\t\t\t\t\t\t\t\t\t\t\t\t\t<\/div>\n\t\t\t\t<\/div>\n\t\t\t\t<div class=\"elementor-element elementor-element-710abd64 elementor-widget elementor-widget-heading\" data-id=\"710abd64\" data-element_type=\"widget\" data-e-type=\"widget\" data-widget_type=\"heading.default\">\n\t\t\t\t<div class=\"elementor-widget-container\">\n\t\t\t\t\t<h2 class=\"elementor-heading-title elementor-size-default\">Especifica\u00e7\u00f5es T\u00e9cnicas:<\/h2>\t\t\t\t<\/div>\n\t\t\t\t<\/div>\n\t\t\t\t<div class=\"elementor-element elementor-element-4534bb9f elementor-widget elementor-widget-elementskit-tablepress\" data-id=\"4534bb9f\" data-element_type=\"widget\" data-e-type=\"widget\" data-widget_type=\"elementskit-tablepress.default\">\n\t\t\t\t<div class=\"elementor-widget-container\">\n\t\t\t\t\t<div class=\"elemenetskit-tablepress ekit-wid-con\" id=\"ekit_tablepress_4534bb9f\">\n<table id=\"tablepress-9\" class=\"tablepress tablepress-id-9\">\n<tbody class=\"row-striping row-hover\">\n<tr class=\"row-1\">\n\t<td class=\"column-1\">EAN<\/td><td class=\"column-2\">7898722600034<\/td><td class=\"column-3\"><\/td>\n<\/tr>\n<tr class=\"row-2\">\n\t<td class=\"column-1\">General<\/td><td class=\"column-2\">Interface <\/td><td class=\"column-3\">NGFF <\/td>\n<\/tr>\n<tr class=\"row-3\">\n\t<td class=\"column-1\"><\/td><td class=\"column-2\">Capacity <\/td><td class=\"column-3\">256GB<\/td>\n<\/tr>\n<tr class=\"row-4\">\n\t<td class=\"column-1\"><\/td><td class=\"column-2\">Size <\/td><td class=\"column-3\">22*80*3.2 mm <\/td>\n<\/tr>\n<tr class=\"row-5\">\n\t<td class=\"column-1\"><\/td><td class=\"column-2\">Flash type <\/td><td class=\"column-3\">MLC NAND Flash <\/td>\n<\/tr>\n<tr class=\"row-6\">\n\t<td class=\"column-1\">Read\/Write Performance <\/td><td class=\"column-2\">4KB Random Read IOPS <\/td><td class=\"column-3\">69000<\/td>\n<\/tr>\n<tr class=\"row-7\">\n\t<td class=\"column-1\"><\/td><td class=\"column-2\">4KB Random Write IOPS <\/td><td class=\"column-3\">40000<\/td>\n<\/tr>\n<tr class=\"row-8\">\n\t<td class=\"column-1\"><\/td><td class=\"column-2\">Response Time <\/td><td class=\"column-3\">0.05ms <\/td>\n<\/tr>\n<tr class=\"row-9\">\n\t<td class=\"column-1\">Power Consumption <\/td><td class=\"column-2\">Power Supply <\/td><td class=\"column-3\">3.3V+5% <\/td>\n<\/tr>\n<tr class=\"row-10\">\n\t<td class=\"column-1\"><\/td><td class=\"column-2\">Standby <\/td><td class=\"column-3\">0.3W <\/td>\n<\/tr>\n<tr class=\"row-11\">\n\t<td class=\"column-1\"><\/td><td class=\"column-2\">Maximum Ripple <\/td><td class=\"column-3\">70 mV(peak to peak) <\/td>\n<\/tr>\n<tr class=\"row-12\">\n\t<td class=\"column-1\"><\/td><td class=\"column-2\">4KB Random Write <\/td><td class=\"column-3\">1.6W <\/td>\n<\/tr>\n<tr class=\"row-13\">\n\t<td class=\"column-1\">Reliability <\/td><td class=\"column-2\">MTBF: <\/td><td class=\"column-3\">1,000,000 hours <\/td>\n<\/tr>\n<tr class=\"row-14\">\n\t<td class=\"column-1\"><\/td><td class=\"column-2\">ECC: <\/td><td class=\"column-3\">Supports BCH ECC 16 bits or 24 bits in 1024 bytes <\/td>\n<\/tr>\n<tr class=\"row-15\">\n\t<td class=\"column-1\"><\/td><td class=\"column-2\">Static and dynamic wear-leveling <\/td><td class=\"column-3\"><\/td>\n<\/tr>\n<tr class=\"row-16\">\n\t<td class=\"column-1\"><\/td><td class=\"column-2\">Bad block management algorithm <\/td><td class=\"column-3\"><\/td>\n<\/tr>\n<tr class=\"row-17\">\n\t<td class=\"column-1\">Environment <\/td><td class=\"column-2\">Storage temperature: <\/td><td class=\"column-3\">-40~85 \u00b0C <\/td>\n<\/tr>\n<tr class=\"row-18\">\n\t<td class=\"column-1\"><\/td><td class=\"column-2\">Operation temperature: <\/td><td class=\"column-3\">-0~70\u00b0C <\/td>\n<\/tr>\n<tr class=\"row-19\">\n\t<td class=\"column-1\"><\/td><td class=\"column-2\">Humidity: <\/td><td class=\"column-3\">5%~95% <\/td>\n<\/tr>\n<tr class=\"row-20\">\n\t<td class=\"column-1\">Testing platform <\/td><td class=\"column-2\">CPU: <\/td><td class=\"column-3\">Intel\u00ae Core(TM) i5-2400 CPU @ 3.10GHz <\/td>\n<\/tr>\n<tr class=\"row-21\">\n\t<td class=\"column-1\"><\/td><td class=\"column-2\">Chipset: <\/td><td class=\"column-3\">Intel\u00ae Z68 Express Chipset <\/td>\n<\/tr>\n<tr class=\"row-22\">\n\t<td class=\"column-1\"><\/td><td class=\"column-2\">Memory: <\/td><td class=\"column-3\">DDR3 8GB 1600MHZ KEEPDATA KD16N11\/8G<\/td>\n<\/tr>\n<tr class=\"row-23\">\n\t<td class=\"column-1\"><\/td><td class=\"column-2\">OS: <\/td><td class=\"column-3\">Microsoft Windows 7 Professional 64-bit <\/td>\n<\/tr>\n<tr class=\"row-24\">\n\t<td class=\"column-1\"><\/td><td class=\"column-2\">AHCI Driver: <\/td><td class=\"column-3\">AHCI Mode <\/td>\n<\/tr>\n<tr class=\"row-25\">\n\t<td class=\"column-1\"><\/td><td class=\"column-2\">BIOS Settings: <\/td><td class=\"column-3\">AHCI Mode <\/td>\n<\/tr>\n<tr class=\"row-26\">\n\t<td class=\"column-1\"><\/td><td class=\"column-2\">Warranty <\/td><td class=\"column-3\">2 years <\/td>\n<\/tr>\n<\/tbody>\n<\/table>\n<\/div>\t\t\t\t<\/div>\n\t\t\t\t<\/div>\n\t\t\t\t\t<\/div>\n\t\t<\/div>\n\t\t\t\t\t<\/div>\n\t\t<\/section>\n\t\t\t\t<\/div>\n\t\t","protected":false},"excerpt":{"rendered":"<p>SSD M.2 SATA NGFF 256GB Modelo: KDM256G-J12 R\u00e1pida inicializa\u00e7\u00e3o, carregamento e transfer\u00eancia de arquivos. Mais confi\u00e1vel e mais dur\u00e1vel do que um disco r\u00edgido. A unidade de estado s\u00f3lido NGFF da KeepData, aumenta eficientemente a resposta do seu computador com tempos inacredit\u00e1veis de inicializa\u00e7\u00e3o, carregamento e transfer\u00eancia, comparados a discos r\u00edgidos mec\u00e2nicos. Acrescido com uma [&hellip;]<\/p>\n","protected":false},"author":1,"featured_media":0,"parent":0,"menu_order":0,"comment_status":"closed","ping_status":"closed","template":"elementor_header_footer","meta":{"footnotes":""},"folder":[],"class_list":["post-1058","page","type-page","status-publish","hentry"],"_links":{"self":[{"href":"https:\/\/keepdata.com\/pt\/wp-json\/wp\/v2\/pages\/1058","targetHints":{"allow":["GET"]}}],"collection":[{"href":"https:\/\/keepdata.com\/pt\/wp-json\/wp\/v2\/pages"}],"about":[{"href":"https:\/\/keepdata.com\/pt\/wp-json\/wp\/v2\/types\/page"}],"author":[{"embeddable":true,"href":"https:\/\/keepdata.com\/pt\/wp-json\/wp\/v2\/users\/1"}],"replies":[{"embeddable":true,"href":"https:\/\/keepdata.com\/pt\/wp-json\/wp\/v2\/comments?post=1058"}],"version-history":[{"count":10,"href":"https:\/\/keepdata.com\/pt\/wp-json\/wp\/v2\/pages\/1058\/revisions"}],"predecessor-version":[{"id":2486,"href":"https:\/\/keepdata.com\/pt\/wp-json\/wp\/v2\/pages\/1058\/revisions\/2486"}],"wp:attachment":[{"href":"https:\/\/keepdata.com\/pt\/wp-json\/wp\/v2\/media?parent=1058"}],"wp:term":[{"taxonomy":"folder","embeddable":true,"href":"https:\/\/keepdata.com\/pt\/wp-json\/wp\/v2\/folder?post=1058"}],"curies":[{"name":"wp","href":"https:\/\/api.w.org\/{rel}","templated":true}]}}