{"id":1062,"date":"2022-08-18T12:53:39","date_gmt":"2022-08-18T15:53:39","guid":{"rendered":"https:\/\/keepdata.com\/demo\/?page_id=1062"},"modified":"2022-09-05T16:23:54","modified_gmt":"2022-09-05T19:23:54","slug":"ssd-m-2-nvme-2tb","status":"publish","type":"page","link":"https:\/\/keepdata.com\/pt\/ssd-m-2-nvme-2tb\/","title":{"rendered":"SSD M.2 NVMe 2TB"},"content":{"rendered":"\t\t<div data-elementor-type=\"wp-page\" data-elementor-id=\"1062\" class=\"elementor elementor-1062\" data-elementor-post-type=\"page\">\n\t\t\t\t\t\t<section class=\"elementor-section elementor-top-section elementor-element elementor-element-2c7d8058 elementor-section-boxed elementor-section-height-default elementor-section-height-default\" data-id=\"2c7d8058\" data-element_type=\"section\" data-e-type=\"section\">\n\t\t\t\t\t\t<div class=\"elementor-container elementor-column-gap-default\">\n\t\t\t\t\t<div class=\"elementor-column elementor-col-100 elementor-top-column elementor-element elementor-element-1c5d0e17\" data-id=\"1c5d0e17\" data-element_type=\"column\" data-e-type=\"column\">\n\t\t\t<div class=\"elementor-widget-wrap elementor-element-populated\">\n\t\t\t\t\t\t<div class=\"elementor-element elementor-element-3fd87cb9 elementor-widget elementor-widget-heading\" data-id=\"3fd87cb9\" data-element_type=\"widget\" data-e-type=\"widget\" data-widget_type=\"heading.default\">\n\t\t\t\t<div class=\"elementor-widget-container\">\n\t\t\t\t\t<h2 class=\"elementor-heading-title elementor-size-default\">SSD M.2 NVMe 2TB<\/h2>\t\t\t\t<\/div>\n\t\t\t\t<\/div>\n\t\t\t\t<div class=\"elementor-element elementor-element-725decc1 elementor-widget elementor-widget-heading\" data-id=\"725decc1\" data-element_type=\"widget\" data-e-type=\"widget\" data-widget_type=\"heading.default\">\n\t\t\t\t<div class=\"elementor-widget-container\">\n\t\t\t\t\t<h2 class=\"elementor-heading-title elementor-size-default\">Modelo: KDNV2T-J12<\/h2>\t\t\t\t<\/div>\n\t\t\t\t<\/div>\n\t\t\t\t<div class=\"elementor-element elementor-element-5ae295c8 elementor-widget elementor-widget-image\" data-id=\"5ae295c8\" data-element_type=\"widget\" data-e-type=\"widget\" data-widget_type=\"image.default\">\n\t\t\t\t<div class=\"elementor-widget-container\">\n\t\t\t\t\t\t\t\t\t\t\t\t\t\t\t<img fetchpriority=\"high\" decoding=\"async\" width=\"640\" height=\"472\" src=\"https:\/\/keepdata.com\/pt\/wp-content\/uploads\/2022\/08\/M2-NVMe-KDNV2T-J12-box-Small.png\" class=\"attachment-full size-full wp-image-1129\" alt=\"\" srcset=\"https:\/\/keepdata.com\/pt\/wp-content\/uploads\/2022\/08\/M2-NVMe-KDNV2T-J12-box-Small.png 640w, https:\/\/keepdata.com\/pt\/wp-content\/uploads\/2022\/08\/M2-NVMe-KDNV2T-J12-box-Small-300x221.png 300w\" sizes=\"(max-width: 640px) 100vw, 640px\" \/>\t\t\t\t\t\t\t\t\t\t\t\t\t\t\t<\/div>\n\t\t\t\t<\/div>\n\t\t\t\t\t<\/div>\n\t\t<\/div>\n\t\t\t\t\t<\/div>\n\t\t<\/section>\n\t\t\t\t<section class=\"elementor-section elementor-top-section elementor-element elementor-element-eb1ae6d elementor-section-boxed elementor-section-height-default elementor-section-height-default\" data-id=\"eb1ae6d\" data-element_type=\"section\" data-e-type=\"section\" data-settings=\"{&quot;background_background&quot;:&quot;classic&quot;}\">\n\t\t\t\t\t\t<div class=\"elementor-container elementor-column-gap-default\">\n\t\t\t\t\t<div class=\"elementor-column elementor-col-100 elementor-top-column elementor-element elementor-element-07cbfb8\" data-id=\"07cbfb8\" data-element_type=\"column\" data-e-type=\"column\">\n\t\t\t<div class=\"elementor-widget-wrap elementor-element-populated\">\n\t\t\t\t\t\t<div class=\"elementor-element elementor-element-cd9cfe4 elementor-widget elementor-widget-image\" data-id=\"cd9cfe4\" data-element_type=\"widget\" data-e-type=\"widget\" data-widget_type=\"image.default\">\n\t\t\t\t<div class=\"elementor-widget-container\">\n\t\t\t\t\t\t\t\t\t\t\t\t\t\t\t<img decoding=\"async\" src=\"https:\/\/keepdata.com\/pt\/wp-content\/uploads\/elementor\/thumbs\/leitura-2400-pr513c50xf5d4w4mfna540svximpb5hzaa8z5xa6vo.png\" title=\"leitura 2400\" alt=\"leitura 2400\" loading=\"lazy\" \/>\t\t\t\t\t\t\t\t\t\t\t\t\t\t\t<\/div>\n\t\t\t\t<\/div>\n\t\t\t\t<div class=\"elementor-element elementor-element-545ac9b4 elementor-widget elementor-widget-text-editor\" data-id=\"545ac9b4\" data-element_type=\"widget\" data-e-type=\"widget\" data-widget_type=\"text-editor.default\">\n\t\t\t\t<div class=\"elementor-widget-container\">\n\t\t\t\t\t\t\t\t\t<p>O SSD NVMe PCIe Keepdata \u00e9 a solu\u00e7\u00e3o de armazenamento que oferece velocidades de leitura\/grava\u00e7\u00e3o de at\u00e9 2.400\/1.700MB\/s, sendo 3 a 4 vezes mais r\u00e1pido do que um SSD baseado em SATA, e 35 vezes mais r\u00e1pido do que um disco r\u00edgido tradicional.<\/p>\t\t\t\t\t\t\t\t<\/div>\n\t\t\t\t<\/div>\n\t\t\t\t<div class=\"elementor-element elementor-element-6f1074db elementor-widget elementor-widget-image\" data-id=\"6f1074db\" data-element_type=\"widget\" data-e-type=\"widget\" data-widget_type=\"image.default\">\n\t\t\t\t<div class=\"elementor-widget-container\">\n\t\t\t\t\t\t\t\t\t\t\t\t\t\t\t<img decoding=\"async\" width=\"800\" height=\"268\" src=\"https:\/\/keepdata.com\/pt\/wp-content\/uploads\/2022\/08\/M2-NVMe-KDNV2T-J12-Small.png\" class=\"attachment-large size-large wp-image-1082\" alt=\"\" srcset=\"https:\/\/keepdata.com\/pt\/wp-content\/uploads\/2022\/08\/M2-NVMe-KDNV2T-J12-Small.png 955w, https:\/\/keepdata.com\/pt\/wp-content\/uploads\/2022\/08\/M2-NVMe-KDNV2T-J12-Small-300x101.png 300w, https:\/\/keepdata.com\/pt\/wp-content\/uploads\/2022\/08\/M2-NVMe-KDNV2T-J12-Small-768x257.png 768w\" sizes=\"(max-width: 800px) 100vw, 800px\" \/>\t\t\t\t\t\t\t\t\t\t\t\t\t\t\t<\/div>\n\t\t\t\t<\/div>\n\t\t\t\t\t<\/div>\n\t\t<\/div>\n\t\t\t\t\t<\/div>\n\t\t<\/section>\n\t\t\t\t<section class=\"elementor-section elementor-top-section elementor-element elementor-element-db8f496 elementor-section-boxed elementor-section-height-default elementor-section-height-default\" data-id=\"db8f496\" data-element_type=\"section\" data-e-type=\"section\">\n\t\t\t\t\t\t<div class=\"elementor-container elementor-column-gap-default\">\n\t\t\t\t\t<div class=\"elementor-column elementor-col-100 elementor-top-column elementor-element elementor-element-bf56fc7\" data-id=\"bf56fc7\" data-element_type=\"column\" data-e-type=\"column\">\n\t\t\t<div class=\"elementor-widget-wrap elementor-element-populated\">\n\t\t\t\t\t\t<div class=\"elementor-element elementor-element-b10442f elementor-widget elementor-widget-heading\" data-id=\"b10442f\" data-element_type=\"widget\" data-e-type=\"widget\" data-widget_type=\"heading.default\">\n\t\t\t\t<div class=\"elementor-widget-container\">\n\t\t\t\t\t<h2 class=\"elementor-heading-title elementor-size-default\">Especifica\u00e7\u00f5es T\u00e9cnicas:<\/h2>\t\t\t\t<\/div>\n\t\t\t\t<\/div>\n\t\t\t\t<div class=\"elementor-element elementor-element-23be1716 elementor-widget elementor-widget-elementskit-tablepress\" data-id=\"23be1716\" data-element_type=\"widget\" data-e-type=\"widget\" data-widget_type=\"elementskit-tablepress.default\">\n\t\t\t\t<div class=\"elementor-widget-container\">\n\t\t\t\t\t<div class=\"elemenetskit-tablepress ekit-wid-con\" id=\"ekit_tablepress_23be1716\">\n<table id=\"tablepress-12\" class=\"tablepress tablepress-id-12\">\n<tbody class=\"row-striping row-hover\">\n<tr class=\"row-1\">\n\t<td class=\"column-1\">EAN<\/td><td class=\"column-2\">7898722600171<\/td><td class=\"column-3\"><\/td>\n<\/tr>\n<tr class=\"row-2\">\n\t<td class=\"column-1\">General<\/td><td class=\"column-2\">Dimenstions ( L*W*H) <\/td><td class=\"column-3\">80mm*22mm*3.5mm( \u00b10.5mm) <\/td>\n<\/tr>\n<tr class=\"row-3\">\n\t<td class=\"column-1\"><\/td><td class=\"column-2\">Interface <\/td><td class=\"column-3\">M.2 <\/td>\n<\/tr>\n<tr class=\"row-4\">\n\t<td class=\"column-1\"><\/td><td class=\"column-2\">Nvme Rev. <\/td><td class=\"column-3\">Nvme Rev.1.3 - with backwards compatibility to Nvme Rev.1.1 <\/td>\n<\/tr>\n<tr class=\"row-5\">\n\t<td class=\"column-1\"><\/td><td class=\"column-2\">Capacity <\/td><td class=\"column-3\">2TB <\/td>\n<\/tr>\n<tr class=\"row-6\">\n\t<td class=\"column-1\"><\/td><td class=\"column-2\">Operating Voltage <\/td><td class=\"column-3\">DC 3.3V \u00b15% <\/td>\n<\/tr>\n<tr class=\"row-7\">\n\t<td class=\"column-1\"><\/td><td class=\"column-2\">Flash Type <\/td><td class=\"column-3\">3D TLC <\/td>\n<\/tr>\n<tr class=\"row-8\">\n\t<td class=\"column-1\">Read\/Write Performance <\/td><td class=\"column-2\">Sequential Read(Max) <\/td><td class=\"column-3\">Up to 2400 Mb\/s <\/td>\n<\/tr>\n<tr class=\"row-9\">\n\t<td class=\"column-1\"><\/td><td class=\"column-2\">Sequential Write(Max) <\/td><td class=\"column-3\">Up to 1700 Mb\/s <\/td>\n<\/tr>\n<tr class=\"row-10\">\n\t<td class=\"column-1\"><\/td><td class=\"column-2\">Max Random 4k Read <\/td><td class=\"column-3\">76400 IOPS <\/td>\n<\/tr>\n<tr class=\"row-11\">\n\t<td class=\"column-1\"><\/td><td class=\"column-2\">Max Random 4k Write <\/td><td class=\"column-3\">96200 IOPS <\/td>\n<\/tr>\n<tr class=\"row-12\">\n\t<td class=\"column-1\">Environment <\/td><td class=\"column-2\">Operating Humidity <\/td><td class=\"column-3\">5%~95% RH non-condensing <\/td>\n<\/tr>\n<tr class=\"row-13\">\n\t<td class=\"column-1\"><\/td><td class=\"column-2\">Power Consumption ( Max) <\/td><td class=\"column-3\">3.15 W <\/td>\n<\/tr>\n<tr class=\"row-14\">\n\t<td class=\"column-1\"><\/td><td class=\"column-2\">Operating Temperature <\/td><td class=\"column-3\">0\u00b0C ~ + 70\u00b0C<\/td>\n<\/tr>\n<tr class=\"row-15\">\n\t<td class=\"column-1\"><\/td><td class=\"column-2\">Storage Temperature <\/td><td class=\"column-3\">20\u00b0C ~ + 75\u00b0C<\/td>\n<\/tr>\n<tr class=\"row-16\">\n\t<td class=\"column-1\">Reliability <\/td><td class=\"column-2\">MTBF <\/td><td class=\"column-3\">1 million hours <\/td>\n<\/tr>\n<tr class=\"row-17\">\n\t<td class=\"column-1\">Testing platform <\/td><td class=\"column-2\">S.M.A.R.T <\/td><td class=\"column-3\">supported <\/td>\n<\/tr>\n<tr class=\"row-18\">\n\t<td class=\"column-1\"><\/td><td class=\"column-2\">Warranty <\/td><td class=\"column-3\">Limited 2 years warranty with free technical support <\/td>\n<\/tr>\n<\/tbody>\n<\/table>\n<!-- #tablepress-12 from cache --><\/div>\t\t\t\t<\/div>\n\t\t\t\t<\/div>\n\t\t\t\t\t<\/div>\n\t\t<\/div>\n\t\t\t\t\t<\/div>\n\t\t<\/section>\n\t\t\t\t<\/div>\n\t\t","protected":false},"excerpt":{"rendered":"<p>SSD M.2 NVMe 2TB Modelo: KDNV2T-J12 O SSD NVMe PCIe Keepdata \u00e9 a solu\u00e7\u00e3o de armazenamento que oferece velocidades de leitura\/grava\u00e7\u00e3o de at\u00e9 2.400\/1.700MB\/s, sendo 3 a 4 vezes mais r\u00e1pido do que um SSD baseado em SATA, e 35 vezes mais r\u00e1pido do que um disco r\u00edgido tradicional. Especifica\u00e7\u00f5es T\u00e9cnicas:<\/p>\n","protected":false},"author":1,"featured_media":0,"parent":0,"menu_order":0,"comment_status":"closed","ping_status":"closed","template":"elementor_header_footer","meta":{"footnotes":""},"folder":[],"class_list":["post-1062","page","type-page","status-publish","hentry"],"_links":{"self":[{"href":"https:\/\/keepdata.com\/pt\/wp-json\/wp\/v2\/pages\/1062","targetHints":{"allow":["GET"]}}],"collection":[{"href":"https:\/\/keepdata.com\/pt\/wp-json\/wp\/v2\/pages"}],"about":[{"href":"https:\/\/keepdata.com\/pt\/wp-json\/wp\/v2\/types\/page"}],"author":[{"embeddable":true,"href":"https:\/\/keepdata.com\/pt\/wp-json\/wp\/v2\/users\/1"}],"replies":[{"embeddable":true,"href":"https:\/\/keepdata.com\/pt\/wp-json\/wp\/v2\/comments?post=1062"}],"version-history":[{"count":13,"href":"https:\/\/keepdata.com\/pt\/wp-json\/wp\/v2\/pages\/1062\/revisions"}],"predecessor-version":[{"id":1717,"href":"https:\/\/keepdata.com\/pt\/wp-json\/wp\/v2\/pages\/1062\/revisions\/1717"}],"wp:attachment":[{"href":"https:\/\/keepdata.com\/pt\/wp-json\/wp\/v2\/media?parent=1062"}],"wp:term":[{"taxonomy":"folder","embeddable":true,"href":"https:\/\/keepdata.com\/pt\/wp-json\/wp\/v2\/folder?post=1062"}],"curies":[{"name":"wp","href":"https:\/\/api.w.org\/{rel}","templated":true}]}}