{"id":1064,"date":"2022-08-18T12:54:23","date_gmt":"2022-08-18T15:54:23","guid":{"rendered":"https:\/\/keepdata.com\/demo\/?page_id=1064"},"modified":"2022-09-05T16:25:37","modified_gmt":"2022-09-05T19:25:37","slug":"ssd-m-2-nvme-1tb","status":"publish","type":"page","link":"https:\/\/keepdata.com\/pt\/ssd-m-2-nvme-1tb\/","title":{"rendered":"SSD M.2 NVMe 1TB"},"content":{"rendered":"\t\t<div data-elementor-type=\"wp-page\" data-elementor-id=\"1064\" class=\"elementor elementor-1064\" data-elementor-post-type=\"page\">\n\t\t\t\t\t\t<section class=\"elementor-section elementor-top-section elementor-element elementor-element-1569b336 elementor-section-boxed elementor-section-height-default elementor-section-height-default\" data-id=\"1569b336\" data-element_type=\"section\" data-e-type=\"section\">\n\t\t\t\t\t\t<div class=\"elementor-container elementor-column-gap-default\">\n\t\t\t\t\t<div class=\"elementor-column elementor-col-100 elementor-top-column elementor-element elementor-element-d652041\" data-id=\"d652041\" data-element_type=\"column\" data-e-type=\"column\">\n\t\t\t<div class=\"elementor-widget-wrap elementor-element-populated\">\n\t\t\t\t\t\t<div class=\"elementor-element elementor-element-6b530e48 elementor-widget elementor-widget-heading\" data-id=\"6b530e48\" data-element_type=\"widget\" data-e-type=\"widget\" data-widget_type=\"heading.default\">\n\t\t\t\t<div class=\"elementor-widget-container\">\n\t\t\t\t\t<h2 class=\"elementor-heading-title elementor-size-default\">SSD M.2 NVMe 1TB<\/h2>\t\t\t\t<\/div>\n\t\t\t\t<\/div>\n\t\t\t\t<div class=\"elementor-element elementor-element-1f0e8171 elementor-widget elementor-widget-heading\" data-id=\"1f0e8171\" data-element_type=\"widget\" data-e-type=\"widget\" data-widget_type=\"heading.default\">\n\t\t\t\t<div class=\"elementor-widget-container\">\n\t\t\t\t\t<h2 class=\"elementor-heading-title elementor-size-default\">Modelo: KDNV1T-J12<\/h2>\t\t\t\t<\/div>\n\t\t\t\t<\/div>\n\t\t\t\t<div class=\"elementor-element elementor-element-7e0ade32 elementor-widget elementor-widget-image\" data-id=\"7e0ade32\" data-element_type=\"widget\" data-e-type=\"widget\" data-widget_type=\"image.default\">\n\t\t\t\t<div class=\"elementor-widget-container\">\n\t\t\t\t\t\t\t\t\t\t\t\t\t\t\t<img fetchpriority=\"high\" decoding=\"async\" width=\"640\" height=\"472\" src=\"https:\/\/keepdata.com\/pt\/wp-content\/uploads\/2022\/08\/M2-NVMe-KDNV1T-J12-box-Small.png\" class=\"attachment-full size-full wp-image-1128\" alt=\"\" srcset=\"https:\/\/keepdata.com\/pt\/wp-content\/uploads\/2022\/08\/M2-NVMe-KDNV1T-J12-box-Small.png 640w, https:\/\/keepdata.com\/pt\/wp-content\/uploads\/2022\/08\/M2-NVMe-KDNV1T-J12-box-Small-300x221.png 300w\" sizes=\"(max-width: 640px) 100vw, 640px\" \/>\t\t\t\t\t\t\t\t\t\t\t\t\t\t\t<\/div>\n\t\t\t\t<\/div>\n\t\t\t\t\t<\/div>\n\t\t<\/div>\n\t\t\t\t\t<\/div>\n\t\t<\/section>\n\t\t\t\t<section class=\"elementor-section elementor-top-section elementor-element elementor-element-7997ff13 elementor-section-boxed elementor-section-height-default elementor-section-height-default\" data-id=\"7997ff13\" data-element_type=\"section\" data-e-type=\"section\" data-settings=\"{&quot;background_background&quot;:&quot;classic&quot;}\">\n\t\t\t\t\t\t<div class=\"elementor-container elementor-column-gap-default\">\n\t\t\t\t\t<div class=\"elementor-column elementor-col-100 elementor-top-column elementor-element elementor-element-1215c186\" data-id=\"1215c186\" data-element_type=\"column\" data-e-type=\"column\">\n\t\t\t<div class=\"elementor-widget-wrap elementor-element-populated\">\n\t\t\t\t\t\t<div class=\"elementor-element elementor-element-218f0219 elementor-widget elementor-widget-image\" data-id=\"218f0219\" data-element_type=\"widget\" data-e-type=\"widget\" data-widget_type=\"image.default\">\n\t\t\t\t<div class=\"elementor-widget-container\">\n\t\t\t\t\t\t\t\t\t\t\t\t\t\t\t<img decoding=\"async\" src=\"https:\/\/keepdata.com\/pt\/wp-content\/uploads\/elementor\/thumbs\/leitura-2400-pr513c50xf5d4w4mfna540svximpb5hzaa8z5xa6vo.png\" title=\"leitura 2400\" alt=\"leitura 2400\" loading=\"lazy\" \/>\t\t\t\t\t\t\t\t\t\t\t\t\t\t\t<\/div>\n\t\t\t\t<\/div>\n\t\t\t\t<div class=\"elementor-element elementor-element-34e85dc1 elementor-widget elementor-widget-text-editor\" data-id=\"34e85dc1\" data-element_type=\"widget\" data-e-type=\"widget\" data-widget_type=\"text-editor.default\">\n\t\t\t\t<div class=\"elementor-widget-container\">\n\t\t\t\t\t\t\t\t\t<p>O SSD NVMe PCIe Keepdata \u00e9 a solu\u00e7\u00e3o de armazenamento que oferece velocidades de leitura\/grava\u00e7\u00e3o de at\u00e9 2.400\/1.700MB\/s, sendo 3 a 4 vezes mais r\u00e1pido do que um SSD baseado em SATA, e 35 vezes mais r\u00e1pido do que um disco r\u00edgido tradicional.<\/p>\t\t\t\t\t\t\t\t<\/div>\n\t\t\t\t<\/div>\n\t\t\t\t<div class=\"elementor-element elementor-element-114d29af elementor-widget elementor-widget-image\" data-id=\"114d29af\" data-element_type=\"widget\" data-e-type=\"widget\" data-widget_type=\"image.default\">\n\t\t\t\t<div class=\"elementor-widget-container\">\n\t\t\t\t\t\t\t\t\t\t\t\t\t\t\t<img decoding=\"async\" width=\"800\" height=\"268\" src=\"https:\/\/keepdata.com\/pt\/wp-content\/uploads\/2022\/07\/M2-NVMe-KDNV1T-J12-Small-1.png\" class=\"attachment-large size-large wp-image-618\" alt=\"\" srcset=\"https:\/\/keepdata.com\/pt\/wp-content\/uploads\/2022\/07\/M2-NVMe-KDNV1T-J12-Small-1.png 955w, https:\/\/keepdata.com\/pt\/wp-content\/uploads\/2022\/07\/M2-NVMe-KDNV1T-J12-Small-1-300x101.png 300w, https:\/\/keepdata.com\/pt\/wp-content\/uploads\/2022\/07\/M2-NVMe-KDNV1T-J12-Small-1-768x257.png 768w\" sizes=\"(max-width: 800px) 100vw, 800px\" \/>\t\t\t\t\t\t\t\t\t\t\t\t\t\t\t<\/div>\n\t\t\t\t<\/div>\n\t\t\t\t\t<\/div>\n\t\t<\/div>\n\t\t\t\t\t<\/div>\n\t\t<\/section>\n\t\t\t\t<section class=\"elementor-section elementor-top-section elementor-element elementor-element-4a3152c4 elementor-section-boxed elementor-section-height-default elementor-section-height-default\" data-id=\"4a3152c4\" data-element_type=\"section\" data-e-type=\"section\">\n\t\t\t\t\t\t<div class=\"elementor-container elementor-column-gap-default\">\n\t\t\t\t\t<div class=\"elementor-column elementor-col-100 elementor-top-column elementor-element elementor-element-249a684e\" data-id=\"249a684e\" data-element_type=\"column\" data-e-type=\"column\">\n\t\t\t<div class=\"elementor-widget-wrap elementor-element-populated\">\n\t\t\t\t\t\t<div class=\"elementor-element elementor-element-4475f3a5 elementor-widget elementor-widget-heading\" data-id=\"4475f3a5\" data-element_type=\"widget\" data-e-type=\"widget\" data-widget_type=\"heading.default\">\n\t\t\t\t<div class=\"elementor-widget-container\">\n\t\t\t\t\t<h2 class=\"elementor-heading-title elementor-size-default\">Especifica\u00e7\u00f5es T\u00e9cnicas:<\/h2>\t\t\t\t<\/div>\n\t\t\t\t<\/div>\n\t\t\t\t<div class=\"elementor-element elementor-element-5ef2c420 elementor-widget elementor-widget-elementskit-tablepress\" data-id=\"5ef2c420\" data-element_type=\"widget\" data-e-type=\"widget\" data-widget_type=\"elementskit-tablepress.default\">\n\t\t\t\t<div class=\"elementor-widget-container\">\n\t\t\t\t\t<div class=\"elemenetskit-tablepress ekit-wid-con\" id=\"ekit_tablepress_5ef2c420\">\n<table id=\"tablepress-11\" class=\"tablepress tablepress-id-11\">\n<tbody class=\"row-striping row-hover\">\n<tr class=\"row-1\">\n\t<td class=\"column-1\">EAN<\/td><td class=\"column-2\">7898722600164<\/td><td class=\"column-3\"><\/td>\n<\/tr>\n<tr class=\"row-2\">\n\t<td class=\"column-1\">General<\/td><td class=\"column-2\">Dimenstions ( L*W*H) <\/td><td class=\"column-3\">80mm*22mm*3.5mm( \u00b10.5mm) <\/td>\n<\/tr>\n<tr class=\"row-3\">\n\t<td class=\"column-1\"><\/td><td class=\"column-2\">Interface <\/td><td class=\"column-3\">M.2 <\/td>\n<\/tr>\n<tr class=\"row-4\">\n\t<td class=\"column-1\"><\/td><td class=\"column-2\">Nvme Rev. <\/td><td class=\"column-3\">Nvme Rev.1.3 - with backwards compatibility to Nvme Rev.1.1 <\/td>\n<\/tr>\n<tr class=\"row-5\">\n\t<td class=\"column-1\"><\/td><td class=\"column-2\">Capacity <\/td><td class=\"column-3\">1TB <\/td>\n<\/tr>\n<tr class=\"row-6\">\n\t<td class=\"column-1\"><\/td><td class=\"column-2\">Operating Voltage <\/td><td class=\"column-3\">DC 3.3V \u00b15% <\/td>\n<\/tr>\n<tr class=\"row-7\">\n\t<td class=\"column-1\"><\/td><td class=\"column-2\">Flash Type <\/td><td class=\"column-3\">3D TLC <\/td>\n<\/tr>\n<tr class=\"row-8\">\n\t<td class=\"column-1\">Read\/Write Performance <\/td><td class=\"column-2\">Sequential Read(Max) <\/td><td class=\"column-3\">Up to 2400 Mb\/s <\/td>\n<\/tr>\n<tr class=\"row-9\">\n\t<td class=\"column-1\"><\/td><td class=\"column-2\">Sequential Write(Max) <\/td><td class=\"column-3\">Up to 1700 Mb\/s <\/td>\n<\/tr>\n<tr class=\"row-10\">\n\t<td class=\"column-1\"><\/td><td class=\"column-2\">Max Random 4k Read <\/td><td class=\"column-3\">76400 IOPS <\/td>\n<\/tr>\n<tr class=\"row-11\">\n\t<td class=\"column-1\"><\/td><td class=\"column-2\">Max Random 4k Write <\/td><td class=\"column-3\">96200 IOPS <\/td>\n<\/tr>\n<tr class=\"row-12\">\n\t<td class=\"column-1\">Environment <\/td><td class=\"column-2\">Operating Humidity <\/td><td class=\"column-3\">5%~95% RH non-condensing <\/td>\n<\/tr>\n<tr class=\"row-13\">\n\t<td class=\"column-1\"><\/td><td class=\"column-2\">Power Consumption ( Max) <\/td><td class=\"column-3\">3.15 W <\/td>\n<\/tr>\n<tr class=\"row-14\">\n\t<td class=\"column-1\"><\/td><td class=\"column-2\">Operating Temperature <\/td><td class=\"column-3\">0\u00b0C ~ + 70\u00b0C<\/td>\n<\/tr>\n<tr class=\"row-15\">\n\t<td class=\"column-1\"><\/td><td class=\"column-2\">Storage Temperature <\/td><td class=\"column-3\">20\u00b0C ~ + 75\u00b0C<\/td>\n<\/tr>\n<tr class=\"row-16\">\n\t<td class=\"column-1\">Reliability <\/td><td class=\"column-2\">MTBF <\/td><td class=\"column-3\">1 million hours <\/td>\n<\/tr>\n<tr class=\"row-17\">\n\t<td class=\"column-1\">Testing platform <\/td><td class=\"column-2\">S.M.A.R.T <\/td><td class=\"column-3\">supported <\/td>\n<\/tr>\n<tr class=\"row-18\">\n\t<td class=\"column-1\"><\/td><td class=\"column-2\">Warranty <\/td><td class=\"column-3\">Limited 2 years warranty with free technical support <\/td>\n<\/tr>\n<\/tbody>\n<\/table>\n<\/div>\t\t\t\t<\/div>\n\t\t\t\t<\/div>\n\t\t\t\t\t<\/div>\n\t\t<\/div>\n\t\t\t\t\t<\/div>\n\t\t<\/section>\n\t\t\t\t<\/div>\n\t\t","protected":false},"excerpt":{"rendered":"<p>SSD M.2 NVMe 1TB Modelo: KDNV1T-J12 O SSD NVMe PCIe Keepdata \u00e9 a solu\u00e7\u00e3o de armazenamento que oferece velocidades de leitura\/grava\u00e7\u00e3o de at\u00e9 2.400\/1.700MB\/s, sendo 3 a 4 vezes mais r\u00e1pido do que um SSD baseado em SATA, e 35 vezes mais r\u00e1pido do que um disco r\u00edgido tradicional. Especifica\u00e7\u00f5es T\u00e9cnicas:<\/p>\n","protected":false},"author":1,"featured_media":0,"parent":0,"menu_order":0,"comment_status":"closed","ping_status":"closed","template":"elementor_header_footer","meta":{"footnotes":""},"folder":[],"class_list":["post-1064","page","type-page","status-publish","hentry"],"_links":{"self":[{"href":"https:\/\/keepdata.com\/pt\/wp-json\/wp\/v2\/pages\/1064","targetHints":{"allow":["GET"]}}],"collection":[{"href":"https:\/\/keepdata.com\/pt\/wp-json\/wp\/v2\/pages"}],"about":[{"href":"https:\/\/keepdata.com\/pt\/wp-json\/wp\/v2\/types\/page"}],"author":[{"embeddable":true,"href":"https:\/\/keepdata.com\/pt\/wp-json\/wp\/v2\/users\/1"}],"replies":[{"embeddable":true,"href":"https:\/\/keepdata.com\/pt\/wp-json\/wp\/v2\/comments?post=1064"}],"version-history":[{"count":10,"href":"https:\/\/keepdata.com\/pt\/wp-json\/wp\/v2\/pages\/1064\/revisions"}],"predecessor-version":[{"id":1720,"href":"https:\/\/keepdata.com\/pt\/wp-json\/wp\/v2\/pages\/1064\/revisions\/1720"}],"wp:attachment":[{"href":"https:\/\/keepdata.com\/pt\/wp-json\/wp\/v2\/media?parent=1064"}],"wp:term":[{"taxonomy":"folder","embeddable":true,"href":"https:\/\/keepdata.com\/pt\/wp-json\/wp\/v2\/folder?post=1064"}],"curies":[{"name":"wp","href":"https:\/\/api.w.org\/{rel}","templated":true}]}}