{"id":1070,"date":"2022-08-18T12:55:19","date_gmt":"2022-08-18T15:55:19","guid":{"rendered":"https:\/\/keepdata.com\/demo\/?page_id=1070"},"modified":"2022-09-05T16:26:49","modified_gmt":"2022-09-05T19:26:49","slug":"ssd-m-2-nvme-128gb","status":"publish","type":"page","link":"https:\/\/keepdata.com\/pt\/ssd-m-2-nvme-128gb\/","title":{"rendered":"SSD M.2 NVMe 128GB"},"content":{"rendered":"\t\t<div data-elementor-type=\"wp-page\" data-elementor-id=\"1070\" class=\"elementor elementor-1070\" data-elementor-post-type=\"page\">\n\t\t\t\t\t\t<section class=\"elementor-section elementor-top-section elementor-element elementor-element-6eb0b547 elementor-section-boxed elementor-section-height-default elementor-section-height-default\" data-id=\"6eb0b547\" data-element_type=\"section\" data-e-type=\"section\">\n\t\t\t\t\t\t<div class=\"elementor-container elementor-column-gap-default\">\n\t\t\t\t\t<div class=\"elementor-column elementor-col-100 elementor-top-column elementor-element elementor-element-11b0f4b5\" data-id=\"11b0f4b5\" data-element_type=\"column\" data-e-type=\"column\">\n\t\t\t<div class=\"elementor-widget-wrap elementor-element-populated\">\n\t\t\t\t\t\t<div class=\"elementor-element elementor-element-155c1933 elementor-widget elementor-widget-heading\" data-id=\"155c1933\" data-element_type=\"widget\" data-e-type=\"widget\" data-widget_type=\"heading.default\">\n\t\t\t\t<div class=\"elementor-widget-container\">\n\t\t\t\t\t<h2 class=\"elementor-heading-title elementor-size-default\">SSD M.2 NVMe 128GB<\/h2>\t\t\t\t<\/div>\n\t\t\t\t<\/div>\n\t\t\t\t<div class=\"elementor-element elementor-element-783a14a7 elementor-widget elementor-widget-heading\" data-id=\"783a14a7\" data-element_type=\"widget\" data-e-type=\"widget\" data-widget_type=\"heading.default\">\n\t\t\t\t<div class=\"elementor-widget-container\">\n\t\t\t\t\t<h2 class=\"elementor-heading-title elementor-size-default\">Modelo: KDNV128G-J12<\/h2>\t\t\t\t<\/div>\n\t\t\t\t<\/div>\n\t\t\t\t<div class=\"elementor-element elementor-element-3414a829 elementor-widget elementor-widget-image\" data-id=\"3414a829\" data-element_type=\"widget\" data-e-type=\"widget\" data-widget_type=\"image.default\">\n\t\t\t\t<div class=\"elementor-widget-container\">\n\t\t\t\t\t\t\t\t\t\t\t\t\t\t\t<img fetchpriority=\"high\" decoding=\"async\" width=\"640\" height=\"472\" src=\"https:\/\/keepdata.com\/pt\/wp-content\/uploads\/2022\/08\/M2-NVMe-KDNV128G-J12-box-Small.png\" class=\"attachment-full size-full wp-image-1130\" alt=\"\" srcset=\"https:\/\/keepdata.com\/pt\/wp-content\/uploads\/2022\/08\/M2-NVMe-KDNV128G-J12-box-Small.png 640w, https:\/\/keepdata.com\/pt\/wp-content\/uploads\/2022\/08\/M2-NVMe-KDNV128G-J12-box-Small-300x221.png 300w\" sizes=\"(max-width: 640px) 100vw, 640px\" \/>\t\t\t\t\t\t\t\t\t\t\t\t\t\t\t<\/div>\n\t\t\t\t<\/div>\n\t\t\t\t\t<\/div>\n\t\t<\/div>\n\t\t\t\t\t<\/div>\n\t\t<\/section>\n\t\t\t\t<section class=\"elementor-section elementor-top-section elementor-element elementor-element-44e569d6 elementor-section-boxed elementor-section-height-default elementor-section-height-default\" data-id=\"44e569d6\" data-element_type=\"section\" data-e-type=\"section\" data-settings=\"{&quot;background_background&quot;:&quot;classic&quot;}\">\n\t\t\t\t\t\t<div class=\"elementor-container elementor-column-gap-default\">\n\t\t\t\t\t<div class=\"elementor-column elementor-col-100 elementor-top-column elementor-element elementor-element-5a6d7913\" data-id=\"5a6d7913\" data-element_type=\"column\" data-e-type=\"column\">\n\t\t\t<div class=\"elementor-widget-wrap elementor-element-populated\">\n\t\t\t\t\t\t<div class=\"elementor-element elementor-element-30b28882 elementor-widget elementor-widget-image\" data-id=\"30b28882\" data-element_type=\"widget\" data-e-type=\"widget\" data-widget_type=\"image.default\">\n\t\t\t\t<div class=\"elementor-widget-container\">\n\t\t\t\t\t\t\t\t\t\t\t\t\t\t\t<img decoding=\"async\" src=\"https:\/\/keepdata.com\/pt\/wp-content\/uploads\/elementor\/thumbs\/leitura-2400-pr513c50xf5d4w4mfna540svximpb5hzaa8z5xa6vo.png\" title=\"leitura 2400\" alt=\"leitura 2400\" loading=\"lazy\" \/>\t\t\t\t\t\t\t\t\t\t\t\t\t\t\t<\/div>\n\t\t\t\t<\/div>\n\t\t\t\t<div class=\"elementor-element elementor-element-a8432a2 elementor-widget elementor-widget-text-editor\" data-id=\"a8432a2\" data-element_type=\"widget\" data-e-type=\"widget\" data-widget_type=\"text-editor.default\">\n\t\t\t\t<div class=\"elementor-widget-container\">\n\t\t\t\t\t\t\t\t\t<p>O SSD NVMe PCIe Keepdata \u00e9 a solu\u00e7\u00e3o de armazenamento que oferece velocidades de leitura\/grava\u00e7\u00e3o de at\u00e9 2.400\/1.700MB\/s, sendo 3 a 4 vezes mais r\u00e1pido do que um SSD baseado em SATA, e 35 vezes mais r\u00e1pido do que um disco r\u00edgido tradicional.<\/p>\t\t\t\t\t\t\t\t<\/div>\n\t\t\t\t<\/div>\n\t\t\t\t<div class=\"elementor-element elementor-element-1743ee67 elementor-widget elementor-widget-image\" data-id=\"1743ee67\" data-element_type=\"widget\" data-e-type=\"widget\" data-widget_type=\"image.default\">\n\t\t\t\t<div class=\"elementor-widget-container\">\n\t\t\t\t\t\t\t\t\t\t\t\t\t\t\t<img decoding=\"async\" width=\"800\" height=\"268\" src=\"https:\/\/keepdata.com\/pt\/wp-content\/uploads\/2022\/07\/M2-NVMe-KDNV128G-J12-Small.png\" class=\"attachment-large size-large wp-image-621\" alt=\"\" srcset=\"https:\/\/keepdata.com\/pt\/wp-content\/uploads\/2022\/07\/M2-NVMe-KDNV128G-J12-Small.png 955w, https:\/\/keepdata.com\/pt\/wp-content\/uploads\/2022\/07\/M2-NVMe-KDNV128G-J12-Small-300x101.png 300w, https:\/\/keepdata.com\/pt\/wp-content\/uploads\/2022\/07\/M2-NVMe-KDNV128G-J12-Small-768x257.png 768w\" sizes=\"(max-width: 800px) 100vw, 800px\" \/>\t\t\t\t\t\t\t\t\t\t\t\t\t\t\t<\/div>\n\t\t\t\t<\/div>\n\t\t\t\t\t<\/div>\n\t\t<\/div>\n\t\t\t\t\t<\/div>\n\t\t<\/section>\n\t\t\t\t<section class=\"elementor-section elementor-top-section elementor-element elementor-element-b687f9b elementor-section-boxed elementor-section-height-default elementor-section-height-default\" data-id=\"b687f9b\" data-element_type=\"section\" data-e-type=\"section\">\n\t\t\t\t\t\t<div class=\"elementor-container elementor-column-gap-default\">\n\t\t\t\t\t<div class=\"elementor-column elementor-col-100 elementor-top-column elementor-element elementor-element-502d0aa1\" data-id=\"502d0aa1\" data-element_type=\"column\" data-e-type=\"column\">\n\t\t\t<div class=\"elementor-widget-wrap elementor-element-populated\">\n\t\t\t\t\t\t<div class=\"elementor-element elementor-element-2e5f16d1 elementor-widget elementor-widget-heading\" data-id=\"2e5f16d1\" data-element_type=\"widget\" data-e-type=\"widget\" data-widget_type=\"heading.default\">\n\t\t\t\t<div class=\"elementor-widget-container\">\n\t\t\t\t\t<h2 class=\"elementor-heading-title elementor-size-default\">Especifica\u00e7\u00f5es T\u00e9cnicas:<\/h2>\t\t\t\t<\/div>\n\t\t\t\t<\/div>\n\t\t\t\t<div class=\"elementor-element elementor-element-159a59a2 elementor-widget elementor-widget-elementskit-tablepress\" data-id=\"159a59a2\" data-element_type=\"widget\" data-e-type=\"widget\" data-widget_type=\"elementskit-tablepress.default\">\n\t\t\t\t<div class=\"elementor-widget-container\">\n\t\t\t\t\t<div class=\"elemenetskit-tablepress ekit-wid-con\" id=\"ekit_tablepress_159a59a2\">\n<table id=\"tablepress-13\" class=\"tablepress tablepress-id-13\">\n<tbody class=\"row-striping row-hover\">\n<tr class=\"row-1\">\n\t<td class=\"column-1\">EAN<\/td><td class=\"column-2\">7898722600133<\/td><td class=\"column-3\"><\/td>\n<\/tr>\n<tr class=\"row-2\">\n\t<td class=\"column-1\">General<\/td><td class=\"column-2\">Dimenstions ( L*W*H) <\/td><td class=\"column-3\">80mm*22mm*3.5mm( \u00b10.5mm) <\/td>\n<\/tr>\n<tr class=\"row-3\">\n\t<td class=\"column-1\"><\/td><td class=\"column-2\">Interface <\/td><td class=\"column-3\">M.2 <\/td>\n<\/tr>\n<tr class=\"row-4\">\n\t<td class=\"column-1\"><\/td><td class=\"column-2\">Nvme Rev. <\/td><td class=\"column-3\">Nvme Rev.1.3 - with backwards compatibility to Nvme Rev.1.1 <\/td>\n<\/tr>\n<tr class=\"row-5\">\n\t<td class=\"column-1\"><\/td><td class=\"column-2\">Capacity <\/td><td class=\"column-3\">128GB<\/td>\n<\/tr>\n<tr class=\"row-6\">\n\t<td class=\"column-1\"><\/td><td class=\"column-2\">Operating Voltage <\/td><td class=\"column-3\">DC 3.3V \u00b15% <\/td>\n<\/tr>\n<tr class=\"row-7\">\n\t<td class=\"column-1\"><\/td><td class=\"column-2\">Flash Type <\/td><td class=\"column-3\">3D TLC <\/td>\n<\/tr>\n<tr class=\"row-8\">\n\t<td class=\"column-1\">Read\/Write Performance <\/td><td class=\"column-2\">Sequential Read(Max) <\/td><td class=\"column-3\">Up to 2400 Mb\/s <\/td>\n<\/tr>\n<tr class=\"row-9\">\n\t<td class=\"column-1\"><\/td><td class=\"column-2\">Sequential Write(Max) <\/td><td class=\"column-3\">Up to 1700 Mb\/s <\/td>\n<\/tr>\n<tr class=\"row-10\">\n\t<td class=\"column-1\"><\/td><td class=\"column-2\">Max Random 4k Read <\/td><td class=\"column-3\">76400 IOPS <\/td>\n<\/tr>\n<tr class=\"row-11\">\n\t<td class=\"column-1\"><\/td><td class=\"column-2\">Max Random 4k Write <\/td><td class=\"column-3\">96200 IOPS <\/td>\n<\/tr>\n<tr class=\"row-12\">\n\t<td class=\"column-1\">Environment <\/td><td class=\"column-2\">Operating Humidity <\/td><td class=\"column-3\">5%~95% RH non-condensing <\/td>\n<\/tr>\n<tr class=\"row-13\">\n\t<td class=\"column-1\"><\/td><td class=\"column-2\">Power Consumption ( Max) <\/td><td class=\"column-3\">3.15 W <\/td>\n<\/tr>\n<tr class=\"row-14\">\n\t<td class=\"column-1\"><\/td><td class=\"column-2\">Operating Temperature <\/td><td class=\"column-3\">0\u00b0C ~ + 70\u00b0C<\/td>\n<\/tr>\n<tr class=\"row-15\">\n\t<td class=\"column-1\"><\/td><td class=\"column-2\">Storage Temperature <\/td><td class=\"column-3\">20\u00b0C ~ + 75\u00b0C<\/td>\n<\/tr>\n<tr class=\"row-16\">\n\t<td class=\"column-1\">Reliability <\/td><td class=\"column-2\">MTBF <\/td><td class=\"column-3\">1 million hours <\/td>\n<\/tr>\n<tr class=\"row-17\">\n\t<td class=\"column-1\">Testing platform <\/td><td class=\"column-2\">S.M.A.R.T <\/td><td class=\"column-3\">supported <\/td>\n<\/tr>\n<tr class=\"row-18\">\n\t<td class=\"column-1\"><\/td><td class=\"column-2\">Warranty <\/td><td class=\"column-3\">Limited 2 years warranty with free technical support <\/td>\n<\/tr>\n<\/tbody>\n<\/table>\n<\/div>\t\t\t\t<\/div>\n\t\t\t\t<\/div>\n\t\t\t\t\t<\/div>\n\t\t<\/div>\n\t\t\t\t\t<\/div>\n\t\t<\/section>\n\t\t\t\t<\/div>\n\t\t","protected":false},"excerpt":{"rendered":"<p>SSD M.2 NVMe 128GB Modelo: KDNV128G-J12 O SSD NVMe PCIe Keepdata \u00e9 a solu\u00e7\u00e3o de armazenamento que oferece velocidades de leitura\/grava\u00e7\u00e3o de at\u00e9 2.400\/1.700MB\/s, sendo 3 a 4 vezes mais r\u00e1pido do que um SSD baseado em SATA, e 35 vezes mais r\u00e1pido do que um disco r\u00edgido tradicional. Especifica\u00e7\u00f5es T\u00e9cnicas:<\/p>\n","protected":false},"author":1,"featured_media":0,"parent":0,"menu_order":0,"comment_status":"closed","ping_status":"closed","template":"elementor_header_footer","meta":{"footnotes":""},"folder":[],"class_list":["post-1070","page","type-page","status-publish","hentry"],"_links":{"self":[{"href":"https:\/\/keepdata.com\/pt\/wp-json\/wp\/v2\/pages\/1070","targetHints":{"allow":["GET"]}}],"collection":[{"href":"https:\/\/keepdata.com\/pt\/wp-json\/wp\/v2\/pages"}],"about":[{"href":"https:\/\/keepdata.com\/pt\/wp-json\/wp\/v2\/types\/page"}],"author":[{"embeddable":true,"href":"https:\/\/keepdata.com\/pt\/wp-json\/wp\/v2\/users\/1"}],"replies":[{"embeddable":true,"href":"https:\/\/keepdata.com\/pt\/wp-json\/wp\/v2\/comments?post=1070"}],"version-history":[{"count":7,"href":"https:\/\/keepdata.com\/pt\/wp-json\/wp\/v2\/pages\/1070\/revisions"}],"predecessor-version":[{"id":1729,"href":"https:\/\/keepdata.com\/pt\/wp-json\/wp\/v2\/pages\/1070\/revisions\/1729"}],"wp:attachment":[{"href":"https:\/\/keepdata.com\/pt\/wp-json\/wp\/v2\/media?parent=1070"}],"wp:term":[{"taxonomy":"folder","embeddable":true,"href":"https:\/\/keepdata.com\/pt\/wp-json\/wp\/v2\/folder?post=1070"}],"curies":[{"name":"wp","href":"https:\/\/api.w.org\/{rel}","templated":true}]}}