{"id":118,"date":"2022-06-07T20:08:19","date_gmt":"2022-06-07T23:08:19","guid":{"rendered":"https:\/\/keepdata.com\/demo\/?page_id=118"},"modified":"2025-02-04T18:10:05","modified_gmt":"2025-02-04T21:10:05","slug":"ssd-sata","status":"publish","type":"page","link":"https:\/\/keepdata.com\/pt\/produtos\/ssd-sata\/","title":{"rendered":"SSD SATA 2.5"},"content":{"rendered":"\t\t<div data-elementor-type=\"wp-page\" data-elementor-id=\"118\" class=\"elementor elementor-118\" data-elementor-post-type=\"page\">\n\t\t\t\t\t\t<section class=\"elementor-section elementor-top-section elementor-element elementor-element-43db3c96 elementor-section-boxed elementor-section-height-default elementor-section-height-default\" data-id=\"43db3c96\" data-element_type=\"section\" data-e-type=\"section\" id=\"xs_cta_style_2\" data-settings=\"{&quot;background_background&quot;:&quot;classic&quot;}\">\n\t\t\t\t\t\t\t<div class=\"elementor-background-overlay\"><\/div>\n\t\t\t\t\t\t\t<div class=\"elementor-container elementor-column-gap-default\">\n\t\t\t\t\t<div class=\"elementor-column elementor-col-100 elementor-top-column elementor-element elementor-element-56effdf8\" data-id=\"56effdf8\" data-element_type=\"column\" data-e-type=\"column\">\n\t\t\t<div class=\"elementor-widget-wrap elementor-element-populated\">\n\t\t\t\t\t\t<div class=\"elementor-element elementor-element-68b3483 elementor-widget__width-initial elementor-widget elementor-widget-heading\" data-id=\"68b3483\" data-element_type=\"widget\" data-e-type=\"widget\" data-widget_type=\"heading.default\">\n\t\t\t\t<div class=\"elementor-widget-container\">\n\t\t\t\t\t<h1 class=\"elementor-heading-title elementor-size-default\">SSD KeepData:\u200b <p> Velocidade e confiabilidade<\/h1>\t\t\t\t<\/div>\n\t\t\t\t<\/div>\n\t\t\t\t\t<\/div>\n\t\t<\/div>\n\t\t\t\t\t<\/div>\n\t\t<\/section>\n\t\t\t\t<section class=\"elementor-section elementor-top-section elementor-element elementor-element-9fb9e42 elementor-section-boxed elementor-section-height-default elementor-section-height-default\" data-id=\"9fb9e42\" data-element_type=\"section\" data-e-type=\"section\">\n\t\t\t\t\t\t<div class=\"elementor-container elementor-column-gap-default\">\n\t\t\t\t\t<div class=\"elementor-column elementor-col-100 elementor-top-column elementor-element elementor-element-3fba583\" data-id=\"3fba583\" data-element_type=\"column\" data-e-type=\"column\">\n\t\t\t<div class=\"elementor-widget-wrap elementor-element-populated\">\n\t\t\t\t\t\t<div class=\"elementor-element elementor-element-dc5b47a elementor-widget elementor-widget-heading\" data-id=\"dc5b47a\" data-element_type=\"widget\" data-e-type=\"widget\" data-widget_type=\"heading.default\">\n\t\t\t\t<div class=\"elementor-widget-container\">\n\t\t\t\t\t<h2 class=\"elementor-heading-title elementor-size-default\">SSD SATA nos formatos de 2,5 polegadas<\/h2>\t\t\t\t<\/div>\n\t\t\t\t<\/div>\n\t\t\t\t<div class=\"elementor-element elementor-element-f3fad49 elementor-widget elementor-widget-text-editor\" data-id=\"f3fad49\" data-element_type=\"widget\" data-e-type=\"widget\" data-widget_type=\"text-editor.default\">\n\t\t\t\t<div class=\"elementor-widget-container\">\n\t\t\t\t\t\t\t\t\t<p>R\u00e1pida inicializa\u00e7\u00e3o, carregamento e transfer\u00eancia de arquivos. Mais confi\u00e1vel e mais dur\u00e1vel do que um disco r\u00edgido. A unidade de estado s\u00f3lido L21 da KeepData, aumenta eficientemente a resposta do seu computador com tempos inacredit\u00e1veis de inicializa\u00e7\u00e3o, carregamento e transfer\u00eancia, comparados a discos r\u00edgidos mec\u00e2nicos. Acrescido com uma controladora de alta tecnologia para velocidades de leitura e grava\u00e7\u00e3o de at\u00e9 550MB\/s e 500MB\/s, este SSD \u00e9 10x mais r\u00e1pido do que um disco r\u00edgido tradicional. Para melhor desempenho, resposta instant\u00e2nea em multitarefas e um computador mais r\u00e1pido de modo geral.<\/p>\t\t\t\t\t\t\t\t<\/div>\n\t\t\t\t<\/div>\n\t\t\t\t<div class=\"elementor-element elementor-element-176ab20 elementor-widget elementor-widget-image\" data-id=\"176ab20\" data-element_type=\"widget\" data-e-type=\"widget\" data-widget_type=\"image.default\">\n\t\t\t\t<div class=\"elementor-widget-container\">\n\t\t\t\t\t\t\t\t\t\t\t\t\t\t\t<img decoding=\"async\" width=\"596\" height=\"42\" src=\"https:\/\/keepdata.com\/pt\/wp-content\/uploads\/2022\/07\/leitura-550.png\" class=\"attachment-large size-large wp-image-631\" alt=\"\" srcset=\"https:\/\/keepdata.com\/pt\/wp-content\/uploads\/2022\/07\/leitura-550.png 596w, https:\/\/keepdata.com\/pt\/wp-content\/uploads\/2022\/07\/leitura-550-300x21.png 300w\" sizes=\"(max-width: 596px) 100vw, 596px\" \/>\t\t\t\t\t\t\t\t\t\t\t\t\t\t\t<\/div>\n\t\t\t\t<\/div>\n\t\t\t\t<section class=\"elementor-section elementor-inner-section elementor-element elementor-element-419e3de elementor-section-full_width elementor-section-height-default elementor-section-height-default\" data-id=\"419e3de\" data-element_type=\"section\" data-e-type=\"section\">\n\t\t\t\t\t\t<div class=\"elementor-container elementor-column-gap-default\">\n\t\t\t\t\t<div class=\"elementor-column elementor-col-100 elementor-inner-column elementor-element elementor-element-f2eb400\" data-id=\"f2eb400\" data-element_type=\"column\" data-e-type=\"column\">\n\t\t\t<div class=\"elementor-widget-wrap elementor-element-populated\">\n\t\t\t\t\t\t<div class=\"elementor-element elementor-element-bcb73c1 ekit-equal-height-disable elementor-widget elementor-widget-elementskit-image-box\" data-id=\"bcb73c1\" data-element_type=\"widget\" data-e-type=\"widget\" data-widget_type=\"elementskit-image-box.default\">\n\t\t\t\t<div class=\"elementor-widget-container\">\n\t\t\t\t\t<div class=\"ekit-wid-con\" >\n            <div class=\"elementskit-info-image-box ekit-image-box text-center hover_from_center hover-border-bottom\" >\n\n                <a href=\"https:\/\/keepdata.com\/pt\/ssd-2tb-sata\/\">\n                <div class=\"elementskit-box-header image-box-img-center\">\n\n                    <img fetchpriority=\"high\" decoding=\"async\" width=\"300\" height=\"300\" src=\"https:\/\/keepdata.com\/pt\/wp-content\/uploads\/2025\/02\/KDS2T-L21_01-1-300x300.jpg\" class=\"attachment-medium size-medium wp-image-3456\" alt=\"\" srcset=\"https:\/\/keepdata.com\/pt\/wp-content\/uploads\/2025\/02\/KDS2T-L21_01-1-300x300.jpg 300w, https:\/\/keepdata.com\/pt\/wp-content\/uploads\/2025\/02\/KDS2T-L21_01-1-150x150.jpg 150w, https:\/\/keepdata.com\/pt\/wp-content\/uploads\/2025\/02\/KDS2T-L21_01-1-768x768.jpg 768w, https:\/\/keepdata.com\/pt\/wp-content\/uploads\/2025\/02\/KDS2T-L21_01-1.jpg 800w\" sizes=\"(max-width: 300px) 100vw, 300px\" \/>\n                <\/div>\n                <\/a>\n                <div class=\"elementskit-box-body ekit-image-box-body\">\n                    <div class=\"elementskit-box-content ekit-image-box-body-inner\">\n                                                <h1 class=\"elementskit-info-box-title\">\n\n                        SSD 2TB SATA\n                        \n                    <\/h1>\n                                                            <div class=\"elementskit-box-style-content\">\n                        2.5\" Rev. 3.0 (6Gb\/s) <\/p> Modelo: KDS2T-L21 <p>                     <\/div>\n                                    <\/div>\n\n                            <\/div>\n            <\/div>\n    <\/div>\t\t\t\t<\/div>\n\t\t\t\t<\/div>\n\t\t\t\t\t<\/div>\n\t\t<\/div>\n\t\t\t\t\t<\/div>\n\t\t<\/section>\n\t\t\t\t<section class=\"elementor-section elementor-inner-section elementor-element elementor-element-ccdb1a0 elementor-section-full_width elementor-section-height-default elementor-section-height-default\" data-id=\"ccdb1a0\" data-element_type=\"section\" data-e-type=\"section\">\n\t\t\t\t\t\t<div class=\"elementor-container elementor-column-gap-default\">\n\t\t\t\t\t<div class=\"elementor-column elementor-col-50 elementor-inner-column elementor-element elementor-element-1435861\" data-id=\"1435861\" data-element_type=\"column\" data-e-type=\"column\">\n\t\t\t<div class=\"elementor-widget-wrap elementor-element-populated\">\n\t\t\t\t\t\t<div class=\"elementor-element elementor-element-ff55861 ekit-equal-height-disable elementor-widget elementor-widget-elementskit-image-box\" data-id=\"ff55861\" data-element_type=\"widget\" data-e-type=\"widget\" data-widget_type=\"elementskit-image-box.default\">\n\t\t\t\t<div class=\"elementor-widget-container\">\n\t\t\t\t\t<div class=\"ekit-wid-con\" >\n            <div class=\"elementskit-info-image-box ekit-image-box text-center hover_from_center hover-border-bottom\" >\n\n                <a href=\"https:\/\/keepdata.com\/pt\/ssd-1tb-sata\">\n                <div class=\"elementskit-box-header image-box-img-center\">\n\n                    <img decoding=\"async\" width=\"300\" height=\"300\" src=\"https:\/\/keepdata.com\/pt\/wp-content\/uploads\/2025\/02\/KDS1T-L21_01-1-300x300.jpg\" class=\"attachment-medium size-medium wp-image-3455\" alt=\"\" srcset=\"https:\/\/keepdata.com\/pt\/wp-content\/uploads\/2025\/02\/KDS1T-L21_01-1-300x300.jpg 300w, https:\/\/keepdata.com\/pt\/wp-content\/uploads\/2025\/02\/KDS1T-L21_01-1-150x150.jpg 150w, https:\/\/keepdata.com\/pt\/wp-content\/uploads\/2025\/02\/KDS1T-L21_01-1-768x768.jpg 768w, https:\/\/keepdata.com\/pt\/wp-content\/uploads\/2025\/02\/KDS1T-L21_01-1.jpg 800w\" sizes=\"(max-width: 300px) 100vw, 300px\" \/>\n                <\/div>\n                <\/a>\n                <div class=\"elementskit-box-body ekit-image-box-body\">\n                    <div class=\"elementskit-box-content ekit-image-box-body-inner\">\n                                                <h3 class=\"elementskit-info-box-title\">\n\n                        SSD 1TB SATA\n                        \n                    <\/h3>\n                                                            <div class=\"elementskit-box-style-content\">\n                        2.5\" Rev. 3.0 (6Gb\/s) <\/p> Modelo: KDS1T-L21 <p>                    <\/div>\n                                    <\/div>\n\n                            <\/div>\n            <\/div>\n    <\/div>\t\t\t\t<\/div>\n\t\t\t\t<\/div>\n\t\t\t\t\t<\/div>\n\t\t<\/div>\n\t\t\t\t<div class=\"elementor-column elementor-col-50 elementor-inner-column elementor-element elementor-element-ae3602c\" data-id=\"ae3602c\" data-element_type=\"column\" data-e-type=\"column\">\n\t\t\t<div class=\"elementor-widget-wrap elementor-element-populated\">\n\t\t\t\t\t\t<div class=\"elementor-element elementor-element-057803d ekit-equal-height-disable elementor-widget elementor-widget-elementskit-image-box\" data-id=\"057803d\" data-element_type=\"widget\" data-e-type=\"widget\" data-widget_type=\"elementskit-image-box.default\">\n\t\t\t\t<div class=\"elementor-widget-container\">\n\t\t\t\t\t<div class=\"ekit-wid-con\" >\n            <div class=\"elementskit-info-image-box ekit-image-box text-center hover_from_center hover-border-bottom\" >\n\n                <a href=\"https:\/\/keepdata.com\/pt\/ssd-512gb-sata\">\n                <div class=\"elementskit-box-header image-box-img-center\">\n\n                    <img loading=\"lazy\" decoding=\"async\" width=\"300\" height=\"300\" src=\"https:\/\/keepdata.com\/pt\/wp-content\/uploads\/2025\/02\/KDS512G-L21_01-300x300.jpg\" class=\"attachment-medium size-medium wp-image-3459\" alt=\"\" srcset=\"https:\/\/keepdata.com\/pt\/wp-content\/uploads\/2025\/02\/KDS512G-L21_01-300x300.jpg 300w, https:\/\/keepdata.com\/pt\/wp-content\/uploads\/2025\/02\/KDS512G-L21_01-150x150.jpg 150w, https:\/\/keepdata.com\/pt\/wp-content\/uploads\/2025\/02\/KDS512G-L21_01-768x768.jpg 768w, https:\/\/keepdata.com\/pt\/wp-content\/uploads\/2025\/02\/KDS512G-L21_01.jpg 800w\" sizes=\"(max-width: 300px) 100vw, 300px\" \/>\n                <\/div>\n                <\/a>\n                <div class=\"elementskit-box-body ekit-image-box-body\">\n                    <div class=\"elementskit-box-content ekit-image-box-body-inner\">\n                                                <h3 class=\"elementskit-info-box-title\">\n\n                        SSD 512GB SATA\n                        \n                    <\/h3>\n                                                            <div class=\"elementskit-box-style-content\">\n                        2.5\" Rev. 3.0 (6Gb\/s) <\/p> Modelo: KDS512G-L21 <p>                    <\/div>\n                                    <\/div>\n\n                            <\/div>\n            <\/div>\n    <\/div>\t\t\t\t<\/div>\n\t\t\t\t<\/div>\n\t\t\t\t\t<\/div>\n\t\t<\/div>\n\t\t\t\t\t<\/div>\n\t\t<\/section>\n\t\t\t\t<section class=\"elementor-section elementor-inner-section elementor-element elementor-element-29515f0 elementor-section-full_width elementor-section-height-default elementor-section-height-default\" data-id=\"29515f0\" data-element_type=\"section\" data-e-type=\"section\">\n\t\t\t\t\t\t<div class=\"elementor-container elementor-column-gap-default\">\n\t\t\t\t\t<div class=\"elementor-column elementor-col-50 elementor-inner-column elementor-element elementor-element-bd6275f\" data-id=\"bd6275f\" data-element_type=\"column\" data-e-type=\"column\">\n\t\t\t<div class=\"elementor-widget-wrap elementor-element-populated\">\n\t\t\t\t\t\t<div class=\"elementor-element elementor-element-2d46e34 ekit-equal-height-disable elementor-widget elementor-widget-elementskit-image-box\" data-id=\"2d46e34\" data-element_type=\"widget\" data-e-type=\"widget\" data-widget_type=\"elementskit-image-box.default\">\n\t\t\t\t<div class=\"elementor-widget-container\">\n\t\t\t\t\t<div class=\"ekit-wid-con\" >\n            <div class=\"elementskit-info-image-box ekit-image-box text-center hover_from_center hover-border-bottom\" >\n\n                <a href=\"https:\/\/keepdata.com\/pt\/ssd-256gb-sata\">\n                <div class=\"elementskit-box-header image-box-img-center\">\n\n                    <img loading=\"lazy\" decoding=\"async\" width=\"300\" height=\"300\" src=\"https:\/\/keepdata.com\/pt\/wp-content\/uploads\/2025\/02\/KDS256G-L21_01-300x300.jpg\" class=\"attachment-medium size-medium wp-image-3458\" alt=\"\" srcset=\"https:\/\/keepdata.com\/pt\/wp-content\/uploads\/2025\/02\/KDS256G-L21_01-300x300.jpg 300w, https:\/\/keepdata.com\/pt\/wp-content\/uploads\/2025\/02\/KDS256G-L21_01-150x150.jpg 150w, https:\/\/keepdata.com\/pt\/wp-content\/uploads\/2025\/02\/KDS256G-L21_01-768x768.jpg 768w, https:\/\/keepdata.com\/pt\/wp-content\/uploads\/2025\/02\/KDS256G-L21_01.jpg 800w\" sizes=\"(max-width: 300px) 100vw, 300px\" \/>\n                <\/div>\n                <\/a>\n                <div class=\"elementskit-box-body ekit-image-box-body\">\n                    <div class=\"elementskit-box-content ekit-image-box-body-inner\">\n                                                <h1 class=\"elementskit-info-box-title\">\n\n                        SSD 256GB SATA\n                        \n                    <\/h1>\n                                                            <div class=\"elementskit-box-style-content\">\n                        2.5\" Rev. 3.0 (6Gb\/s) <\/p> Modelo: KDS256GB-L21 <p>                    <\/div>\n                                    <\/div>\n\n                            <\/div>\n            <\/div>\n    <\/div>\t\t\t\t<\/div>\n\t\t\t\t<\/div>\n\t\t\t\t\t<\/div>\n\t\t<\/div>\n\t\t\t\t<div class=\"elementor-column elementor-col-50 elementor-inner-column elementor-element elementor-element-263c276\" data-id=\"263c276\" data-element_type=\"column\" data-e-type=\"column\">\n\t\t\t<div class=\"elementor-widget-wrap elementor-element-populated\">\n\t\t\t\t\t\t<div class=\"elementor-element elementor-element-3a8e966 ekit-equal-height-disable elementor-widget elementor-widget-elementskit-image-box\" data-id=\"3a8e966\" data-element_type=\"widget\" data-e-type=\"widget\" data-widget_type=\"elementskit-image-box.default\">\n\t\t\t\t<div class=\"elementor-widget-container\">\n\t\t\t\t\t<div class=\"ekit-wid-con\" >\n            <div class=\"elementskit-info-image-box ekit-image-box text-center hover_from_center hover-border-bottom\" >\n\n                <a href=\"https:\/\/keepdata.com\/pt\/ssd-128gb-sata\">\n                <div class=\"elementskit-box-header image-box-img-center\">\n\n                    <img loading=\"lazy\" decoding=\"async\" width=\"300\" height=\"300\" src=\"https:\/\/keepdata.com\/pt\/wp-content\/uploads\/2025\/02\/KDS128G-L21_01-300x300.jpg\" class=\"attachment-medium size-medium wp-image-3457\" alt=\"\" srcset=\"https:\/\/keepdata.com\/pt\/wp-content\/uploads\/2025\/02\/KDS128G-L21_01-300x300.jpg 300w, https:\/\/keepdata.com\/pt\/wp-content\/uploads\/2025\/02\/KDS128G-L21_01-150x150.jpg 150w, https:\/\/keepdata.com\/pt\/wp-content\/uploads\/2025\/02\/KDS128G-L21_01-768x768.jpg 768w, https:\/\/keepdata.com\/pt\/wp-content\/uploads\/2025\/02\/KDS128G-L21_01.jpg 800w\" sizes=\"(max-width: 300px) 100vw, 300px\" \/>\n                <\/div>\n                <\/a>\n                <div class=\"elementskit-box-body ekit-image-box-body\">\n                    <div class=\"elementskit-box-content ekit-image-box-body-inner\">\n                                                <h3 class=\"elementskit-info-box-title\">\n\n                        SSD 128GB SATA\n                        \n                    <\/h3>\n                                                            <div class=\"elementskit-box-style-content\">\n                        2.5\" Rev. 3.0 (6Gb\/s) <\/p> Modelo: KDS128G-L21 <p>                    <\/div>\n                                    <\/div>\n\n                            <\/div>\n            <\/div>\n    <\/div>\t\t\t\t<\/div>\n\t\t\t\t<\/div>\n\t\t\t\t\t<\/div>\n\t\t<\/div>\n\t\t\t\t\t<\/div>\n\t\t<\/section>\n\t\t\t\t\t<\/div>\n\t\t<\/div>\n\t\t\t\t\t<\/div>\n\t\t<\/section>\n\t\t\t\t<section class=\"elementor-section elementor-top-section elementor-element elementor-element-737e424 elementor-section-boxed elementor-section-height-default elementor-section-height-default\" data-id=\"737e424\" data-element_type=\"section\" data-e-type=\"section\" data-settings=\"{&quot;background_background&quot;:&quot;classic&quot;}\">\n\t\t\t\t\t\t\t<div class=\"elementor-background-overlay\"><\/div>\n\t\t\t\t\t\t\t<div class=\"elementor-container elementor-column-gap-default\">\n\t\t\t\t\t<div class=\"elementor-column elementor-col-100 elementor-top-column elementor-element elementor-element-1df5fbb\" data-id=\"1df5fbb\" data-element_type=\"column\" data-e-type=\"column\">\n\t\t\t<div class=\"elementor-widget-wrap elementor-element-populated\">\n\t\t\t\t\t\t<div class=\"elementor-element elementor-element-fab9ddf elementor-widget elementor-widget-heading\" data-id=\"fab9ddf\" data-element_type=\"widget\" data-e-type=\"widget\" data-widget_type=\"heading.default\">\n\t\t\t\t<div class=\"elementor-widget-container\">\n\t\t\t\t\t<h2 class=\"elementor-heading-title elementor-size-default\">10x mais r\u00e1pido do que um disco r\u00edgido:<\/h2>\t\t\t\t<\/div>\n\t\t\t\t<\/div>\n\t\t\t\t<div class=\"elementor-element elementor-element-a3a7bf5 elementor-widget elementor-widget-heading\" data-id=\"a3a7bf5\" data-element_type=\"widget\" data-e-type=\"widget\" data-widget_type=\"heading.default\">\n\t\t\t\t<div class=\"elementor-widget-container\">\n\t\t\t\t\t<h2 class=\"elementor-heading-title elementor-size-default\">Adicione velocidade a um PC ou laptop antigo atualizando de um disco r\u00edgido (HDD) para um SSD. Os velozes e confi\u00e1veis SSDs da KeepData tamb\u00e9m s\u00e3o uma \u00f3tima op\u00e7\u00e3o para desenvolvedores de sistema ou novas montagens de PC.<\/h2>\t\t\t\t<\/div>\n\t\t\t\t<\/div>\n\t\t\t\t\t<\/div>\n\t\t<\/div>\n\t\t\t\t\t<\/div>\n\t\t<\/section>\n\t\t\t\t<\/div>\n\t\t","protected":false},"excerpt":{"rendered":"<p>SSD KeepData:\u200b Velocidade e confiabilidade SSD SATA nos formatos de 2,5 polegadas R\u00e1pida inicializa\u00e7\u00e3o, carregamento e transfer\u00eancia de arquivos. Mais confi\u00e1vel e mais dur\u00e1vel do que um disco r\u00edgido. A unidade de estado s\u00f3lido L21 da KeepData, aumenta eficientemente a resposta do seu computador com tempos inacredit\u00e1veis de inicializa\u00e7\u00e3o, carregamento e transfer\u00eancia, comparados a discos [&hellip;]<\/p>\n","protected":false},"author":1,"featured_media":0,"parent":31,"menu_order":0,"comment_status":"closed","ping_status":"closed","template":"elementor_header_footer","meta":{"footnotes":""},"folder":[],"class_list":["post-118","page","type-page","status-publish","hentry"],"_links":{"self":[{"href":"https:\/\/keepdata.com\/pt\/wp-json\/wp\/v2\/pages\/118","targetHints":{"allow":["GET"]}}],"collection":[{"href":"https:\/\/keepdata.com\/pt\/wp-json\/wp\/v2\/pages"}],"about":[{"href":"https:\/\/keepdata.com\/pt\/wp-json\/wp\/v2\/types\/page"}],"author":[{"embeddable":true,"href":"https:\/\/keepdata.com\/pt\/wp-json\/wp\/v2\/users\/1"}],"replies":[{"embeddable":true,"href":"https:\/\/keepdata.com\/pt\/wp-json\/wp\/v2\/comments?post=118"}],"version-history":[{"count":83,"href":"https:\/\/keepdata.com\/pt\/wp-json\/wp\/v2\/pages\/118\/revisions"}],"predecessor-version":[{"id":3478,"href":"https:\/\/keepdata.com\/pt\/wp-json\/wp\/v2\/pages\/118\/revisions\/3478"}],"up":[{"embeddable":true,"href":"https:\/\/keepdata.com\/pt\/wp-json\/wp\/v2\/pages\/31"}],"wp:attachment":[{"href":"https:\/\/keepdata.com\/pt\/wp-json\/wp\/v2\/media?parent=118"}],"wp:term":[{"taxonomy":"folder","embeddable":true,"href":"https:\/\/keepdata.com\/pt\/wp-json\/wp\/v2\/folder?post=118"}],"curies":[{"name":"wp","href":"https:\/\/api.w.org\/{rel}","templated":true}]}}