{"id":120,"date":"2022-06-07T20:08:45","date_gmt":"2022-06-07T23:08:45","guid":{"rendered":"https:\/\/keepdata.com\/demo\/?page_id=120"},"modified":"2023-03-29T11:14:04","modified_gmt":"2023-03-29T14:14:04","slug":"ssd-m-2-nvme","status":"publish","type":"page","link":"https:\/\/keepdata.com\/pt\/produtos\/ssd-m-2-nvme\/","title":{"rendered":"SSD M.2 NVMe Gen 3.0"},"content":{"rendered":"\t\t<div data-elementor-type=\"wp-page\" data-elementor-id=\"120\" class=\"elementor elementor-120\" data-elementor-post-type=\"page\">\n\t\t\t\t\t\t<section class=\"elementor-section elementor-top-section elementor-element elementor-element-9798ad3 elementor-section-boxed elementor-section-height-default elementor-section-height-default\" data-id=\"9798ad3\" data-element_type=\"section\" data-e-type=\"section\" data-settings=\"{&quot;background_background&quot;:&quot;classic&quot;}\">\n\t\t\t\t\t\t\t<div class=\"elementor-background-overlay\"><\/div>\n\t\t\t\t\t\t\t<div class=\"elementor-container elementor-column-gap-default\">\n\t\t\t\t\t<div class=\"elementor-column elementor-col-100 elementor-top-column elementor-element elementor-element-1eba338\" data-id=\"1eba338\" data-element_type=\"column\" data-e-type=\"column\">\n\t\t\t<div class=\"elementor-widget-wrap elementor-element-populated\">\n\t\t\t\t\t\t<div class=\"elementor-element elementor-element-b8aa7a6 elementor-widget__width-initial elementor-widget elementor-widget-heading\" data-id=\"b8aa7a6\" data-element_type=\"widget\" data-e-type=\"widget\" data-widget_type=\"heading.default\">\n\t\t\t\t<div class=\"elementor-widget-container\">\n\t\t\t\t\t<h1 class=\"elementor-heading-title elementor-size-default\">Alto desempenho para notebooks e computadores<\/h1>\t\t\t\t<\/div>\n\t\t\t\t<\/div>\n\t\t\t\t\t<\/div>\n\t\t<\/div>\n\t\t\t\t\t<\/div>\n\t\t<\/section>\n\t\t\t\t<section class=\"elementor-section elementor-top-section elementor-element elementor-element-f0f629a elementor-section-boxed elementor-section-height-default elementor-section-height-default\" data-id=\"f0f629a\" data-element_type=\"section\" data-e-type=\"section\" data-settings=\"{&quot;background_background&quot;:&quot;classic&quot;}\">\n\t\t\t\t\t\t<div class=\"elementor-container elementor-column-gap-default\">\n\t\t\t\t\t<div class=\"elementor-column elementor-col-100 elementor-top-column elementor-element elementor-element-987265c\" data-id=\"987265c\" data-element_type=\"column\" data-e-type=\"column\">\n\t\t\t<div class=\"elementor-widget-wrap elementor-element-populated\">\n\t\t\t\t\t\t<div class=\"elementor-element elementor-element-a1e29ef elementor-widget elementor-widget-image\" data-id=\"a1e29ef\" data-element_type=\"widget\" data-e-type=\"widget\" data-widget_type=\"image.default\">\n\t\t\t\t<div class=\"elementor-widget-container\">\n\t\t\t\t\t\t\t\t\t\t\t\t\t\t\t<img decoding=\"async\" src=\"https:\/\/keepdata.com\/pt\/wp-content\/uploads\/elementor\/thumbs\/leitura-2400-pr513c50xf5d4w4mfna540svximpb5hzaa8z5xa6vo.png\" title=\"leitura 2400\" alt=\"leitura 2400\" loading=\"lazy\" \/>\t\t\t\t\t\t\t\t\t\t\t\t\t\t\t<\/div>\n\t\t\t\t<\/div>\n\t\t\t\t\t<\/div>\n\t\t<\/div>\n\t\t\t\t\t<\/div>\n\t\t<\/section>\n\t\t\t\t<section class=\"elementor-section elementor-top-section elementor-element elementor-element-7b175604 elementor-section-boxed elementor-section-height-default elementor-section-height-default\" data-id=\"7b175604\" data-element_type=\"section\" data-e-type=\"section\" data-settings=\"{&quot;background_background&quot;:&quot;classic&quot;}\">\n\t\t\t\t\t\t\t<div class=\"elementor-background-overlay\"><\/div>\n\t\t\t\t\t\t\t<div class=\"elementor-container elementor-column-gap-default\">\n\t\t\t\t\t<div class=\"elementor-column elementor-col-100 elementor-top-column elementor-element elementor-element-6af34898\" data-id=\"6af34898\" data-element_type=\"column\" data-e-type=\"column\">\n\t\t\t<div class=\"elementor-widget-wrap elementor-element-populated\">\n\t\t\t\t\t\t<div class=\"elementor-element elementor-element-4e98fe75 elementor-widget elementor-widget-heading\" data-id=\"4e98fe75\" data-element_type=\"widget\" data-e-type=\"widget\" data-widget_type=\"heading.default\">\n\t\t\t\t<div class=\"elementor-widget-container\">\n\t\t\t\t\t<h1 class=\"elementor-heading-title elementor-size-large\">Melhore o desempenho<\/h1>\t\t\t\t<\/div>\n\t\t\t\t<\/div>\n\t\t\t\t<div class=\"elementor-element elementor-element-7a23b62b elementor-widget elementor-widget-heading\" data-id=\"7a23b62b\" data-element_type=\"widget\" data-e-type=\"widget\" data-widget_type=\"heading.default\">\n\t\t\t\t<div class=\"elementor-widget-container\">\n\t\t\t\t\t<h2 class=\"elementor-heading-title elementor-size-default\">O SSD NVMe PCIe Keepdata \u00e9 a solu\u00e7\u00e3o de armazenamento que oferece velocidades de leitura\/grava\u00e7\u00e3o de at\u00e9 2.400\/1.700MB\/s, sendo 3 a 4 vezes mais r\u00e1pido do que um SSD baseado em SATA, e 35 vezes mais r\u00e1pido do que um disco r\u00edgido tradicional.<\/h2>\t\t\t\t<\/div>\n\t\t\t\t<\/div>\n\t\t\t\t\t<\/div>\n\t\t<\/div>\n\t\t\t\t\t<\/div>\n\t\t<\/section>\n\t\t\t\t<section class=\"elementor-section elementor-top-section elementor-element elementor-element-ff55142 elementor-section-boxed elementor-section-height-default elementor-section-height-default\" data-id=\"ff55142\" data-element_type=\"section\" data-e-type=\"section\">\n\t\t\t\t\t\t<div class=\"elementor-container elementor-column-gap-default\">\n\t\t\t\t\t<div class=\"elementor-column elementor-col-100 elementor-top-column elementor-element elementor-element-6a6a21a5\" data-id=\"6a6a21a5\" data-element_type=\"column\" data-e-type=\"column\">\n\t\t\t<div class=\"elementor-widget-wrap elementor-element-populated\">\n\t\t\t\t\t\t<section class=\"elementor-section elementor-inner-section elementor-element elementor-element-136e7a59 elementor-section-full_width elementor-section-height-default elementor-section-height-default\" data-id=\"136e7a59\" data-element_type=\"section\" data-e-type=\"section\">\n\t\t\t\t\t\t<div class=\"elementor-container elementor-column-gap-default\">\n\t\t\t\t\t<div class=\"elementor-column elementor-col-100 elementor-inner-column elementor-element elementor-element-696d645b\" data-id=\"696d645b\" data-element_type=\"column\" data-e-type=\"column\">\n\t\t\t<div class=\"elementor-widget-wrap elementor-element-populated\">\n\t\t\t\t\t\t<div class=\"elementor-element elementor-element-7a6ed758 elementor-hidden-desktop elementor-hidden-tablet ekit-equal-height-disable elementor-widget elementor-widget-elementskit-image-box\" data-id=\"7a6ed758\" data-element_type=\"widget\" data-e-type=\"widget\" data-widget_type=\"elementskit-image-box.default\">\n\t\t\t\t<div class=\"elementor-widget-container\">\n\t\t\t\t\t<div class=\"ekit-wid-con\" >\n            <div class=\"elementskit-info-image-box ekit-image-box text-center hover_from_center hover-border-bottom\" >\n\n                <a href=\"https:\/\/keepdata.com\/pt\/ssd-m-2-nvme-2tb\/\">\n                <div class=\"elementskit-box-header image-box-img-center\">\n\n                    <img fetchpriority=\"high\" decoding=\"async\" width=\"768\" height=\"257\" src=\"https:\/\/keepdata.com\/pt\/wp-content\/uploads\/2022\/08\/M2-NVMe-KDNV2T-J12-Small-768x257.png\" class=\"attachment-medium_large size-medium_large wp-image-1082\" alt=\"\" srcset=\"https:\/\/keepdata.com\/pt\/wp-content\/uploads\/2022\/08\/M2-NVMe-KDNV2T-J12-Small-768x257.png 768w, https:\/\/keepdata.com\/pt\/wp-content\/uploads\/2022\/08\/M2-NVMe-KDNV2T-J12-Small-300x101.png 300w, https:\/\/keepdata.com\/pt\/wp-content\/uploads\/2022\/08\/M2-NVMe-KDNV2T-J12-Small.png 955w\" sizes=\"(max-width: 768px) 100vw, 768px\" \/>\n                <\/div>\n                <\/a>\n                <div class=\"elementskit-box-body ekit-image-box-body\">\n                    <div class=\"elementskit-box-content ekit-image-box-body-inner\">\n                                                <h1 class=\"elementskit-info-box-title\">\n\n                        SSD M.2 NVMe 2TB\n                        \n                    <\/h1>\n                                                            <div class=\"elementskit-box-style-content\">\n                        M.2 2280 PCIe Gen 3.0 x 4  <\/p> Modelo: KDNV2T-J12 <p>                    <\/div>\n                                    <\/div>\n\n                            <\/div>\n            <\/div>\n    <\/div>\t\t\t\t<\/div>\n\t\t\t\t<\/div>\n\t\t\t\t\t<\/div>\n\t\t<\/div>\n\t\t\t\t\t<\/div>\n\t\t<\/section>\n\t\t\t\t<section class=\"elementor-section elementor-inner-section elementor-element elementor-element-ceef183 elementor-section-full_width elementor-hidden-mobile elementor-section-height-default elementor-section-height-default\" data-id=\"ceef183\" data-element_type=\"section\" data-e-type=\"section\">\n\t\t\t\t\t\t<div class=\"elementor-container elementor-column-gap-default\">\n\t\t\t\t\t<div class=\"elementor-column elementor-col-100 elementor-inner-column elementor-element elementor-element-2815a7c\" data-id=\"2815a7c\" data-element_type=\"column\" data-e-type=\"column\">\n\t\t\t<div class=\"elementor-widget-wrap elementor-element-populated\">\n\t\t\t\t\t\t<div class=\"elementor-element elementor-element-469a534 ekit-equal-height-disable elementor-widget elementor-widget-elementskit-image-box\" data-id=\"469a534\" data-element_type=\"widget\" data-e-type=\"widget\" data-widget_type=\"elementskit-image-box.default\">\n\t\t\t\t<div class=\"elementor-widget-container\">\n\t\t\t\t\t<div class=\"ekit-wid-con\" >\n            <div class=\"elementskit-info-image-box ekit-image-box text-center hover_from_center hover-border-bottom\" >\n\n                <a href=\"https:\/\/keepdata.com\/pt\/ssd-m-2-nvme-2tb\/\">\n                <div class=\"elementskit-box-header image-box-img-center\">\n\n                    <img decoding=\"async\" width=\"640\" height=\"472\" src=\"https:\/\/keepdata.com\/pt\/wp-content\/uploads\/2022\/08\/M2-NVMe-KDNV2T-J12-box-Small.png\" class=\"attachment-medium_large size-medium_large wp-image-1129\" alt=\"\" srcset=\"https:\/\/keepdata.com\/pt\/wp-content\/uploads\/2022\/08\/M2-NVMe-KDNV2T-J12-box-Small.png 640w, https:\/\/keepdata.com\/pt\/wp-content\/uploads\/2022\/08\/M2-NVMe-KDNV2T-J12-box-Small-300x221.png 300w\" sizes=\"(max-width: 640px) 100vw, 640px\" \/>\n                <\/div>\n                <\/a>\n                <div class=\"elementskit-box-body ekit-image-box-body\">\n                    <div class=\"elementskit-box-content ekit-image-box-body-inner\">\n                                                <h1 class=\"elementskit-info-box-title\">\n\n                        SSD M.2 NVMe 2TB\n                        \n                    <\/h1>\n                                                            <div class=\"elementskit-box-style-content\">\n                        M.2 2280 PCIe Gen 3.0 x 4  <\/p> Modelo: KDNV2T-J12 <p>                    <\/div>\n                                    <\/div>\n\n                            <\/div>\n            <\/div>\n    <\/div>\t\t\t\t<\/div>\n\t\t\t\t<\/div>\n\t\t\t\t\t<\/div>\n\t\t<\/div>\n\t\t\t\t\t<\/div>\n\t\t<\/section>\n\t\t\t\t<section class=\"elementor-section elementor-inner-section elementor-element elementor-element-3fa32ef elementor-section-full_width elementor-section-height-default elementor-section-height-default\" data-id=\"3fa32ef\" data-element_type=\"section\" data-e-type=\"section\">\n\t\t\t\t\t\t<div class=\"elementor-container elementor-column-gap-default\">\n\t\t\t\t\t<div class=\"elementor-column elementor-col-50 elementor-inner-column elementor-element elementor-element-6d5a08eb\" data-id=\"6d5a08eb\" data-element_type=\"column\" data-e-type=\"column\">\n\t\t\t<div class=\"elementor-widget-wrap elementor-element-populated\">\n\t\t\t\t\t\t<div class=\"elementor-element elementor-element-2d4c17c6 ekit-equal-height-disable elementor-widget elementor-widget-elementskit-image-box\" data-id=\"2d4c17c6\" data-element_type=\"widget\" data-e-type=\"widget\" data-widget_type=\"elementskit-image-box.default\">\n\t\t\t\t<div class=\"elementor-widget-container\">\n\t\t\t\t\t<div class=\"ekit-wid-con\" >\n            <div class=\"elementskit-info-image-box ekit-image-box text-center hover_from_center hover-border-bottom\" >\n\n                <a href=\"https:\/\/keepdata.com\/pt\/ssd-m-2-nvme-1tb\/\">\n                <div class=\"elementskit-box-header image-box-img-center\">\n\n                    <img decoding=\"async\" width=\"300\" height=\"101\" src=\"https:\/\/keepdata.com\/pt\/wp-content\/uploads\/2022\/07\/M2-NVMe-KDNV1T-J12-Small-1-300x101.png\" class=\"attachment-medium size-medium wp-image-618\" alt=\"\" srcset=\"https:\/\/keepdata.com\/pt\/wp-content\/uploads\/2022\/07\/M2-NVMe-KDNV1T-J12-Small-1-300x101.png 300w, https:\/\/keepdata.com\/pt\/wp-content\/uploads\/2022\/07\/M2-NVMe-KDNV1T-J12-Small-1-768x257.png 768w, https:\/\/keepdata.com\/pt\/wp-content\/uploads\/2022\/07\/M2-NVMe-KDNV1T-J12-Small-1.png 955w\" sizes=\"(max-width: 300px) 100vw, 300px\" \/>\n                <\/div>\n                <\/a>\n                <div class=\"elementskit-box-body ekit-image-box-body\">\n                    <div class=\"elementskit-box-content ekit-image-box-body-inner\">\n                                                <h1 class=\"elementskit-info-box-title\">\n\n                        SSD M.2 NVMe 1TB\n                        \n                    <\/h1>\n                                                            <div class=\"elementskit-box-style-content\">\n                        M.2 2280 PCIe Gen 3.0 x 4  <\/p> Modelo: KDNV1T-J12 <p>                    <\/div>\n                                    <\/div>\n\n                            <\/div>\n            <\/div>\n    <\/div>\t\t\t\t<\/div>\n\t\t\t\t<\/div>\n\t\t\t\t\t<\/div>\n\t\t<\/div>\n\t\t\t\t<div class=\"elementor-column elementor-col-50 elementor-inner-column elementor-element elementor-element-3268d188\" data-id=\"3268d188\" data-element_type=\"column\" data-e-type=\"column\">\n\t\t\t<div class=\"elementor-widget-wrap elementor-element-populated\">\n\t\t\t\t\t\t<div class=\"elementor-element elementor-element-78e5fe1a ekit-equal-height-disable elementor-widget elementor-widget-elementskit-image-box\" data-id=\"78e5fe1a\" data-element_type=\"widget\" data-e-type=\"widget\" data-widget_type=\"elementskit-image-box.default\">\n\t\t\t\t<div class=\"elementor-widget-container\">\n\t\t\t\t\t<div class=\"ekit-wid-con\" >\n            <div class=\"elementskit-info-image-box ekit-image-box text-center hover_from_center hover-border-bottom\" >\n\n                <a href=\"https:\/\/keepdata.com\/pt\/ssd-m-2-nvme-512gb\/\">\n                <div class=\"elementskit-box-header image-box-img-center\">\n\n                    <img loading=\"lazy\" decoding=\"async\" width=\"300\" height=\"101\" src=\"https:\/\/keepdata.com\/pt\/wp-content\/uploads\/2022\/07\/M2-NVMe-KDNV512G-J12-Small-1-300x101.png\" class=\"attachment-medium size-medium wp-image-619\" alt=\"\" srcset=\"https:\/\/keepdata.com\/pt\/wp-content\/uploads\/2022\/07\/M2-NVMe-KDNV512G-J12-Small-1-300x101.png 300w, https:\/\/keepdata.com\/pt\/wp-content\/uploads\/2022\/07\/M2-NVMe-KDNV512G-J12-Small-1-768x257.png 768w, https:\/\/keepdata.com\/pt\/wp-content\/uploads\/2022\/07\/M2-NVMe-KDNV512G-J12-Small-1.png 955w\" sizes=\"(max-width: 300px) 100vw, 300px\" \/>\n                <\/div>\n                <\/a>\n                <div class=\"elementskit-box-body ekit-image-box-body\">\n                    <div class=\"elementskit-box-content ekit-image-box-body-inner\">\n                                                <h3 class=\"elementskit-info-box-title\">\n\n                        SSD M.2 NVMe 512GB\n                        \n                    <\/h3>\n                                                            <div class=\"elementskit-box-style-content\">\n                        M.2 2280 PCIe Gen 3.0 x 4  <\/p> Modelo: KDNV512G-J12 <p>                    <\/div>\n                                    <\/div>\n\n                            <\/div>\n            <\/div>\n    <\/div>\t\t\t\t<\/div>\n\t\t\t\t<\/div>\n\t\t\t\t\t<\/div>\n\t\t<\/div>\n\t\t\t\t\t<\/div>\n\t\t<\/section>\n\t\t\t\t<section class=\"elementor-section elementor-inner-section elementor-element elementor-element-38c5153 elementor-section-full_width elementor-section-height-default elementor-section-height-default\" data-id=\"38c5153\" data-element_type=\"section\" data-e-type=\"section\">\n\t\t\t\t\t\t<div class=\"elementor-container elementor-column-gap-default\">\n\t\t\t\t\t<div class=\"elementor-column elementor-col-50 elementor-inner-column elementor-element elementor-element-0848aeb\" data-id=\"0848aeb\" data-element_type=\"column\" data-e-type=\"column\">\n\t\t\t<div class=\"elementor-widget-wrap elementor-element-populated\">\n\t\t\t\t\t\t<div class=\"elementor-element elementor-element-81cc1d6 ekit-equal-height-disable elementor-widget elementor-widget-elementskit-image-box\" data-id=\"81cc1d6\" data-element_type=\"widget\" data-e-type=\"widget\" data-widget_type=\"elementskit-image-box.default\">\n\t\t\t\t<div class=\"elementor-widget-container\">\n\t\t\t\t\t<div class=\"ekit-wid-con\" >\n            <div class=\"elementskit-info-image-box ekit-image-box text-center hover_from_center hover-border-bottom\" >\n\n                <a href=\"https:\/\/keepdata.com\/pt\/ssd-m-2-nvme-256gb\/\">\n                <div class=\"elementskit-box-header image-box-img-center\">\n\n                    <img loading=\"lazy\" decoding=\"async\" width=\"300\" height=\"101\" src=\"https:\/\/keepdata.com\/pt\/wp-content\/uploads\/2022\/07\/M2-NVMe-KDNV256G-J12-Small-300x101.png\" class=\"attachment-medium size-medium wp-image-620\" alt=\"\" srcset=\"https:\/\/keepdata.com\/pt\/wp-content\/uploads\/2022\/07\/M2-NVMe-KDNV256G-J12-Small-300x101.png 300w, https:\/\/keepdata.com\/pt\/wp-content\/uploads\/2022\/07\/M2-NVMe-KDNV256G-J12-Small-768x257.png 768w, https:\/\/keepdata.com\/pt\/wp-content\/uploads\/2022\/07\/M2-NVMe-KDNV256G-J12-Small.png 955w\" sizes=\"(max-width: 300px) 100vw, 300px\" \/>\n                <\/div>\n                <\/a>\n                <div class=\"elementskit-box-body ekit-image-box-body\">\n                    <div class=\"elementskit-box-content ekit-image-box-body-inner\">\n                                                <h1 class=\"elementskit-info-box-title\">\n\n                        SSD M.2 NVMe 256GB\n                        \n                    <\/h1>\n                                                            <div class=\"elementskit-box-style-content\">\n                        M.2 2280 PCIe Gen 3.0 x 4  <\/p> Modelo: KDNV256G-J12 <p>                    <\/div>\n                                    <\/div>\n\n                            <\/div>\n            <\/div>\n    <\/div>\t\t\t\t<\/div>\n\t\t\t\t<\/div>\n\t\t\t\t\t<\/div>\n\t\t<\/div>\n\t\t\t\t<div class=\"elementor-column elementor-col-50 elementor-inner-column elementor-element elementor-element-4a7a718\" data-id=\"4a7a718\" data-element_type=\"column\" data-e-type=\"column\">\n\t\t\t<div class=\"elementor-widget-wrap elementor-element-populated\">\n\t\t\t\t\t\t<div class=\"elementor-element elementor-element-d6d0743 ekit-equal-height-disable elementor-widget elementor-widget-elementskit-image-box\" data-id=\"d6d0743\" data-element_type=\"widget\" data-e-type=\"widget\" data-widget_type=\"elementskit-image-box.default\">\n\t\t\t\t<div class=\"elementor-widget-container\">\n\t\t\t\t\t<div class=\"ekit-wid-con\" >\n            <div class=\"elementskit-info-image-box ekit-image-box text-center hover_from_center hover-border-bottom\" >\n\n                <a href=\"https:\/\/keepdata.com\/pt\/ssd-m-2-nvme-128gb\/\">\n                <div class=\"elementskit-box-header image-box-img-center\">\n\n                    <img loading=\"lazy\" decoding=\"async\" width=\"300\" height=\"101\" src=\"https:\/\/keepdata.com\/pt\/wp-content\/uploads\/2022\/07\/M2-NVMe-KDNV128G-J12-Small-300x101.png\" class=\"attachment-medium size-medium wp-image-621\" alt=\"\" srcset=\"https:\/\/keepdata.com\/pt\/wp-content\/uploads\/2022\/07\/M2-NVMe-KDNV128G-J12-Small-300x101.png 300w, https:\/\/keepdata.com\/pt\/wp-content\/uploads\/2022\/07\/M2-NVMe-KDNV128G-J12-Small-768x257.png 768w, https:\/\/keepdata.com\/pt\/wp-content\/uploads\/2022\/07\/M2-NVMe-KDNV128G-J12-Small.png 955w\" sizes=\"(max-width: 300px) 100vw, 300px\" \/>\n                <\/div>\n                <\/a>\n                <div class=\"elementskit-box-body ekit-image-box-body\">\n                    <div class=\"elementskit-box-content ekit-image-box-body-inner\">\n                                                <h3 class=\"elementskit-info-box-title\">\n\n                        SSD M.2 NVMe 128GB\n                        \n                    <\/h3>\n                                                            <div class=\"elementskit-box-style-content\">\n                        M.2 2280 PCIe Gen 3.0 x 4  <\/p> Modelo: KDNV128G-J12 <p>                    <\/div>\n                                    <\/div>\n\n                            <\/div>\n            <\/div>\n    <\/div>\t\t\t\t<\/div>\n\t\t\t\t<\/div>\n\t\t\t\t\t<\/div>\n\t\t<\/div>\n\t\t\t\t\t<\/div>\n\t\t<\/section>\n\t\t\t\t\t<\/div>\n\t\t<\/div>\n\t\t\t\t\t<\/div>\n\t\t<\/section>\n\t\t\t\t<section class=\"elementor-section elementor-top-section elementor-element elementor-element-abb5dc4 elementor-section-boxed elementor-section-height-default elementor-section-height-default\" data-id=\"abb5dc4\" data-element_type=\"section\" data-e-type=\"section\" data-settings=\"{&quot;background_background&quot;:&quot;classic&quot;}\">\n\t\t\t\t\t\t\t<div class=\"elementor-background-overlay\"><\/div>\n\t\t\t\t\t\t\t<div class=\"elementor-container elementor-column-gap-default\">\n\t\t\t\t\t<div class=\"elementor-column elementor-col-100 elementor-top-column elementor-element elementor-element-1b9c8c9\" data-id=\"1b9c8c9\" data-element_type=\"column\" data-e-type=\"column\">\n\t\t\t<div class=\"elementor-widget-wrap elementor-element-populated\">\n\t\t\t\t\t\t<div class=\"elementor-element elementor-element-8813ba8 elementor-widget elementor-widget-heading\" data-id=\"8813ba8\" data-element_type=\"widget\" data-e-type=\"widget\" data-widget_type=\"heading.default\">\n\t\t\t\t<div class=\"elementor-widget-container\">\n\t\t\t\t\t<h1 class=\"elementor-heading-title elementor-size-large\">Ideal para computadores com espa\u00e7o limitado<\/h1>\t\t\t\t<\/div>\n\t\t\t\t<\/div>\n\t\t\t\t<div class=\"elementor-element elementor-element-03f65cb elementor-widget elementor-widget-heading\" data-id=\"03f65cb\" data-element_type=\"widget\" data-e-type=\"widget\" data-widget_type=\"heading.default\">\n\t\t\t\t<div class=\"elementor-widget-container\">\n\t\t\t\t\t<h2 class=\"elementor-heading-title elementor-size-default\">Facilmente integrado em modelos com conectores M.2. Perfeito para laptops finos e PCs de formato pequeno.<\/h2>\t\t\t\t<\/div>\n\t\t\t\t<\/div>\n\t\t\t\t\t<\/div>\n\t\t<\/div>\n\t\t\t\t\t<\/div>\n\t\t<\/section>\n\t\t\t\t<\/div>\n\t\t","protected":false},"excerpt":{"rendered":"<p>Alto desempenho para notebooks e computadores Melhore o desempenho O SSD NVMe PCIe Keepdata \u00e9 a solu\u00e7\u00e3o de armazenamento que oferece velocidades de leitura\/grava\u00e7\u00e3o de at\u00e9 2.400\/1.700MB\/s, sendo 3 a 4 vezes mais r\u00e1pido do que um SSD baseado em SATA, e 35 vezes mais r\u00e1pido do que um disco r\u00edgido tradicional. SSD M.2 NVMe [&hellip;]<\/p>\n","protected":false},"author":1,"featured_media":0,"parent":31,"menu_order":0,"comment_status":"closed","ping_status":"closed","template":"elementor_header_footer","meta":{"footnotes":""},"folder":[],"class_list":["post-120","page","type-page","status-publish","hentry"],"_links":{"self":[{"href":"https:\/\/keepdata.com\/pt\/wp-json\/wp\/v2\/pages\/120","targetHints":{"allow":["GET"]}}],"collection":[{"href":"https:\/\/keepdata.com\/pt\/wp-json\/wp\/v2\/pages"}],"about":[{"href":"https:\/\/keepdata.com\/pt\/wp-json\/wp\/v2\/types\/page"}],"author":[{"embeddable":true,"href":"https:\/\/keepdata.com\/pt\/wp-json\/wp\/v2\/users\/1"}],"replies":[{"embeddable":true,"href":"https:\/\/keepdata.com\/pt\/wp-json\/wp\/v2\/comments?post=120"}],"version-history":[{"count":38,"href":"https:\/\/keepdata.com\/pt\/wp-json\/wp\/v2\/pages\/120\/revisions"}],"predecessor-version":[{"id":2710,"href":"https:\/\/keepdata.com\/pt\/wp-json\/wp\/v2\/pages\/120\/revisions\/2710"}],"up":[{"embeddable":true,"href":"https:\/\/keepdata.com\/pt\/wp-json\/wp\/v2\/pages\/31"}],"wp:attachment":[{"href":"https:\/\/keepdata.com\/pt\/wp-json\/wp\/v2\/media?parent=120"}],"wp:term":[{"taxonomy":"folder","embeddable":true,"href":"https:\/\/keepdata.com\/pt\/wp-json\/wp\/v2\/folder?post=120"}],"curies":[{"name":"wp","href":"https:\/\/api.w.org\/{rel}","templated":true}]}}