{"id":122,"date":"2022-06-07T20:09:16","date_gmt":"2022-06-07T23:09:16","guid":{"rendered":"https:\/\/keepdata.com\/demo\/?page_id=122"},"modified":"2022-11-14T09:25:36","modified_gmt":"2022-11-14T12:25:36","slug":"ssd-m-2-ngff","status":"publish","type":"page","link":"https:\/\/keepdata.com\/pt\/produtos\/ssd-m-2-ngff\/","title":{"rendered":"SSD M.2 NGFF"},"content":{"rendered":"\t\t<div data-elementor-type=\"wp-page\" data-elementor-id=\"122\" class=\"elementor elementor-122\" data-elementor-post-type=\"page\">\n\t\t\t\t\t\t<section class=\"elementor-section elementor-top-section elementor-element elementor-element-456ea2a8 elementor-section-boxed elementor-section-height-default elementor-section-height-default\" data-id=\"456ea2a8\" data-element_type=\"section\" data-e-type=\"section\" data-settings=\"{&quot;background_background&quot;:&quot;classic&quot;}\">\n\t\t\t\t\t\t\t<div class=\"elementor-background-overlay\"><\/div>\n\t\t\t\t\t\t\t<div class=\"elementor-container elementor-column-gap-default\">\n\t\t\t\t\t<div class=\"elementor-column elementor-col-100 elementor-top-column elementor-element elementor-element-34bf8281\" data-id=\"34bf8281\" data-element_type=\"column\" data-e-type=\"column\">\n\t\t\t<div class=\"elementor-widget-wrap elementor-element-populated\">\n\t\t\t\t\t\t<div class=\"elementor-element elementor-element-26f8f417 elementor-widget__width-initial elementor-widget elementor-widget-heading\" data-id=\"26f8f417\" data-element_type=\"widget\" data-e-type=\"widget\" data-widget_type=\"heading.default\">\n\t\t\t\t<div class=\"elementor-widget-container\">\n\t\t\t\t\t<h1 class=\"elementor-heading-title elementor-size-default\">Alto desempenho para notebooks e computadores<\/h1>\t\t\t\t<\/div>\n\t\t\t\t<\/div>\n\t\t\t\t\t<\/div>\n\t\t<\/div>\n\t\t\t\t\t<\/div>\n\t\t<\/section>\n\t\t\t\t<section class=\"elementor-section elementor-top-section elementor-element elementor-element-62d03569 elementor-section-boxed elementor-section-height-default elementor-section-height-default\" data-id=\"62d03569\" data-element_type=\"section\" data-e-type=\"section\" data-settings=\"{&quot;background_background&quot;:&quot;classic&quot;}\">\n\t\t\t\t\t\t<div class=\"elementor-container elementor-column-gap-default\">\n\t\t\t\t\t<div class=\"elementor-column elementor-col-100 elementor-top-column elementor-element elementor-element-155710a9\" data-id=\"155710a9\" data-element_type=\"column\" data-e-type=\"column\">\n\t\t\t<div class=\"elementor-widget-wrap elementor-element-populated\">\n\t\t\t\t\t\t<div class=\"elementor-element elementor-element-48ea7e3c elementor-widget elementor-widget-image\" data-id=\"48ea7e3c\" data-element_type=\"widget\" data-e-type=\"widget\" data-widget_type=\"image.default\">\n\t\t\t\t<div class=\"elementor-widget-container\">\n\t\t\t\t\t\t\t\t\t\t\t\t\t\t\t<img decoding=\"async\" src=\"https:\/\/keepdata.com\/pt\/wp-content\/uploads\/elementor\/thumbs\/leitura-550-pr52kgyl99vvfcy5643xk43wsmqnf7fqx9u2s0i15q.png\" title=\"leitura 550\" alt=\"leitura 550\" loading=\"lazy\" \/>\t\t\t\t\t\t\t\t\t\t\t\t\t\t\t<\/div>\n\t\t\t\t<\/div>\n\t\t\t\t\t<\/div>\n\t\t<\/div>\n\t\t\t\t\t<\/div>\n\t\t<\/section>\n\t\t\t\t<section class=\"elementor-section elementor-top-section elementor-element elementor-element-3132df61 elementor-section-boxed elementor-section-height-default elementor-section-height-default\" data-id=\"3132df61\" data-element_type=\"section\" data-e-type=\"section\" data-settings=\"{&quot;background_background&quot;:&quot;classic&quot;}\">\n\t\t\t\t\t\t\t<div class=\"elementor-background-overlay\"><\/div>\n\t\t\t\t\t\t\t<div class=\"elementor-container elementor-column-gap-default\">\n\t\t\t\t\t<div class=\"elementor-column elementor-col-100 elementor-top-column elementor-element elementor-element-150c9bdb\" data-id=\"150c9bdb\" data-element_type=\"column\" data-e-type=\"column\">\n\t\t\t<div class=\"elementor-widget-wrap elementor-element-populated\">\n\t\t\t\t\t\t<div class=\"elementor-element elementor-element-1e274606 elementor-widget elementor-widget-heading\" data-id=\"1e274606\" data-element_type=\"widget\" data-e-type=\"widget\" data-widget_type=\"heading.default\">\n\t\t\t\t<div class=\"elementor-widget-container\">\n\t\t\t\t\t<h2 class=\"elementor-heading-title elementor-size-default\">Refor\u00e7ado com uma controladora de \u00faltima gera\u00e7\u00e3o para velocidades de leitura e grava\u00e7\u00e3o de at\u00e9 550MB\/s e 500MB\/s, este SSD \u00e9 10x mais r\u00e1pido do que um disco r\u00edgido tradicional.<\/h2>\t\t\t\t<\/div>\n\t\t\t\t<\/div>\n\t\t\t\t\t<\/div>\n\t\t<\/div>\n\t\t\t\t\t<\/div>\n\t\t<\/section>\n\t\t\t\t<section class=\"elementor-section elementor-top-section elementor-element elementor-element-3330f103 elementor-section-boxed elementor-section-height-default elementor-section-height-default\" data-id=\"3330f103\" data-element_type=\"section\" data-e-type=\"section\">\n\t\t\t\t\t\t<div class=\"elementor-container elementor-column-gap-default\">\n\t\t\t\t\t<div class=\"elementor-column elementor-col-100 elementor-top-column elementor-element elementor-element-769ae22\" data-id=\"769ae22\" data-element_type=\"column\" data-e-type=\"column\">\n\t\t\t<div class=\"elementor-widget-wrap elementor-element-populated\">\n\t\t\t\t\t\t<section class=\"elementor-section elementor-inner-section elementor-element elementor-element-5e666129 elementor-section-full_width elementor-hidden-desktop elementor-hidden-tablet elementor-section-height-default elementor-section-height-default\" data-id=\"5e666129\" data-element_type=\"section\" data-e-type=\"section\">\n\t\t\t\t\t\t<div class=\"elementor-container elementor-column-gap-default\">\n\t\t\t\t\t<div class=\"elementor-column elementor-col-100 elementor-inner-column elementor-element elementor-element-25ea94ae\" data-id=\"25ea94ae\" data-element_type=\"column\" data-e-type=\"column\">\n\t\t\t<div class=\"elementor-widget-wrap elementor-element-populated\">\n\t\t\t\t\t\t<div class=\"elementor-element elementor-element-7aa530c5 ekit-equal-height-disable elementor-widget elementor-widget-elementskit-image-box\" data-id=\"7aa530c5\" data-element_type=\"widget\" data-e-type=\"widget\" data-widget_type=\"elementskit-image-box.default\">\n\t\t\t\t<div class=\"elementor-widget-container\">\n\t\t\t\t\t<div class=\"ekit-wid-con\" >\n            <div class=\"elementskit-info-image-box ekit-image-box text-center hover_from_center hover-border-bottom\" >\n\n                <a href=\"https:\/\/keepdata.com\/pt\/ssd-m-2-ngff-2tb\/\">\n                <div class=\"elementskit-box-header image-box-img-center\">\n\n                    <img fetchpriority=\"high\" decoding=\"async\" width=\"768\" height=\"257\" src=\"https:\/\/keepdata.com\/pt\/wp-content\/uploads\/2022\/08\/M2-sata-KDM2T-J12-Small-768x257.png\" class=\"attachment-medium_large size-medium_large wp-image-1076\" alt=\"\" srcset=\"https:\/\/keepdata.com\/pt\/wp-content\/uploads\/2022\/08\/M2-sata-KDM2T-J12-Small-768x257.png 768w, https:\/\/keepdata.com\/pt\/wp-content\/uploads\/2022\/08\/M2-sata-KDM2T-J12-Small-300x101.png 300w, https:\/\/keepdata.com\/pt\/wp-content\/uploads\/2022\/08\/M2-sata-KDM2T-J12-Small.png 955w\" sizes=\"(max-width: 768px) 100vw, 768px\" \/>\n                <\/div>\n                <\/a>\n                <div class=\"elementskit-box-body ekit-image-box-body\">\n                    <div class=\"elementskit-box-content ekit-image-box-body-inner\">\n                                                <h1 class=\"elementskit-info-box-title\">\n\n                        SSD M.2 SATA NGFF 2TB\n                        \n                    <\/h1>\n                                                            <div class=\"elementskit-box-style-content\">\n                        M.2 2280 SATA Gen. 3.0 (6GB\/s) <\/p> Modelo: KDM2T-J12 <p>                    <\/div>\n                                    <\/div>\n\n                            <\/div>\n            <\/div>\n    <\/div>\t\t\t\t<\/div>\n\t\t\t\t<\/div>\n\t\t\t\t\t<\/div>\n\t\t<\/div>\n\t\t\t\t\t<\/div>\n\t\t<\/section>\n\t\t\t\t<section class=\"elementor-section elementor-inner-section elementor-element elementor-element-c07da8a elementor-section-full_width elementor-section-height-default elementor-section-height-default\" data-id=\"c07da8a\" data-element_type=\"section\" data-e-type=\"section\">\n\t\t\t\t\t\t<div class=\"elementor-container elementor-column-gap-default\">\n\t\t\t\t\t<div class=\"elementor-column elementor-col-100 elementor-inner-column elementor-element elementor-element-ef89cf6\" data-id=\"ef89cf6\" data-element_type=\"column\" data-e-type=\"column\">\n\t\t\t<div class=\"elementor-widget-wrap elementor-element-populated\">\n\t\t\t\t\t\t<div class=\"elementor-element elementor-element-93eda17 elementor-hidden-mobile ekit-equal-height-disable elementor-widget elementor-widget-elementskit-image-box\" data-id=\"93eda17\" data-element_type=\"widget\" data-e-type=\"widget\" data-widget_type=\"elementskit-image-box.default\">\n\t\t\t\t<div class=\"elementor-widget-container\">\n\t\t\t\t\t<div class=\"ekit-wid-con\" >\n            <div class=\"elementskit-info-image-box ekit-image-box text-center hover_from_center hover-border-bottom\" >\n\n                <a href=\"https:\/\/keepdata.com\/pt\/ssd-m-2-ngff-2tb\/\">\n                <div class=\"elementskit-box-header image-box-img-center\">\n\n                    <img decoding=\"async\" width=\"768\" height=\"424\" src=\"https:\/\/keepdata.com\/pt\/wp-content\/uploads\/2022\/07\/M2-sata-KDM2T-J12-box-Small-768x424.png\" class=\"attachment-medium_large size-medium_large wp-image-633\" alt=\"\" srcset=\"https:\/\/keepdata.com\/pt\/wp-content\/uploads\/2022\/07\/M2-sata-KDM2T-J12-box-Small-768x424.png 768w, https:\/\/keepdata.com\/pt\/wp-content\/uploads\/2022\/07\/M2-sata-KDM2T-J12-box-Small-300x166.png 300w, https:\/\/keepdata.com\/pt\/wp-content\/uploads\/2022\/07\/M2-sata-KDM2T-J12-box-Small.png 854w\" sizes=\"(max-width: 768px) 100vw, 768px\" \/>\n                <\/div>\n                <\/a>\n                <div class=\"elementskit-box-body ekit-image-box-body\">\n                    <div class=\"elementskit-box-content ekit-image-box-body-inner\">\n                                                <h1 class=\"elementskit-info-box-title\">\n\n                        SSD M.2 SATA NGFF 2TB\n                        \n                    <\/h1>\n                                                            <div class=\"elementskit-box-style-content\">\n                        M.2 2280 SATA Gen. 3.0 (6GB\/s) <\/p> Modelo: KDM2T-J12 <p>                    <\/div>\n                                    <\/div>\n\n                            <\/div>\n            <\/div>\n    <\/div>\t\t\t\t<\/div>\n\t\t\t\t<\/div>\n\t\t\t\t\t<\/div>\n\t\t<\/div>\n\t\t\t\t\t<\/div>\n\t\t<\/section>\n\t\t\t\t<section class=\"elementor-section elementor-inner-section elementor-element elementor-element-2f43d002 elementor-section-full_width elementor-section-height-default elementor-section-height-default\" data-id=\"2f43d002\" data-element_type=\"section\" data-e-type=\"section\">\n\t\t\t\t\t\t<div class=\"elementor-container elementor-column-gap-default\">\n\t\t\t\t\t<div class=\"elementor-column elementor-col-50 elementor-inner-column elementor-element elementor-element-31ffe7a7\" data-id=\"31ffe7a7\" data-element_type=\"column\" data-e-type=\"column\">\n\t\t\t<div class=\"elementor-widget-wrap elementor-element-populated\">\n\t\t\t\t\t\t<div class=\"elementor-element elementor-element-2afc022e ekit-equal-height-disable elementor-widget elementor-widget-elementskit-image-box\" data-id=\"2afc022e\" data-element_type=\"widget\" data-e-type=\"widget\" data-widget_type=\"elementskit-image-box.default\">\n\t\t\t\t<div class=\"elementor-widget-container\">\n\t\t\t\t\t<div class=\"ekit-wid-con\" >\n            <div class=\"elementskit-info-image-box ekit-image-box text-center hover_from_center hover-border-bottom\" >\n\n                <a href=\"https:\/\/keepdata.com\/pt\/ssd-m-2-ngff-1tb\/\">\n                <div class=\"elementskit-box-header image-box-img-center\">\n\n                    <img decoding=\"async\" width=\"300\" height=\"101\" src=\"https:\/\/keepdata.com\/pt\/wp-content\/uploads\/2022\/07\/M2-sata-KDM1T-J12-Small-300x101.png\" class=\"attachment-medium size-medium wp-image-632\" alt=\"\" srcset=\"https:\/\/keepdata.com\/pt\/wp-content\/uploads\/2022\/07\/M2-sata-KDM1T-J12-Small-300x101.png 300w, https:\/\/keepdata.com\/pt\/wp-content\/uploads\/2022\/07\/M2-sata-KDM1T-J12-Small-768x257.png 768w, https:\/\/keepdata.com\/pt\/wp-content\/uploads\/2022\/07\/M2-sata-KDM1T-J12-Small.png 955w\" sizes=\"(max-width: 300px) 100vw, 300px\" \/>\n                <\/div>\n                <\/a>\n                <div class=\"elementskit-box-body ekit-image-box-body\">\n                    <div class=\"elementskit-box-content ekit-image-box-body-inner\">\n                                                <h1 class=\"elementskit-info-box-title\">\n\n                        SSD M.2 SATA NGFF 1TB\n                        \n                    <\/h1>\n                                                            <div class=\"elementskit-box-style-content\">\n                        M.2 2280 SATA Gen. 3.0 (6GB\/s) <\/p> Modelo: KDM1T-J12 <p>                    <\/div>\n                                    <\/div>\n\n                            <\/div>\n            <\/div>\n    <\/div>\t\t\t\t<\/div>\n\t\t\t\t<\/div>\n\t\t\t\t\t<\/div>\n\t\t<\/div>\n\t\t\t\t<div class=\"elementor-column elementor-col-50 elementor-inner-column elementor-element elementor-element-6f429d6d\" data-id=\"6f429d6d\" data-element_type=\"column\" data-e-type=\"column\">\n\t\t\t<div class=\"elementor-widget-wrap elementor-element-populated\">\n\t\t\t\t\t\t<div class=\"elementor-element elementor-element-184a15de ekit-equal-height-disable elementor-widget elementor-widget-elementskit-image-box\" data-id=\"184a15de\" data-element_type=\"widget\" data-e-type=\"widget\" data-widget_type=\"elementskit-image-box.default\">\n\t\t\t\t<div class=\"elementor-widget-container\">\n\t\t\t\t\t<div class=\"ekit-wid-con\" >\n            <div class=\"elementskit-info-image-box ekit-image-box text-center hover_from_center hover-border-bottom\" >\n\n                <a href=\"https:\/\/keepdata.com\/pt\/ssd-m-2-ngff-512gb\/\">\n                <div class=\"elementskit-box-header image-box-img-center\">\n\n                    <img loading=\"lazy\" decoding=\"async\" width=\"300\" height=\"101\" src=\"https:\/\/keepdata.com\/pt\/wp-content\/uploads\/2022\/07\/M2-sata-KDM512G-J12-Small-300x101.png\" class=\"attachment-medium size-medium wp-image-636\" alt=\"\" srcset=\"https:\/\/keepdata.com\/pt\/wp-content\/uploads\/2022\/07\/M2-sata-KDM512G-J12-Small-300x101.png 300w, https:\/\/keepdata.com\/pt\/wp-content\/uploads\/2022\/07\/M2-sata-KDM512G-J12-Small-768x257.png 768w, https:\/\/keepdata.com\/pt\/wp-content\/uploads\/2022\/07\/M2-sata-KDM512G-J12-Small.png 955w\" sizes=\"(max-width: 300px) 100vw, 300px\" \/>\n                <\/div>\n                <\/a>\n                <div class=\"elementskit-box-body ekit-image-box-body\">\n                    <div class=\"elementskit-box-content ekit-image-box-body-inner\">\n                                                <h3 class=\"elementskit-info-box-title\">\n\n                        SSD M.2 SATA NGFF 512GB\n                        \n                    <\/h3>\n                                                            <div class=\"elementskit-box-style-content\">\n                        M.2 2280 SATA Gen. 3.0 (6GB\/s) <\/p> Modelo: KDM512G-J12 <p>                    <\/div>\n                                    <\/div>\n\n                            <\/div>\n            <\/div>\n    <\/div>\t\t\t\t<\/div>\n\t\t\t\t<\/div>\n\t\t\t\t\t<\/div>\n\t\t<\/div>\n\t\t\t\t\t<\/div>\n\t\t<\/section>\n\t\t\t\t<section class=\"elementor-section elementor-inner-section elementor-element elementor-element-77ac8384 elementor-section-full_width elementor-section-height-default elementor-section-height-default\" data-id=\"77ac8384\" data-element_type=\"section\" data-e-type=\"section\">\n\t\t\t\t\t\t<div class=\"elementor-container elementor-column-gap-default\">\n\t\t\t\t\t<div class=\"elementor-column elementor-col-50 elementor-inner-column elementor-element elementor-element-249815c2\" data-id=\"249815c2\" data-element_type=\"column\" data-e-type=\"column\">\n\t\t\t<div class=\"elementor-widget-wrap elementor-element-populated\">\n\t\t\t\t\t\t<div class=\"elementor-element elementor-element-28b50f4c ekit-equal-height-disable elementor-widget elementor-widget-elementskit-image-box\" data-id=\"28b50f4c\" data-element_type=\"widget\" data-e-type=\"widget\" data-widget_type=\"elementskit-image-box.default\">\n\t\t\t\t<div class=\"elementor-widget-container\">\n\t\t\t\t\t<div class=\"ekit-wid-con\" >\n            <div class=\"elementskit-info-image-box ekit-image-box text-center hover_from_center hover-border-bottom\" >\n\n                <a href=\"https:\/\/keepdata.com\/pt\/ssd-m-2-ngff-256gb\/\">\n                <div class=\"elementskit-box-header image-box-img-center\">\n\n                    <img loading=\"lazy\" decoding=\"async\" width=\"300\" height=\"101\" src=\"https:\/\/keepdata.com\/pt\/wp-content\/uploads\/2022\/07\/M2-sata-KDM256G-J12-Small-300x101.png\" class=\"attachment-medium size-medium wp-image-635\" alt=\"\" srcset=\"https:\/\/keepdata.com\/pt\/wp-content\/uploads\/2022\/07\/M2-sata-KDM256G-J12-Small-300x101.png 300w, https:\/\/keepdata.com\/pt\/wp-content\/uploads\/2022\/07\/M2-sata-KDM256G-J12-Small-768x257.png 768w, https:\/\/keepdata.com\/pt\/wp-content\/uploads\/2022\/07\/M2-sata-KDM256G-J12-Small.png 955w\" sizes=\"(max-width: 300px) 100vw, 300px\" \/>\n                <\/div>\n                <\/a>\n                <div class=\"elementskit-box-body ekit-image-box-body\">\n                    <div class=\"elementskit-box-content ekit-image-box-body-inner\">\n                                                <h1 class=\"elementskit-info-box-title\">\n\n                        SSD M.2 SATA NGFF 256GB\n                        \n                    <\/h1>\n                                                            <div class=\"elementskit-box-style-content\">\n                        M.2 2280 SATA Gen. 3.0 (6GB\/s) <\/p> Modelo: KDM256G-J12 <p>                    <\/div>\n                                    <\/div>\n\n                            <\/div>\n            <\/div>\n    <\/div>\t\t\t\t<\/div>\n\t\t\t\t<\/div>\n\t\t\t\t\t<\/div>\n\t\t<\/div>\n\t\t\t\t<div class=\"elementor-column elementor-col-50 elementor-inner-column elementor-element elementor-element-4a53bbde\" data-id=\"4a53bbde\" data-element_type=\"column\" data-e-type=\"column\">\n\t\t\t<div class=\"elementor-widget-wrap elementor-element-populated\">\n\t\t\t\t\t\t<div class=\"elementor-element elementor-element-789344ec ekit-equal-height-disable elementor-widget elementor-widget-elementskit-image-box\" data-id=\"789344ec\" data-element_type=\"widget\" data-e-type=\"widget\" data-widget_type=\"elementskit-image-box.default\">\n\t\t\t\t<div class=\"elementor-widget-container\">\n\t\t\t\t\t<div class=\"ekit-wid-con\" >\n            <div class=\"elementskit-info-image-box ekit-image-box text-center hover_from_center hover-border-bottom\" >\n\n                <a href=\"https:\/\/keepdata.com\/pt\/ssd-m-2-ngff-128gb\/\">\n                <div class=\"elementskit-box-header image-box-img-center\">\n\n                    <img loading=\"lazy\" decoding=\"async\" width=\"300\" height=\"101\" src=\"https:\/\/keepdata.com\/pt\/wp-content\/uploads\/2022\/07\/M2-sata-KDM128G-J12-Small-300x101.png\" class=\"attachment-medium size-medium wp-image-634\" alt=\"\" srcset=\"https:\/\/keepdata.com\/pt\/wp-content\/uploads\/2022\/07\/M2-sata-KDM128G-J12-Small-300x101.png 300w, https:\/\/keepdata.com\/pt\/wp-content\/uploads\/2022\/07\/M2-sata-KDM128G-J12-Small-768x257.png 768w, https:\/\/keepdata.com\/pt\/wp-content\/uploads\/2022\/07\/M2-sata-KDM128G-J12-Small.png 955w\" sizes=\"(max-width: 300px) 100vw, 300px\" \/>\n                <\/div>\n                <\/a>\n                <div class=\"elementskit-box-body ekit-image-box-body\">\n                    <div class=\"elementskit-box-content ekit-image-box-body-inner\">\n                                                <h3 class=\"elementskit-info-box-title\">\n\n                        SSD M.2 SATA NGFF 128GB\n                        \n                    <\/h3>\n                                                            <div class=\"elementskit-box-style-content\">\n                        M.2 2280 SATA Gen. 3.0 (6GB\/s) <\/p> Modelo: KDM128G-J12 <p>                    <\/div>\n                                    <\/div>\n\n                            <\/div>\n            <\/div>\n    <\/div>\t\t\t\t<\/div>\n\t\t\t\t<\/div>\n\t\t\t\t\t<\/div>\n\t\t<\/div>\n\t\t\t\t\t<\/div>\n\t\t<\/section>\n\t\t\t\t<div class=\"elementor-element elementor-element-4ca1053e elementor-widget elementor-widget-spacer\" data-id=\"4ca1053e\" data-element_type=\"widget\" data-e-type=\"widget\" data-widget_type=\"spacer.default\">\n\t\t\t\t<div class=\"elementor-widget-container\">\n\t\t\t\t\t\t\t<div class=\"elementor-spacer\">\n\t\t\t<div class=\"elementor-spacer-inner\"><\/div>\n\t\t<\/div>\n\t\t\t\t\t\t<\/div>\n\t\t\t\t<\/div>\n\t\t\t\t\t<\/div>\n\t\t<\/div>\n\t\t\t\t\t<\/div>\n\t\t<\/section>\n\t\t\t\t<\/div>\n\t\t","protected":false},"excerpt":{"rendered":"<p>Alto desempenho para notebooks e computadores Refor\u00e7ado com uma controladora de \u00faltima gera\u00e7\u00e3o para velocidades de leitura e grava\u00e7\u00e3o de at\u00e9 550MB\/s e 500MB\/s, este SSD \u00e9 10x mais r\u00e1pido do que um disco r\u00edgido tradicional. SSD M.2 SATA NGFF 2TB M.2 2280 SATA Gen. 3.0 (6GB\/s) Modelo: KDM2T-J12 SSD M.2 SATA NGFF 2TB M.2 [&hellip;]<\/p>\n","protected":false},"author":1,"featured_media":0,"parent":31,"menu_order":0,"comment_status":"closed","ping_status":"closed","template":"elementor_header_footer","meta":{"footnotes":""},"folder":[],"class_list":["post-122","page","type-page","status-publish","hentry"],"_links":{"self":[{"href":"https:\/\/keepdata.com\/pt\/wp-json\/wp\/v2\/pages\/122","targetHints":{"allow":["GET"]}}],"collection":[{"href":"https:\/\/keepdata.com\/pt\/wp-json\/wp\/v2\/pages"}],"about":[{"href":"https:\/\/keepdata.com\/pt\/wp-json\/wp\/v2\/types\/page"}],"author":[{"embeddable":true,"href":"https:\/\/keepdata.com\/pt\/wp-json\/wp\/v2\/users\/1"}],"replies":[{"embeddable":true,"href":"https:\/\/keepdata.com\/pt\/wp-json\/wp\/v2\/comments?post=122"}],"version-history":[{"count":38,"href":"https:\/\/keepdata.com\/pt\/wp-json\/wp\/v2\/pages\/122\/revisions"}],"predecessor-version":[{"id":2474,"href":"https:\/\/keepdata.com\/pt\/wp-json\/wp\/v2\/pages\/122\/revisions\/2474"}],"up":[{"embeddable":true,"href":"https:\/\/keepdata.com\/pt\/wp-json\/wp\/v2\/pages\/31"}],"wp:attachment":[{"href":"https:\/\/keepdata.com\/pt\/wp-json\/wp\/v2\/media?parent=122"}],"wp:term":[{"taxonomy":"folder","embeddable":true,"href":"https:\/\/keepdata.com\/pt\/wp-json\/wp\/v2\/folder?post=122"}],"curies":[{"name":"wp","href":"https:\/\/api.w.org\/{rel}","templated":true}]}}