{"id":1289,"date":"2022-08-26T17:53:45","date_gmt":"2022-08-26T20:53:45","guid":{"rendered":"https:\/\/keepdata.com\/demo\/?page_id=1289"},"modified":"2025-08-27T16:55:24","modified_gmt":"2025-08-27T19:55:24","slug":"pc-ddr4-8gb-2666mhz","status":"publish","type":"page","link":"https:\/\/keepdata.com\/pt\/pc-ddr4-8gb-2666mhz\/","title":{"rendered":"PC DDR4 8GB 2666MHz"},"content":{"rendered":"\t\t<div data-elementor-type=\"wp-page\" data-elementor-id=\"1289\" class=\"elementor elementor-1289\" data-elementor-post-type=\"page\">\n\t\t\t\t\t\t<section class=\"elementor-section elementor-top-section elementor-element elementor-element-535373f0 elementor-section-boxed elementor-section-height-default elementor-section-height-default\" data-id=\"535373f0\" data-element_type=\"section\" data-e-type=\"section\">\n\t\t\t\t\t\t<div class=\"elementor-container elementor-column-gap-default\">\n\t\t\t\t\t<div class=\"elementor-column elementor-col-100 elementor-top-column elementor-element elementor-element-6ecd0507\" data-id=\"6ecd0507\" data-element_type=\"column\" data-e-type=\"column\">\n\t\t\t<div class=\"elementor-widget-wrap elementor-element-populated\">\n\t\t\t\t\t\t<div class=\"elementor-element elementor-element-15ecc2ee elementor-widget elementor-widget-heading\" data-id=\"15ecc2ee\" data-element_type=\"widget\" data-e-type=\"widget\" data-widget_type=\"heading.default\">\n\t\t\t\t<div class=\"elementor-widget-container\">\n\t\t\t\t\t<h2 class=\"elementor-heading-title elementor-size-default\">Mem\u00f3ria para Computador Desktop<\/h2>\t\t\t\t<\/div>\n\t\t\t\t<\/div>\n\t\t\t\t<div class=\"elementor-element elementor-element-1e023749 elementor-widget elementor-widget-heading\" data-id=\"1e023749\" data-element_type=\"widget\" data-e-type=\"widget\" data-widget_type=\"heading.default\">\n\t\t\t\t<div class=\"elementor-widget-container\">\n\t\t\t\t\t<h2 class=\"elementor-heading-title elementor-size-default\">DDR4 8GB 2666MHz<\/h2>\t\t\t\t<\/div>\n\t\t\t\t<\/div>\n\t\t\t\t<div class=\"elementor-element elementor-element-4d2cdaa6 elementor-widget elementor-widget-heading\" data-id=\"4d2cdaa6\" data-element_type=\"widget\" data-e-type=\"widget\" data-widget_type=\"heading.default\">\n\t\t\t\t<div class=\"elementor-widget-container\">\n\t\t\t\t\t<h2 class=\"elementor-heading-title elementor-size-default\">Modelo: KD26N19\/8G<\/h2>\t\t\t\t<\/div>\n\t\t\t\t<\/div>\n\t\t\t\t<div class=\"elementor-element elementor-element-4bacd5c7 elementor-widget elementor-widget-image\" data-id=\"4bacd5c7\" data-element_type=\"widget\" data-e-type=\"widget\" data-widget_type=\"image.default\">\n\t\t\t\t<div class=\"elementor-widget-container\">\n\t\t\t\t\t\t\t\t\t\t\t\t\t\t\t<img fetchpriority=\"high\" decoding=\"async\" width=\"864\" height=\"344\" src=\"https:\/\/keepdata.com\/pt\/wp-content\/uploads\/2025\/08\/PC-DDR4-KD26N19-8G.jpg\" class=\"attachment-full size-full wp-image-4084\" alt=\"\" srcset=\"https:\/\/keepdata.com\/pt\/wp-content\/uploads\/2025\/08\/PC-DDR4-KD26N19-8G.jpg 864w, https:\/\/keepdata.com\/pt\/wp-content\/uploads\/2025\/08\/PC-DDR4-KD26N19-8G-300x119.jpg 300w, https:\/\/keepdata.com\/pt\/wp-content\/uploads\/2025\/08\/PC-DDR4-KD26N19-8G-768x306.jpg 768w\" sizes=\"(max-width: 864px) 100vw, 864px\" \/>\t\t\t\t\t\t\t\t\t\t\t\t\t\t\t<\/div>\n\t\t\t\t<\/div>\n\t\t\t\t<div class=\"elementor-element elementor-element-70836780 elementor-widget elementor-widget-text-editor\" data-id=\"70836780\" data-element_type=\"widget\" data-e-type=\"widget\" data-widget_type=\"text-editor.default\">\n\t\t\t\t<div class=\"elementor-widget-container\">\n\t\t\t\t\t\t\t\t\t<p>Todas as mem\u00f3rias KeepData contam com 100% de testes, garantia vital\u00edcia e chips originais em todos os modelos.<\/p>\t\t\t\t\t\t\t\t<\/div>\n\t\t\t\t<\/div>\n\t\t\t\t<div class=\"elementor-element elementor-element-56a65b09 elementor-widget elementor-widget-heading\" data-id=\"56a65b09\" data-element_type=\"widget\" data-e-type=\"widget\" data-widget_type=\"heading.default\">\n\t\t\t\t<div class=\"elementor-widget-container\">\n\t\t\t\t\t<h2 class=\"elementor-heading-title elementor-size-default\">Especifica\u00e7\u00f5es T\u00e9cnicas:<\/h2>\t\t\t\t<\/div>\n\t\t\t\t<\/div>\n\t\t\t\t<div class=\"elementor-element elementor-element-5eddb854 elementor-widget elementor-widget-elementskit-tablepress\" data-id=\"5eddb854\" data-element_type=\"widget\" data-e-type=\"widget\" data-widget_type=\"elementskit-tablepress.default\">\n\t\t\t\t<div class=\"elementor-widget-container\">\n\t\t\t\t\t<div class=\"elemenetskit-tablepress ekit-wid-con\" id=\"ekit_tablepress_5eddb854\">\n<table id=\"tablepress-26\" class=\"tablepress tablepress-id-26\">\n<tbody class=\"row-striping row-hover\">\n<tr class=\"row-1\">\n\t<td class=\"column-1\">EAN<\/td><td class=\"column-2\">7898722600287<\/td>\n<\/tr>\n<tr class=\"row-2\">\n\t<td class=\"column-1\">Function<\/td><td class=\"column-2\">NON-ECC<\/td>\n<\/tr>\n<tr class=\"row-3\">\n\t<td class=\"column-1\">Frequency<\/td><td class=\"column-2\">2666<\/td>\n<\/tr>\n<tr class=\"row-4\">\n\t<td class=\"column-1\">For Desktop<\/td><td class=\"column-2\">PC4-21300<\/td>\n<\/tr>\n<tr class=\"row-5\">\n\t<td class=\"column-1\">CAS Latency<\/td><td class=\"column-2\">CL16<\/td>\n<\/tr>\n<tr class=\"row-6\">\n\t<td class=\"column-1\">Form Factor<\/td><td class=\"column-2\">LONG DIMM 288PIN<\/td>\n<\/tr>\n<tr class=\"row-7\">\n\t<td class=\"column-1\">Capacity<\/td><td class=\"column-2\">8GB<\/td>\n<\/tr>\n<tr class=\"row-8\">\n\t<td class=\"column-1\">Chips brand<\/td><td class=\"column-2\">Hynix\/SEC\/Elpida\/Nanya<\/td>\n<\/tr>\n<tr class=\"row-9\">\n\t<td class=\"column-1\">Voltage<\/td><td class=\"column-2\">1.2V<\/td>\n<\/tr>\n<\/tbody>\n<\/table>\n<!-- #tablepress-26 from cache --><\/div>\t\t\t\t<\/div>\n\t\t\t\t<\/div>\n\t\t\t\t\t<\/div>\n\t\t<\/div>\n\t\t\t\t\t<\/div>\n\t\t<\/section>\n\t\t\t\t<\/div>\n\t\t","protected":false},"excerpt":{"rendered":"<p>Mem\u00f3ria para Computador Desktop DDR4 8GB 2666MHz Modelo: KD26N19\/8G Todas as mem\u00f3rias KeepData contam com 100% de testes, garantia vital\u00edcia e chips originais em todos os modelos. Especifica\u00e7\u00f5es T\u00e9cnicas: Editar EAN 7898722600287 Function NON-ECC Frequency 2666 For Desktop PC4-21300 CAS Latency CL16 Form Factor LONG DIMM 288PIN Capacity 8GB Chips brand Hynix\/SEC\/Elpida\/Nanya Voltage 1.2V<\/p>\n","protected":false},"author":1,"featured_media":0,"parent":0,"menu_order":0,"comment_status":"closed","ping_status":"closed","template":"elementor_header_footer","meta":{"footnotes":""},"folder":[],"class_list":["post-1289","page","type-page","status-publish","hentry"],"_links":{"self":[{"href":"https:\/\/keepdata.com\/pt\/wp-json\/wp\/v2\/pages\/1289","targetHints":{"allow":["GET"]}}],"collection":[{"href":"https:\/\/keepdata.com\/pt\/wp-json\/wp\/v2\/pages"}],"about":[{"href":"https:\/\/keepdata.com\/pt\/wp-json\/wp\/v2\/types\/page"}],"author":[{"embeddable":true,"href":"https:\/\/keepdata.com\/pt\/wp-json\/wp\/v2\/users\/1"}],"replies":[{"embeddable":true,"href":"https:\/\/keepdata.com\/pt\/wp-json\/wp\/v2\/comments?post=1289"}],"version-history":[{"count":16,"href":"https:\/\/keepdata.com\/pt\/wp-json\/wp\/v2\/pages\/1289\/revisions"}],"predecessor-version":[{"id":4087,"href":"https:\/\/keepdata.com\/pt\/wp-json\/wp\/v2\/pages\/1289\/revisions\/4087"}],"wp:attachment":[{"href":"https:\/\/keepdata.com\/pt\/wp-json\/wp\/v2\/media?parent=1289"}],"wp:term":[{"taxonomy":"folder","embeddable":true,"href":"https:\/\/keepdata.com\/pt\/wp-json\/wp\/v2\/folder?post=1289"}],"curies":[{"name":"wp","href":"https:\/\/api.w.org\/{rel}","templated":true}]}}