{"id":1524,"date":"2022-09-01T17:07:50","date_gmt":"2022-09-01T20:07:50","guid":{"rendered":"https:\/\/keepdata.com\/demo\/?page_id=1524"},"modified":"2025-08-20T06:14:06","modified_gmt":"2025-08-20T09:14:06","slug":"nb-ddr4-8gb-3200mhz","status":"publish","type":"page","link":"https:\/\/keepdata.com\/pt\/nb-ddr4-8gb-3200mhz\/","title":{"rendered":"NB DDR4 8GB 3200MHz"},"content":{"rendered":"\t\t<div data-elementor-type=\"wp-page\" data-elementor-id=\"1524\" class=\"elementor elementor-1524\" data-elementor-post-type=\"page\">\n\t\t\t\t\t\t<section class=\"elementor-section elementor-top-section elementor-element elementor-element-77f4ec11 elementor-section-boxed elementor-section-height-default elementor-section-height-default\" data-id=\"77f4ec11\" data-element_type=\"section\" data-e-type=\"section\">\n\t\t\t\t\t\t<div class=\"elementor-container elementor-column-gap-default\">\n\t\t\t\t\t<div class=\"elementor-column elementor-col-100 elementor-top-column elementor-element elementor-element-b29a601\" data-id=\"b29a601\" data-element_type=\"column\" data-e-type=\"column\">\n\t\t\t<div class=\"elementor-widget-wrap elementor-element-populated\">\n\t\t\t\t\t\t<div class=\"elementor-element elementor-element-72c872d0 elementor-widget elementor-widget-heading\" data-id=\"72c872d0\" data-element_type=\"widget\" data-e-type=\"widget\" data-widget_type=\"heading.default\">\n\t\t\t\t<div class=\"elementor-widget-container\">\n\t\t\t\t\t<h2 class=\"elementor-heading-title elementor-size-default\">Mem\u00f3ria para Notebook<\/h2>\t\t\t\t<\/div>\n\t\t\t\t<\/div>\n\t\t\t\t<div class=\"elementor-element elementor-element-1611bb96 elementor-widget elementor-widget-heading\" data-id=\"1611bb96\" data-element_type=\"widget\" data-e-type=\"widget\" data-widget_type=\"heading.default\">\n\t\t\t\t<div class=\"elementor-widget-container\">\n\t\t\t\t\t<h2 class=\"elementor-heading-title elementor-size-default\">DDR4 8GB 3200MHz<\/h2>\t\t\t\t<\/div>\n\t\t\t\t<\/div>\n\t\t\t\t<div class=\"elementor-element elementor-element-779eba70 elementor-widget elementor-widget-heading\" data-id=\"779eba70\" data-element_type=\"widget\" data-e-type=\"widget\" data-widget_type=\"heading.default\">\n\t\t\t\t<div class=\"elementor-widget-container\">\n\t\t\t\t\t<h2 class=\"elementor-heading-title elementor-size-default\">Modelo: KD32S22\/8G<\/h2>\t\t\t\t<\/div>\n\t\t\t\t<\/div>\n\t\t\t\t<div class=\"elementor-element elementor-element-42cda8fa elementor-widget elementor-widget-image\" data-id=\"42cda8fa\" data-element_type=\"widget\" data-e-type=\"widget\" data-widget_type=\"image.default\">\n\t\t\t\t<div class=\"elementor-widget-container\">\n\t\t\t\t\t\t\t\t\t\t\t\t\t\t\t<img fetchpriority=\"high\" decoding=\"async\" width=\"864\" height=\"451\" src=\"https:\/\/keepdata.com\/pt\/wp-content\/uploads\/2025\/08\/NB-DDR4-KD32S22-8G.jpg\" class=\"attachment-full size-full wp-image-3942\" alt=\"\" srcset=\"https:\/\/keepdata.com\/pt\/wp-content\/uploads\/2025\/08\/NB-DDR4-KD32S22-8G.jpg 864w, https:\/\/keepdata.com\/pt\/wp-content\/uploads\/2025\/08\/NB-DDR4-KD32S22-8G-300x157.jpg 300w, https:\/\/keepdata.com\/pt\/wp-content\/uploads\/2025\/08\/NB-DDR4-KD32S22-8G-768x401.jpg 768w\" sizes=\"(max-width: 864px) 100vw, 864px\" \/>\t\t\t\t\t\t\t\t\t\t\t\t\t\t\t<\/div>\n\t\t\t\t<\/div>\n\t\t\t\t<div class=\"elementor-element elementor-element-751f462e elementor-widget elementor-widget-text-editor\" data-id=\"751f462e\" data-element_type=\"widget\" data-e-type=\"widget\" data-widget_type=\"text-editor.default\">\n\t\t\t\t<div class=\"elementor-widget-container\">\n\t\t\t\t\t\t\t\t\t<p>Todas as mem\u00f3rias KeepData contam com 100% de testes, garantia vital\u00edcia e chips originais em todos os modelos.<\/p>\t\t\t\t\t\t\t\t<\/div>\n\t\t\t\t<\/div>\n\t\t\t\t<div class=\"elementor-element elementor-element-2542e810 elementor-widget elementor-widget-heading\" data-id=\"2542e810\" data-element_type=\"widget\" data-e-type=\"widget\" data-widget_type=\"heading.default\">\n\t\t\t\t<div class=\"elementor-widget-container\">\n\t\t\t\t\t<h2 class=\"elementor-heading-title elementor-size-default\">Especifica\u00e7\u00f5es T\u00e9cnicas:<\/h2>\t\t\t\t<\/div>\n\t\t\t\t<\/div>\n\t\t\t\t<div class=\"elementor-element elementor-element-2ba9e8df elementor-widget elementor-widget-elementskit-tablepress\" data-id=\"2ba9e8df\" data-element_type=\"widget\" data-e-type=\"widget\" data-widget_type=\"elementskit-tablepress.default\">\n\t\t\t\t<div class=\"elementor-widget-container\">\n\t\t\t\t\t<div class=\"elemenetskit-tablepress ekit-wid-con\" id=\"ekit_tablepress_2ba9e8df\">\n<table id=\"tablepress-41\" class=\"tablepress tablepress-id-41\">\n<tbody class=\"row-striping row-hover\">\n<tr class=\"row-1\">\n\t<td class=\"column-1\">EAN<\/td><td class=\"column-2\">7898722600454<\/td>\n<\/tr>\n<tr class=\"row-2\">\n\t<td class=\"column-1\">Function<\/td><td class=\"column-2\">NON-ECC<\/td>\n<\/tr>\n<tr class=\"row-3\">\n\t<td class=\"column-1\">Frequency<\/td><td class=\"column-2\">3200<\/td>\n<\/tr>\n<tr class=\"row-4\">\n\t<td class=\"column-1\">For Desktop<\/td><td class=\"column-2\">PC4-25600 <\/td>\n<\/tr>\n<tr class=\"row-5\">\n\t<td class=\"column-1\">CAS Latency<\/td><td class=\"column-2\">CL22<\/td>\n<\/tr>\n<tr class=\"row-6\">\n\t<td class=\"column-1\">Form Factor<\/td><td class=\"column-2\">SODIMM 260PIN<\/td>\n<\/tr>\n<tr class=\"row-7\">\n\t<td class=\"column-1\">Capacity<\/td><td class=\"column-2\">8GB<\/td>\n<\/tr>\n<tr class=\"row-8\">\n\t<td class=\"column-1\">Chips brand<\/td><td class=\"column-2\">Hynix\/SEC\/Elpida\/Nanya<\/td>\n<\/tr>\n<tr class=\"row-9\">\n\t<td class=\"column-1\">Voltage<\/td><td class=\"column-2\">1.2V<\/td>\n<\/tr>\n<\/tbody>\n<\/table>\n<!-- #tablepress-41 from cache --><\/div>\t\t\t\t<\/div>\n\t\t\t\t<\/div>\n\t\t\t\t\t<\/div>\n\t\t<\/div>\n\t\t\t\t\t<\/div>\n\t\t<\/section>\n\t\t\t\t<\/div>\n\t\t","protected":false},"excerpt":{"rendered":"<p>Mem\u00f3ria para Notebook DDR4 8GB 3200MHz Modelo: KD32S22\/8G Todas as mem\u00f3rias KeepData contam com 100% de testes, garantia vital\u00edcia e chips originais em todos os modelos. Especifica\u00e7\u00f5es T\u00e9cnicas: Editar EAN 7898722600454 Function NON-ECC Frequency 3200 For Desktop PC4-25600 CAS Latency CL22 Form Factor SODIMM 260PIN Capacity 8GB Chips brand Hynix\/SEC\/Elpida\/Nanya Voltage 1.2V<\/p>\n","protected":false},"author":1,"featured_media":0,"parent":0,"menu_order":0,"comment_status":"closed","ping_status":"closed","template":"elementor_header_footer","meta":{"footnotes":""},"folder":[],"class_list":["post-1524","page","type-page","status-publish","hentry"],"_links":{"self":[{"href":"https:\/\/keepdata.com\/pt\/wp-json\/wp\/v2\/pages\/1524","targetHints":{"allow":["GET"]}}],"collection":[{"href":"https:\/\/keepdata.com\/pt\/wp-json\/wp\/v2\/pages"}],"about":[{"href":"https:\/\/keepdata.com\/pt\/wp-json\/wp\/v2\/types\/page"}],"author":[{"embeddable":true,"href":"https:\/\/keepdata.com\/pt\/wp-json\/wp\/v2\/users\/1"}],"replies":[{"embeddable":true,"href":"https:\/\/keepdata.com\/pt\/wp-json\/wp\/v2\/comments?post=1524"}],"version-history":[{"count":7,"href":"https:\/\/keepdata.com\/pt\/wp-json\/wp\/v2\/pages\/1524\/revisions"}],"predecessor-version":[{"id":3945,"href":"https:\/\/keepdata.com\/pt\/wp-json\/wp\/v2\/pages\/1524\/revisions\/3945"}],"wp:attachment":[{"href":"https:\/\/keepdata.com\/pt\/wp-json\/wp\/v2\/media?parent=1524"}],"wp:term":[{"taxonomy":"folder","embeddable":true,"href":"https:\/\/keepdata.com\/pt\/wp-json\/wp\/v2\/folder?post=1524"}],"curies":[{"name":"wp","href":"https:\/\/api.w.org\/{rel}","templated":true}]}}