{"id":1818,"date":"2022-09-09T10:18:22","date_gmt":"2022-09-09T13:18:22","guid":{"rendered":"https:\/\/keepdata.com\/demo\/?page_id=1818"},"modified":"2022-09-09T10:43:04","modified_gmt":"2022-09-09T13:43:04","slug":"termos-de-uso","status":"publish","type":"page","link":"https:\/\/keepdata.com\/pt\/termos-de-uso\/","title":{"rendered":"Termos de Uso"},"content":{"rendered":"\t\t<div data-elementor-type=\"wp-page\" data-elementor-id=\"1818\" class=\"elementor elementor-1818\" data-elementor-post-type=\"page\">\n\t\t\t\t\t\t<section class=\"elementor-section elementor-top-section elementor-element elementor-element-9e88f18 elementor-section-boxed elementor-section-height-default elementor-section-height-default\" data-id=\"9e88f18\" data-element_type=\"section\" data-e-type=\"section\">\n\t\t\t\t\t\t<div class=\"elementor-container elementor-column-gap-default\">\n\t\t\t\t\t<div class=\"elementor-column elementor-col-100 elementor-top-column elementor-element elementor-element-9355e5b\" data-id=\"9355e5b\" data-element_type=\"column\" data-e-type=\"column\">\n\t\t\t<div class=\"elementor-widget-wrap elementor-element-populated\">\n\t\t\t\t\t\t<div class=\"elementor-element elementor-element-19d7ef8 elementor-widget elementor-widget-text-editor\" data-id=\"19d7ef8\" data-element_type=\"widget\" data-e-type=\"widget\" data-widget_type=\"text-editor.default\">\n\t\t\t\t<div class=\"elementor-widget-container\">\n\t\t\t\t\t\t\t\t\t<h2 style=\"box-sizing: border-box; margin: 0px; line-height: 1.2; font-size: 20px; letter-spacing: -0.05em; color: #576d96; padding-bottom: 20px; font-family: Montserrat, sans-serif; background-color: #ffffff;\"><span style=\"color: #576d96;\">1. Termos<\/span><\/h2><p style=\"box-sizing: border-box; margin-top: 0px; margin-bottom: 1rem; font-size: 16px; font-weight: 400; letter-spacing: normal;\"><span style=\"color: #576d96;\">Ao acessar ao site <a href=\"https:\/\/keepdata.com\/\">KeepData<\/a>, concorda em cumprir estes termos de servi\u00e7o, todas as leis e regulamentos aplic\u00e1veis e concorda que \u00e9 respons\u00e1vel pelo cumprimento de todas as leis locais aplic\u00e1veis. Se voc\u00ea n\u00e3o concordar com algum desses termos, est\u00e1 proibido de usar ou acessar este site. Os materiais contidos neste site s\u00e3o protegidos pelas leis de direitos autorais e marcas comerciais aplic\u00e1veis.<\/span><\/p><h2 style=\"box-sizing: border-box; margin: 0px; line-height: 1.2; font-size: 20px; letter-spacing: -0.05em; color: #576d96; padding-bottom: 20px; font-family: Montserrat, sans-serif; background-color: #ffffff;\"><span style=\"color: #576d96;\">2. Uso de Licen\u00e7a<\/span><\/h2><p style=\"box-sizing: border-box; margin-top: 0px; margin-bottom: 1rem; font-size: 16px; font-weight: 400; letter-spacing: normal;\"><span style=\"color: #576d96;\">\u00c9 concedida permiss\u00e3o para baixar temporariamente uma c\u00f3pia dos materiais (informa\u00e7\u00f5es ou software) no site KeepData , apenas para visualiza\u00e7\u00e3o transit\u00f3ria pessoal e n\u00e3o comercial. Esta \u00e9 a concess\u00e3o de uma licen\u00e7a, n\u00e3o uma transfer\u00eancia de t\u00edtulo e, sob esta licen\u00e7a, voc\u00ea n\u00e3o pode:\u00a0<\/span><\/p><ol style=\"box-sizing: border-box; margin-top: 0px; margin-bottom: 1rem; font-size: 16px; font-weight: 400; letter-spacing: normal;\"><li style=\"box-sizing: border-box;\"><span style=\"color: #576d96;\">modificar ou copiar os materiais;\u00a0<\/span><\/li><li style=\"box-sizing: border-box;\"><span style=\"color: #576d96;\">usar os materiais para qualquer finalidade comercial ou para exibi\u00e7\u00e3o p\u00fablica (comercial ou n\u00e3o comercial);\u00a0<\/span><\/li><li style=\"box-sizing: border-box;\"><span style=\"color: #576d96;\">tentar descompilar ou fazer engenharia reversa de qualquer software contido no site KeepData;\u00a0<\/span><\/li><li style=\"box-sizing: border-box;\"><span style=\"color: #576d96;\">remover quaisquer direitos autorais ou outras nota\u00e7\u00f5es de propriedade dos materiais; ou\u00a0<\/span><\/li><li style=\"box-sizing: border-box;\"><span style=\"color: #576d96;\">transferir os materiais para outra pessoa ou &#8216;espelhe&#8217; os materiais em qualquer outro servidor.<\/span><\/li><\/ol><p style=\"box-sizing: border-box; margin-top: 0px; margin-bottom: 1rem; font-size: 16px; font-weight: 400; letter-spacing: normal;\"><span style=\"color: #576d96;\">Esta licen\u00e7a ser\u00e1 automaticamente rescindida se voc\u00ea violar alguma dessas restri\u00e7\u00f5es e poder\u00e1 ser rescindida por KeepData a qualquer momento. Ao encerrar a visualiza\u00e7\u00e3o desses materiais ou ap\u00f3s o t\u00e9rmino desta licen\u00e7a, voc\u00ea deve apagar todos os materiais baixados em sua posse, seja em formato eletr\u00f4nico ou impresso.<\/span><\/p><h2 style=\"box-sizing: border-box; margin: 0px; line-height: 1.2; font-size: 20px; letter-spacing: -0.05em; color: #576d96; padding-bottom: 20px; font-family: Montserrat, sans-serif; background-color: #ffffff;\"><span style=\"color: #576d96;\">3. Isen\u00e7\u00e3o de responsabilidade<\/span><\/h2><ol style=\"box-sizing: border-box; margin-top: 0px; margin-bottom: 1rem; font-size: 16px; font-weight: 400; letter-spacing: normal;\"><li style=\"box-sizing: border-box;\"><span style=\"color: #576d96;\">Os materiais no site da KeepData s\u00e3o fornecidos &#8216;como est\u00e3o&#8217;. KeepData n\u00e3o oferece garantias, expressas ou impl\u00edcitas, e, por este meio, isenta e nega todas as outras garantias, incluindo, sem limita\u00e7\u00e3o, garantias impl\u00edcitas ou condi\u00e7\u00f5es de comercializa\u00e7\u00e3o, adequa\u00e7\u00e3o a um fim espec\u00edfico ou n\u00e3o viola\u00e7\u00e3o de propriedade intelectual ou outra viola\u00e7\u00e3o de direitos.<\/span><\/li><li style=\"box-sizing: border-box;\"><span style=\"color: #576d96;\">Al\u00e9m disso, a KeepData n\u00e3o garante ou faz qualquer representa\u00e7\u00e3o relativa \u00e0 precis\u00e3o, aos resultados prov\u00e1veis ou \u00e0 confiabilidade do uso dos materiais em seu site ou de outra forma relacionado a esses materiais ou em sites vinculados a este site.<\/span><\/li><\/ol><h2 style=\"box-sizing: border-box; margin: 0px; line-height: 1.2; font-size: 20px; letter-spacing: -0.05em; color: #576d96; padding-bottom: 20px; font-family: Montserrat, sans-serif; background-color: #ffffff;\"><span style=\"color: #576d96;\">4. Limita\u00e7\u00f5es<\/span><\/h2><p style=\"box-sizing: border-box; margin-top: 0px; margin-bottom: 1rem; font-size: 16px; font-weight: 400; letter-spacing: normal;\"><span style=\"color: #576d96;\">Em nenhum caso a KeepData ou seus fornecedores ser\u00e3o respons\u00e1veis por quaisquer danos (incluindo, sem limita\u00e7\u00e3o, danos por perda de dados ou lucro ou devido a interrup\u00e7\u00e3o dos neg\u00f3cios) decorrentes do uso ou da incapacidade de usar os materiais em KeepData, mesmo que KeepData ou um representante autorizado da KeepData tenha sido notificado oralmente ou por escrito da possibilidade de tais danos. Como algumas jurisdi\u00e7\u00f5es n\u00e3o permitem limita\u00e7\u00f5es em garantias impl\u00edcitas, ou limita\u00e7\u00f5es de responsabilidade por danos conseq\u00fcentes ou incidentais, essas limita\u00e7\u00f5es podem n\u00e3o se aplicar a voc\u00ea.<\/span><\/p><h2 style=\"box-sizing: border-box; margin: 0px; line-height: 1.2; font-size: 20px; letter-spacing: -0.05em; color: #576d96; padding-bottom: 20px; font-family: Montserrat, sans-serif; background-color: #ffffff;\"><span style=\"color: #576d96;\">5. Precis\u00e3o dos materiais<\/span><\/h2><p style=\"box-sizing: border-box; margin-top: 0px; margin-bottom: 1rem; font-size: 16px; font-weight: 400; letter-spacing: normal;\"><span style=\"color: #576d96;\">Os materiais exibidos no site da KeepData podem incluir erros t\u00e9cnicos, tipogr\u00e1ficos ou fotogr\u00e1ficos. KeepData n\u00e3o garante que qualquer material em seu site seja preciso, completo ou atual. KeepData pode fazer altera\u00e7\u00f5es nos materiais contidos em seu site a qualquer momento, sem aviso pr\u00e9vio. No entanto, KeepData n\u00e3o se compromete a atualizar os materiais.<\/span><\/p><h2 style=\"box-sizing: border-box; margin: 0px; line-height: 1.2; font-size: 20px; letter-spacing: -0.05em; color: #576d96; padding-bottom: 20px; font-family: Montserrat, sans-serif; background-color: #ffffff;\"><span style=\"color: #576d96;\">6. Links<\/span><\/h2><p style=\"box-sizing: border-box; margin-top: 0px; margin-bottom: 1rem; font-size: 16px; font-weight: 400; letter-spacing: normal;\"><span style=\"color: #576d96;\">A KeepData n\u00e3o analisou todos os sites vinculados ao seu site e n\u00e3o \u00e9 respons\u00e1vel pelo conte\u00fado de nenhum site vinculado. A inclus\u00e3o de qualquer link n\u00e3o implica endosso por KeepData do site. O uso de qualquer site vinculado \u00e9 por conta e risco do usu\u00e1rio.<\/span><\/p><p style=\"box-sizing: border-box; margin-top: 0px; margin-bottom: 1rem; font-size: 16px; font-weight: 400; letter-spacing: normal;\">\u00a0<\/p><h3 style=\"box-sizing: border-box; margin: 0px 0px 20px; line-height: 1.2; font-size: 16px; letter-spacing: -0.05em; color: #576d96; font-family: Montserrat, sans-serif; background-color: #ffffff;\"><span style=\"color: #576d96;\">Modifica\u00e7\u00f5es<\/span><\/h3><p style=\"box-sizing: border-box; margin-top: 0px; margin-bottom: 1rem; font-size: 16px; font-weight: 400; letter-spacing: normal;\"><span style=\"color: #576d96;\">A KeepData pode revisar estes termos de servi\u00e7o do site a qualquer momento, sem aviso pr\u00e9vio. Ao usar este site, voc\u00ea concorda em ficar vinculado \u00e0 vers\u00e3o atual desses termos de servi\u00e7o.<\/span><\/p><h3 style=\"box-sizing: border-box; margin: 0px 0px 20px; line-height: 1.2; font-size: 16px; letter-spacing: -0.05em; color: #576d96; font-family: Montserrat, sans-serif; background-color: #ffffff;\"><span style=\"color: #576d96;\">Lei aplic\u00e1vel<\/span><\/h3><p style=\"box-sizing: border-box; margin-top: 0px; margin-bottom: 1rem; font-size: 16px; font-weight: 400; letter-spacing: normal;\"><span style=\"color: #576d96;\">Estes termos e condi\u00e7\u00f5es s\u00e3o regidos e interpretados de acordo com as leis da KeepData e voc\u00ea se submete irrevogavelmente \u00e0 jurisdi\u00e7\u00e3o exclusiva dos tribunais naquele estado ou localidade.<\/span><\/p>\t\t\t\t\t\t\t\t<\/div>\n\t\t\t\t<\/div>\n\t\t\t\t\t<\/div>\n\t\t<\/div>\n\t\t\t\t\t<\/div>\n\t\t<\/section>\n\t\t\t\t<\/div>\n\t\t","protected":false},"excerpt":{"rendered":"<p>1. Termos Ao acessar ao site KeepData, concorda em cumprir estes termos de servi\u00e7o, todas as leis e regulamentos aplic\u00e1veis e concorda que \u00e9 respons\u00e1vel pelo cumprimento de todas as leis locais aplic\u00e1veis. Se voc\u00ea n\u00e3o concordar com algum desses termos, est\u00e1 proibido de usar ou acessar este site. Os materiais contidos neste site s\u00e3o [&hellip;]<\/p>\n","protected":false},"author":1,"featured_media":0,"parent":0,"menu_order":0,"comment_status":"closed","ping_status":"closed","template":"elementor_header_footer","meta":{"footnotes":""},"folder":[],"class_list":["post-1818","page","type-page","status-publish","hentry"],"_links":{"self":[{"href":"https:\/\/keepdata.com\/pt\/wp-json\/wp\/v2\/pages\/1818","targetHints":{"allow":["GET"]}}],"collection":[{"href":"https:\/\/keepdata.com\/pt\/wp-json\/wp\/v2\/pages"}],"about":[{"href":"https:\/\/keepdata.com\/pt\/wp-json\/wp\/v2\/types\/page"}],"author":[{"embeddable":true,"href":"https:\/\/keepdata.com\/pt\/wp-json\/wp\/v2\/users\/1"}],"replies":[{"embeddable":true,"href":"https:\/\/keepdata.com\/pt\/wp-json\/wp\/v2\/comments?post=1818"}],"version-history":[{"count":7,"href":"https:\/\/keepdata.com\/pt\/wp-json\/wp\/v2\/pages\/1818\/revisions"}],"predecessor-version":[{"id":1837,"href":"https:\/\/keepdata.com\/pt\/wp-json\/wp\/v2\/pages\/1818\/revisions\/1837"}],"wp:attachment":[{"href":"https:\/\/keepdata.com\/pt\/wp-json\/wp\/v2\/media?parent=1818"}],"wp:term":[{"taxonomy":"folder","embeddable":true,"href":"https:\/\/keepdata.com\/pt\/wp-json\/wp\/v2\/folder?post=1818"}],"curies":[{"name":"wp","href":"https:\/\/api.w.org\/{rel}","templated":true}]}}