{"id":1860,"date":"2022-09-09T12:03:08","date_gmt":"2022-09-09T15:03:08","guid":{"rendered":"https:\/\/keepdata.com\/demo\/?page_id=1860"},"modified":"2024-11-26T12:04:00","modified_gmt":"2024-11-26T15:04:00","slug":"contato-revenda","status":"publish","type":"page","link":"https:\/\/keepdata.com\/pt\/contato-revenda\/","title":{"rendered":"Contato Revenda"},"content":{"rendered":"\t\t<div data-elementor-type=\"wp-page\" data-elementor-id=\"1860\" class=\"elementor elementor-1860\" data-elementor-post-type=\"page\">\n\t\t\t\t\t\t<section class=\"elementor-section elementor-top-section elementor-element elementor-element-1e8dd89 elementor-section-boxed elementor-section-height-default elementor-section-height-default\" data-id=\"1e8dd89\" data-element_type=\"section\" data-e-type=\"section\" data-settings=\"{&quot;background_background&quot;:&quot;classic&quot;}\">\n\t\t\t\t\t\t\t<div class=\"elementor-background-overlay\"><\/div>\n\t\t\t\t\t\t\t<div class=\"elementor-container elementor-column-gap-default\">\n\t\t\t\t\t<div class=\"elementor-column elementor-col-100 elementor-top-column elementor-element elementor-element-4f03345\" data-id=\"4f03345\" data-element_type=\"column\" data-e-type=\"column\">\n\t\t\t<div class=\"elementor-widget-wrap elementor-element-populated\">\n\t\t\t\t\t\t<div class=\"elementor-element elementor-element-bad575d elementor-widget elementor-widget-heading\" data-id=\"bad575d\" data-element_type=\"widget\" data-e-type=\"widget\" data-widget_type=\"heading.default\">\n\t\t\t\t<div class=\"elementor-widget-container\">\n\t\t\t\t\t<h1 class=\"elementor-heading-title elementor-size-default\">Revenda e Distribui\u00e7\u00e3o<\/h1>\t\t\t\t<\/div>\n\t\t\t\t<\/div>\n\t\t\t\t\t<\/div>\n\t\t<\/div>\n\t\t\t\t\t<\/div>\n\t\t<\/section>\n\t\t\t\t<section class=\"elementor-section elementor-top-section elementor-element elementor-element-5c30a47 elementor-section-boxed elementor-section-height-default elementor-section-height-default\" data-id=\"5c30a47\" data-element_type=\"section\" data-e-type=\"section\" data-settings=\"{&quot;background_background&quot;:&quot;classic&quot;}\">\n\t\t\t\t\t\t\t<div class=\"elementor-background-overlay\"><\/div>\n\t\t\t\t\t\t\t<div class=\"elementor-container elementor-column-gap-default\">\n\t\t\t\t\t<div class=\"elementor-column elementor-col-100 elementor-top-column elementor-element elementor-element-1cf77b7\" data-id=\"1cf77b7\" data-element_type=\"column\" data-e-type=\"column\">\n\t\t\t<div class=\"elementor-widget-wrap elementor-element-populated\">\n\t\t\t\t\t\t<div class=\"elementor-element elementor-element-1cd7b79 elementor-widget elementor-widget-heading\" data-id=\"1cd7b79\" data-element_type=\"widget\" data-e-type=\"widget\" data-widget_type=\"heading.default\">\n\t\t\t\t<div class=\"elementor-widget-container\">\n\t\t\t\t\t<h2 class=\"elementor-heading-title elementor-size-default\">Para formalizar nosso primeiro contato, gostar\u00edamos de conhecer seu neg\u00f3cio.<\/h2>\t\t\t\t<\/div>\n\t\t\t\t<\/div>\n\t\t\t\t<div class=\"elementor-element elementor-element-4c605be elementor-widget elementor-widget-wpforms\" data-id=\"4c605be\" data-element_type=\"widget\" data-e-type=\"widget\" data-widget_type=\"wpforms.default\">\n\t\t\t\t<div class=\"elementor-widget-container\">\n\t\t\t\t\t\r\n<style type=\"text\/css\">\r\n\r\n\r\n\r\nbody #wpforms-1853 {\r\n\t\t\r\n\t\t\t}\r\n\r\n\t\r\n\r\n\tbody #wpforms-1853 .wpforms-head-container .wpforms-title {\r\n\t\t}\r\n\r\n\r\n\r\n\r\n\r\n\tbody #wpforms-1853 .wpforms-form .wpforms-field input[type=text],\r\n\tbody #wpforms-1853 .wpforms-form .wpforms-field input[type=email],\r\n\tbody #wpforms-1853 .wpforms-form .wpforms-field input[type=tel],\r\n\tbody #wpforms-1853 .wpforms-form .wpforms-field input[type=url],\r\n\tbody #wpforms-1853 .wpforms-form .wpforms-field input[type=password],\r\n\tbody #wpforms-1853 .wpforms-form .wpforms-field input[type=number]\r\n\t{\r\n\t\t\t\tborder-width: 1px;\t}\r\n\r\n\tbody #wpforms-1853 .wpforms-form .wpforms-field .wpforms-field-row\r\n\t{\r\n\t\t\t}\r\n\r\n\tbody #wpforms-1853 .wpforms-form .wpforms-field-layout.wpforms-field input[type=text],\r\n\tbody #wpforms-1853 .wpforms-form .wpforms-field-layout.wpforms-field input[type=email],\r\n\tbody #wpforms-1853 .wpforms-form .wpforms-field-layout.wpforms-field input[type=tel],\r\n\tbody #wpforms-1853 .wpforms-form .wpforms-field-layout.wpforms-field input[type=url],\r\n\tbody #wpforms-1853 .wpforms-form .wpforms-field-layout.wpforms-field input[type=password],\r\n\tbody #wpforms-1853 .wpforms-form .wpforms-field-layout.wpforms-field input[type=number]{\r\n\t\twidth: 100%;\r\n\t}\r\n\r\n\tbody #wpforms-1853 .wpforms-form .wpforms-field .wpforms-field-row input[type=text]{\r\n\t\twidth: 100%;\r\n\t}\r\n\r\n\r\n\r\n\r\n\r\n\r\n\r\n\r\n \r\n\tbody #wpforms-1853 .wpforms-form .wpforms-field label.wpforms-field-label,\r\n\tbody #wpforms-1853 .wpforms-form .wpforms-field .wpforms-field-label {\r\n\t\tcolor:#54595f ;\t}\r\n\r\n\r\n\/* Styling for Tablets *\/\r\n@media only screen and (max-width: 800px) and (min-width:481px) {\r\n\t\r\n\r\n\r\n\r\n}\r\n\r\n@media only screen and (max-width: 480px){\r\n\t\r\n\r\n\r\n\r\n}\r\n\/*Option to add custom CSS *\/\r\n\r\n\r\n\r\n\t\t<\/style>\r\n\t\t<div class=\"wpforms-container wpforms-container-full\" id=\"wpforms-1853\"><form id=\"wpforms-form-1853\" class=\"wpforms-validate wpforms-form wpforms-ajax-form\" data-formid=\"1853\" method=\"post\" enctype=\"multipart\/form-data\" action=\"\/pt\/wp-json\/wp\/v2\/pages\/1860\" data-token=\"ba39199a53c954ad9a24b40810db338b\" data-token-time=\"1776925714\"><noscript class=\"wpforms-error-noscript\">Ative o JavaScript no seu navegador para preencher este formul\u00e1rio.<\/noscript><div class=\"wpforms-field-container\"><div id=\"wpforms-1853-field_0-container\" class=\"wpforms-field wpforms-field-name\" data-field-id=\"0\"><label class=\"wpforms-field-label\" for=\"wpforms-1853-field_0\">Nome da Empresa: <span class=\"wpforms-required-label\">*<\/span><\/label><input type=\"text\" id=\"wpforms-1853-field_0\" class=\"wpforms-field-large wpforms-field-required\" name=\"wpforms[fields][0]\" required><\/div><div id=\"wpforms-1853-field_3-container\" class=\"wpforms-field wpforms-field-name\" data-field-id=\"3\"><label class=\"wpforms-field-label\" for=\"wpforms-1853-field_3\">N\u00famero de Registro Nacional (CNPJ, RUC): <span class=\"wpforms-required-label\">*<\/span><\/label><input type=\"text\" id=\"wpforms-1853-field_3\" class=\"wpforms-field-large wpforms-field-required\" name=\"wpforms[fields][3]\" required><\/div><div id=\"wpforms-1853-field_1-container\" class=\"wpforms-field wpforms-field-email\" data-field-id=\"1\"><label class=\"wpforms-field-label\" for=\"wpforms-1853-field_1\">Email: <span class=\"wpforms-required-label\">*<\/span><\/label><input type=\"email\" id=\"wpforms-1853-field_1\" class=\"wpforms-field-large wpforms-field-required\" name=\"wpforms[fields][1]\" spellcheck=\"false\" required><\/div><div id=\"wpforms-1853-field_6-container\" class=\"wpforms-field wpforms-field-name\" data-field-id=\"6\"><label class=\"wpforms-field-label\" for=\"wpforms-1853-field_6\">Telefone: <span class=\"wpforms-required-label\">*<\/span><\/label><input type=\"text\" id=\"wpforms-1853-field_6\" class=\"wpforms-field-large wpforms-field-required\" name=\"wpforms[fields][6]\" required><\/div><div id=\"wpforms-1853-field_7-container\" class=\"wpforms-field wpforms-field-name\" data-field-id=\"7\"><label class=\"wpforms-field-label\" for=\"wpforms-1853-field_7\">Nome do Respons\u00e1vel: <span class=\"wpforms-required-label\">*<\/span><\/label><input type=\"text\" id=\"wpforms-1853-field_7\" class=\"wpforms-field-large wpforms-field-required\" name=\"wpforms[fields][7]\" required><\/div><div id=\"wpforms-1853-field_2-container\" class=\"wpforms-field wpforms-field-textarea\" data-field-id=\"2\"><label class=\"wpforms-field-label\" for=\"wpforms-1853-field_2\">Mensagem: <span class=\"wpforms-required-label\">*<\/span><\/label><textarea id=\"wpforms-1853-field_2\" class=\"wpforms-field-large wpforms-field-required\" name=\"wpforms[fields][2]\" required><\/textarea><\/div><\/div><!-- .wpforms-field-container --><div class=\"wpforms-submit-container\" ><input type=\"hidden\" name=\"wpforms[id]\" value=\"1853\"><input type=\"hidden\" name=\"page_title\" value=\"\"><input type=\"hidden\" name=\"page_url\" value=\"https:\/\/keepdata.com\/pt\/wp-json\/wp\/v2\/pages\/1860\"><input type=\"hidden\" name=\"url_referer\" value=\"\"><button type=\"submit\" name=\"wpforms[submit]\" id=\"wpforms-submit-1853\" class=\"wpforms-submit\" data-alt-text=\"Sending...\" data-submit-text=\"Submit\" aria-live=\"assertive\" value=\"wpforms-submit\">Submit<\/button><img decoding=\"async\" src=\"https:\/\/keepdata.com\/pt\/wp-content\/plugins\/wpforms-lite\/assets\/images\/submit-spin.svg\" class=\"wpforms-submit-spinner\" style=\"display: none;\" width=\"26\" height=\"26\" alt=\"Carregando\"><\/div><\/form><\/div>  <!-- .wpforms-container -->\t\t\t\t<\/div>\n\t\t\t\t<\/div>\n\t\t\t\t\t<\/div>\n\t\t<\/div>\n\t\t\t\t\t<\/div>\n\t\t<\/section>\n\t\t\t\t<\/div>\n\t\t","protected":false},"excerpt":{"rendered":"<p>Revenda e Distribui\u00e7\u00e3o Para formalizar nosso primeiro contato, gostar\u00edamos de conhecer seu neg\u00f3cio. Ative o JavaScript no seu navegador para preencher este formul\u00e1rio.Nome da Empresa: *N\u00famero de Registro Nacional (CNPJ, RUC): *Email: *Telefone: *Nome do Respons\u00e1vel: *Mensagem: * Submit<\/p>\n","protected":false},"author":1,"featured_media":0,"parent":0,"menu_order":0,"comment_status":"closed","ping_status":"closed","template":"elementor_header_footer","meta":{"footnotes":""},"folder":[],"class_list":["post-1860","page","type-page","status-publish","hentry"],"_links":{"self":[{"href":"https:\/\/keepdata.com\/pt\/wp-json\/wp\/v2\/pages\/1860","targetHints":{"allow":["GET"]}}],"collection":[{"href":"https:\/\/keepdata.com\/pt\/wp-json\/wp\/v2\/pages"}],"about":[{"href":"https:\/\/keepdata.com\/pt\/wp-json\/wp\/v2\/types\/page"}],"author":[{"embeddable":true,"href":"https:\/\/keepdata.com\/pt\/wp-json\/wp\/v2\/users\/1"}],"replies":[{"embeddable":true,"href":"https:\/\/keepdata.com\/pt\/wp-json\/wp\/v2\/comments?post=1860"}],"version-history":[{"count":19,"href":"https:\/\/keepdata.com\/pt\/wp-json\/wp\/v2\/pages\/1860\/revisions"}],"predecessor-version":[{"id":3409,"href":"https:\/\/keepdata.com\/pt\/wp-json\/wp\/v2\/pages\/1860\/revisions\/3409"}],"wp:attachment":[{"href":"https:\/\/keepdata.com\/pt\/wp-json\/wp\/v2\/media?parent=1860"}],"wp:term":[{"taxonomy":"folder","embeddable":true,"href":"https:\/\/keepdata.com\/pt\/wp-json\/wp\/v2\/folder?post=1860"}],"curies":[{"name":"wp","href":"https:\/\/api.w.org\/{rel}","templated":true}]}}