{"id":2597,"date":"2023-02-10T12:55:58","date_gmt":"2023-02-10T15:55:58","guid":{"rendered":"https:\/\/keepdata.com\/pt\/?page_id=2597"},"modified":"2025-08-22T15:29:45","modified_gmt":"2025-08-22T18:29:45","slug":"nb-ddr3-4gb-1600mhz","status":"publish","type":"page","link":"https:\/\/keepdata.com\/pt\/nb-ddr3-4gb-1600mhz\/","title":{"rendered":"NB DDR3 4GB 1600MHz"},"content":{"rendered":"\t\t<div data-elementor-type=\"wp-page\" data-elementor-id=\"2597\" class=\"elementor elementor-2597\" data-elementor-post-type=\"page\">\n\t\t\t\t\t\t<section class=\"elementor-section elementor-top-section elementor-element elementor-element-210f7ddd elementor-section-boxed elementor-section-height-default elementor-section-height-default\" data-id=\"210f7ddd\" data-element_type=\"section\" data-e-type=\"section\">\n\t\t\t\t\t\t<div class=\"elementor-container elementor-column-gap-default\">\n\t\t\t\t\t<div class=\"elementor-column elementor-col-100 elementor-top-column elementor-element elementor-element-7585c738\" data-id=\"7585c738\" data-element_type=\"column\" data-e-type=\"column\">\n\t\t\t<div class=\"elementor-widget-wrap elementor-element-populated\">\n\t\t\t\t\t\t<div class=\"elementor-element elementor-element-3ff8fbe8 elementor-widget elementor-widget-heading\" data-id=\"3ff8fbe8\" data-element_type=\"widget\" data-e-type=\"widget\" data-widget_type=\"heading.default\">\n\t\t\t\t<div class=\"elementor-widget-container\">\n\t\t\t\t\t<h2 class=\"elementor-heading-title elementor-size-default\">Mem\u00f3ria para Notebook<\/h2>\t\t\t\t<\/div>\n\t\t\t\t<\/div>\n\t\t\t\t<div class=\"elementor-element elementor-element-1fdeda3 elementor-widget elementor-widget-heading\" data-id=\"1fdeda3\" data-element_type=\"widget\" data-e-type=\"widget\" data-widget_type=\"heading.default\">\n\t\t\t\t<div class=\"elementor-widget-container\">\n\t\t\t\t\t<h2 class=\"elementor-heading-title elementor-size-default\">DDR3 4GB 1600MHz<\/h2>\t\t\t\t<\/div>\n\t\t\t\t<\/div>\n\t\t\t\t<div class=\"elementor-element elementor-element-730ecbf5 elementor-widget elementor-widget-heading\" data-id=\"730ecbf5\" data-element_type=\"widget\" data-e-type=\"widget\" data-widget_type=\"heading.default\">\n\t\t\t\t<div class=\"elementor-widget-container\">\n\t\t\t\t\t<h2 class=\"elementor-heading-title elementor-size-default\">Modelo: KD16S11\/4G<\/h2>\t\t\t\t<\/div>\n\t\t\t\t<\/div>\n\t\t\t\t<div class=\"elementor-element elementor-element-2f310067 elementor-widget elementor-widget-image\" data-id=\"2f310067\" data-element_type=\"widget\" data-e-type=\"widget\" data-widget_type=\"image.default\">\n\t\t\t\t<div class=\"elementor-widget-container\">\n\t\t\t\t\t\t\t\t\t\t\t\t\t\t\t<img fetchpriority=\"high\" decoding=\"async\" width=\"865\" height=\"452\" src=\"https:\/\/keepdata.com\/pt\/wp-content\/uploads\/2025\/08\/NB-DDR3-KD16S11-4G.jpg\" class=\"attachment-full size-full wp-image-4020\" alt=\"\" srcset=\"https:\/\/keepdata.com\/pt\/wp-content\/uploads\/2025\/08\/NB-DDR3-KD16S11-4G.jpg 865w, https:\/\/keepdata.com\/pt\/wp-content\/uploads\/2025\/08\/NB-DDR3-KD16S11-4G-300x157.jpg 300w, https:\/\/keepdata.com\/pt\/wp-content\/uploads\/2025\/08\/NB-DDR3-KD16S11-4G-768x401.jpg 768w\" sizes=\"(max-width: 865px) 100vw, 865px\" \/>\t\t\t\t\t\t\t\t\t\t\t\t\t\t\t<\/div>\n\t\t\t\t<\/div>\n\t\t\t\t<div class=\"elementor-element elementor-element-268e3b2c elementor-widget elementor-widget-text-editor\" data-id=\"268e3b2c\" data-element_type=\"widget\" data-e-type=\"widget\" data-widget_type=\"text-editor.default\">\n\t\t\t\t<div class=\"elementor-widget-container\">\n\t\t\t\t\t\t\t\t\t<p>Todas as mem\u00f3rias KeepData contam com 100% de testes, garantia vital\u00edcia e chips originais em todos os modelos.<\/p>\t\t\t\t\t\t\t\t<\/div>\n\t\t\t\t<\/div>\n\t\t\t\t<div class=\"elementor-element elementor-element-73eb32fe elementor-widget elementor-widget-heading\" data-id=\"73eb32fe\" data-element_type=\"widget\" data-e-type=\"widget\" data-widget_type=\"heading.default\">\n\t\t\t\t<div class=\"elementor-widget-container\">\n\t\t\t\t\t<h2 class=\"elementor-heading-title elementor-size-default\">Especifica\u00e7\u00f5es T\u00e9cnicas:<\/h2>\t\t\t\t<\/div>\n\t\t\t\t<\/div>\n\t\t\t\t<div class=\"elementor-element elementor-element-7e6d7710 elementor-widget elementor-widget-elementskit-tablepress\" data-id=\"7e6d7710\" data-element_type=\"widget\" data-e-type=\"widget\" data-widget_type=\"elementskit-tablepress.default\">\n\t\t\t\t<div class=\"elementor-widget-container\">\n\t\t\t\t\t<div class=\"elemenetskit-tablepress ekit-wid-con\" id=\"ekit_tablepress_7e6d7710\">\n<table id=\"tablepress-57\" class=\"tablepress tablepress-id-57\">\n<tbody class=\"row-striping row-hover\">\n<tr class=\"row-1\">\n\t<td class=\"column-1\">EAN<\/td><td class=\"column-2\">7898722600591<\/td>\n<\/tr>\n<tr class=\"row-2\">\n\t<td class=\"column-1\">Function<\/td><td class=\"column-2\">NON-ECC<\/td>\n<\/tr>\n<tr class=\"row-3\">\n\t<td class=\"column-1\">Frequency<\/td><td class=\"column-2\">1600<\/td>\n<\/tr>\n<tr class=\"row-4\">\n\t<td class=\"column-1\">For Desktop<\/td><td class=\"column-2\">PC3-12800<\/td>\n<\/tr>\n<tr class=\"row-5\">\n\t<td class=\"column-1\">CAS Latency<\/td><td class=\"column-2\">CL11<\/td>\n<\/tr>\n<tr class=\"row-6\">\n\t<td class=\"column-1\">Form Factor<\/td><td class=\"column-2\">SODIMM 204PIN<\/td>\n<\/tr>\n<tr class=\"row-7\">\n\t<td class=\"column-1\">Capacity<\/td><td class=\"column-2\">4GB<\/td>\n<\/tr>\n<tr class=\"row-8\">\n\t<td class=\"column-1\">Chips brand<\/td><td class=\"column-2\">Hynix\/SEC\/Elpida\/Nanya<\/td>\n<\/tr>\n<tr class=\"row-9\">\n\t<td class=\"column-1\">Voltage<\/td><td class=\"column-2\">1.5V<\/td>\n<\/tr>\n<\/tbody>\n<\/table>\n<!-- #tablepress-57 from cache --><\/div>\t\t\t\t<\/div>\n\t\t\t\t<\/div>\n\t\t\t\t\t<\/div>\n\t\t<\/div>\n\t\t\t\t\t<\/div>\n\t\t<\/section>\n\t\t\t\t<\/div>\n\t\t","protected":false},"excerpt":{"rendered":"<p>Mem\u00f3ria para Notebook DDR3 4GB 1600MHz Modelo: KD16S11\/4G Todas as mem\u00f3rias KeepData contam com 100% de testes, garantia vital\u00edcia e chips originais em todos os modelos. Especifica\u00e7\u00f5es T\u00e9cnicas: Editar EAN 7898722600591 Function NON-ECC Frequency 1600 For Desktop PC3-12800 CAS Latency CL11 Form Factor SODIMM 204PIN Capacity 4GB Chips brand Hynix\/SEC\/Elpida\/Nanya Voltage 1.5V<\/p>\n","protected":false},"author":1,"featured_media":0,"parent":0,"menu_order":0,"comment_status":"closed","ping_status":"closed","template":"elementor_header_footer","meta":{"footnotes":""},"folder":[],"class_list":["post-2597","page","type-page","status-publish","hentry"],"_links":{"self":[{"href":"https:\/\/keepdata.com\/pt\/wp-json\/wp\/v2\/pages\/2597","targetHints":{"allow":["GET"]}}],"collection":[{"href":"https:\/\/keepdata.com\/pt\/wp-json\/wp\/v2\/pages"}],"about":[{"href":"https:\/\/keepdata.com\/pt\/wp-json\/wp\/v2\/types\/page"}],"author":[{"embeddable":true,"href":"https:\/\/keepdata.com\/pt\/wp-json\/wp\/v2\/users\/1"}],"replies":[{"embeddable":true,"href":"https:\/\/keepdata.com\/pt\/wp-json\/wp\/v2\/comments?post=2597"}],"version-history":[{"count":12,"href":"https:\/\/keepdata.com\/pt\/wp-json\/wp\/v2\/pages\/2597\/revisions"}],"predecessor-version":[{"id":4023,"href":"https:\/\/keepdata.com\/pt\/wp-json\/wp\/v2\/pages\/2597\/revisions\/4023"}],"wp:attachment":[{"href":"https:\/\/keepdata.com\/pt\/wp-json\/wp\/v2\/media?parent=2597"}],"wp:term":[{"taxonomy":"folder","embeddable":true,"href":"https:\/\/keepdata.com\/pt\/wp-json\/wp\/v2\/folder?post=2597"}],"curies":[{"name":"wp","href":"https:\/\/api.w.org\/{rel}","templated":true}]}}