{"id":2691,"date":"2023-03-29T10:44:33","date_gmt":"2023-03-29T13:44:33","guid":{"rendered":"https:\/\/keepdata.com\/pt\/?page_id=2691"},"modified":"2025-08-29T16:22:41","modified_gmt":"2025-08-29T19:22:41","slug":"ssd-m-2-nvme-gen4-0-1tb","status":"publish","type":"page","link":"https:\/\/keepdata.com\/pt\/ssd-m-2-nvme-gen4-0-1tb\/","title":{"rendered":"SSD M.2 NVMe Gen4.0 1TB"},"content":{"rendered":"\t\t<div data-elementor-type=\"wp-page\" data-elementor-id=\"2691\" class=\"elementor elementor-2691\" data-elementor-post-type=\"page\">\n\t\t\t\t\t\t<section class=\"elementor-section elementor-top-section elementor-element elementor-element-9268f14 elementor-section-height-min-height elementor-section-boxed elementor-section-height-default elementor-section-items-middle\" data-id=\"9268f14\" data-element_type=\"section\" data-e-type=\"section\" data-settings=\"{&quot;background_background&quot;:&quot;classic&quot;}\">\n\t\t\t\t\t\t<div class=\"elementor-container elementor-column-gap-default\">\n\t\t\t\t\t<div class=\"elementor-column elementor-col-50 elementor-top-column elementor-element elementor-element-776a7377\" data-id=\"776a7377\" data-element_type=\"column\" data-e-type=\"column\">\n\t\t\t<div class=\"elementor-widget-wrap elementor-element-populated\">\n\t\t\t\t\t\t<div class=\"elementor-element elementor-element-da379ca elementor-widget elementor-widget-heading\" data-id=\"da379ca\" data-element_type=\"widget\" data-e-type=\"widget\" data-widget_type=\"heading.default\">\n\t\t\t\t<div class=\"elementor-widget-container\">\n\t\t\t\t\t<h2 class=\"elementor-heading-title elementor-size-default\">SSD M.2 NVMe<p>Gen 4.0 1TB<\/h2>\t\t\t\t<\/div>\n\t\t\t\t<\/div>\n\t\t\t\t<div class=\"elementor-element elementor-element-29f97e77 elementor-widget elementor-widget-heading\" data-id=\"29f97e77\" data-element_type=\"widget\" data-e-type=\"widget\" data-widget_type=\"heading.default\">\n\t\t\t\t<div class=\"elementor-widget-container\">\n\t\t\t\t\t<h2 class=\"elementor-heading-title elementor-size-default\">Modelo: KDNV1T4.0-16GTS<\/h2>\t\t\t\t<\/div>\n\t\t\t\t<\/div>\n\t\t\t\t<div class=\"elementor-element elementor-element-6045083a elementor-widget elementor-widget-text-editor\" data-id=\"6045083a\" data-element_type=\"widget\" data-e-type=\"widget\" data-widget_type=\"text-editor.default\">\n\t\t\t\t<div class=\"elementor-widget-container\">\n\t\t\t\t\t\t\t\t\t<p>Indicado para usu\u00e1rios com padr\u00f5es elevados de exig\u00eancia, especialmente gamers e entusiastas de hardware.<\/p>\t\t\t\t\t\t\t\t<\/div>\n\t\t\t\t<\/div>\n\t\t\t\t\t<\/div>\n\t\t<\/div>\n\t\t\t\t<div class=\"elementor-column elementor-col-50 elementor-top-column elementor-element elementor-element-8d51c8c\" data-id=\"8d51c8c\" data-element_type=\"column\" data-e-type=\"column\">\n\t\t\t<div class=\"elementor-widget-wrap\">\n\t\t\t\t\t\t\t<\/div>\n\t\t<\/div>\n\t\t\t\t\t<\/div>\n\t\t<\/section>\n\t\t\t\t<section class=\"elementor-section elementor-top-section elementor-element elementor-element-12d73260 elementor-section-boxed elementor-section-height-default elementor-section-height-default\" data-id=\"12d73260\" data-element_type=\"section\" data-e-type=\"section\" data-settings=\"{&quot;background_background&quot;:&quot;classic&quot;}\">\n\t\t\t\t\t\t<div class=\"elementor-container elementor-column-gap-default\">\n\t\t\t\t\t<div class=\"elementor-column elementor-col-100 elementor-top-column elementor-element elementor-element-469f0dab\" data-id=\"469f0dab\" data-element_type=\"column\" data-e-type=\"column\">\n\t\t\t<div class=\"elementor-widget-wrap elementor-element-populated\">\n\t\t\t\t\t\t<div class=\"elementor-element elementor-element-1b5f90e elementor-widget elementor-widget-text-editor\" data-id=\"1b5f90e\" data-element_type=\"widget\" data-e-type=\"widget\" data-widget_type=\"text-editor.default\">\n\t\t\t\t<div class=\"elementor-widget-container\">\n\t\t\t\t\t\t\t\t\t<p>Com alta capacidade de armazenamento, este SSD proporciona desempenho superior para quem busca atualiza\u00e7\u00f5es e montagens de PC com alto desempenho.<\/p>\t\t\t\t\t\t\t\t<\/div>\n\t\t\t\t<\/div>\n\t\t\t\t<div class=\"elementor-element elementor-element-7c4412d8 elementor-widget elementor-widget-image\" data-id=\"7c4412d8\" data-element_type=\"widget\" data-e-type=\"widget\" data-widget_type=\"image.default\">\n\t\t\t\t<div class=\"elementor-widget-container\">\n\t\t\t\t\t\t\t\t\t\t\t\t\t\t\t<img fetchpriority=\"high\" decoding=\"async\" width=\"640\" height=\"477\" src=\"https:\/\/keepdata.com\/pt\/wp-content\/uploads\/2025\/08\/KDNV1T4.0-16GTS_03-Small.jpeg\" class=\"attachment-large size-large wp-image-4178\" alt=\"\" srcset=\"https:\/\/keepdata.com\/pt\/wp-content\/uploads\/2025\/08\/KDNV1T4.0-16GTS_03-Small.jpeg 640w, https:\/\/keepdata.com\/pt\/wp-content\/uploads\/2025\/08\/KDNV1T4.0-16GTS_03-Small-300x224.jpeg 300w\" sizes=\"(max-width: 640px) 100vw, 640px\" \/>\t\t\t\t\t\t\t\t\t\t\t\t\t\t\t<\/div>\n\t\t\t\t<\/div>\n\t\t\t\t<div class=\"elementor-element elementor-element-fc39f7e elementor-widget elementor-widget-text-editor\" data-id=\"fc39f7e\" data-element_type=\"widget\" data-e-type=\"widget\" data-widget_type=\"text-editor.default\">\n\t\t\t\t<div class=\"elementor-widget-container\">\n\t\t\t\t\t\t\t\t\t<p>Al\u00e9m disso, o SSD M.2 4.0 KeepData possui gerenciamento t\u00e9rmico eficiente, o que garante melhor estabilidade durante picos de desempenho. Com um perfil baixo de alum\u00ednio, o dissipador de calor fino M.2 \u00e9 otimizado para uso intenso em desktops e laptops de jogos. O dissipador de calor oferece uma camada adicional de dissipa\u00e7\u00e3o t\u00e9rmica para manter o seu computador frio mesmo quando o jogo esquentar.<\/p>\n<p>O&nbsp; SSD M.2 4.0 KeepData combina o desempenho de alto n\u00edvel da linha de mem\u00f3rias para produzir uma equipe excepcional que manter\u00e1 voc\u00ea no topo do seu jogo. Com capacidades que variam de 256GB a 2TB, voc\u00ea ter\u00e1 espa\u00e7o suficiente para armazenar sua biblioteca de jogos e m\u00eddias favoritas.<\/p>\t\t\t\t\t\t\t\t<\/div>\n\t\t\t\t<\/div>\n\t\t\t\t\t<\/div>\n\t\t<\/div>\n\t\t\t\t\t<\/div>\n\t\t<\/section>\n\t\t\t\t<section class=\"elementor-section elementor-top-section elementor-element elementor-element-a6b404a elementor-section-height-min-height elementor-hidden-tablet elementor-hidden-mobile elementor-section-boxed elementor-section-height-default elementor-section-items-middle\" data-id=\"a6b404a\" data-element_type=\"section\" data-e-type=\"section\" data-settings=\"{&quot;background_background&quot;:&quot;classic&quot;}\">\n\t\t\t\t\t\t<div class=\"elementor-container elementor-column-gap-default\">\n\t\t\t\t\t<div class=\"elementor-column elementor-col-50 elementor-top-column elementor-element elementor-element-dd5f09e\" data-id=\"dd5f09e\" data-element_type=\"column\" data-e-type=\"column\">\n\t\t\t<div class=\"elementor-widget-wrap\">\n\t\t\t\t\t\t\t<\/div>\n\t\t<\/div>\n\t\t\t\t<div class=\"elementor-column elementor-col-50 elementor-top-column elementor-element elementor-element-71d5650\" data-id=\"71d5650\" data-element_type=\"column\" data-e-type=\"column\">\n\t\t\t<div class=\"elementor-widget-wrap elementor-element-populated\">\n\t\t\t\t\t\t<div class=\"elementor-element elementor-element-cdc3282 elementor-widget elementor-widget-text-editor\" data-id=\"cdc3282\" data-element_type=\"widget\" data-e-type=\"widget\" data-widget_type=\"text-editor.default\">\n\t\t\t\t<div class=\"elementor-widget-container\">\n\t\t\t\t\t\t\t\t\t<p>O controle Gen 4.0 NVMe mais recente oferece velocidades impressionantes de at\u00e9 5.100\/4.500MB\/s para leitura e grava\u00e7\u00e3o, garantindo uma experi\u00eancia de jogo consistente e excepcional, desde o tempo de carregamento de aplicativos e jogos at\u00e9 o streaming e captura.<\/p>\t\t\t\t\t\t\t\t<\/div>\n\t\t\t\t<\/div>\n\t\t\t\t<div class=\"elementor-element elementor-element-960f6b0 elementor-widget elementor-widget-image\" data-id=\"960f6b0\" data-element_type=\"widget\" data-e-type=\"widget\" data-widget_type=\"image.default\">\n\t\t\t\t<div class=\"elementor-widget-container\">\n\t\t\t\t\t\t\t\t\t\t\t\t\t\t\t<img decoding=\"async\" width=\"300\" height=\"61\" src=\"https:\/\/keepdata.com\/pt\/wp-content\/uploads\/2023\/03\/5100-4500-300x61.png\" class=\"attachment-medium size-medium wp-image-2693\" alt=\"\" srcset=\"https:\/\/keepdata.com\/pt\/wp-content\/uploads\/2023\/03\/5100-4500-300x61.png 300w, https:\/\/keepdata.com\/pt\/wp-content\/uploads\/2023\/03\/5100-4500.png 389w\" sizes=\"(max-width: 300px) 100vw, 300px\" \/>\t\t\t\t\t\t\t\t\t\t\t\t\t\t\t<\/div>\n\t\t\t\t<\/div>\n\t\t\t\t\t<\/div>\n\t\t<\/div>\n\t\t\t\t\t<\/div>\n\t\t<\/section>\n\t\t\t\t<section class=\"elementor-section elementor-top-section elementor-element elementor-element-9616ac0 elementor-section-height-min-height elementor-hidden-desktop elementor-section-boxed elementor-section-height-default elementor-section-items-middle\" data-id=\"9616ac0\" data-element_type=\"section\" data-e-type=\"section\" data-settings=\"{&quot;background_background&quot;:&quot;classic&quot;}\">\n\t\t\t\t\t\t<div class=\"elementor-container elementor-column-gap-default\">\n\t\t\t\t\t<div class=\"elementor-column elementor-col-100 elementor-top-column elementor-element elementor-element-2e405ed\" data-id=\"2e405ed\" data-element_type=\"column\" data-e-type=\"column\">\n\t\t\t<div class=\"elementor-widget-wrap elementor-element-populated\">\n\t\t\t\t\t\t<div class=\"elementor-element elementor-element-86772af elementor-widget elementor-widget-text-editor\" data-id=\"86772af\" data-element_type=\"widget\" data-e-type=\"widget\" data-widget_type=\"text-editor.default\">\n\t\t\t\t<div class=\"elementor-widget-container\">\n\t\t\t\t\t\t\t\t\t<p>O controle Gen 4.0 NVMe mais recente oferece velocidades impressionantes de at\u00e9 5.100\/4.500MB\/s para leitura e grava\u00e7\u00e3o, garantindo uma experi\u00eancia de jogo consistente e excepcional, desde o tempo de carregamento de aplicativos e jogos at\u00e9 o streaming e captura.<\/p>\t\t\t\t\t\t\t\t<\/div>\n\t\t\t\t<\/div>\n\t\t\t\t<div class=\"elementor-element elementor-element-20efd91 elementor-widget elementor-widget-image\" data-id=\"20efd91\" data-element_type=\"widget\" data-e-type=\"widget\" data-widget_type=\"image.default\">\n\t\t\t\t<div class=\"elementor-widget-container\">\n\t\t\t\t\t\t\t\t\t\t\t\t\t\t\t<img decoding=\"async\" width=\"300\" height=\"61\" src=\"https:\/\/keepdata.com\/pt\/wp-content\/uploads\/2023\/03\/5100-4500-300x61.png\" class=\"attachment-medium size-medium wp-image-2693\" alt=\"\" srcset=\"https:\/\/keepdata.com\/pt\/wp-content\/uploads\/2023\/03\/5100-4500-300x61.png 300w, https:\/\/keepdata.com\/pt\/wp-content\/uploads\/2023\/03\/5100-4500.png 389w\" sizes=\"(max-width: 300px) 100vw, 300px\" \/>\t\t\t\t\t\t\t\t\t\t\t\t\t\t\t<\/div>\n\t\t\t\t<\/div>\n\t\t\t\t\t<\/div>\n\t\t<\/div>\n\t\t\t\t\t<\/div>\n\t\t<\/section>\n\t\t\t\t<section class=\"elementor-section elementor-top-section elementor-element elementor-element-3c72ae10 elementor-section-boxed elementor-section-height-default elementor-section-height-default\" data-id=\"3c72ae10\" data-element_type=\"section\" data-e-type=\"section\">\n\t\t\t\t\t\t<div class=\"elementor-container elementor-column-gap-default\">\n\t\t\t\t\t<div class=\"elementor-column elementor-col-100 elementor-top-column elementor-element elementor-element-7fb1a038\" data-id=\"7fb1a038\" data-element_type=\"column\" data-e-type=\"column\">\n\t\t\t<div class=\"elementor-widget-wrap elementor-element-populated\">\n\t\t\t\t\t\t<div class=\"elementor-element elementor-element-76ce2d12 elementor-widget elementor-widget-heading\" data-id=\"76ce2d12\" data-element_type=\"widget\" data-e-type=\"widget\" data-widget_type=\"heading.default\">\n\t\t\t\t<div class=\"elementor-widget-container\">\n\t\t\t\t\t<h2 class=\"elementor-heading-title elementor-size-default\">Especifica\u00e7\u00f5es T\u00e9cnicas:<\/h2>\t\t\t\t<\/div>\n\t\t\t\t<\/div>\n\t\t\t\t<div class=\"elementor-element elementor-element-3047f9ec elementor-widget elementor-widget-elementskit-tablepress\" data-id=\"3047f9ec\" data-element_type=\"widget\" data-e-type=\"widget\" data-widget_type=\"elementskit-tablepress.default\">\n\t\t\t\t<div class=\"elementor-widget-container\">\n\t\t\t\t\t<div class=\"elemenetskit-tablepress ekit-wid-con\" id=\"ekit_tablepress_3047f9ec\">\n<table id=\"tablepress-61\" class=\"tablepress tablepress-id-61\">\n<tbody class=\"row-striping row-hover\">\n<tr class=\"row-1\">\n\t<td class=\"column-1\">EAN<\/td><td class=\"column-2\">7898722600577<\/td><td class=\"column-3\"><\/td>\n<\/tr>\n<tr class=\"row-2\">\n\t<td class=\"column-1\">Overview<\/td><td class=\"column-2\">Meas.<\/td><td class=\"column-3\">M.2 80\u00d722\u00d72.25mm \u00a0\u00b10.05mm<\/td>\n<\/tr>\n<tr class=\"row-3\">\n\t<td class=\"column-1\">General<\/td><td class=\"column-2\">Capacity(GB)<\/td><td class=\"column-3\">1 TB<\/td>\n<\/tr>\n<tr class=\"row-4\">\n\t<td class=\"column-1\"><\/td><td class=\"column-2\">interface<\/td><td class=\"column-3\">M.2<\/td>\n<\/tr>\n<tr class=\"row-5\">\n\t<td class=\"column-1\">Performance<\/td><td class=\"column-2\">Average\u00a0Access\u00a0time<\/td><td class=\"column-3\">0.1ms<\/td>\n<\/tr>\n<tr class=\"row-6\">\n\t<td class=\"column-1\"><\/td><td class=\"column-2\">Sustained\u00a0Read<\/td><td class=\"column-3\">5100 MB\/S<\/td>\n<\/tr>\n<tr class=\"row-7\">\n\t<td class=\"column-1\"><\/td><td class=\"column-2\">Sustained\u00a0Write<\/td><td class=\"column-3\">4500 MB\/S<\/td>\n<\/tr>\n<tr class=\"row-8\">\n\t<td class=\"column-1\"><\/td><td class=\"column-2\">4KB Random Read IOPS<\/td><td class=\"column-3\">430000<\/td>\n<\/tr>\n<tr class=\"row-9\">\n\t<td class=\"column-1\"><\/td><td class=\"column-2\">4KB Random Write IOPS<\/td><td class=\"column-3\">590000<\/td>\n<\/tr>\n<tr class=\"row-10\">\n\t<td class=\"column-1\">Storage\u00a0Media<\/td><td class=\"column-2\">NAND\u00a0Flash<\/td><td class=\"column-3\">TLC<\/td>\n<\/tr>\n<tr class=\"row-11\">\n\t<td class=\"column-1\">Power\u00a0Consumption<\/td><td class=\"column-2\">input\u00a0Voltage<\/td><td class=\"column-3\">5V\u00b15%<\/td>\n<\/tr>\n<tr class=\"row-12\">\n\t<td class=\"column-1\"><\/td><td class=\"column-2\">Idle<\/td><td class=\"column-3\">0.4W<\/td>\n<\/tr>\n<tr class=\"row-13\">\n\t<td class=\"column-1\"><\/td><td class=\"column-2\">Active<\/td><td class=\"column-3\">4.0W<\/td>\n<\/tr>\n<tr class=\"row-14\">\n\t<td class=\"column-1\">Reliability\u00a0&amp;\u00a0Endurance<\/td><td class=\"column-2\">Write\u00a0endurance<\/td><td class=\"column-3\">8years@100GBytes\u00a0write\u00a0and\u00a0erase\u00a0per\u00a0day\u00a0at\u00a032GB<\/td>\n<\/tr>\n<tr class=\"row-15\">\n\t<td class=\"column-1\"><\/td><td class=\"column-2\">Read\u00a0endurance<\/td><td class=\"column-3\">unlimited<\/td>\n<\/tr>\n<tr class=\"row-16\">\n\t<td class=\"column-1\"><\/td><td class=\"column-2\">Wear-Leveling\u00a0Algorithm<\/td><td class=\"column-3\">Dynamic\u00a0and\u00a0static\u00a0wear-leveling<\/td>\n<\/tr>\n<tr class=\"row-17\">\n\t<td class=\"column-1\"><\/td><td class=\"column-2\">Data\u00a0Retention<\/td><td class=\"column-3\">10years\u00a0at\u00a025\u00b0C<\/td>\n<\/tr>\n<tr class=\"row-18\">\n\t<td class=\"column-1\"><\/td><td class=\"column-2\">MTBF<\/td><td class=\"column-3\">>1,000,000hours<\/td>\n<\/tr>\n<tr class=\"row-19\">\n\t<td class=\"column-1\"><\/td><td class=\"column-2\">ECC<\/td><td class=\"column-3\">Supports\u00a0BCH\u00a0ECC\u00a08bits\u00a0or\u00a015bits\u00a0in\u00a0512\u00a0bytes<\/td>\n<\/tr>\n<tr class=\"row-20\">\n\t<td class=\"column-1\"><\/td><td class=\"column-2\">Bad\u00a0block\u00a0Management<\/td><td class=\"column-3\">Auto\u00a0bad\u00a0black\u00a0management\u00a0in\u00a0system<\/td>\n<\/tr>\n<tr class=\"row-21\">\n\t<td class=\"column-1\">Environment<\/td><td class=\"column-2\">Operating\u00a0Temperature<\/td><td class=\"column-3\">0~70\u00b0C<\/td>\n<\/tr>\n<tr class=\"row-22\">\n\t<td class=\"column-1\"><\/td><td class=\"column-2\">Non-operating\u00a0Temperature<\/td><td class=\"column-3\">-40~85\u00b0C<\/td>\n<\/tr>\n<tr class=\"row-23\">\n\t<td class=\"column-1\"><\/td><td class=\"column-2\">Shock<\/td><td class=\"column-3\">2,000G(@0.3ms\u00a0half\u00a0sine\u00a0wave)<\/td>\n<\/tr>\n<tr class=\"row-24\">\n\t<td class=\"column-1\"><\/td><td class=\"column-2\">Vibration<\/td><td class=\"column-3\">20G(40-2000HZ)<\/td>\n<\/tr>\n<tr class=\"row-25\">\n\t<td class=\"column-1\"><\/td><td class=\"column-2\">Humidity<\/td><td class=\"column-3\">5-95%<\/td>\n<\/tr>\n<tr class=\"row-26\">\n\t<td class=\"column-1\">Warranty<\/td><td class=\"column-2\">Limited 2 years warranty with free technical support <\/td><td class=\"column-3\"><\/td>\n<\/tr>\n<tr class=\"row-27\">\n\t<td class=\"column-1\">Available\u00a0unit<\/td><td class=\"column-2\"><\/td><td class=\"column-3\">Available,NO\u00a0EOL<\/td>\n<\/tr>\n<tr class=\"row-28\">\n\t<td class=\"column-1\">Testing software<\/td><td class=\"column-2\">Crystal Disk Mark 8.0.1<\/td><td class=\"column-3\"><\/td>\n<\/tr>\n<tr class=\"row-29\">\n\t<td class=\"column-1\"><\/td><td class=\"column-2\">AS SSD Benchmark<\/td><td class=\"column-3\"><\/td>\n<\/tr>\n<tr class=\"row-30\">\n\t<td class=\"column-1\"><\/td><td class=\"column-2\">ATTO Disk Benchmarks V2.47_CN\u00a0IOmeter 2008<\/td><td class=\"column-3\"><\/td>\n<\/tr>\n<tr class=\"row-31\">\n\t<td class=\"column-1\"><\/td><td class=\"column-2\">HD Tune Pro5.00<\/td><td class=\"column-3\"><\/td>\n<\/tr>\n<\/tbody>\n<\/table>\n<!-- #tablepress-61 from cache --><\/div>\t\t\t\t<\/div>\n\t\t\t\t<\/div>\n\t\t\t\t\t<\/div>\n\t\t<\/div>\n\t\t\t\t\t<\/div>\n\t\t<\/section>\n\t\t\t\t<\/div>\n\t\t","protected":false},"excerpt":{"rendered":"<p>SSD M.2 NVMe Gen 4.0 1TB Modelo: KDNV1T4.0-16GTS Indicado para usu\u00e1rios com padr\u00f5es elevados de exig\u00eancia, especialmente gamers e entusiastas de hardware. Com alta capacidade de armazenamento, este SSD proporciona desempenho superior para quem busca atualiza\u00e7\u00f5es e montagens de PC com alto desempenho. Al\u00e9m disso, o SSD M.2 4.0 KeepData possui gerenciamento t\u00e9rmico eficiente, o [&hellip;]<\/p>\n","protected":false},"author":1,"featured_media":0,"parent":0,"menu_order":0,"comment_status":"closed","ping_status":"closed","template":"elementor_header_footer","meta":{"footnotes":""},"folder":[],"class_list":["post-2691","page","type-page","status-publish","hentry"],"_links":{"self":[{"href":"https:\/\/keepdata.com\/pt\/wp-json\/wp\/v2\/pages\/2691","targetHints":{"allow":["GET"]}}],"collection":[{"href":"https:\/\/keepdata.com\/pt\/wp-json\/wp\/v2\/pages"}],"about":[{"href":"https:\/\/keepdata.com\/pt\/wp-json\/wp\/v2\/types\/page"}],"author":[{"embeddable":true,"href":"https:\/\/keepdata.com\/pt\/wp-json\/wp\/v2\/users\/1"}],"replies":[{"embeddable":true,"href":"https:\/\/keepdata.com\/pt\/wp-json\/wp\/v2\/comments?post=2691"}],"version-history":[{"count":19,"href":"https:\/\/keepdata.com\/pt\/wp-json\/wp\/v2\/pages\/2691\/revisions"}],"predecessor-version":[{"id":4184,"href":"https:\/\/keepdata.com\/pt\/wp-json\/wp\/v2\/pages\/2691\/revisions\/4184"}],"wp:attachment":[{"href":"https:\/\/keepdata.com\/pt\/wp-json\/wp\/v2\/media?parent=2691"}],"wp:term":[{"taxonomy":"folder","embeddable":true,"href":"https:\/\/keepdata.com\/pt\/wp-json\/wp\/v2\/folder?post=2691"}],"curies":[{"name":"wp","href":"https:\/\/api.w.org\/{rel}","templated":true}]}}