{"id":2711,"date":"2023-03-29T11:14:10","date_gmt":"2023-03-29T14:14:10","guid":{"rendered":"https:\/\/keepdata.com\/pt\/?page_id=2711"},"modified":"2025-08-29T16:12:58","modified_gmt":"2025-08-29T19:12:58","slug":"ssd-m-2-nvme-gen-4-0","status":"publish","type":"page","link":"https:\/\/keepdata.com\/pt\/produtos\/ssd-m-2-nvme-gen-4-0\/","title":{"rendered":"SSD M.2 NVMe Gen 4.0"},"content":{"rendered":"\t\t<div data-elementor-type=\"wp-page\" data-elementor-id=\"2711\" class=\"elementor elementor-2711\" data-elementor-post-type=\"page\">\n\t\t\t\t\t\t<section class=\"elementor-section elementor-top-section elementor-element elementor-element-c8b2c3b elementor-section-height-min-height elementor-section-boxed elementor-section-height-default elementor-section-items-middle\" data-id=\"c8b2c3b\" data-element_type=\"section\" data-e-type=\"section\" data-settings=\"{&quot;background_background&quot;:&quot;classic&quot;}\">\n\t\t\t\t\t\t<div class=\"elementor-container elementor-column-gap-default\">\n\t\t\t\t\t<div class=\"elementor-column elementor-col-50 elementor-top-column elementor-element elementor-element-5c37203\" data-id=\"5c37203\" data-element_type=\"column\" data-e-type=\"column\">\n\t\t\t<div class=\"elementor-widget-wrap elementor-element-populated\">\n\t\t\t\t\t\t<div class=\"elementor-element elementor-element-628c505 elementor-widget elementor-widget-heading\" data-id=\"628c505\" data-element_type=\"widget\" data-e-type=\"widget\" data-widget_type=\"heading.default\">\n\t\t\t\t<div class=\"elementor-widget-container\">\n\t\t\t\t\t<h2 class=\"elementor-heading-title elementor-size-default\">SSD M.2 NVMe<\/h2>\t\t\t\t<\/div>\n\t\t\t\t<\/div>\n\t\t\t\t<div class=\"elementor-element elementor-element-1e47d64 elementor-widget elementor-widget-heading\" data-id=\"1e47d64\" data-element_type=\"widget\" data-e-type=\"widget\" data-widget_type=\"heading.default\">\n\t\t\t\t<div class=\"elementor-widget-container\">\n\t\t\t\t\t<h2 class=\"elementor-heading-title elementor-size-default\">Gen 4.0<\/h2>\t\t\t\t<\/div>\n\t\t\t\t<\/div>\n\t\t\t\t<div class=\"elementor-element elementor-element-da73514 elementor-widget elementor-widget-text-editor\" data-id=\"da73514\" data-element_type=\"widget\" data-e-type=\"widget\" data-widget_type=\"text-editor.default\">\n\t\t\t\t<div class=\"elementor-widget-container\">\n\t\t\t\t\t\t\t\t\t<p>Indicado para usu\u00e1rios com padr\u00f5es elevados de exig\u00eancia, especialmente gamers e entusiastas de hardware.<\/p>\t\t\t\t\t\t\t\t<\/div>\n\t\t\t\t<\/div>\n\t\t\t\t\t<\/div>\n\t\t<\/div>\n\t\t\t\t<div class=\"elementor-column elementor-col-50 elementor-top-column elementor-element elementor-element-997f5ef\" data-id=\"997f5ef\" data-element_type=\"column\" data-e-type=\"column\">\n\t\t\t<div class=\"elementor-widget-wrap\">\n\t\t\t\t\t\t\t<\/div>\n\t\t<\/div>\n\t\t\t\t\t<\/div>\n\t\t<\/section>\n\t\t\t\t<section class=\"elementor-section elementor-top-section elementor-element elementor-element-1c083cf elementor-section-height-min-height elementor-section-content-middle elementor-hidden-mobile elementor-section-boxed elementor-section-height-default elementor-section-items-middle\" data-id=\"1c083cf\" data-element_type=\"section\" data-e-type=\"section\" data-settings=\"{&quot;background_background&quot;:&quot;classic&quot;}\">\n\t\t\t\t\t\t<div class=\"elementor-container elementor-column-gap-default\">\n\t\t\t\t\t<div class=\"elementor-column elementor-col-50 elementor-top-column elementor-element elementor-element-87dd556\" data-id=\"87dd556\" data-element_type=\"column\" data-e-type=\"column\">\n\t\t\t<div class=\"elementor-widget-wrap\">\n\t\t\t\t\t\t\t<\/div>\n\t\t<\/div>\n\t\t\t\t<div class=\"elementor-column elementor-col-50 elementor-top-column elementor-element elementor-element-8f9fae6\" data-id=\"8f9fae6\" data-element_type=\"column\" data-e-type=\"column\">\n\t\t\t<div class=\"elementor-widget-wrap elementor-element-populated\">\n\t\t\t\t\t\t<div class=\"elementor-element elementor-element-f34eda3 elementor-widget__width-initial elementor-widget-tablet__width-initial elementor-widget elementor-widget-text-editor\" data-id=\"f34eda3\" data-element_type=\"widget\" data-e-type=\"widget\" data-widget_type=\"text-editor.default\">\n\t\t\t\t<div class=\"elementor-widget-container\">\n\t\t\t\t\t\t\t\t\t<p>O controle Gen 4.0 NVMe mais recente oferece velocidades impressionantes de at\u00e9 5.100\/4.500MB\/s para leitura e grava\u00e7\u00e3o, garantindo uma experi\u00eancia de jogo consistente e excepcional, desde o tempo de carregamento de aplicativos e jogos at\u00e9 o streaming e captura.<\/p>\t\t\t\t\t\t\t\t<\/div>\n\t\t\t\t<\/div>\n\t\t\t\t<div class=\"elementor-element elementor-element-c3f3b17 elementor-widget__width-initial elementor-widget-tablet__width-initial elementor-widget elementor-widget-image\" data-id=\"c3f3b17\" data-element_type=\"widget\" data-e-type=\"widget\" data-widget_type=\"image.default\">\n\t\t\t\t<div class=\"elementor-widget-container\">\n\t\t\t\t\t\t\t\t\t\t\t\t\t\t\t<img decoding=\"async\" width=\"300\" height=\"61\" src=\"https:\/\/keepdata.com\/pt\/wp-content\/uploads\/2023\/03\/5100-4500-300x61.png\" class=\"attachment-medium size-medium wp-image-2693\" alt=\"\" srcset=\"https:\/\/keepdata.com\/pt\/wp-content\/uploads\/2023\/03\/5100-4500-300x61.png 300w, https:\/\/keepdata.com\/pt\/wp-content\/uploads\/2023\/03\/5100-4500.png 389w\" sizes=\"(max-width: 300px) 100vw, 300px\" \/>\t\t\t\t\t\t\t\t\t\t\t\t\t\t\t<\/div>\n\t\t\t\t<\/div>\n\t\t\t\t\t<\/div>\n\t\t<\/div>\n\t\t\t\t\t<\/div>\n\t\t<\/section>\n\t\t\t\t<section class=\"elementor-section elementor-top-section elementor-element elementor-element-8c4f183 elementor-section-height-min-height elementor-section-items-top elementor-section-content-middle elementor-hidden-desktop elementor-hidden-tablet elementor-section-boxed elementor-section-height-default\" data-id=\"8c4f183\" data-element_type=\"section\" data-e-type=\"section\" data-settings=\"{&quot;background_background&quot;:&quot;classic&quot;}\">\n\t\t\t\t\t\t<div class=\"elementor-container elementor-column-gap-default\">\n\t\t\t\t\t<div class=\"elementor-column elementor-col-100 elementor-top-column elementor-element elementor-element-d65f444\" data-id=\"d65f444\" data-element_type=\"column\" data-e-type=\"column\">\n\t\t\t<div class=\"elementor-widget-wrap elementor-element-populated\">\n\t\t\t\t\t\t<div class=\"elementor-element elementor-element-26eeb77 elementor-widget-tablet__width-initial elementor-widget elementor-widget-text-editor\" data-id=\"26eeb77\" data-element_type=\"widget\" data-e-type=\"widget\" data-widget_type=\"text-editor.default\">\n\t\t\t\t<div class=\"elementor-widget-container\">\n\t\t\t\t\t\t\t\t\t<p>O controle Gen 4.0 NVMe mais recente oferece velocidades impressionantes de at\u00e9 5.100\/4.500MB\/s para leitura e grava\u00e7\u00e3o, garantindo uma experi\u00eancia de jogo consistente e excepcional, desde o tempo de carregamento de aplicativos e jogos at\u00e9 o streaming e captura.<\/p>\t\t\t\t\t\t\t\t<\/div>\n\t\t\t\t<\/div>\n\t\t\t\t<div class=\"elementor-element elementor-element-3de64d9 elementor-widget elementor-widget-image\" data-id=\"3de64d9\" data-element_type=\"widget\" data-e-type=\"widget\" data-widget_type=\"image.default\">\n\t\t\t\t<div class=\"elementor-widget-container\">\n\t\t\t\t\t\t\t\t\t\t\t\t\t\t\t<img decoding=\"async\" width=\"300\" height=\"61\" src=\"https:\/\/keepdata.com\/pt\/wp-content\/uploads\/2023\/03\/5100-4500-300x61.png\" class=\"attachment-medium size-medium wp-image-2693\" alt=\"\" srcset=\"https:\/\/keepdata.com\/pt\/wp-content\/uploads\/2023\/03\/5100-4500-300x61.png 300w, https:\/\/keepdata.com\/pt\/wp-content\/uploads\/2023\/03\/5100-4500.png 389w\" sizes=\"(max-width: 300px) 100vw, 300px\" \/>\t\t\t\t\t\t\t\t\t\t\t\t\t\t\t<\/div>\n\t\t\t\t<\/div>\n\t\t\t\t\t<\/div>\n\t\t<\/div>\n\t\t\t\t\t<\/div>\n\t\t<\/section>\n\t\t\t\t<section class=\"elementor-section elementor-top-section elementor-element elementor-element-ff55142 elementor-section-boxed elementor-section-height-default elementor-section-height-default\" data-id=\"ff55142\" data-element_type=\"section\" data-e-type=\"section\">\n\t\t\t\t\t\t<div class=\"elementor-container elementor-column-gap-default\">\n\t\t\t\t\t<div class=\"elementor-column elementor-col-100 elementor-top-column elementor-element elementor-element-6a6a21a5\" data-id=\"6a6a21a5\" data-element_type=\"column\" data-e-type=\"column\">\n\t\t\t<div class=\"elementor-widget-wrap elementor-element-populated\">\n\t\t\t\t\t\t<section class=\"elementor-section elementor-inner-section elementor-element elementor-element-ceef183 elementor-section-full_width elementor-section-height-default elementor-section-height-default\" data-id=\"ceef183\" data-element_type=\"section\" data-e-type=\"section\">\n\t\t\t\t\t\t<div class=\"elementor-container elementor-column-gap-default\">\n\t\t\t\t\t<div class=\"elementor-column elementor-col-50 elementor-inner-column elementor-element elementor-element-2815a7c\" data-id=\"2815a7c\" data-element_type=\"column\" data-e-type=\"column\">\n\t\t\t<div class=\"elementor-widget-wrap elementor-element-populated\">\n\t\t\t\t\t\t<div class=\"elementor-element elementor-element-469a534 ekit-equal-height-disable elementor-widget elementor-widget-elementskit-image-box\" data-id=\"469a534\" data-element_type=\"widget\" data-e-type=\"widget\" data-widget_type=\"elementskit-image-box.default\">\n\t\t\t\t<div class=\"elementor-widget-container\">\n\t\t\t\t\t<div class=\"ekit-wid-con\" >\n            <div class=\"elementskit-info-image-box ekit-image-box text-center hover_from_center hover-border-bottom\" >\n\n                <a href=\"https:\/\/keepdata.com\/pt\/ssd-m-2-nvme-gen4-0-2tb\/\">\n                <div class=\"elementskit-box-header image-box-img-center\">\n\n                    <img fetchpriority=\"high\" decoding=\"async\" width=\"640\" height=\"435\" src=\"https:\/\/keepdata.com\/pt\/wp-content\/uploads\/2025\/08\/KDNV2T4.0-16GTS_01-Small.jpeg\" class=\"attachment-medium_large size-medium_large wp-image-4163\" alt=\"\" srcset=\"https:\/\/keepdata.com\/pt\/wp-content\/uploads\/2025\/08\/KDNV2T4.0-16GTS_01-Small.jpeg 640w, https:\/\/keepdata.com\/pt\/wp-content\/uploads\/2025\/08\/KDNV2T4.0-16GTS_01-Small-300x204.jpeg 300w\" sizes=\"(max-width: 640px) 100vw, 640px\" \/>\n                <\/div>\n                <\/a>\n                <div class=\"elementskit-box-body ekit-image-box-body\">\n                    <div class=\"elementskit-box-content ekit-image-box-body-inner\">\n                                                <h1 class=\"elementskit-info-box-title\">\n\n                        SSD M.2 NVMe Gen 4.0 2TB\n                        \n                    <\/h1>\n                                                            <div class=\"elementskit-box-style-content\">\n                        M.2 2280 PCIe com Dissipador de Calor  <\/p> Modelo: KDNV2T4.0-16GTS<p>                    <\/div>\n                                    <\/div>\n\n                            <\/div>\n            <\/div>\n    <\/div>\t\t\t\t<\/div>\n\t\t\t\t<\/div>\n\t\t\t\t\t<\/div>\n\t\t<\/div>\n\t\t\t\t<div class=\"elementor-column elementor-col-50 elementor-inner-column elementor-element elementor-element-ca64bad\" data-id=\"ca64bad\" data-element_type=\"column\" data-e-type=\"column\">\n\t\t\t<div class=\"elementor-widget-wrap elementor-element-populated\">\n\t\t\t\t\t\t<div class=\"elementor-element elementor-element-52945cc ekit-equal-height-disable elementor-widget elementor-widget-elementskit-image-box\" data-id=\"52945cc\" data-element_type=\"widget\" data-e-type=\"widget\" data-widget_type=\"elementskit-image-box.default\">\n\t\t\t\t<div class=\"elementor-widget-container\">\n\t\t\t\t\t<div class=\"ekit-wid-con\" >\n            <div class=\"elementskit-info-image-box ekit-image-box text-center hover_from_center hover-border-bottom\" >\n\n                <a href=\"https:\/\/keepdata.com\/pt\/ssd-m-2-nvme-gen4-0-1tb\/\">\n                <div class=\"elementskit-box-header image-box-img-center\">\n\n                    <img decoding=\"async\" width=\"640\" height=\"435\" src=\"https:\/\/keepdata.com\/pt\/wp-content\/uploads\/2025\/08\/KDNV1T4.0-16GTS_01-Small.jpeg\" class=\"attachment-medium_large size-medium_large wp-image-4164\" alt=\"\" srcset=\"https:\/\/keepdata.com\/pt\/wp-content\/uploads\/2025\/08\/KDNV1T4.0-16GTS_01-Small.jpeg 640w, https:\/\/keepdata.com\/pt\/wp-content\/uploads\/2025\/08\/KDNV1T4.0-16GTS_01-Small-300x204.jpeg 300w\" sizes=\"(max-width: 640px) 100vw, 640px\" \/>\n                <\/div>\n                <\/a>\n                <div class=\"elementskit-box-body ekit-image-box-body\">\n                    <div class=\"elementskit-box-content ekit-image-box-body-inner\">\n                                                <h1 class=\"elementskit-info-box-title\">\n\n                        SSD M.2 NVMe Gen 4.0 1TB\n                        \n                    <\/h1>\n                                                            <div class=\"elementskit-box-style-content\">\n                        M.2 2280 PCIe com Dissipador de Calor<\/p> Modelo: KDNV1T4.0-16GTS<p>                    <\/div>\n                                    <\/div>\n\n                            <\/div>\n            <\/div>\n    <\/div>\t\t\t\t<\/div>\n\t\t\t\t<\/div>\n\t\t\t\t\t<\/div>\n\t\t<\/div>\n\t\t\t\t\t<\/div>\n\t\t<\/section>\n\t\t\t\t<section class=\"elementor-section elementor-inner-section elementor-element elementor-element-3fa32ef elementor-section-full_width elementor-section-height-default elementor-section-height-default\" data-id=\"3fa32ef\" data-element_type=\"section\" data-e-type=\"section\">\n\t\t\t\t\t\t<div class=\"elementor-container elementor-column-gap-default\">\n\t\t\t\t\t<div class=\"elementor-column elementor-col-50 elementor-inner-column elementor-element elementor-element-3268d188\" data-id=\"3268d188\" data-element_type=\"column\" data-e-type=\"column\">\n\t\t\t<div class=\"elementor-widget-wrap elementor-element-populated\">\n\t\t\t\t\t\t<div class=\"elementor-element elementor-element-78e5fe1a ekit-equal-height-disable elementor-widget elementor-widget-elementskit-image-box\" data-id=\"78e5fe1a\" data-element_type=\"widget\" data-e-type=\"widget\" data-widget_type=\"elementskit-image-box.default\">\n\t\t\t\t<div class=\"elementor-widget-container\">\n\t\t\t\t\t<div class=\"ekit-wid-con\" >\n            <div class=\"elementskit-info-image-box ekit-image-box text-center hover_from_center hover-border-bottom\" >\n\n                <a href=\"https:\/\/keepdata.com\/pt\/ssd-m-2-nvme-gen4-0-512gb\/\">\n                <div class=\"elementskit-box-header image-box-img-center\">\n\n                    <img loading=\"lazy\" decoding=\"async\" width=\"640\" height=\"435\" src=\"https:\/\/keepdata.com\/pt\/wp-content\/uploads\/2025\/08\/KDNV512G4.0-16GTS_01-Small.jpeg\" class=\"attachment-medium_large size-medium_large wp-image-4165\" alt=\"\" srcset=\"https:\/\/keepdata.com\/pt\/wp-content\/uploads\/2025\/08\/KDNV512G4.0-16GTS_01-Small.jpeg 640w, https:\/\/keepdata.com\/pt\/wp-content\/uploads\/2025\/08\/KDNV512G4.0-16GTS_01-Small-300x204.jpeg 300w\" sizes=\"(max-width: 640px) 100vw, 640px\" \/>\n                <\/div>\n                <\/a>\n                <div class=\"elementskit-box-body ekit-image-box-body\">\n                    <div class=\"elementskit-box-content ekit-image-box-body-inner\">\n                                                <h3 class=\"elementskit-info-box-title\">\n\n                        SSD M.2 NVMe Gen 4.0 512GB\n                        \n                    <\/h3>\n                                                            <div class=\"elementskit-box-style-content\">\n                        M.2 2280 PCIe com Dissipador de Calor<\/p> Modelo: KDNV512G4.0-16GTS<p>                    <\/div>\n                                    <\/div>\n\n                            <\/div>\n            <\/div>\n    <\/div>\t\t\t\t<\/div>\n\t\t\t\t<\/div>\n\t\t\t\t\t<\/div>\n\t\t<\/div>\n\t\t\t\t<div class=\"elementor-column elementor-col-50 elementor-inner-column elementor-element elementor-element-2a6c57d\" data-id=\"2a6c57d\" data-element_type=\"column\" data-e-type=\"column\">\n\t\t\t<div class=\"elementor-widget-wrap elementor-element-populated\">\n\t\t\t\t\t\t<div class=\"elementor-element elementor-element-889fe8d ekit-equal-height-disable elementor-widget elementor-widget-elementskit-image-box\" data-id=\"889fe8d\" data-element_type=\"widget\" data-e-type=\"widget\" data-widget_type=\"elementskit-image-box.default\">\n\t\t\t\t<div class=\"elementor-widget-container\">\n\t\t\t\t\t<div class=\"ekit-wid-con\" >\n            <div class=\"elementskit-info-image-box ekit-image-box text-center hover_from_center hover-border-bottom\" >\n\n                <a href=\"https:\/\/keepdata.com\/pt\/ssd-m-2-nvme-gen4-0-256gb\/\">\n                <div class=\"elementskit-box-header image-box-img-center\">\n\n                    <img loading=\"lazy\" decoding=\"async\" width=\"640\" height=\"435\" src=\"https:\/\/keepdata.com\/pt\/wp-content\/uploads\/2025\/08\/KDNV256G4.0-16GTS_01-Small.jpeg\" class=\"attachment-medium_large size-medium_large wp-image-4166\" alt=\"\" srcset=\"https:\/\/keepdata.com\/pt\/wp-content\/uploads\/2025\/08\/KDNV256G4.0-16GTS_01-Small.jpeg 640w, https:\/\/keepdata.com\/pt\/wp-content\/uploads\/2025\/08\/KDNV256G4.0-16GTS_01-Small-300x204.jpeg 300w\" sizes=\"(max-width: 640px) 100vw, 640px\" \/>\n                <\/div>\n                <\/a>\n                <div class=\"elementskit-box-body ekit-image-box-body\">\n                    <div class=\"elementskit-box-content ekit-image-box-body-inner\">\n                                                <h3 class=\"elementskit-info-box-title\">\n\n                        SSD M.2 NVMe Gen 4.0 256GB\n                        \n                    <\/h3>\n                                                            <div class=\"elementskit-box-style-content\">\n                        M.2 2280 PCIe com Dissipador de Calor<\/p> Modelo: KDNV256G4.0-16GTS<p>                    <\/div>\n                                    <\/div>\n\n                            <\/div>\n            <\/div>\n    <\/div>\t\t\t\t<\/div>\n\t\t\t\t<\/div>\n\t\t\t\t\t<\/div>\n\t\t<\/div>\n\t\t\t\t\t<\/div>\n\t\t<\/section>\n\t\t\t\t\t<\/div>\n\t\t<\/div>\n\t\t\t\t\t<\/div>\n\t\t<\/section>\n\t\t\t\t<\/div>\n\t\t","protected":false},"excerpt":{"rendered":"<p>SSD M.2 NVMe Gen 4.0 Indicado para usu\u00e1rios com padr\u00f5es elevados de exig\u00eancia, especialmente gamers e entusiastas de hardware. O controle Gen 4.0 NVMe mais recente oferece velocidades impressionantes de at\u00e9 5.100\/4.500MB\/s para leitura e grava\u00e7\u00e3o, garantindo uma experi\u00eancia de jogo consistente e excepcional, desde o tempo de carregamento de aplicativos e jogos at\u00e9 o [&hellip;]<\/p>\n","protected":false},"author":1,"featured_media":0,"parent":31,"menu_order":0,"comment_status":"closed","ping_status":"closed","template":"elementor_header_footer","meta":{"footnotes":""},"folder":[],"class_list":["post-2711","page","type-page","status-publish","hentry"],"_links":{"self":[{"href":"https:\/\/keepdata.com\/pt\/wp-json\/wp\/v2\/pages\/2711","targetHints":{"allow":["GET"]}}],"collection":[{"href":"https:\/\/keepdata.com\/pt\/wp-json\/wp\/v2\/pages"}],"about":[{"href":"https:\/\/keepdata.com\/pt\/wp-json\/wp\/v2\/types\/page"}],"author":[{"embeddable":true,"href":"https:\/\/keepdata.com\/pt\/wp-json\/wp\/v2\/users\/1"}],"replies":[{"embeddable":true,"href":"https:\/\/keepdata.com\/pt\/wp-json\/wp\/v2\/comments?post=2711"}],"version-history":[{"count":16,"href":"https:\/\/keepdata.com\/pt\/wp-json\/wp\/v2\/pages\/2711\/revisions"}],"predecessor-version":[{"id":4169,"href":"https:\/\/keepdata.com\/pt\/wp-json\/wp\/v2\/pages\/2711\/revisions\/4169"}],"up":[{"embeddable":true,"href":"https:\/\/keepdata.com\/pt\/wp-json\/wp\/v2\/pages\/31"}],"wp:attachment":[{"href":"https:\/\/keepdata.com\/pt\/wp-json\/wp\/v2\/media?parent=2711"}],"wp:term":[{"taxonomy":"folder","embeddable":true,"href":"https:\/\/keepdata.com\/pt\/wp-json\/wp\/v2\/folder?post=2711"}],"curies":[{"name":"wp","href":"https:\/\/api.w.org\/{rel}","templated":true}]}}