{"id":2967,"date":"2023-11-01T14:54:02","date_gmt":"2023-11-01T17:54:02","guid":{"rendered":"https:\/\/keepdata.com\/pt\/?page_id=2967"},"modified":"2023-11-01T15:20:38","modified_gmt":"2023-11-01T18:20:38","slug":"placa-de-video-gtx750ti","status":"publish","type":"page","link":"https:\/\/keepdata.com\/pt\/placa-de-video-gtx750ti\/","title":{"rendered":"Placa de V\u00eddeo GTX750Ti"},"content":{"rendered":"\t\t<div data-elementor-type=\"wp-page\" data-elementor-id=\"2967\" class=\"elementor elementor-2967\" data-elementor-post-type=\"page\">\n\t\t\t\t\t\t<section class=\"elementor-section elementor-top-section elementor-element elementor-element-86639d5 elementor-section-height-min-height elementor-section-full_width elementor-hidden-desktop elementor-hidden-tablet elementor-section-height-default elementor-section-items-middle\" data-id=\"86639d5\" data-element_type=\"section\" data-e-type=\"section\" data-settings=\"{&quot;background_background&quot;:&quot;classic&quot;}\">\n\t\t\t\t\t\t\t<div class=\"elementor-background-overlay\"><\/div>\n\t\t\t\t\t\t\t<div class=\"elementor-container elementor-column-gap-default\">\n\t\t\t\t\t<div class=\"elementor-column elementor-col-100 elementor-top-column elementor-element elementor-element-7654580\" data-id=\"7654580\" data-element_type=\"column\" data-e-type=\"column\">\n\t\t\t<div class=\"elementor-widget-wrap\">\n\t\t\t\t\t\t\t<\/div>\n\t\t<\/div>\n\t\t\t\t\t<\/div>\n\t\t<\/section>\n\t\t\t\t<section class=\"elementor-section elementor-top-section elementor-element elementor-element-8adc5b9 elementor-section-height-min-height elementor-section-full_width elementor-hidden-mobile elementor-section-height-default elementor-section-items-middle\" data-id=\"8adc5b9\" data-element_type=\"section\" data-e-type=\"section\" data-settings=\"{&quot;background_background&quot;:&quot;classic&quot;}\">\n\t\t\t\t\t\t\t<div class=\"elementor-background-overlay\"><\/div>\n\t\t\t\t\t\t\t<div class=\"elementor-container elementor-column-gap-default\">\n\t\t\t\t\t<div class=\"elementor-column elementor-col-100 elementor-top-column elementor-element elementor-element-8cdbac0\" data-id=\"8cdbac0\" data-element_type=\"column\" data-e-type=\"column\">\n\t\t\t<div class=\"elementor-widget-wrap\">\n\t\t\t\t\t\t\t<\/div>\n\t\t<\/div>\n\t\t\t\t\t<\/div>\n\t\t<\/section>\n\t\t\t\t<section class=\"elementor-section elementor-top-section elementor-element elementor-element-cc06847 elementor-section-boxed elementor-section-height-default elementor-section-height-default\" data-id=\"cc06847\" data-element_type=\"section\" data-e-type=\"section\" data-settings=\"{&quot;background_background&quot;:&quot;classic&quot;}\">\n\t\t\t\t\t\t<div class=\"elementor-container elementor-column-gap-default\">\n\t\t\t\t\t<div class=\"elementor-column elementor-col-100 elementor-top-column elementor-element elementor-element-289290d\" data-id=\"289290d\" data-element_type=\"column\" data-e-type=\"column\">\n\t\t\t<div class=\"elementor-widget-wrap elementor-element-populated\">\n\t\t\t\t\t\t<div class=\"elementor-element elementor-element-9a9746f elementor-widget elementor-widget-heading\" data-id=\"9a9746f\" data-element_type=\"widget\" data-e-type=\"widget\" data-widget_type=\"heading.default\">\n\t\t\t\t<div class=\"elementor-widget-container\">\n\t\t\t\t\t<h2 class=\"elementor-heading-title elementor-size-default\">Placa de V\u00eddeo GeForce GTX750Ti<\/h2>\t\t\t\t<\/div>\n\t\t\t\t<\/div>\n\t\t\t\t<div class=\"elementor-element elementor-element-64ed6b3 elementor-widget elementor-widget-heading\" data-id=\"64ed6b3\" data-element_type=\"widget\" data-e-type=\"widget\" data-widget_type=\"heading.default\">\n\t\t\t\t<div class=\"elementor-widget-container\">\n\t\t\t\t\t<h2 class=\"elementor-heading-title elementor-size-default\">Modelo: KDGTX750TI-4GD5\/128B<\/h2>\t\t\t\t<\/div>\n\t\t\t\t<\/div>\n\t\t\t\t<div class=\"elementor-element elementor-element-5ded3b5 elementor-widget elementor-widget-text-editor\" data-id=\"5ded3b5\" data-element_type=\"widget\" data-e-type=\"widget\" data-widget_type=\"text-editor.default\">\n\t\t\t\t<div class=\"elementor-widget-container\">\n\t\t\t\t\t\t\t\t\t<p>As placas de v\u00eddeo NVIDIA GTX s\u00e3o reconhecidas por sua capacidade de processamento gr\u00e1fico avan\u00e7ado, oferecendo uma ampla gama de recursos t\u00e9cnicos que as tornam ideais para uma variedade de aplica\u00e7\u00f5es.<\/p><p>Com arquiteturas CUDA (Compute Unified Device Architecture) e n\u00facleos de processamento de alta performance, as GPUs GTX s\u00e3o projetadas para lidar eficientemente com tarefas intensivas em gr\u00e1ficos, desde jogos exigentes at\u00e9 computa\u00e7\u00e3o de intelig\u00eancia artificial e renderiza\u00e7\u00e3o de v\u00eddeos. <\/p>\t\t\t\t\t\t\t\t<\/div>\n\t\t\t\t<\/div>\n\t\t\t\t<div class=\"elementor-element elementor-element-a6ab9b3 elementor-widget elementor-widget-image\" data-id=\"a6ab9b3\" data-element_type=\"widget\" data-e-type=\"widget\" data-widget_type=\"image.default\">\n\t\t\t\t<div class=\"elementor-widget-container\">\n\t\t\t\t\t\t\t\t\t\t\t\t\t\t\t<img fetchpriority=\"high\" decoding=\"async\" width=\"728\" height=\"380\" src=\"https:\/\/keepdata.com\/pt\/wp-content\/uploads\/2023\/11\/GTX750ti-COVER2.jpg\" class=\"attachment-large size-large wp-image-2970\" alt=\"\" srcset=\"https:\/\/keepdata.com\/pt\/wp-content\/uploads\/2023\/11\/GTX750ti-COVER2.jpg 728w, https:\/\/keepdata.com\/pt\/wp-content\/uploads\/2023\/11\/GTX750ti-COVER2-300x157.jpg 300w\" sizes=\"(max-width: 728px) 100vw, 728px\" \/>\t\t\t\t\t\t\t\t\t\t\t\t\t\t\t<\/div>\n\t\t\t\t<\/div>\n\t\t\t\t\t<\/div>\n\t\t<\/div>\n\t\t\t\t\t<\/div>\n\t\t<\/section>\n\t\t\t\t<section class=\"elementor-section elementor-top-section elementor-element elementor-element-c1a95ef elementor-section-boxed elementor-section-height-default elementor-section-height-default\" data-id=\"c1a95ef\" data-element_type=\"section\" data-e-type=\"section\" data-settings=\"{&quot;background_background&quot;:&quot;classic&quot;}\">\n\t\t\t\t\t\t<div class=\"elementor-container elementor-column-gap-default\">\n\t\t\t\t\t<div class=\"elementor-column elementor-col-100 elementor-top-column elementor-element elementor-element-ae1800c\" data-id=\"ae1800c\" data-element_type=\"column\" data-e-type=\"column\">\n\t\t\t<div class=\"elementor-widget-wrap elementor-element-populated\">\n\t\t\t\t\t\t<div class=\"elementor-element elementor-element-4da683d elementor-widget elementor-widget-text-editor\" data-id=\"4da683d\" data-element_type=\"widget\" data-e-type=\"widget\" data-widget_type=\"text-editor.default\">\n\t\t\t\t<div class=\"elementor-widget-container\">\n\t\t\t\t\t\t\t\t\t<p>Al\u00e9m disso, recursos como o NVIDIA G-SYNC otimizam a experi\u00eancia de jogo, reduzindo o tearing e atrasos, enquanto tecnologias de resolu\u00e7\u00e3o avan\u00e7ada, como o Ray Tracing, proporcionam gr\u00e1ficos realistas e imersivos.<\/p><p>O suporte a m\u00faltiplos monitores, aprimoramento de v\u00eddeo e a integra\u00e7\u00e3o com tecnologias de realidade virtual destacam o amplo espectro de aplica\u00e7\u00f5es dessas placas, garantindo desempenho excepcional em uma variedade de contextos t\u00e9cnicos.<\/p>\t\t\t\t\t\t\t\t<\/div>\n\t\t\t\t<\/div>\n\t\t\t\t\t<\/div>\n\t\t<\/div>\n\t\t\t\t\t<\/div>\n\t\t<\/section>\n\t\t\t\t<section class=\"elementor-section elementor-top-section elementor-element elementor-element-1e566325 elementor-section-boxed elementor-section-height-default elementor-section-height-default\" data-id=\"1e566325\" data-element_type=\"section\" data-e-type=\"section\">\n\t\t\t\t\t\t<div class=\"elementor-container elementor-column-gap-default\">\n\t\t\t\t\t<div class=\"elementor-column elementor-col-100 elementor-top-column elementor-element elementor-element-5ecbbf23\" data-id=\"5ecbbf23\" data-element_type=\"column\" data-e-type=\"column\">\n\t\t\t<div class=\"elementor-widget-wrap elementor-element-populated\">\n\t\t\t\t\t\t<div class=\"elementor-element elementor-element-70d1c0f0 elementor-widget elementor-widget-heading\" data-id=\"70d1c0f0\" data-element_type=\"widget\" data-e-type=\"widget\" data-widget_type=\"heading.default\">\n\t\t\t\t<div class=\"elementor-widget-container\">\n\t\t\t\t\t<h2 class=\"elementor-heading-title elementor-size-default\">Especifica\u00e7\u00f5es T\u00e9cnicas:<\/h2>\t\t\t\t<\/div>\n\t\t\t\t<\/div>\n\t\t\t\t<div class=\"elementor-element elementor-element-27db7620 elementor-widget elementor-widget-elementskit-tablepress\" data-id=\"27db7620\" data-element_type=\"widget\" data-e-type=\"widget\" data-widget_type=\"elementskit-tablepress.default\">\n\t\t\t\t<div class=\"elementor-widget-container\">\n\t\t\t\t\t<div class=\"elemenetskit-tablepress ekit-wid-con\" id=\"ekit_tablepress_27db7620\">\n<table id=\"tablepress-75\" class=\"tablepress tablepress-id-75\">\n<tbody class=\"row-striping row-hover\">\n<tr class=\"row-1\">\n\t<td class=\"column-1\">EAN: 7898722600713<\/td>\n<\/tr>\n<tr class=\"row-2\">\n\t<td class=\"column-1\">GTX750TI 4GB D5 128BIT<\/td>\n<\/tr>\n<tr class=\"row-3\">\n\t<td class=\"column-1\">GPU: GM107 <\/td>\n<\/tr>\n<tr class=\"row-4\">\n\t<td class=\"column-1\">Revision : A2 <\/td>\n<\/tr>\n<tr class=\"row-5\">\n\t<td class=\"column-1\">Technology: 28 nm <\/td>\n<\/tr>\n<tr class=\"row-6\">\n\t<td class=\"column-1\">Die Size: 148 mm2 <\/td>\n<\/tr>\n<tr class=\"row-7\">\n\t<td class=\"column-1\">Release Date: Mar 12,2014 <\/td>\n<\/tr>\n<tr class=\"row-8\">\n\t<td class=\"column-1\">Transistors: 1870M<\/td>\n<\/tr>\n<tr class=\"row-9\">\n\t<td class=\"column-1\">BIOS Version: 82.07.E8.00.52<\/td>\n<\/tr>\n<tr class=\"row-10\">\n\t<td class=\"column-1\">Subvendor: Acer <\/td>\n<\/tr>\n<tr class=\"row-11\">\n\t<td class=\"column-1\">Device ID: 10DE 139B-1025 107A <\/td>\n<\/tr>\n<tr class=\"row-12\">\n\t<td class=\"column-1\">ROPs\/TMUs: 16\/40 <\/td>\n<\/tr>\n<tr class=\"row-13\">\n\t<td class=\"column-1\">Bus Interface: PClex16 3.0 @x16 1.1<\/td>\n<\/tr>\n<tr class=\"row-14\">\n\t<td class=\"column-1\">Shaders: 640 Unified <\/td>\n<\/tr>\n<tr class=\"row-15\">\n\t<td class=\"column-1\">DirectX Support: 12(11_0) <\/td>\n<\/tr>\n<tr class=\"row-16\">\n\t<td class=\"column-1\">Pixel Fillrate: 17.4 GPixel\/s <\/td>\n<\/tr>\n<tr class=\"row-17\">\n\t<td class=\"column-1\">Texture Fillrate: 43.4 GTexel\/s <\/td>\n<\/tr>\n<tr class=\"row-18\">\n\t<td class=\"column-1\">Memory Type: GDDR5(Samsung) <\/td>\n<\/tr>\n<tr class=\"row-19\">\n\t<td class=\"column-1\">Bus Width: 128 bit <\/td>\n<\/tr>\n<tr class=\"row-20\">\n\t<td class=\"column-1\">Memory Size: 4096 MB <\/td>\n<\/tr>\n<tr class=\"row-21\">\n\t<td class=\"column-1\">Bandwidth: 81.6 GB\/s <\/td>\n<\/tr>\n<tr class=\"row-22\">\n\t<td class=\"column-1\">Driver Version: 23.21.13.9135(NVIDIA 39135)DCH\/Win1064 <\/td>\n<\/tr>\n<tr class=\"row-23\">\n\t<td class=\"column-1\">Digital Signature: WHQL <\/td>\n<\/tr>\n<tr class=\"row-24\">\n\t<td class=\"column-1\">GPU Clock: 1020 MHz;  Memory: 1275 MHz ; Boost:1085 MHz <\/td>\n<\/tr>\n<tr class=\"row-25\">\n\t<td class=\"column-1\">Default Clock: 1020MHz;  Memory: 1275 MHz;  Boost :1085MHz <\/td>\n<\/tr>\n<tr class=\"row-26\">\n\t<td class=\"column-1\">NVIDIA SLI : Disabled <\/td>\n<\/tr>\n<tr class=\"row-27\">\n\t<td class=\"column-1\">Resizable: BAR Disabled <\/td>\n<\/tr>\n<tr class=\"row-28\">\n\t<td class=\"column-1\">Computing:OpenCLC\/ UDA\/ DirectCompute\/ DirectML <\/td>\n<\/tr>\n<tr class=\"row-29\">\n\t<td class=\"column-1\">Technologies:Vulkan \/ PhysX\/ OpenGL 4.6<\/td>\n<\/tr>\n<\/tbody>\n<\/table>\n<\/div>\t\t\t\t<\/div>\n\t\t\t\t<\/div>\n\t\t\t\t\t<\/div>\n\t\t<\/div>\n\t\t\t\t\t<\/div>\n\t\t<\/section>\n\t\t\t\t<\/div>\n\t\t","protected":false},"excerpt":{"rendered":"<p>Placa de V\u00eddeo GeForce GTX750Ti Modelo: KDGTX750TI-4GD5\/128B As placas de v\u00eddeo NVIDIA GTX s\u00e3o reconhecidas por sua capacidade de processamento gr\u00e1fico avan\u00e7ado, oferecendo uma ampla gama de recursos t\u00e9cnicos que as tornam ideais para uma variedade de aplica\u00e7\u00f5es. Com arquiteturas CUDA (Compute Unified Device Architecture) e n\u00facleos de processamento de alta performance, as GPUs GTX [&hellip;]<\/p>\n","protected":false},"author":1,"featured_media":0,"parent":0,"menu_order":0,"comment_status":"closed","ping_status":"closed","template":"elementor_header_footer","meta":{"footnotes":""},"folder":[],"class_list":["post-2967","page","type-page","status-publish","hentry"],"_links":{"self":[{"href":"https:\/\/keepdata.com\/pt\/wp-json\/wp\/v2\/pages\/2967","targetHints":{"allow":["GET"]}}],"collection":[{"href":"https:\/\/keepdata.com\/pt\/wp-json\/wp\/v2\/pages"}],"about":[{"href":"https:\/\/keepdata.com\/pt\/wp-json\/wp\/v2\/types\/page"}],"author":[{"embeddable":true,"href":"https:\/\/keepdata.com\/pt\/wp-json\/wp\/v2\/users\/1"}],"replies":[{"embeddable":true,"href":"https:\/\/keepdata.com\/pt\/wp-json\/wp\/v2\/comments?post=2967"}],"version-history":[{"count":7,"href":"https:\/\/keepdata.com\/pt\/wp-json\/wp\/v2\/pages\/2967\/revisions"}],"predecessor-version":[{"id":3004,"href":"https:\/\/keepdata.com\/pt\/wp-json\/wp\/v2\/pages\/2967\/revisions\/3004"}],"wp:attachment":[{"href":"https:\/\/keepdata.com\/pt\/wp-json\/wp\/v2\/media?parent=2967"}],"wp:term":[{"taxonomy":"folder","embeddable":true,"href":"https:\/\/keepdata.com\/pt\/wp-json\/wp\/v2\/folder?post=2967"}],"curies":[{"name":"wp","href":"https:\/\/api.w.org\/{rel}","templated":true}]}}