{"id":3019,"date":"2023-11-01T15:45:39","date_gmt":"2023-11-01T18:45:39","guid":{"rendered":"https:\/\/keepdata.com\/pt\/?page_id=3019"},"modified":"2023-11-01T16:01:21","modified_gmt":"2023-11-01T19:01:21","slug":"placa-de-video-gt740","status":"publish","type":"page","link":"https:\/\/keepdata.com\/pt\/placa-de-video-gt740\/","title":{"rendered":"Placa de V\u00eddeo GT740"},"content":{"rendered":"\t\t<div data-elementor-type=\"wp-page\" data-elementor-id=\"3019\" class=\"elementor elementor-3019\" data-elementor-post-type=\"page\">\n\t\t\t\t\t\t<section class=\"elementor-section elementor-top-section elementor-element elementor-element-86639d5 elementor-section-height-min-height elementor-section-full_width elementor-hidden-desktop elementor-hidden-tablet elementor-section-height-default elementor-section-items-middle\" data-id=\"86639d5\" data-element_type=\"section\" data-e-type=\"section\" data-settings=\"{&quot;background_background&quot;:&quot;classic&quot;}\">\n\t\t\t\t\t\t\t<div class=\"elementor-background-overlay\"><\/div>\n\t\t\t\t\t\t\t<div class=\"elementor-container elementor-column-gap-default\">\n\t\t\t\t\t<div class=\"elementor-column elementor-col-100 elementor-top-column elementor-element elementor-element-7654580\" data-id=\"7654580\" data-element_type=\"column\" data-e-type=\"column\">\n\t\t\t<div class=\"elementor-widget-wrap\">\n\t\t\t\t\t\t\t<\/div>\n\t\t<\/div>\n\t\t\t\t\t<\/div>\n\t\t<\/section>\n\t\t\t\t<section class=\"elementor-section elementor-top-section elementor-element elementor-element-8adc5b9 elementor-section-height-min-height elementor-section-full_width elementor-hidden-mobile elementor-section-height-default elementor-section-items-middle\" data-id=\"8adc5b9\" data-element_type=\"section\" data-e-type=\"section\" data-settings=\"{&quot;background_background&quot;:&quot;classic&quot;}\">\n\t\t\t\t\t\t\t<div class=\"elementor-background-overlay\"><\/div>\n\t\t\t\t\t\t\t<div class=\"elementor-container elementor-column-gap-default\">\n\t\t\t\t\t<div class=\"elementor-column elementor-col-100 elementor-top-column elementor-element elementor-element-8cdbac0\" data-id=\"8cdbac0\" data-element_type=\"column\" data-e-type=\"column\">\n\t\t\t<div class=\"elementor-widget-wrap\">\n\t\t\t\t\t\t\t<\/div>\n\t\t<\/div>\n\t\t\t\t\t<\/div>\n\t\t<\/section>\n\t\t\t\t<section class=\"elementor-section elementor-top-section elementor-element elementor-element-cc06847 elementor-section-boxed elementor-section-height-default elementor-section-height-default\" data-id=\"cc06847\" data-element_type=\"section\" data-e-type=\"section\" data-settings=\"{&quot;background_background&quot;:&quot;classic&quot;}\">\n\t\t\t\t\t\t<div class=\"elementor-container elementor-column-gap-default\">\n\t\t\t\t\t<div class=\"elementor-column elementor-col-100 elementor-top-column elementor-element elementor-element-289290d\" data-id=\"289290d\" data-element_type=\"column\" data-e-type=\"column\">\n\t\t\t<div class=\"elementor-widget-wrap elementor-element-populated\">\n\t\t\t\t\t\t<div class=\"elementor-element elementor-element-9a9746f elementor-widget elementor-widget-heading\" data-id=\"9a9746f\" data-element_type=\"widget\" data-e-type=\"widget\" data-widget_type=\"heading.default\">\n\t\t\t\t<div class=\"elementor-widget-container\">\n\t\t\t\t\t<h2 class=\"elementor-heading-title elementor-size-default\">Placa de V\u00eddeo GeForce GT740<\/h2>\t\t\t\t<\/div>\n\t\t\t\t<\/div>\n\t\t\t\t<div class=\"elementor-element elementor-element-64ed6b3 elementor-widget elementor-widget-heading\" data-id=\"64ed6b3\" data-element_type=\"widget\" data-e-type=\"widget\" data-widget_type=\"heading.default\">\n\t\t\t\t<div class=\"elementor-widget-container\">\n\t\t\t\t\t<h2 class=\"elementor-heading-title elementor-size-default\">Modelo: KDGT740-2GD5\/128B <\/h2>\t\t\t\t<\/div>\n\t\t\t\t<\/div>\n\t\t\t\t<div class=\"elementor-element elementor-element-5ded3b5 elementor-widget elementor-widget-text-editor\" data-id=\"5ded3b5\" data-element_type=\"widget\" data-e-type=\"widget\" data-widget_type=\"text-editor.default\">\n\t\t\t\t<div class=\"elementor-widget-container\">\n\t\t\t\t\t\t\t\t\t<p>As placas de v\u00eddeo NVIDIA GT s\u00e3o reconhecidas por sua capacidade de processamento gr\u00e1fico avan\u00e7ado, oferecendo uma ampla gama de recursos t\u00e9cnicos que as tornam ideais para uma variedade de aplica\u00e7\u00f5es.<\/p><p>Com arquiteturas CUDA (Compute Unified Device Architecture) e n\u00facleos de processamento de alta performance, as GPUs GT s\u00e3o projetadas para lidar eficientemente com tarefas intensivas em gr\u00e1ficos, desde jogos exigentes at\u00e9 computa\u00e7\u00e3o de intelig\u00eancia artificial e renderiza\u00e7\u00e3o de v\u00eddeos.<\/p>\t\t\t\t\t\t\t\t<\/div>\n\t\t\t\t<\/div>\n\t\t\t\t<div class=\"elementor-element elementor-element-a6ab9b3 elementor-widget elementor-widget-image\" data-id=\"a6ab9b3\" data-element_type=\"widget\" data-e-type=\"widget\" data-widget_type=\"image.default\">\n\t\t\t\t<div class=\"elementor-widget-container\">\n\t\t\t\t\t\t\t\t\t\t\t\t\t\t\t<img fetchpriority=\"high\" decoding=\"async\" width=\"728\" height=\"422\" src=\"https:\/\/keepdata.com\/pt\/wp-content\/uploads\/2023\/11\/GT740-COVER2.jpg\" class=\"attachment-large size-large wp-image-3022\" alt=\"\" srcset=\"https:\/\/keepdata.com\/pt\/wp-content\/uploads\/2023\/11\/GT740-COVER2.jpg 728w, https:\/\/keepdata.com\/pt\/wp-content\/uploads\/2023\/11\/GT740-COVER2-300x174.jpg 300w\" sizes=\"(max-width: 728px) 100vw, 728px\" \/>\t\t\t\t\t\t\t\t\t\t\t\t\t\t\t<\/div>\n\t\t\t\t<\/div>\n\t\t\t\t\t<\/div>\n\t\t<\/div>\n\t\t\t\t\t<\/div>\n\t\t<\/section>\n\t\t\t\t<section class=\"elementor-section elementor-top-section elementor-element elementor-element-c1a95ef elementor-section-boxed elementor-section-height-default elementor-section-height-default\" data-id=\"c1a95ef\" data-element_type=\"section\" data-e-type=\"section\" data-settings=\"{&quot;background_background&quot;:&quot;classic&quot;}\">\n\t\t\t\t\t\t<div class=\"elementor-container elementor-column-gap-default\">\n\t\t\t\t\t<div class=\"elementor-column elementor-col-100 elementor-top-column elementor-element elementor-element-ae1800c\" data-id=\"ae1800c\" data-element_type=\"column\" data-e-type=\"column\">\n\t\t\t<div class=\"elementor-widget-wrap elementor-element-populated\">\n\t\t\t\t\t\t<div class=\"elementor-element elementor-element-4da683d elementor-widget elementor-widget-text-editor\" data-id=\"4da683d\" data-element_type=\"widget\" data-e-type=\"widget\" data-widget_type=\"text-editor.default\">\n\t\t\t\t<div class=\"elementor-widget-container\">\n\t\t\t\t\t\t\t\t\t<p>Al\u00e9m disso, recursos como o NVIDIA G-SYNC otimizam a experi\u00eancia de jogo, reduzindo o tearing e atrasos, enquanto tecnologias de resolu\u00e7\u00e3o avan\u00e7ada, como o Ray Tracing, proporcionam gr\u00e1ficos realistas e imersivos.<\/p><p>O suporte a m\u00faltiplos monitores, aprimoramento de v\u00eddeo e a integra\u00e7\u00e3o com tecnologias de realidade virtual destacam o amplo espectro de aplica\u00e7\u00f5es dessas placas, garantindo desempenho excepcional em uma variedade de contextos t\u00e9cnicos.<\/p>\t\t\t\t\t\t\t\t<\/div>\n\t\t\t\t<\/div>\n\t\t\t\t\t<\/div>\n\t\t<\/div>\n\t\t\t\t\t<\/div>\n\t\t<\/section>\n\t\t\t\t<section class=\"elementor-section elementor-top-section elementor-element elementor-element-1e566325 elementor-section-boxed elementor-section-height-default elementor-section-height-default\" data-id=\"1e566325\" data-element_type=\"section\" data-e-type=\"section\">\n\t\t\t\t\t\t<div class=\"elementor-container elementor-column-gap-default\">\n\t\t\t\t\t<div class=\"elementor-column elementor-col-100 elementor-top-column elementor-element elementor-element-5ecbbf23\" data-id=\"5ecbbf23\" data-element_type=\"column\" data-e-type=\"column\">\n\t\t\t<div class=\"elementor-widget-wrap elementor-element-populated\">\n\t\t\t\t\t\t<div class=\"elementor-element elementor-element-70d1c0f0 elementor-widget elementor-widget-heading\" data-id=\"70d1c0f0\" data-element_type=\"widget\" data-e-type=\"widget\" data-widget_type=\"heading.default\">\n\t\t\t\t<div class=\"elementor-widget-container\">\n\t\t\t\t\t<h2 class=\"elementor-heading-title elementor-size-default\">Especifica\u00e7\u00f5es T\u00e9cnicas:<\/h2>\t\t\t\t<\/div>\n\t\t\t\t<\/div>\n\t\t\t\t<div class=\"elementor-element elementor-element-27db7620 elementor-widget elementor-widget-elementskit-tablepress\" data-id=\"27db7620\" data-element_type=\"widget\" data-e-type=\"widget\" data-widget_type=\"elementskit-tablepress.default\">\n\t\t\t\t<div class=\"elementor-widget-container\">\n\t\t\t\t\t<div class=\"elemenetskit-tablepress ekit-wid-con\" id=\"ekit_tablepress_27db7620\">\n<table id=\"tablepress-73\" class=\"tablepress tablepress-id-73\">\n<tbody class=\"row-striping row-hover\">\n<tr class=\"row-1\">\n\t<td class=\"column-1\">EAN: 7898722600744<\/td>\n<\/tr>\n<tr class=\"row-2\">\n\t<td class=\"column-1\">GT740 128BITS D5 2GB <\/td>\n<\/tr>\n<tr class=\"row-3\">\n\t<td class=\"column-1\">Name: NVIDIA GeForce GT 740 <\/td>\n<\/tr>\n<tr class=\"row-4\">\n\t<td class=\"column-1\">GPU: GK107 <\/td>\n<\/tr>\n<tr class=\"row-5\">\n\t<td class=\"column-1\">Revision A2 <\/td>\n<\/tr>\n<tr class=\"row-6\">\n\t<td class=\"column-1\">Technology : 28nm <\/td>\n<\/tr>\n<tr class=\"row-7\">\n\t<td class=\"column-1\">Die Size: 118 mm2 <\/td>\n<\/tr>\n<tr class=\"row-8\">\n\t<td class=\"column-1\">Transistors: 1300M<\/td>\n<\/tr>\n<tr class=\"row-9\">\n\t<td class=\"column-1\">BIOS Version: 80.07.35.00.04 <\/td>\n<\/tr>\n<tr class=\"row-10\">\n\t<td class=\"column-1\">Subvendor: NVIDIA <\/td>\n<\/tr>\n<tr class=\"row-11\">\n\t<td class=\"column-1\">Device ID: 10DE 0FC8-10DE 0973 <\/td>\n<\/tr>\n<tr class=\"row-12\">\n\t<td class=\"column-1\">ROPs\/TMUs :16\/32 <\/td>\n<\/tr>\n<tr class=\"row-13\">\n\t<td class=\"column-1\">Bus Interface: PClex163.0@*161.1 <\/td>\n<\/tr>\n<tr class=\"row-14\">\n\t<td class=\"column-1\">Shaders : 384 Unified <\/td>\n<\/tr>\n<tr class=\"row-15\">\n\t<td class=\"column-1\">DirectX Support: 12(11_0) <\/td>\n<\/tr>\n<tr class=\"row-16\">\n\t<td class=\"column-1\">Pixel Fillrate: 16.9 GPixel\/s <\/td>\n<\/tr>\n<tr class=\"row-17\">\n\t<td class=\"column-1\">Texture Fillrate: 33.9 GTexel\/s <\/td>\n<\/tr>\n<tr class=\"row-18\">\n\t<td class=\"column-1\">Memory Type: GDDR5(Hynix) <\/td>\n<\/tr>\n<tr class=\"row-19\">\n\t<td class=\"column-1\">Bus Width: 128 Bit <\/td>\n<\/tr>\n<tr class=\"row-20\">\n\t<td class=\"column-1\">Memory Size: 2048 MB <\/td>\n<\/tr>\n<tr class=\"row-21\">\n\t<td class=\"column-1\">Bandwidth: 80.0 GB\/s <\/td>\n<\/tr>\n<tr class=\"row-22\">\n\t<td class=\"column-1\">Driver Version: 23.21.13.9135(NVIDIA 391.35)\/Win10 64 <\/td>\n<\/tr>\n<tr class=\"row-23\">\n\t<td class=\"column-1\">Driver Date: Mar 232018 <\/td>\n<\/tr>\n<tr class=\"row-24\">\n\t<td class=\"column-1\">Digital Signature: WHQL <\/td>\n<\/tr>\n<tr class=\"row-25\">\n\t<td class=\"column-1\">GPU Clock: 1059 MHz,  Memory: 1250 MHz<\/td>\n<\/tr>\n<tr class=\"row-26\">\n\t<td class=\"column-1\">Default Clock: 1059 MHz,  Memory: 1250 MHz<\/td>\n<\/tr>\n<tr class=\"row-27\">\n\t<td class=\"column-1\">NVIDIA SLI: Disabled <\/td>\n<\/tr>\n<tr class=\"row-28\">\n\t<td class=\"column-1\">Computing: MOpenCL\/ CUDA\/ PhysX\/ DirectCompute 5.0 <\/td>\n<\/tr>\n<\/tbody>\n<\/table>\n<!-- #tablepress-73 from cache --><\/div>\t\t\t\t<\/div>\n\t\t\t\t<\/div>\n\t\t\t\t\t<\/div>\n\t\t<\/div>\n\t\t\t\t\t<\/div>\n\t\t<\/section>\n\t\t\t\t<\/div>\n\t\t","protected":false},"excerpt":{"rendered":"<p>Placa de V\u00eddeo GeForce GT740 Modelo: KDGT740-2GD5\/128B As placas de v\u00eddeo NVIDIA GT s\u00e3o reconhecidas por sua capacidade de processamento gr\u00e1fico avan\u00e7ado, oferecendo uma ampla gama de recursos t\u00e9cnicos que as tornam ideais para uma variedade de aplica\u00e7\u00f5es. Com arquiteturas CUDA (Compute Unified Device Architecture) e n\u00facleos de processamento de alta performance, as GPUs GT [&hellip;]<\/p>\n","protected":false},"author":1,"featured_media":0,"parent":0,"menu_order":0,"comment_status":"closed","ping_status":"closed","template":"elementor_header_footer","meta":{"footnotes":""},"folder":[],"class_list":["post-3019","page","type-page","status-publish","hentry"],"_links":{"self":[{"href":"https:\/\/keepdata.com\/pt\/wp-json\/wp\/v2\/pages\/3019","targetHints":{"allow":["GET"]}}],"collection":[{"href":"https:\/\/keepdata.com\/pt\/wp-json\/wp\/v2\/pages"}],"about":[{"href":"https:\/\/keepdata.com\/pt\/wp-json\/wp\/v2\/types\/page"}],"author":[{"embeddable":true,"href":"https:\/\/keepdata.com\/pt\/wp-json\/wp\/v2\/users\/1"}],"replies":[{"embeddable":true,"href":"https:\/\/keepdata.com\/pt\/wp-json\/wp\/v2\/comments?post=3019"}],"version-history":[{"count":5,"href":"https:\/\/keepdata.com\/pt\/wp-json\/wp\/v2\/pages\/3019\/revisions"}],"predecessor-version":[{"id":3031,"href":"https:\/\/keepdata.com\/pt\/wp-json\/wp\/v2\/pages\/3019\/revisions\/3031"}],"wp:attachment":[{"href":"https:\/\/keepdata.com\/pt\/wp-json\/wp\/v2\/media?parent=3019"}],"wp:term":[{"taxonomy":"folder","embeddable":true,"href":"https:\/\/keepdata.com\/pt\/wp-json\/wp\/v2\/folder?post=3019"}],"curies":[{"name":"wp","href":"https:\/\/api.w.org\/{rel}","templated":true}]}}