{"id":35,"date":"2022-06-07T17:54:50","date_gmt":"2022-06-07T20:54:50","guid":{"rendered":"https:\/\/keepdata.com\/demo\/?page_id=35"},"modified":"2022-12-06T13:13:20","modified_gmt":"2022-12-06T16:13:20","slug":"blog","status":"publish","type":"page","link":"https:\/\/keepdata.com\/pt\/blog\/","title":{"rendered":"Blog"},"content":{"rendered":"\t\t<div data-elementor-type=\"wp-page\" data-elementor-id=\"35\" class=\"elementor elementor-35\" data-elementor-post-type=\"page\">\n\t\t\t\t\t\t<section class=\"elementor-section elementor-top-section elementor-element elementor-element-7f699b46 elementor-section-height-min-height elementor-section-boxed elementor-section-height-default elementor-section-items-middle\" data-id=\"7f699b46\" data-element_type=\"section\" data-e-type=\"section\" data-settings=\"{&quot;background_background&quot;:&quot;classic&quot;}\">\n\t\t\t\t\t\t\t<div class=\"elementor-background-overlay\"><\/div>\n\t\t\t\t\t\t\t<div class=\"elementor-container elementor-column-gap-default\">\n\t\t\t\t\t<div class=\"elementor-column elementor-col-100 elementor-top-column elementor-element elementor-element-55d74c5d\" data-id=\"55d74c5d\" data-element_type=\"column\" data-e-type=\"column\">\n\t\t\t<div class=\"elementor-widget-wrap elementor-element-populated\">\n\t\t\t\t\t\t<div class=\"elementor-element elementor-element-3e560b58 elementor-widget elementor-widget-heading\" data-id=\"3e560b58\" data-element_type=\"widget\" data-e-type=\"widget\" data-widget_type=\"heading.default\">\n\t\t\t\t<div class=\"elementor-widget-container\">\n\t\t\t\t\t<h2 class=\"elementor-heading-title elementor-size-default\">Nosso Blog<\/h2>\t\t\t\t<\/div>\n\t\t\t\t<\/div>\n\t\t\t\t<div class=\"elementor-element elementor-element-54b08825 elementor-widget elementor-widget-heading\" data-id=\"54b08825\" data-element_type=\"widget\" data-e-type=\"widget\" data-widget_type=\"heading.default\">\n\t\t\t\t<div class=\"elementor-widget-container\">\n\t\t\t\t\t<h2 class=\"elementor-heading-title elementor-size-default\">Saiba mais sobre produtos, as \u00faltimas tend\u00eancias em tecnologia e melhores pr\u00e1ticas de uso.<\/h2>\t\t\t\t<\/div>\n\t\t\t\t<\/div>\n\t\t\t\t\t<\/div>\n\t\t<\/div>\n\t\t\t\t\t<\/div>\n\t\t<\/section>\n\t\t\t\t<section class=\"elementor-section elementor-top-section elementor-element elementor-element-c4261a8 elementor-section-boxed elementor-section-height-default elementor-section-height-default\" data-id=\"c4261a8\" data-element_type=\"section\" data-e-type=\"section\">\n\t\t\t\t\t\t<div class=\"elementor-container elementor-column-gap-default\">\n\t\t\t\t\t<div class=\"elementor-column elementor-col-100 elementor-top-column elementor-element elementor-element-27d9adc\" data-id=\"27d9adc\" data-element_type=\"column\" data-e-type=\"column\">\n\t\t\t<div class=\"elementor-widget-wrap elementor-element-populated\">\n\t\t\t\t\t\t<div class=\"elementor-element elementor-element-767d8a3 elementor-grid-3 elementor-grid-tablet-2 elementor-grid-mobile-1 elementor-posts--thumbnail-top elementor-card-shadow-yes elementor-posts__hover-gradient elementor-widget elementor-widget-posts\" data-id=\"767d8a3\" data-element_type=\"widget\" data-e-type=\"widget\" data-settings=\"{&quot;pagination_type&quot;:&quot;numbers_and_prev_next&quot;,&quot;cards_columns&quot;:&quot;3&quot;,&quot;cards_columns_tablet&quot;:&quot;2&quot;,&quot;cards_columns_mobile&quot;:&quot;1&quot;,&quot;cards_row_gap&quot;:{&quot;unit&quot;:&quot;px&quot;,&quot;size&quot;:35,&quot;sizes&quot;:[]},&quot;cards_row_gap_tablet&quot;:{&quot;unit&quot;:&quot;px&quot;,&quot;size&quot;:&quot;&quot;,&quot;sizes&quot;:[]},&quot;cards_row_gap_mobile&quot;:{&quot;unit&quot;:&quot;px&quot;,&quot;size&quot;:&quot;&quot;,&quot;sizes&quot;:[]}}\" data-widget_type=\"posts.cards\">\n\t\t\t\t<div class=\"elementor-widget-container\">\n\t\t\t\t\t\t\t<div class=\"elementor-posts-container elementor-posts elementor-posts--skin-cards elementor-grid\">\n\t\t\t\t<article class=\"elementor-post elementor-grid-item post-2795 post type-post status-publish format-standard has-post-thumbnail hentry category-memoria\">\n\t\t\t<div class=\"elementor-post__card\">\n\t\t\t\t<a class=\"elementor-post__thumbnail__link\" href=\"https:\/\/keepdata.com\/pt\/a-fascinante-evolucao-das-memorias-ram-da-nostalgia-a-velocidade-moderna\/\" tabindex=\"-1\" ><div class=\"elementor-post__thumbnail\"><img fetchpriority=\"high\" decoding=\"async\" width=\"300\" height=\"300\" src=\"https:\/\/keepdata.com\/pt\/wp-content\/uploads\/2023\/09\/insta-300x300.jpg\" class=\"attachment-medium size-medium wp-image-2793\" alt=\"\" srcset=\"https:\/\/keepdata.com\/pt\/wp-content\/uploads\/2023\/09\/insta-300x300.jpg 300w, https:\/\/keepdata.com\/pt\/wp-content\/uploads\/2023\/09\/insta-1024x1024.jpg 1024w, https:\/\/keepdata.com\/pt\/wp-content\/uploads\/2023\/09\/insta-150x150.jpg 150w, https:\/\/keepdata.com\/pt\/wp-content\/uploads\/2023\/09\/insta-768x768.jpg 768w, https:\/\/keepdata.com\/pt\/wp-content\/uploads\/2023\/09\/insta.jpg 1299w\" sizes=\"(max-width: 300px) 100vw, 300px\" \/><\/div><\/a>\n\t\t\t\t<div class=\"elementor-post__badge\">Mem\u00f3ria<\/div>\n\t\t\t\t<div class=\"elementor-post__text\">\n\t\t\t\t<h3 class=\"elementor-post__title\">\n\t\t\t<a href=\"https:\/\/keepdata.com\/pt\/a-fascinante-evolucao-das-memorias-ram-da-nostalgia-a-velocidade-moderna\/\" >\n\t\t\t\tA Fascinante Evolu\u00e7\u00e3o das Mem\u00f3rias RAM: Da Nostalgia \u00e0 Velocidade Moderna\t\t\t<\/a>\n\t\t<\/h3>\n\t\t\t\t<div class=\"elementor-post__excerpt\">\n\t\t\t<p>As Mem\u00f3rias RAM (Random Access Memory), ou Mem\u00f3rias de Acesso Aleat\u00f3rio, desempenham um papel fundamental em nossos dispositivos eletr\u00f4nicos. Elas s\u00e3o o cora\u00e7\u00e3o pulsante que<\/p>\n\t\t<\/div>\n\t\t\t\t\t<div class=\"elementor-post__read-more-wrapper\">\n\t\t\n\t\t<a class=\"elementor-post__read-more\" href=\"https:\/\/keepdata.com\/pt\/a-fascinante-evolucao-das-memorias-ram-da-nostalgia-a-velocidade-moderna\/\" aria-label=\"Leia mais sobre A Fascinante Evolu\u00e7\u00e3o das Mem\u00f3rias RAM: Da Nostalgia \u00e0 Velocidade Moderna\" tabindex=\"-1\" >\n\t\t\tLeia mais \u00bb\t\t<\/a>\n\n\t\t\t\t\t<\/div>\n\t\t\t\t<\/div>\n\t\t\t\t<div class=\"elementor-post__meta-data\">\n\t\t\t\t\t<span class=\"elementor-post-date\">\n\t\t\t8 de setembro de 2023\t\t<\/span>\n\t\t\t\t<\/div>\n\t\t\t\t\t<\/div>\n\t\t<\/article>\n\t\t\t\t<article class=\"elementor-post elementor-grid-item post-2531 post type-post status-publish format-standard has-post-thumbnail hentry category-workshop\">\n\t\t\t<div class=\"elementor-post__card\">\n\t\t\t\t<a class=\"elementor-post__thumbnail__link\" href=\"https:\/\/keepdata.com\/pt\/workshop-virtual-cellshop\/\" tabindex=\"-1\" ><div class=\"elementor-post__thumbnail\"><img decoding=\"async\" width=\"300\" height=\"124\" src=\"https:\/\/keepdata.com\/pt\/wp-content\/uploads\/2022\/12\/magnet-me-9rierf0Y-QY-unsplash-2-300x124.jpg\" class=\"attachment-medium size-medium wp-image-2545\" alt=\"\" srcset=\"https:\/\/keepdata.com\/pt\/wp-content\/uploads\/2022\/12\/magnet-me-9rierf0Y-QY-unsplash-2-300x124.jpg 300w, https:\/\/keepdata.com\/pt\/wp-content\/uploads\/2022\/12\/magnet-me-9rierf0Y-QY-unsplash-2-1024x425.jpg 1024w, https:\/\/keepdata.com\/pt\/wp-content\/uploads\/2022\/12\/magnet-me-9rierf0Y-QY-unsplash-2-768x319.jpg 768w, https:\/\/keepdata.com\/pt\/wp-content\/uploads\/2022\/12\/magnet-me-9rierf0Y-QY-unsplash-2-1536x637.jpg 1536w, https:\/\/keepdata.com\/pt\/wp-content\/uploads\/2022\/12\/magnet-me-9rierf0Y-QY-unsplash-2-2048x850.jpg 2048w\" sizes=\"(max-width: 300px) 100vw, 300px\" \/><\/div><\/a>\n\t\t\t\t<div class=\"elementor-post__badge\">Workshop<\/div>\n\t\t\t\t<div class=\"elementor-post__text\">\n\t\t\t\t<h3 class=\"elementor-post__title\">\n\t\t\t<a href=\"https:\/\/keepdata.com\/pt\/workshop-virtual-cellshop\/\" >\n\t\t\t\tWorkshop On-line CellShop\t\t\t<\/a>\n\t\t<\/h3>\n\t\t\t\t<div class=\"elementor-post__excerpt\">\n\t\t\t<p>No m\u00eas de novembro de 2022, a CellShop Duty Free, que possui sua loja f\u00edsica no Shopping Catua\u00ed, em Foz do Igua\u00e7u &#8211; PR, iniciou<\/p>\n\t\t<\/div>\n\t\t\t\t\t<div class=\"elementor-post__read-more-wrapper\">\n\t\t\n\t\t<a class=\"elementor-post__read-more\" href=\"https:\/\/keepdata.com\/pt\/workshop-virtual-cellshop\/\" aria-label=\"Leia mais sobre Workshop On-line CellShop\" tabindex=\"-1\" >\n\t\t\tLeia mais \u00bb\t\t<\/a>\n\n\t\t\t\t\t<\/div>\n\t\t\t\t<\/div>\n\t\t\t\t<div class=\"elementor-post__meta-data\">\n\t\t\t\t\t<span class=\"elementor-post-date\">\n\t\t\t6 de dezembro de 2022\t\t<\/span>\n\t\t\t\t<\/div>\n\t\t\t\t\t<\/div>\n\t\t<\/article>\n\t\t\t\t<article class=\"elementor-post elementor-grid-item post-2423 post type-post status-publish format-standard has-post-thumbnail hentry category-workshop\">\n\t\t\t<div class=\"elementor-post__card\">\n\t\t\t\t<a class=\"elementor-post__thumbnail__link\" href=\"https:\/\/keepdata.com\/pt\/workshop-atacado-games\/\" tabindex=\"-1\" ><div class=\"elementor-post__thumbnail\"><img decoding=\"async\" width=\"300\" height=\"169\" src=\"https:\/\/keepdata.com\/pt\/wp-content\/uploads\/2022\/10\/DSC08797-300x169.jpg\" class=\"attachment-medium size-medium wp-image-2429\" alt=\"\" srcset=\"https:\/\/keepdata.com\/pt\/wp-content\/uploads\/2022\/10\/DSC08797-300x169.jpg 300w, https:\/\/keepdata.com\/pt\/wp-content\/uploads\/2022\/10\/DSC08797-1024x576.jpg 1024w, https:\/\/keepdata.com\/pt\/wp-content\/uploads\/2022\/10\/DSC08797-768x432.jpg 768w, https:\/\/keepdata.com\/pt\/wp-content\/uploads\/2022\/10\/DSC08797-1536x864.jpg 1536w, https:\/\/keepdata.com\/pt\/wp-content\/uploads\/2022\/10\/DSC08797.jpg 1920w\" sizes=\"(max-width: 300px) 100vw, 300px\" \/><\/div><\/a>\n\t\t\t\t<div class=\"elementor-post__badge\">Workshop<\/div>\n\t\t\t\t<div class=\"elementor-post__text\">\n\t\t\t\t<h3 class=\"elementor-post__title\">\n\t\t\t<a href=\"https:\/\/keepdata.com\/pt\/workshop-atacado-games\/\" >\n\t\t\t\tWorkshop Atacado Games\t\t\t<\/a>\n\t\t<\/h3>\n\t\t\t\t<div class=\"elementor-post__excerpt\">\n\t\t\t<p>No dia 15\/10\/2022, a KeepData Original Chips em parceria com a&nbsp;Atacado Games, disponibilizou um treinamento sobre a marca e seus benef\u00edcios. Participaram deste treinamento, alguns<\/p>\n\t\t<\/div>\n\t\t\t\t\t<div class=\"elementor-post__read-more-wrapper\">\n\t\t\n\t\t<a class=\"elementor-post__read-more\" href=\"https:\/\/keepdata.com\/pt\/workshop-atacado-games\/\" aria-label=\"Leia mais sobre Workshop Atacado Games\" tabindex=\"-1\" >\n\t\t\tLeia mais \u00bb\t\t<\/a>\n\n\t\t\t\t\t<\/div>\n\t\t\t\t<\/div>\n\t\t\t\t<div class=\"elementor-post__meta-data\">\n\t\t\t\t\t<span class=\"elementor-post-date\">\n\t\t\t21 de outubro de 2022\t\t<\/span>\n\t\t\t\t<\/div>\n\t\t\t\t\t<\/div>\n\t\t<\/article>\n\t\t\t\t<article class=\"elementor-post elementor-grid-item post-2492 post type-post status-publish format-standard has-post-thumbnail hentry category-workshop\">\n\t\t\t<div class=\"elementor-post__card\">\n\t\t\t\t<a class=\"elementor-post__thumbnail__link\" href=\"https:\/\/keepdata.com\/pt\/workshop-cellshop\/\" tabindex=\"-1\" ><div class=\"elementor-post__thumbnail\"><img loading=\"lazy\" decoding=\"async\" width=\"300\" height=\"116\" src=\"https:\/\/keepdata.com\/pt\/wp-content\/uploads\/2022\/12\/ppr-DSC08184-Medium-1-300x116.jpg\" class=\"attachment-medium size-medium wp-image-2526\" alt=\"\" srcset=\"https:\/\/keepdata.com\/pt\/wp-content\/uploads\/2022\/12\/ppr-DSC08184-Medium-1-300x116.jpg 300w, https:\/\/keepdata.com\/pt\/wp-content\/uploads\/2022\/12\/ppr-DSC08184-Medium-1-1024x396.jpg 1024w, https:\/\/keepdata.com\/pt\/wp-content\/uploads\/2022\/12\/ppr-DSC08184-Medium-1-768x297.jpg 768w, https:\/\/keepdata.com\/pt\/wp-content\/uploads\/2022\/12\/ppr-DSC08184-Medium-1.jpg 1365w\" sizes=\"(max-width: 300px) 100vw, 300px\" \/><\/div><\/a>\n\t\t\t\t<div class=\"elementor-post__badge\">Workshop<\/div>\n\t\t\t\t<div class=\"elementor-post__text\">\n\t\t\t\t<h3 class=\"elementor-post__title\">\n\t\t\t<a href=\"https:\/\/keepdata.com\/pt\/workshop-cellshop\/\" >\n\t\t\t\tWorkshop CellShop\t\t\t<\/a>\n\t\t<\/h3>\n\t\t\t\t<div class=\"elementor-post__excerpt\">\n\t\t\t<p>A KeepData Original Chips em parceria com a CellShop, vem oferecendo aos seus vendedores, treinamentos voltados para o conhecimento da marca e detalhes t\u00e9cnicos importantes<\/p>\n\t\t<\/div>\n\t\t\t\t\t<div class=\"elementor-post__read-more-wrapper\">\n\t\t\n\t\t<a class=\"elementor-post__read-more\" href=\"https:\/\/keepdata.com\/pt\/workshop-cellshop\/\" aria-label=\"Leia mais sobre Workshop CellShop\" tabindex=\"-1\" >\n\t\t\tLeia mais \u00bb\t\t<\/a>\n\n\t\t\t\t\t<\/div>\n\t\t\t\t<\/div>\n\t\t\t\t<div class=\"elementor-post__meta-data\">\n\t\t\t\t\t<span class=\"elementor-post-date\">\n\t\t\t13 de outubro de 2022\t\t<\/span>\n\t\t\t\t<\/div>\n\t\t\t\t\t<\/div>\n\t\t<\/article>\n\t\t\t\t<article class=\"elementor-post elementor-grid-item post-2162 post type-post status-publish format-standard has-post-thumbnail hentry category-armazenamento\">\n\t\t\t<div class=\"elementor-post__card\">\n\t\t\t\t<a class=\"elementor-post__thumbnail__link\" href=\"https:\/\/keepdata.com\/pt\/o-que-e-para-que-serve-e-como-funciona-um-ssd\/\" tabindex=\"-1\" ><div class=\"elementor-post__thumbnail\"><img loading=\"lazy\" decoding=\"async\" width=\"300\" height=\"169\" src=\"https:\/\/keepdata.com\/pt\/wp-content\/uploads\/2022\/07\/ppr-DSC08076-300x169.jpg\" class=\"attachment-medium size-medium wp-image-698\" alt=\"\" srcset=\"https:\/\/keepdata.com\/pt\/wp-content\/uploads\/2022\/07\/ppr-DSC08076-300x169.jpg 300w, https:\/\/keepdata.com\/pt\/wp-content\/uploads\/2022\/07\/ppr-DSC08076-1024x576.jpg 1024w, https:\/\/keepdata.com\/pt\/wp-content\/uploads\/2022\/07\/ppr-DSC08076-768x432.jpg 768w, https:\/\/keepdata.com\/pt\/wp-content\/uploads\/2022\/07\/ppr-DSC08076-1536x864.jpg 1536w, https:\/\/keepdata.com\/pt\/wp-content\/uploads\/2022\/07\/ppr-DSC08076.jpg 1920w\" sizes=\"(max-width: 300px) 100vw, 300px\" \/><\/div><\/a>\n\t\t\t\t<div class=\"elementor-post__badge\">Armazenamento<\/div>\n\t\t\t\t<div class=\"elementor-post__text\">\n\t\t\t\t<h3 class=\"elementor-post__title\">\n\t\t\t<a href=\"https:\/\/keepdata.com\/pt\/o-que-e-para-que-serve-e-como-funciona-um-ssd\/\" >\n\t\t\t\tO que \u00e9, para que serve e quais os tipos de SSD\t\t\t<\/a>\n\t\t<\/h3>\n\t\t\t\t<div class=\"elementor-post__excerpt\">\n\t\t\t<p>Neste post, voc\u00ea vai conhecer um pouco mais sobre mem\u00f3rias n\u00e3o vol\u00e1teis para computadores e notebooks. Vamos apresentar o conte\u00fado de maneira pr\u00e1tica e de<\/p>\n\t\t<\/div>\n\t\t\t\t\t<div class=\"elementor-post__read-more-wrapper\">\n\t\t\n\t\t<a class=\"elementor-post__read-more\" href=\"https:\/\/keepdata.com\/pt\/o-que-e-para-que-serve-e-como-funciona-um-ssd\/\" aria-label=\"Leia mais sobre O que \u00e9, para que serve e quais os tipos de SSD\" tabindex=\"-1\" >\n\t\t\tLeia mais \u00bb\t\t<\/a>\n\n\t\t\t\t\t<\/div>\n\t\t\t\t<\/div>\n\t\t\t\t<div class=\"elementor-post__meta-data\">\n\t\t\t\t\t<span class=\"elementor-post-date\">\n\t\t\t15 de setembro de 2022\t\t<\/span>\n\t\t\t\t<\/div>\n\t\t\t\t\t<\/div>\n\t\t<\/article>\n\t\t\t\t<article class=\"elementor-post elementor-grid-item post-1913 post type-post status-publish format-standard has-post-thumbnail hentry category-memoria\">\n\t\t\t<div class=\"elementor-post__card\">\n\t\t\t\t<a class=\"elementor-post__thumbnail__link\" href=\"https:\/\/keepdata.com\/pt\/mas-afinal-voce-sabe-o-que-e-memoria-ram-para-que-serve-e-como-funciona\/\" tabindex=\"-1\" ><div class=\"elementor-post__thumbnail\"><img loading=\"lazy\" decoding=\"async\" width=\"300\" height=\"100\" src=\"https:\/\/keepdata.com\/pt\/wp-content\/uploads\/2022\/06\/carrossel6-300x100.jpg\" class=\"attachment-medium size-medium wp-image-413\" alt=\"\" srcset=\"https:\/\/keepdata.com\/pt\/wp-content\/uploads\/2022\/06\/carrossel6-300x100.jpg 300w, https:\/\/keepdata.com\/pt\/wp-content\/uploads\/2022\/06\/carrossel6-1024x341.jpg 1024w, https:\/\/keepdata.com\/pt\/wp-content\/uploads\/2022\/06\/carrossel6-768x256.jpg 768w, https:\/\/keepdata.com\/pt\/wp-content\/uploads\/2022\/06\/carrossel6-1536x512.jpg 1536w, https:\/\/keepdata.com\/pt\/wp-content\/uploads\/2022\/06\/carrossel6.jpg 1920w\" sizes=\"(max-width: 300px) 100vw, 300px\" \/><\/div><\/a>\n\t\t\t\t<div class=\"elementor-post__badge\">Mem\u00f3ria<\/div>\n\t\t\t\t<div class=\"elementor-post__text\">\n\t\t\t\t<h3 class=\"elementor-post__title\">\n\t\t\t<a href=\"https:\/\/keepdata.com\/pt\/mas-afinal-voce-sabe-o-que-e-memoria-ram-para-que-serve-e-como-funciona\/\" >\n\t\t\t\tMas afinal, voc\u00ea sabe o que \u00e9 Mem\u00f3ria RAM, para que serve e como funciona?\t\t\t<\/a>\n\t\t<\/h3>\n\t\t\t\t<div class=\"elementor-post__excerpt\">\n\t\t\t<p>Voc\u00ea realmente sabe como funciona no seu dia a dia uma Mem\u00f3ria RAM? Se o seu computador come\u00e7a a travar e voc\u00ea n\u00e3o consegue abrir<\/p>\n\t\t<\/div>\n\t\t\t\t\t<div class=\"elementor-post__read-more-wrapper\">\n\t\t\n\t\t<a class=\"elementor-post__read-more\" href=\"https:\/\/keepdata.com\/pt\/mas-afinal-voce-sabe-o-que-e-memoria-ram-para-que-serve-e-como-funciona\/\" aria-label=\"Leia mais sobre Mas afinal, voc\u00ea sabe o que \u00e9 Mem\u00f3ria RAM, para que serve e como funciona?\" tabindex=\"-1\" >\n\t\t\tLeia mais \u00bb\t\t<\/a>\n\n\t\t\t\t\t<\/div>\n\t\t\t\t<\/div>\n\t\t\t\t<div class=\"elementor-post__meta-data\">\n\t\t\t\t\t<span class=\"elementor-post-date\">\n\t\t\t14 de setembro de 2022\t\t<\/span>\n\t\t\t\t<\/div>\n\t\t\t\t\t<\/div>\n\t\t<\/article>\n\t\t\t\t<\/div>\n\t\t\n\t\t\t\t\t\t<\/div>\n\t\t\t\t<\/div>\n\t\t\t\t\t<\/div>\n\t\t<\/div>\n\t\t\t\t\t<\/div>\n\t\t<\/section>\n\t\t\t\t<\/div>\n\t\t","protected":false},"excerpt":{"rendered":"<p>Nosso Blog Saiba mais sobre produtos, as \u00faltimas tend\u00eancias em tecnologia e melhores pr\u00e1ticas de uso.<\/p>\n","protected":false},"author":1,"featured_media":0,"parent":0,"menu_order":0,"comment_status":"closed","ping_status":"closed","template":"elementor_header_footer","meta":{"footnotes":""},"folder":[],"class_list":["post-35","page","type-page","status-publish","hentry"],"_links":{"self":[{"href":"https:\/\/keepdata.com\/pt\/wp-json\/wp\/v2\/pages\/35","targetHints":{"allow":["GET"]}}],"collection":[{"href":"https:\/\/keepdata.com\/pt\/wp-json\/wp\/v2\/pages"}],"about":[{"href":"https:\/\/keepdata.com\/pt\/wp-json\/wp\/v2\/types\/page"}],"author":[{"embeddable":true,"href":"https:\/\/keepdata.com\/pt\/wp-json\/wp\/v2\/users\/1"}],"replies":[{"embeddable":true,"href":"https:\/\/keepdata.com\/pt\/wp-json\/wp\/v2\/comments?post=35"}],"version-history":[{"count":16,"href":"https:\/\/keepdata.com\/pt\/wp-json\/wp\/v2\/pages\/35\/revisions"}],"predecessor-version":[{"id":2564,"href":"https:\/\/keepdata.com\/pt\/wp-json\/wp\/v2\/pages\/35\/revisions\/2564"}],"wp:attachment":[{"href":"https:\/\/keepdata.com\/pt\/wp-json\/wp\/v2\/media?parent=35"}],"wp:term":[{"taxonomy":"folder","embeddable":true,"href":"https:\/\/keepdata.com\/pt\/wp-json\/wp\/v2\/folder?post=35"}],"curies":[{"name":"wp","href":"https:\/\/api.w.org\/{rel}","templated":true}]}}