{"id":3705,"date":"2025-06-25T13:08:27","date_gmt":"2025-06-25T16:08:27","guid":{"rendered":"https:\/\/keepdata.com\/pt\/?page_id=3705"},"modified":"2026-02-06T18:16:04","modified_gmt":"2026-02-06T21:16:04","slug":"pc-ddr4-16gb-3600mhz-white","status":"publish","type":"page","link":"https:\/\/keepdata.com\/pt\/pc-ddr4-16gb-3600mhz-white\/","title":{"rendered":"PC DDR4 16GB 3600MHz White"},"content":{"rendered":"\t\t<div data-elementor-type=\"wp-page\" data-elementor-id=\"3705\" class=\"elementor elementor-3705\" data-elementor-post-type=\"page\">\n\t\t\t\t\t\t<section class=\"elementor-section elementor-top-section elementor-element elementor-element-d96d862 elementor-section-height-min-height elementor-section-items-top elementor-section-content-middle elementor-section-boxed elementor-section-height-default\" data-id=\"d96d862\" data-element_type=\"section\" data-e-type=\"section\" data-settings=\"{&quot;background_background&quot;:&quot;classic&quot;}\">\n\t\t\t\t\t\t<div class=\"elementor-container elementor-column-gap-default\">\n\t\t\t\t\t<div class=\"elementor-column elementor-col-50 elementor-top-column elementor-element elementor-element-330b14e\" data-id=\"330b14e\" data-element_type=\"column\" data-e-type=\"column\">\n\t\t\t<div class=\"elementor-widget-wrap elementor-element-populated\">\n\t\t\t\t\t\t<div class=\"elementor-element elementor-element-d010045 elementor-widget elementor-widget-image\" data-id=\"d010045\" data-element_type=\"widget\" data-e-type=\"widget\" data-widget_type=\"image.default\">\n\t\t\t\t<div class=\"elementor-widget-container\">\n\t\t\t\t\t\t\t\t\t\t\t\t\t\t\t<img decoding=\"async\" width=\"300\" height=\"99\" src=\"https:\/\/keepdata.com\/pt\/wp-content\/uploads\/2025\/06\/dragonfly-300x99.png\" class=\"attachment-medium size-medium wp-image-3540\" alt=\"\" srcset=\"https:\/\/keepdata.com\/pt\/wp-content\/uploads\/2025\/06\/dragonfly-300x99.png 300w, https:\/\/keepdata.com\/pt\/wp-content\/uploads\/2025\/06\/dragonfly.png 613w\" sizes=\"(max-width: 300px) 100vw, 300px\" \/>\t\t\t\t\t\t\t\t\t\t\t\t\t\t\t<\/div>\n\t\t\t\t<\/div>\n\t\t\t\t<div class=\"elementor-element elementor-element-1160916 elementor-widget elementor-widget-heading\" data-id=\"1160916\" data-element_type=\"widget\" data-e-type=\"widget\" data-widget_type=\"heading.default\">\n\t\t\t\t<div class=\"elementor-widget-container\">\n\t\t\t\t\t<h2 class=\"elementor-heading-title elementor-size-default\">Dragonfly: Pot\u00eancia, Velocidade e Desempenho para Qualquer Desafio<\/h2>\t\t\t\t<\/div>\n\t\t\t\t<\/div>\n\t\t\t\t\t<\/div>\n\t\t<\/div>\n\t\t\t\t<div class=\"elementor-column elementor-col-50 elementor-top-column elementor-element elementor-element-4c2f525\" data-id=\"4c2f525\" data-element_type=\"column\" data-e-type=\"column\">\n\t\t\t<div class=\"elementor-widget-wrap\">\n\t\t\t\t\t\t\t<\/div>\n\t\t<\/div>\n\t\t\t\t\t<\/div>\n\t\t<\/section>\n\t\t\t\t<section class=\"elementor-section elementor-top-section elementor-element elementor-element-51fa659 elementor-section-boxed elementor-section-height-default elementor-section-height-default\" data-id=\"51fa659\" data-element_type=\"section\" data-e-type=\"section\">\n\t\t\t\t\t\t<div class=\"elementor-container elementor-column-gap-default\">\n\t\t\t\t\t<div class=\"elementor-column elementor-col-100 elementor-top-column elementor-element elementor-element-ff1d7cd\" data-id=\"ff1d7cd\" data-element_type=\"column\" data-e-type=\"column\">\n\t\t\t<div class=\"elementor-widget-wrap elementor-element-populated\">\n\t\t\t\t\t\t<div class=\"elementor-element elementor-element-55c413c elementor-widget elementor-widget-image\" data-id=\"55c413c\" data-element_type=\"widget\" data-e-type=\"widget\" data-widget_type=\"image.default\">\n\t\t\t\t<div class=\"elementor-widget-container\">\n\t\t\t\t\t\t\t\t\t\t\t\t\t\t\t<img fetchpriority=\"high\" decoding=\"async\" width=\"768\" height=\"77\" src=\"https:\/\/keepdata.com\/pt\/wp-content\/uploads\/2025\/06\/memory-ram-mobile-vermelho-768x77.png\" class=\"attachment-medium_large size-medium_large wp-image-3559\" alt=\"\" srcset=\"https:\/\/keepdata.com\/pt\/wp-content\/uploads\/2025\/06\/memory-ram-mobile-vermelho-768x77.png 768w, https:\/\/keepdata.com\/pt\/wp-content\/uploads\/2025\/06\/memory-ram-mobile-vermelho-300x30.png 300w, https:\/\/keepdata.com\/pt\/wp-content\/uploads\/2025\/06\/memory-ram-mobile-vermelho.png 954w\" sizes=\"(max-width: 768px) 100vw, 768px\" \/>\t\t\t\t\t\t\t\t\t\t\t\t\t\t\t<\/div>\n\t\t\t\t<\/div>\n\t\t\t\t<div class=\"elementor-element elementor-element-4800673c elementor-widget elementor-widget-heading\" data-id=\"4800673c\" data-element_type=\"widget\" data-e-type=\"widget\" data-widget_type=\"heading.default\">\n\t\t\t\t<div class=\"elementor-widget-container\">\n\t\t\t\t\t<h2 class=\"elementor-heading-title elementor-size-default\">DDR4 16GB 3600MHz White<\/h2>\t\t\t\t<\/div>\n\t\t\t\t<\/div>\n\t\t\t\t\t<\/div>\n\t\t<\/div>\n\t\t\t\t\t<\/div>\n\t\t<\/section>\n\t\t\t\t<section class=\"elementor-section elementor-top-section elementor-element elementor-element-da8b467 elementor-section-content-middle elementor-section-boxed elementor-section-height-default elementor-section-height-default\" data-id=\"da8b467\" data-element_type=\"section\" data-e-type=\"section\">\n\t\t\t\t\t\t<div class=\"elementor-container elementor-column-gap-default\">\n\t\t\t\t\t<div class=\"elementor-column elementor-col-66 elementor-top-column elementor-element elementor-element-16f3f90 elementor-hidden-mobile\" data-id=\"16f3f90\" data-element_type=\"column\" data-e-type=\"column\">\n\t\t\t<div class=\"elementor-widget-wrap elementor-element-populated\">\n\t\t\t\t\t\t<div class=\"elementor-element elementor-element-4e034b74 elementor-widget elementor-widget-image\" data-id=\"4e034b74\" data-element_type=\"widget\" data-e-type=\"widget\" data-widget_type=\"image.default\">\n\t\t\t\t<div class=\"elementor-widget-container\">\n\t\t\t\t\t\t\t\t\t\t\t\t\t\t\t<img decoding=\"async\" width=\"768\" height=\"306\" src=\"https:\/\/keepdata.com\/pt\/wp-content\/uploads\/2025\/06\/PC-DDR4-KDH36C18W-16G-768x306.jpg\" class=\"attachment-medium_large size-medium_large wp-image-3644\" alt=\"\" srcset=\"https:\/\/keepdata.com\/pt\/wp-content\/uploads\/2025\/06\/PC-DDR4-KDH36C18W-16G-768x306.jpg 768w, https:\/\/keepdata.com\/pt\/wp-content\/uploads\/2025\/06\/PC-DDR4-KDH36C18W-16G-300x120.jpg 300w, https:\/\/keepdata.com\/pt\/wp-content\/uploads\/2025\/06\/PC-DDR4-KDH36C18W-16G.jpg 800w\" sizes=\"(max-width: 768px) 100vw, 768px\" \/>\t\t\t\t\t\t\t\t\t\t\t\t\t\t\t<\/div>\n\t\t\t\t<\/div>\n\t\t\t\t\t<\/div>\n\t\t<\/div>\n\t\t\t\t<div class=\"elementor-column elementor-col-33 elementor-top-column elementor-element elementor-element-9a98420\" data-id=\"9a98420\" data-element_type=\"column\" data-e-type=\"column\">\n\t\t\t<div class=\"elementor-widget-wrap elementor-element-populated\">\n\t\t\t\t\t\t<div class=\"elementor-element elementor-element-1e5a068 elementor-widget elementor-widget-heading\" data-id=\"1e5a068\" data-element_type=\"widget\" data-e-type=\"widget\" data-widget_type=\"heading.default\">\n\t\t\t\t<div class=\"elementor-widget-container\">\n\t\t\t\t\t<h2 class=\"elementor-heading-title elementor-size-default\">Mem\u00f3ria para Computador Desktop\n<br>Modelo: KDH36C18W\/16G\n<\/h2>\t\t\t\t<\/div>\n\t\t\t\t<\/div>\n\t\t\t\t<div class=\"elementor-element elementor-element-400255e elementor-widget elementor-widget-text-editor\" data-id=\"400255e\" data-element_type=\"widget\" data-e-type=\"widget\" data-widget_type=\"text-editor.default\">\n\t\t\t\t<div class=\"elementor-widget-container\">\n\t\t\t\t\t\t\t\t\t<p data-start=\"939\" data-end=\"1169\">Cada produto da linha Dragonfly \u00e9 desenvolvido com foco total em desempenho. Seja para buscar a vit\u00f3ria em uma partida ou renderizar projetos complexos, a <strong data-start=\"1094\" data-end=\"1168\">Dragonfly te d\u00e1 a vantagem que voc\u00ea precisa para alcan\u00e7ar o seu melhor<\/strong>.<\/p>\t\t\t\t\t\t\t\t<\/div>\n\t\t\t\t<\/div>\n\t\t\t\t\t<\/div>\n\t\t<\/div>\n\t\t\t\t\t<\/div>\n\t\t<\/section>\n\t\t\t\t<section class=\"elementor-section elementor-top-section elementor-element elementor-element-4d67c55 elementor-section-boxed elementor-section-height-default elementor-section-height-default\" data-id=\"4d67c55\" data-element_type=\"section\" data-e-type=\"section\">\n\t\t\t\t\t\t<div class=\"elementor-container elementor-column-gap-default\">\n\t\t\t\t\t<div class=\"elementor-column elementor-col-100 elementor-top-column elementor-element elementor-element-2527732f\" data-id=\"2527732f\" data-element_type=\"column\" data-e-type=\"column\">\n\t\t\t<div class=\"elementor-widget-wrap elementor-element-populated\">\n\t\t\t\t\t\t<div class=\"elementor-element elementor-element-13e4a26 elementor-widget elementor-widget-image-gallery\" data-id=\"13e4a26\" data-element_type=\"widget\" data-e-type=\"widget\" data-widget_type=\"image-gallery.default\">\n\t\t\t\t<div class=\"elementor-widget-container\">\n\t\t\t\t\t\t\t<div class=\"elementor-image-gallery\">\n\t\t\t<div id='gallery-1' class='gallery galleryid-3705 gallery-columns-3 gallery-size-medium'><figure class='gallery-item'>\n\t\t\t<div class='gallery-icon landscape'>\n\t\t\t\t<a data-elementor-open-lightbox=\"yes\" data-elementor-lightbox-slideshow=\"13e4a26\" data-elementor-lightbox-title=\"PC DDR4 KDH36C18W 16G_1\" data-e-action-hash=\"#elementor-action%3Aaction%3Dlightbox%26settings%3DeyJpZCI6MzcwNywidXJsIjoiaHR0cHM6XC9cL2tlZXBkYXRhLmNvbVwvcHRcL3dwLWNvbnRlbnRcL3VwbG9hZHNcLzIwMjVcLzA2XC9QQy1ERFI0LUtESDM2QzE4Vy0xNkdfMS5qcGciLCJzbGlkZXNob3ciOiIxM2U0YTI2In0%3D\" href='https:\/\/keepdata.com\/pt\/wp-content\/uploads\/2025\/06\/PC-DDR4-KDH36C18W-16G_1.jpg'><img loading=\"lazy\" decoding=\"async\" width=\"300\" height=\"300\" src=\"https:\/\/keepdata.com\/pt\/wp-content\/uploads\/2025\/06\/PC-DDR4-KDH36C18W-16G_1-300x300.jpg\" class=\"attachment-medium size-medium\" alt=\"\" srcset=\"https:\/\/keepdata.com\/pt\/wp-content\/uploads\/2025\/06\/PC-DDR4-KDH36C18W-16G_1-300x300.jpg 300w, https:\/\/keepdata.com\/pt\/wp-content\/uploads\/2025\/06\/PC-DDR4-KDH36C18W-16G_1-1024x1024.jpg 1024w, https:\/\/keepdata.com\/pt\/wp-content\/uploads\/2025\/06\/PC-DDR4-KDH36C18W-16G_1-150x150.jpg 150w, https:\/\/keepdata.com\/pt\/wp-content\/uploads\/2025\/06\/PC-DDR4-KDH36C18W-16G_1-768x768.jpg 768w, https:\/\/keepdata.com\/pt\/wp-content\/uploads\/2025\/06\/PC-DDR4-KDH36C18W-16G_1.jpg 1080w\" sizes=\"(max-width: 300px) 100vw, 300px\" \/><\/a>\n\t\t\t<\/div><\/figure><figure class='gallery-item'>\n\t\t\t<div class='gallery-icon landscape'>\n\t\t\t\t<a data-elementor-open-lightbox=\"yes\" data-elementor-lightbox-slideshow=\"13e4a26\" data-elementor-lightbox-title=\"PC DDR4 KDH36C18W 16G_2\" data-e-action-hash=\"#elementor-action%3Aaction%3Dlightbox%26settings%3DeyJpZCI6MzcwOCwidXJsIjoiaHR0cHM6XC9cL2tlZXBkYXRhLmNvbVwvcHRcL3dwLWNvbnRlbnRcL3VwbG9hZHNcLzIwMjVcLzA2XC9QQy1ERFI0LUtESDM2QzE4Vy0xNkdfMi5qcGciLCJzbGlkZXNob3ciOiIxM2U0YTI2In0%3D\" href='https:\/\/keepdata.com\/pt\/wp-content\/uploads\/2025\/06\/PC-DDR4-KDH36C18W-16G_2.jpg'><img loading=\"lazy\" decoding=\"async\" width=\"300\" height=\"300\" src=\"https:\/\/keepdata.com\/pt\/wp-content\/uploads\/2025\/06\/PC-DDR4-KDH36C18W-16G_2-300x300.jpg\" class=\"attachment-medium size-medium\" alt=\"\" srcset=\"https:\/\/keepdata.com\/pt\/wp-content\/uploads\/2025\/06\/PC-DDR4-KDH36C18W-16G_2-300x300.jpg 300w, https:\/\/keepdata.com\/pt\/wp-content\/uploads\/2025\/06\/PC-DDR4-KDH36C18W-16G_2-1024x1024.jpg 1024w, https:\/\/keepdata.com\/pt\/wp-content\/uploads\/2025\/06\/PC-DDR4-KDH36C18W-16G_2-150x150.jpg 150w, https:\/\/keepdata.com\/pt\/wp-content\/uploads\/2025\/06\/PC-DDR4-KDH36C18W-16G_2-768x768.jpg 768w, https:\/\/keepdata.com\/pt\/wp-content\/uploads\/2025\/06\/PC-DDR4-KDH36C18W-16G_2.jpg 1080w\" sizes=\"(max-width: 300px) 100vw, 300px\" \/><\/a>\n\t\t\t<\/div><\/figure><figure class='gallery-item'>\n\t\t\t<div class='gallery-icon landscape'>\n\t\t\t\t<a data-elementor-open-lightbox=\"yes\" data-elementor-lightbox-slideshow=\"13e4a26\" data-elementor-lightbox-title=\"PC DDR4 KDH36C18W 16G_3\" data-e-action-hash=\"#elementor-action%3Aaction%3Dlightbox%26settings%3DeyJpZCI6MzcwOSwidXJsIjoiaHR0cHM6XC9cL2tlZXBkYXRhLmNvbVwvcHRcL3dwLWNvbnRlbnRcL3VwbG9hZHNcLzIwMjVcLzA2XC9QQy1ERFI0LUtESDM2QzE4Vy0xNkdfMy0xLmpwZyIsInNsaWRlc2hvdyI6IjEzZTRhMjYifQ%3D%3D\" href='https:\/\/keepdata.com\/pt\/wp-content\/uploads\/2025\/06\/PC-DDR4-KDH36C18W-16G_3-1.jpg'><img loading=\"lazy\" decoding=\"async\" width=\"300\" height=\"300\" src=\"https:\/\/keepdata.com\/pt\/wp-content\/uploads\/2025\/06\/PC-DDR4-KDH36C18W-16G_3-1-300x300.jpg\" class=\"attachment-medium size-medium\" alt=\"\" srcset=\"https:\/\/keepdata.com\/pt\/wp-content\/uploads\/2025\/06\/PC-DDR4-KDH36C18W-16G_3-1-300x300.jpg 300w, https:\/\/keepdata.com\/pt\/wp-content\/uploads\/2025\/06\/PC-DDR4-KDH36C18W-16G_3-1-1024x1024.jpg 1024w, https:\/\/keepdata.com\/pt\/wp-content\/uploads\/2025\/06\/PC-DDR4-KDH36C18W-16G_3-1-150x150.jpg 150w, https:\/\/keepdata.com\/pt\/wp-content\/uploads\/2025\/06\/PC-DDR4-KDH36C18W-16G_3-1-768x768.jpg 768w, https:\/\/keepdata.com\/pt\/wp-content\/uploads\/2025\/06\/PC-DDR4-KDH36C18W-16G_3-1.jpg 1080w\" sizes=\"(max-width: 300px) 100vw, 300px\" \/><\/a>\n\t\t\t<\/div><\/figure>\n\t\t<\/div>\n\t\t<\/div>\n\t\t\t\t\t\t<\/div>\n\t\t\t\t<\/div>\n\t\t\t\t<div class=\"elementor-element elementor-element-ef57a6 elementor-widget elementor-widget-text-editor\" data-id=\"ef57a6\" data-element_type=\"widget\" data-e-type=\"widget\" data-widget_type=\"text-editor.default\">\n\t\t\t\t<div class=\"elementor-widget-container\">\n\t\t\t\t\t\t\t\t\t<p>Todas as mem\u00f3rias KeepData contam com 100% de testes, garantia vital\u00edcia e chips originais em todos os modelos.<\/p>\t\t\t\t\t\t\t\t<\/div>\n\t\t\t\t<\/div>\n\t\t\t\t<div class=\"elementor-element elementor-element-7fa1a191 elementor-widget elementor-widget-heading\" data-id=\"7fa1a191\" data-element_type=\"widget\" data-e-type=\"widget\" data-widget_type=\"heading.default\">\n\t\t\t\t<div class=\"elementor-widget-container\">\n\t\t\t\t\t<h2 class=\"elementor-heading-title elementor-size-default\">Especifica\u00e7\u00f5es T\u00e9cnicas:<\/h2>\t\t\t\t<\/div>\n\t\t\t\t<\/div>\n\t\t\t\t<div class=\"elementor-element elementor-element-8fc52 elementor-widget elementor-widget-elementskit-tablepress\" data-id=\"8fc52\" data-element_type=\"widget\" data-e-type=\"widget\" data-widget_type=\"elementskit-tablepress.default\">\n\t\t\t\t<div class=\"elementor-widget-container\">\n\t\t\t\t\t<div class=\"elemenetskit-tablepress ekit-wid-con\" id=\"ekit_tablepress_8fc52\">\n<table id=\"tablepress-96\" class=\"tablepress tablepress-id-96\">\n<tbody class=\"row-striping row-hover\">\n<tr class=\"row-1\">\n\t<td class=\"column-1\">EAN<\/td><td class=\"column-2\">7898722601031<\/td><td class=\"column-3\"><\/td>\n<\/tr>\n<tr class=\"row-2\">\n\t<td class=\"column-1\">Function<\/td><td class=\"column-2\">NON-ECC<\/td><td class=\"column-3\"><\/td>\n<\/tr>\n<tr class=\"row-3\">\n\t<td class=\"column-1\">Frequency<\/td><td class=\"column-2\">3600<\/td><td class=\"column-3\"><\/td>\n<\/tr>\n<tr class=\"row-4\">\n\t<td class=\"column-1\">For Desktop<\/td><td class=\"column-2\">PC4-28800<\/td><td class=\"column-3\"><\/td>\n<\/tr>\n<tr class=\"row-5\">\n\t<td class=\"column-1\">CAS Latency<\/td><td class=\"column-2\">CL18<\/td><td class=\"column-3\"><\/td>\n<\/tr>\n<tr class=\"row-6\">\n\t<td class=\"column-1\">Form Factor<\/td><td class=\"column-2\">LONG DIMM 288PIN<\/td><td class=\"column-3\"><\/td>\n<\/tr>\n<tr class=\"row-7\">\n\t<td class=\"column-1\">Capacity<\/td><td class=\"column-2\">16GB<\/td><td class=\"column-3\"><\/td>\n<\/tr>\n<tr class=\"row-8\">\n\t<td class=\"column-1\">Chips brand<\/td><td class=\"column-2\">Hynix\/SEC\/Elpida\/Nanya<\/td><td class=\"column-3\"><\/td>\n<\/tr>\n<tr class=\"row-9\">\n\t<td class=\"column-1\">Voltage<\/td><td class=\"column-2\">1.1V<\/td><td class=\"column-3\"><\/td>\n<\/tr>\n<tr class=\"row-10\">\n\t<td class=\"column-1\">Gross weight<\/td><td class=\"column-2\">62g<\/td><td class=\"column-3\"><\/td>\n<\/tr>\n<tr class=\"row-11\">\n\t<td class=\"column-1\">Net weight<\/td><td class=\"column-2\">38g<\/td><td class=\"column-3\"><\/td>\n<\/tr>\n<tr class=\"row-12\">\n\t<td class=\"column-1\">Packing<\/td><td class=\"column-2\">158x72x13mm<\/td><td class=\"column-3\"><\/td>\n<\/tr>\n<tr class=\"row-13\">\n\t<td class=\"column-1\"><\/td><td class=\"column-2\"><\/td><td class=\"column-3\"><\/td>\n<\/tr>\n<tr class=\"row-14\">\n\t<td class=\"column-1\"><\/td><td class=\"column-2\"><\/td><td class=\"column-3\"><\/td>\n<\/tr>\n<tr class=\"row-15\">\n\t<td class=\"column-1\"><\/td><td class=\"column-2\"><\/td><td class=\"column-3\"><\/td>\n<\/tr>\n<tr class=\"row-16\">\n\t<td class=\"column-1\"><\/td><td class=\"column-2\"> <\/td><td class=\"column-3\"><\/td>\n<\/tr>\n<\/tbody>\n<\/table>\n<\/div>\t\t\t\t<\/div>\n\t\t\t\t<\/div>\n\t\t\t\t\t<\/div>\n\t\t<\/div>\n\t\t\t\t\t<\/div>\n\t\t<\/section>\n\t\t\t\t<\/div>\n\t\t","protected":false},"excerpt":{"rendered":"<p>Dragonfly: Pot\u00eancia, Velocidade e Desempenho para Qualquer Desafio DDR4 16GB 3600MHz White Mem\u00f3ria para Computador Desktop Modelo: KDH36C18W\/16G Cada produto da linha Dragonfly \u00e9 desenvolvido com foco total em desempenho. Seja para buscar a vit\u00f3ria em uma partida ou renderizar projetos complexos, a Dragonfly te d\u00e1 a vantagem que voc\u00ea precisa para alcan\u00e7ar o seu [&hellip;]<\/p>\n","protected":false},"author":1,"featured_media":0,"parent":0,"menu_order":0,"comment_status":"closed","ping_status":"closed","template":"elementor_header_footer","meta":{"footnotes":""},"folder":[],"class_list":["post-3705","page","type-page","status-publish","hentry"],"_links":{"self":[{"href":"https:\/\/keepdata.com\/pt\/wp-json\/wp\/v2\/pages\/3705","targetHints":{"allow":["GET"]}}],"collection":[{"href":"https:\/\/keepdata.com\/pt\/wp-json\/wp\/v2\/pages"}],"about":[{"href":"https:\/\/keepdata.com\/pt\/wp-json\/wp\/v2\/types\/page"}],"author":[{"embeddable":true,"href":"https:\/\/keepdata.com\/pt\/wp-json\/wp\/v2\/users\/1"}],"replies":[{"embeddable":true,"href":"https:\/\/keepdata.com\/pt\/wp-json\/wp\/v2\/comments?post=3705"}],"version-history":[{"count":13,"href":"https:\/\/keepdata.com\/pt\/wp-json\/wp\/v2\/pages\/3705\/revisions"}],"predecessor-version":[{"id":4253,"href":"https:\/\/keepdata.com\/pt\/wp-json\/wp\/v2\/pages\/3705\/revisions\/4253"}],"wp:attachment":[{"href":"https:\/\/keepdata.com\/pt\/wp-json\/wp\/v2\/media?parent=3705"}],"wp:term":[{"taxonomy":"folder","embeddable":true,"href":"https:\/\/keepdata.com\/pt\/wp-json\/wp\/v2\/folder?post=3705"}],"curies":[{"name":"wp","href":"https:\/\/api.w.org\/{rel}","templated":true}]}}