{"id":4279,"date":"2026-03-11T17:54:36","date_gmt":"2026-03-11T20:54:36","guid":{"rendered":"https:\/\/keepdata.com\/pt\/?page_id=4279"},"modified":"2026-03-12T17:21:44","modified_gmt":"2026-03-12T20:21:44","slug":"cpu-cooler-kd-a1c","status":"publish","type":"page","link":"https:\/\/keepdata.com\/pt\/cpu-cooler-kd-a1c\/","title":{"rendered":"CPU Cooler KD-A1C"},"content":{"rendered":"\t\t<div data-elementor-type=\"wp-page\" data-elementor-id=\"4279\" class=\"elementor elementor-4279\" data-elementor-post-type=\"page\">\n\t\t\t\t\t\t<section class=\"elementor-section elementor-top-section elementor-element elementor-element-9268f14 elementor-section-boxed elementor-section-height-default elementor-section-height-default\" data-id=\"9268f14\" data-element_type=\"section\" data-e-type=\"section\" data-settings=\"{&quot;background_background&quot;:&quot;classic&quot;}\">\n\t\t\t\t\t\t<div class=\"elementor-container elementor-column-gap-default\">\n\t\t\t\t\t<div class=\"elementor-column elementor-col-50 elementor-top-column elementor-element elementor-element-8d51c8c\" data-id=\"8d51c8c\" data-element_type=\"column\" data-e-type=\"column\">\n\t\t\t<div class=\"elementor-widget-wrap elementor-element-populated\">\n\t\t\t\t\t\t<div class=\"elementor-element elementor-element-90a33e6 elementor-widget elementor-widget-image\" data-id=\"90a33e6\" data-element_type=\"widget\" data-e-type=\"widget\" data-widget_type=\"image.default\">\n\t\t\t\t<div class=\"elementor-widget-container\">\n\t\t\t\t\t\t\t\t\t\t\t\t\t\t\t<img decoding=\"async\" width=\"375\" height=\"107\" src=\"https:\/\/keepdata.com\/pt\/wp-content\/uploads\/2026\/03\/cpu-cooler.png\" class=\"attachment-large size-large wp-image-4288\" alt=\"\" srcset=\"https:\/\/keepdata.com\/pt\/wp-content\/uploads\/2026\/03\/cpu-cooler.png 375w, https:\/\/keepdata.com\/pt\/wp-content\/uploads\/2026\/03\/cpu-cooler-300x86.png 300w\" sizes=\"(max-width: 375px) 100vw, 375px\" \/>\t\t\t\t\t\t\t\t\t\t\t\t\t\t\t<\/div>\n\t\t\t\t<\/div>\n\t\t\t\t<div class=\"elementor-element elementor-element-da379ca elementor-widget elementor-widget-heading\" data-id=\"da379ca\" data-element_type=\"widget\" data-e-type=\"widget\" data-widget_type=\"heading.default\">\n\t\t\t\t<div class=\"elementor-widget-container\">\n\t\t\t\t\t<h1 class=\"elementor-heading-title elementor-size-default\">CPU COOLER KD-A1C<\/h1>\t\t\t\t<\/div>\n\t\t\t\t<\/div>\n\t\t\t\t<div class=\"elementor-element elementor-element-29f97e77 elementor-widget elementor-widget-heading\" data-id=\"29f97e77\" data-element_type=\"widget\" data-e-type=\"widget\" data-widget_type=\"heading.default\">\n\t\t\t\t<div class=\"elementor-widget-container\">\n\t\t\t\t\t<h2 class=\"elementor-heading-title elementor-size-default\">Resfriamento eficiente e silencioso para processadores Intel<\/h2>\t\t\t\t<\/div>\n\t\t\t\t<\/div>\n\t\t\t\t<div class=\"elementor-element elementor-element-9480c01 elementor-widget elementor-widget-heading\" data-id=\"9480c01\" data-element_type=\"widget\" data-e-type=\"widget\" data-widget_type=\"heading.default\">\n\t\t\t\t<div class=\"elementor-widget-container\">\n\t\t\t\t\t<h2 class=\"elementor-heading-title elementor-size-default\">O Keepdata KD-A1C CPU Cooler \u00e9 uma solu\u00e7\u00e3o de refrigera\u00e7\u00e3o compacta e eficiente projetada para manter o desempenho ideal de processadores Intel em computadores desktop. Desenvolvido para oferecer resfriamento confi\u00e1vel, opera\u00e7\u00e3o silenciosa e f\u00e1cil instala\u00e7\u00e3o, o KD-A1C \u00e9 uma excelente op\u00e7\u00e3o para atualiza\u00e7\u00e3o de sistemas ou montagem de novos PCs.<\/h2>\t\t\t\t<\/div>\n\t\t\t\t<\/div>\n\t\t\t\t<div class=\"elementor-element elementor-element-7fbd65e elementor-widget elementor-widget-image\" data-id=\"7fbd65e\" data-element_type=\"widget\" data-e-type=\"widget\" data-widget_type=\"image.default\">\n\t\t\t\t<div class=\"elementor-widget-container\">\n\t\t\t\t\t\t\t\t\t\t\t\t\t\t\t<img decoding=\"async\" width=\"565\" height=\"46\" src=\"https:\/\/keepdata.com\/pt\/wp-content\/uploads\/2026\/03\/icons1.jpg\" class=\"attachment-large size-large wp-image-4286\" alt=\"\" srcset=\"https:\/\/keepdata.com\/pt\/wp-content\/uploads\/2026\/03\/icons1.jpg 565w, https:\/\/keepdata.com\/pt\/wp-content\/uploads\/2026\/03\/icons1-300x24.jpg 300w\" sizes=\"(max-width: 565px) 100vw, 565px\" \/>\t\t\t\t\t\t\t\t\t\t\t\t\t\t\t<\/div>\n\t\t\t\t<\/div>\n\t\t\t\t\t<\/div>\n\t\t<\/div>\n\t\t\t\t<div class=\"elementor-column elementor-col-50 elementor-top-column elementor-element elementor-element-776a7377\" data-id=\"776a7377\" data-element_type=\"column\" data-e-type=\"column\">\n\t\t\t<div class=\"elementor-widget-wrap elementor-element-populated\">\n\t\t\t\t\t\t<div class=\"elementor-element elementor-element-8890f57 elementor-widget elementor-widget-image\" data-id=\"8890f57\" data-element_type=\"widget\" data-e-type=\"widget\" data-widget_type=\"image.default\">\n\t\t\t\t<div class=\"elementor-widget-container\">\n\t\t\t\t\t\t\t\t\t\t\t\t\t\t\t<img fetchpriority=\"high\" decoding=\"async\" width=\"433\" height=\"471\" src=\"https:\/\/keepdata.com\/pt\/wp-content\/uploads\/2026\/03\/cooler-KD-A1C.png\" class=\"attachment-large size-large wp-image-4287\" alt=\"\" srcset=\"https:\/\/keepdata.com\/pt\/wp-content\/uploads\/2026\/03\/cooler-KD-A1C.png 433w, https:\/\/keepdata.com\/pt\/wp-content\/uploads\/2026\/03\/cooler-KD-A1C-276x300.png 276w\" sizes=\"(max-width: 433px) 100vw, 433px\" \/>\t\t\t\t\t\t\t\t\t\t\t\t\t\t\t<\/div>\n\t\t\t\t<\/div>\n\t\t\t\t\t<\/div>\n\t\t<\/div>\n\t\t\t\t\t<\/div>\n\t\t<\/section>\n\t\t\t\t<section class=\"elementor-section elementor-top-section elementor-element elementor-element-12d73260 elementor-section-boxed elementor-section-height-default elementor-section-height-default\" data-id=\"12d73260\" data-element_type=\"section\" data-e-type=\"section\" data-settings=\"{&quot;background_background&quot;:&quot;classic&quot;}\">\n\t\t\t\t\t\t<div class=\"elementor-container elementor-column-gap-default\">\n\t\t\t\t\t<div class=\"elementor-column elementor-col-100 elementor-top-column elementor-element elementor-element-469f0dab\" data-id=\"469f0dab\" data-element_type=\"column\" data-e-type=\"column\">\n\t\t\t<div class=\"elementor-widget-wrap elementor-element-populated\">\n\t\t\t\t\t\t<div class=\"elementor-element elementor-element-0ab9e94 elementor-widget elementor-widget-heading\" data-id=\"0ab9e94\" data-element_type=\"widget\" data-e-type=\"widget\" data-widget_type=\"heading.default\">\n\t\t\t\t<div class=\"elementor-widget-container\">\n\t\t\t\t\t<h2 class=\"elementor-heading-title elementor-size-default\">Equipado com uma ventoinha de 90 mm de alto desempenho, o cooler proporciona fluxo de ar consistente para dissipar o calor do processador com efici\u00eancia. Com velocidade m\u00e1xima de at\u00e9 2300 RPM, ele oferece equil\u00edbrio entre desempenho t\u00e9rmico e baixo n\u00edvel de ru\u00eddo, garantindo estabilidade mesmo durante tarefas intensivas.<\/h2>\t\t\t\t<\/div>\n\t\t\t\t<\/div>\n\t\t\t\t\t<\/div>\n\t\t<\/div>\n\t\t\t\t\t<\/div>\n\t\t<\/section>\n\t\t\t\t<section class=\"elementor-section elementor-top-section elementor-element elementor-element-fb97c68 elementor-section-content-middle elementor-section-boxed elementor-section-height-default elementor-section-height-default\" data-id=\"fb97c68\" data-element_type=\"section\" data-e-type=\"section\">\n\t\t\t\t\t\t<div class=\"elementor-container elementor-column-gap-default\">\n\t\t\t\t\t<div class=\"elementor-column elementor-col-50 elementor-top-column elementor-element elementor-element-69ff1ce\" data-id=\"69ff1ce\" data-element_type=\"column\" data-e-type=\"column\">\n\t\t\t<div class=\"elementor-widget-wrap elementor-element-populated\">\n\t\t\t\t\t\t<div class=\"elementor-element elementor-element-8c79dfc elementor-widget elementor-widget-image\" data-id=\"8c79dfc\" data-element_type=\"widget\" data-e-type=\"widget\" data-widget_type=\"image.default\">\n\t\t\t\t<div class=\"elementor-widget-container\">\n\t\t\t\t\t\t\t\t\t\t\t\t\t\t\t<img loading=\"lazy\" decoding=\"async\" width=\"800\" height=\"800\" src=\"https:\/\/keepdata.com\/pt\/wp-content\/uploads\/2026\/03\/KD-A1C_1-1024x1024.jpg\" class=\"attachment-large size-large wp-image-4303\" alt=\"\" srcset=\"https:\/\/keepdata.com\/pt\/wp-content\/uploads\/2026\/03\/KD-A1C_1-1024x1024.jpg 1024w, https:\/\/keepdata.com\/pt\/wp-content\/uploads\/2026\/03\/KD-A1C_1-300x300.jpg 300w, https:\/\/keepdata.com\/pt\/wp-content\/uploads\/2026\/03\/KD-A1C_1-150x150.jpg 150w, https:\/\/keepdata.com\/pt\/wp-content\/uploads\/2026\/03\/KD-A1C_1-768x768.jpg 768w, https:\/\/keepdata.com\/pt\/wp-content\/uploads\/2026\/03\/KD-A1C_1.jpg 1080w\" sizes=\"(max-width: 800px) 100vw, 800px\" \/>\t\t\t\t\t\t\t\t\t\t\t\t\t\t\t<\/div>\n\t\t\t\t<\/div>\n\t\t\t\t\t<\/div>\n\t\t<\/div>\n\t\t\t\t<div class=\"elementor-column elementor-col-50 elementor-top-column elementor-element elementor-element-b0ad8d0\" data-id=\"b0ad8d0\" data-element_type=\"column\" data-e-type=\"column\">\n\t\t\t<div class=\"elementor-widget-wrap elementor-element-populated\">\n\t\t\t\t\t\t<div class=\"elementor-element elementor-element-45edf45 elementor-widget elementor-widget-heading\" data-id=\"45edf45\" data-element_type=\"widget\" data-e-type=\"widget\" data-widget_type=\"heading.default\">\n\t\t\t\t<div class=\"elementor-widget-container\">\n\t\t\t\t\t<h2 class=\"elementor-heading-title elementor-size-default\">Projetado para compatibilidade com diversas plataformas Intel, o cooler suporta soquetes <\/h2>\t\t\t\t<\/div>\n\t\t\t\t<\/div>\n\t\t\t\t<div class=\"elementor-element elementor-element-0012b13 elementor-widget elementor-widget-heading\" data-id=\"0012b13\" data-element_type=\"widget\" data-e-type=\"widget\" data-widget_type=\"heading.default\">\n\t\t\t\t<div class=\"elementor-widget-container\">\n\t\t\t\t\t<h2 class=\"elementor-heading-title elementor-size-default\">LGA 775<br>LGA 1150<br>LGA 1151<br>LGA 1155<br>LGA 1156<br>LGA 1200<\/h2>\t\t\t\t<\/div>\n\t\t\t\t<\/div>\n\t\t\t\t<div class=\"elementor-element elementor-element-b67221b elementor-widget elementor-widget-heading\" data-id=\"b67221b\" data-element_type=\"widget\" data-e-type=\"widget\" data-widget_type=\"heading.default\">\n\t\t\t\t<div class=\"elementor-widget-container\">\n\t\t\t\t\t<h2 class=\"elementor-heading-title elementor-size-default\">sendo adequado para processadores Intel Core i3, i5 e i7.<\/h2>\t\t\t\t<\/div>\n\t\t\t\t<\/div>\n\t\t\t\t<div class=\"elementor-element elementor-element-d189e2e elementor-widget elementor-widget-heading\" data-id=\"d189e2e\" data-element_type=\"widget\" data-e-type=\"widget\" data-widget_type=\"heading.default\">\n\t\t\t\t<div class=\"elementor-widget-container\">\n\t\t\t\t\t<h2 class=\"elementor-heading-title elementor-size-default\">O conector de 4 pinos (PWM) permite controle autom\u00e1tico da velocidade da ventoinha pela placa-m\u00e3e, ajustando o desempenho de acordo com a carga do processador.<\/h2>\t\t\t\t<\/div>\n\t\t\t\t<\/div>\n\t\t\t\t\t<\/div>\n\t\t<\/div>\n\t\t\t\t\t<\/div>\n\t\t<\/section>\n\t\t\t\t<section class=\"elementor-section elementor-top-section elementor-element elementor-element-3c72ae10 elementor-section-boxed elementor-section-height-default elementor-section-height-default\" data-id=\"3c72ae10\" data-element_type=\"section\" data-e-type=\"section\">\n\t\t\t\t\t\t<div class=\"elementor-container elementor-column-gap-default\">\n\t\t\t\t\t<div class=\"elementor-column elementor-col-100 elementor-top-column elementor-element elementor-element-7fb1a038\" data-id=\"7fb1a038\" data-element_type=\"column\" data-e-type=\"column\">\n\t\t\t<div class=\"elementor-widget-wrap elementor-element-populated\">\n\t\t\t\t\t\t<div class=\"elementor-element elementor-element-76ce2d12 elementor-widget elementor-widget-heading\" data-id=\"76ce2d12\" data-element_type=\"widget\" data-e-type=\"widget\" data-widget_type=\"heading.default\">\n\t\t\t\t<div class=\"elementor-widget-container\">\n\t\t\t\t\t<h2 class=\"elementor-heading-title elementor-size-default\">Especifica\u00e7\u00f5es T\u00e9cnicas:<\/h2>\t\t\t\t<\/div>\n\t\t\t\t<\/div>\n\t\t\t\t<div class=\"elementor-element elementor-element-3047f9ec elementor-widget elementor-widget-elementskit-tablepress\" data-id=\"3047f9ec\" data-element_type=\"widget\" data-e-type=\"widget\" data-widget_type=\"elementskit-tablepress.default\">\n\t\t\t\t<div class=\"elementor-widget-container\">\n\t\t\t\t\t<div class=\"elemenetskit-tablepress ekit-wid-con\" id=\"ekit_tablepress_3047f9ec\">\n<table id=\"tablepress-112\" class=\"tablepress tablepress-id-112\">\n<tbody class=\"row-striping row-hover\">\n<tr class=\"row-1\">\n\t<td class=\"column-1\">EAN<\/td><td class=\"column-2\">7898722601116<\/td>\n<\/tr>\n<tr class=\"row-2\">\n\t<td class=\"column-1\">Overall size: <\/td><td class=\"column-2\">95 x 100 x 58 mm<\/td>\n<\/tr>\n<tr class=\"row-3\">\n\t<td class=\"column-1\">Fan Size: <\/td><td class=\"column-2\">90 x 90 x 25 mm<\/td>\n<\/tr>\n<tr class=\"row-4\">\n\t<td class=\"column-1\">Power: <\/td><td class=\"column-2\">12V<\/td>\n<\/tr>\n<tr class=\"row-5\">\n\t<td class=\"column-1\">Connector: <\/td><td class=\"column-2\">4pin<\/td>\n<\/tr>\n<tr class=\"row-6\">\n\t<td class=\"column-1\">Wind speed: <\/td><td class=\"column-2\">2300 RPM<\/td>\n<\/tr>\n<tr class=\"row-7\">\n\t<td class=\"column-1\">Bearings: <\/td><td class=\"column-2\">hydraulic bearings<\/td>\n<\/tr>\n<tr class=\"row-8\">\n\t<td class=\"column-1\">Noise: <\/td><td class=\"column-2\">23 dBA <\/td>\n<\/tr>\n<tr class=\"row-9\">\n\t<td class=\"column-1\">Suitable for chassis height limit:  <\/td><td class=\"column-2\">above 45mm<\/td>\n<\/tr>\n<tr class=\"row-10\">\n\t<td class=\"column-1\">Intel<\/td><td class=\"column-2\">i3 \/ i5 \/ i7<\/td>\n<\/tr>\n<tr class=\"row-11\">\n\t<td class=\"column-1\"><\/td><td class=\"column-2\">LGA 775<\/td>\n<\/tr>\n<tr class=\"row-12\">\n\t<td class=\"column-1\"><\/td><td class=\"column-2\">LGA 1156<\/td>\n<\/tr>\n<tr class=\"row-13\">\n\t<td class=\"column-1\"><\/td><td class=\"column-2\">LGA 1155<\/td>\n<\/tr>\n<tr class=\"row-14\">\n\t<td class=\"column-1\"><\/td><td class=\"column-2\">LGA 1150<\/td>\n<\/tr>\n<tr class=\"row-15\">\n\t<td class=\"column-1\"><\/td><td class=\"column-2\">LGA 1151<\/td>\n<\/tr>\n<tr class=\"row-16\">\n\t<td class=\"column-1\"><\/td><td class=\"column-2\">LGA 1200<\/td>\n<\/tr>\n<\/tbody>\n<\/table>\n<!-- #tablepress-112 from cache --><\/div>\t\t\t\t<\/div>\n\t\t\t\t<\/div>\n\t\t\t\t\t<\/div>\n\t\t<\/div>\n\t\t\t\t\t<\/div>\n\t\t<\/section>\n\t\t\t\t<\/div>\n\t\t","protected":false},"excerpt":{"rendered":"<p>CPU COOLER KD-A1C Resfriamento eficiente e silencioso para processadores Intel O Keepdata KD-A1C CPU Cooler \u00e9 uma solu\u00e7\u00e3o de refrigera\u00e7\u00e3o compacta e eficiente projetada para manter o desempenho ideal de processadores Intel em computadores desktop. Desenvolvido para oferecer resfriamento confi\u00e1vel, opera\u00e7\u00e3o silenciosa e f\u00e1cil instala\u00e7\u00e3o, o KD-A1C \u00e9 uma excelente op\u00e7\u00e3o para atualiza\u00e7\u00e3o de sistemas [&hellip;]<\/p>\n","protected":false},"author":1,"featured_media":0,"parent":0,"menu_order":0,"comment_status":"closed","ping_status":"closed","template":"elementor_header_footer","meta":{"footnotes":""},"folder":[],"class_list":["post-4279","page","type-page","status-publish","hentry"],"_links":{"self":[{"href":"https:\/\/keepdata.com\/pt\/wp-json\/wp\/v2\/pages\/4279","targetHints":{"allow":["GET"]}}],"collection":[{"href":"https:\/\/keepdata.com\/pt\/wp-json\/wp\/v2\/pages"}],"about":[{"href":"https:\/\/keepdata.com\/pt\/wp-json\/wp\/v2\/types\/page"}],"author":[{"embeddable":true,"href":"https:\/\/keepdata.com\/pt\/wp-json\/wp\/v2\/users\/1"}],"replies":[{"embeddable":true,"href":"https:\/\/keepdata.com\/pt\/wp-json\/wp\/v2\/comments?post=4279"}],"version-history":[{"count":31,"href":"https:\/\/keepdata.com\/pt\/wp-json\/wp\/v2\/pages\/4279\/revisions"}],"predecessor-version":[{"id":4378,"href":"https:\/\/keepdata.com\/pt\/wp-json\/wp\/v2\/pages\/4279\/revisions\/4378"}],"wp:attachment":[{"href":"https:\/\/keepdata.com\/pt\/wp-json\/wp\/v2\/media?parent=4279"}],"wp:term":[{"taxonomy":"folder","embeddable":true,"href":"https:\/\/keepdata.com\/pt\/wp-json\/wp\/v2\/folder?post=4279"}],"curies":[{"name":"wp","href":"https:\/\/api.w.org\/{rel}","templated":true}]}}