{"id":4333,"date":"2026-03-12T11:41:34","date_gmt":"2026-03-12T14:41:34","guid":{"rendered":"https:\/\/keepdata.com\/pt\/?page_id=4333"},"modified":"2026-03-12T17:22:09","modified_gmt":"2026-03-12T20:22:09","slug":"cpu-cooler-kd-p2","status":"publish","type":"page","link":"https:\/\/keepdata.com\/pt\/cpu-cooler-kd-p2\/","title":{"rendered":"CPU Cooler KD-P2"},"content":{"rendered":"\t\t<div data-elementor-type=\"wp-page\" data-elementor-id=\"4333\" class=\"elementor elementor-4333\" data-elementor-post-type=\"page\">\n\t\t\t\t\t\t<section class=\"elementor-section elementor-top-section elementor-element elementor-element-9268f14 elementor-section-boxed elementor-section-height-default elementor-section-height-default\" data-id=\"9268f14\" data-element_type=\"section\" data-e-type=\"section\" data-settings=\"{&quot;background_background&quot;:&quot;classic&quot;}\">\n\t\t\t\t\t\t<div class=\"elementor-container elementor-column-gap-default\">\n\t\t\t\t\t<div class=\"elementor-column elementor-col-50 elementor-top-column elementor-element elementor-element-8d51c8c\" data-id=\"8d51c8c\" data-element_type=\"column\" data-e-type=\"column\">\n\t\t\t<div class=\"elementor-widget-wrap elementor-element-populated\">\n\t\t\t\t\t\t<div class=\"elementor-element elementor-element-90a33e6 elementor-widget elementor-widget-image\" data-id=\"90a33e6\" data-element_type=\"widget\" data-e-type=\"widget\" data-widget_type=\"image.default\">\n\t\t\t\t<div class=\"elementor-widget-container\">\n\t\t\t\t\t\t\t\t\t\t\t\t\t\t\t<img decoding=\"async\" width=\"375\" height=\"107\" src=\"https:\/\/keepdata.com\/pt\/wp-content\/uploads\/2026\/03\/cpu-cooler.png\" class=\"attachment-large size-large wp-image-4288\" alt=\"\" srcset=\"https:\/\/keepdata.com\/pt\/wp-content\/uploads\/2026\/03\/cpu-cooler.png 375w, https:\/\/keepdata.com\/pt\/wp-content\/uploads\/2026\/03\/cpu-cooler-300x86.png 300w\" sizes=\"(max-width: 375px) 100vw, 375px\" \/>\t\t\t\t\t\t\t\t\t\t\t\t\t\t\t<\/div>\n\t\t\t\t<\/div>\n\t\t\t\t<div class=\"elementor-element elementor-element-da379ca elementor-widget elementor-widget-heading\" data-id=\"da379ca\" data-element_type=\"widget\" data-e-type=\"widget\" data-widget_type=\"heading.default\">\n\t\t\t\t<div class=\"elementor-widget-container\">\n\t\t\t\t\t<h1 class=\"elementor-heading-title elementor-size-default\"> CPU COOLER KD-P2<\/h1>\t\t\t\t<\/div>\n\t\t\t\t<\/div>\n\t\t\t\t<div class=\"elementor-element elementor-element-29f97e77 elementor-widget elementor-widget-heading\" data-id=\"29f97e77\" data-element_type=\"widget\" data-e-type=\"widget\" data-widget_type=\"heading.default\">\n\t\t\t\t<div class=\"elementor-widget-container\">\n\t\t\t\t\t<h2 class=\"elementor-heading-title elementor-size-default\">Resfriamento universal de alto desempenho<\/h2>\t\t\t\t<\/div>\n\t\t\t\t<\/div>\n\t\t\t\t<div class=\"elementor-element elementor-element-9480c01 elementor-widget elementor-widget-heading\" data-id=\"9480c01\" data-element_type=\"widget\" data-e-type=\"widget\" data-widget_type=\"heading.default\">\n\t\t\t\t<div class=\"elementor-widget-container\">\n\t\t\t\t\t<h2 class=\"elementor-heading-title elementor-size-default\">O Keepdata KD-P2 CPU Cooler foi desenvolvido para oferecer refrigera\u00e7\u00e3o eficiente, compatibilidade universal e opera\u00e7\u00e3o silenciosa para uma ampla variedade de sistemas desktop. Com um design robusto e tecnologia de dissipa\u00e7\u00e3o otimizada, este cooler \u00e9 ideal para usu\u00e1rios que precisam de desempenho t\u00e9rmico est\u00e1vel para processadores Intel e AMD.<\/h2>\t\t\t\t<\/div>\n\t\t\t\t<\/div>\n\t\t\t\t<div class=\"elementor-element elementor-element-7fbd65e elementor-widget elementor-widget-image\" data-id=\"7fbd65e\" data-element_type=\"widget\" data-e-type=\"widget\" data-widget_type=\"image.default\">\n\t\t\t\t<div class=\"elementor-widget-container\">\n\t\t\t\t\t\t\t\t\t\t\t\t\t\t\t<img decoding=\"async\" width=\"606\" height=\"43\" src=\"https:\/\/keepdata.com\/pt\/wp-content\/uploads\/2026\/03\/cooler-KD-P2-icon.jpg\" class=\"attachment-large size-large wp-image-4336\" alt=\"\" srcset=\"https:\/\/keepdata.com\/pt\/wp-content\/uploads\/2026\/03\/cooler-KD-P2-icon.jpg 606w, https:\/\/keepdata.com\/pt\/wp-content\/uploads\/2026\/03\/cooler-KD-P2-icon-300x21.jpg 300w\" sizes=\"(max-width: 606px) 100vw, 606px\" \/>\t\t\t\t\t\t\t\t\t\t\t\t\t\t\t<\/div>\n\t\t\t\t<\/div>\n\t\t\t\t\t<\/div>\n\t\t<\/div>\n\t\t\t\t<div class=\"elementor-column elementor-col-50 elementor-top-column elementor-element elementor-element-776a7377\" data-id=\"776a7377\" data-element_type=\"column\" data-e-type=\"column\">\n\t\t\t<div class=\"elementor-widget-wrap elementor-element-populated\">\n\t\t\t\t\t\t<div class=\"elementor-element elementor-element-8890f57 elementor-widget elementor-widget-image\" data-id=\"8890f57\" data-element_type=\"widget\" data-e-type=\"widget\" data-widget_type=\"image.default\">\n\t\t\t\t<div class=\"elementor-widget-container\">\n\t\t\t\t\t\t\t\t\t\t\t\t\t\t\t<img fetchpriority=\"high\" decoding=\"async\" width=\"481\" height=\"529\" src=\"https:\/\/keepdata.com\/pt\/wp-content\/uploads\/2026\/03\/cooler-KD-A1C-1.png\" class=\"attachment-large size-large wp-image-4335\" alt=\"\" srcset=\"https:\/\/keepdata.com\/pt\/wp-content\/uploads\/2026\/03\/cooler-KD-A1C-1.png 481w, https:\/\/keepdata.com\/pt\/wp-content\/uploads\/2026\/03\/cooler-KD-A1C-1-273x300.png 273w\" sizes=\"(max-width: 481px) 100vw, 481px\" \/>\t\t\t\t\t\t\t\t\t\t\t\t\t\t\t<\/div>\n\t\t\t\t<\/div>\n\t\t\t\t\t<\/div>\n\t\t<\/div>\n\t\t\t\t\t<\/div>\n\t\t<\/section>\n\t\t\t\t<section class=\"elementor-section elementor-top-section elementor-element elementor-element-12d73260 elementor-section-boxed elementor-section-height-default elementor-section-height-default\" data-id=\"12d73260\" data-element_type=\"section\" data-e-type=\"section\" data-settings=\"{&quot;background_background&quot;:&quot;classic&quot;}\">\n\t\t\t\t\t\t<div class=\"elementor-container elementor-column-gap-default\">\n\t\t\t\t\t<div class=\"elementor-column elementor-col-100 elementor-top-column elementor-element elementor-element-469f0dab\" data-id=\"469f0dab\" data-element_type=\"column\" data-e-type=\"column\">\n\t\t\t<div class=\"elementor-widget-wrap elementor-element-populated\">\n\t\t\t\t\t\t<div class=\"elementor-element elementor-element-0ab9e94 elementor-widget elementor-widget-heading\" data-id=\"0ab9e94\" data-element_type=\"widget\" data-e-type=\"widget\" data-widget_type=\"heading.default\">\n\t\t\t\t<div class=\"elementor-widget-container\">\n\t\t\t\t\t<h2 class=\"elementor-heading-title elementor-size-default\">A ventoinha de 92 mm de alto fluxo de ar foi projetada para oferecer excelente desempenho de refrigera\u00e7\u00e3o com baixo n\u00edvel de ru\u00eddo. Operando a aproximadamente 2000 RPM, o ventilador fornece at\u00e9 48 CFM de fluxo de ar, ajudando a manter o sistema resfriado enquanto preserva um ambiente silencioso.<\/h2>\t\t\t\t<\/div>\n\t\t\t\t<\/div>\n\t\t\t\t\t<\/div>\n\t\t<\/div>\n\t\t\t\t\t<\/div>\n\t\t<\/section>\n\t\t\t\t<section class=\"elementor-section elementor-top-section elementor-element elementor-element-fb97c68 elementor-section-content-middle elementor-section-boxed elementor-section-height-default elementor-section-height-default\" data-id=\"fb97c68\" data-element_type=\"section\" data-e-type=\"section\">\n\t\t\t\t\t\t<div class=\"elementor-container elementor-column-gap-default\">\n\t\t\t\t\t<div class=\"elementor-column elementor-col-50 elementor-top-column elementor-element elementor-element-69ff1ce\" data-id=\"69ff1ce\" data-element_type=\"column\" data-e-type=\"column\">\n\t\t\t<div class=\"elementor-widget-wrap elementor-element-populated\">\n\t\t\t\t\t\t<div class=\"elementor-element elementor-element-8c79dfc elementor-widget elementor-widget-image\" data-id=\"8c79dfc\" data-element_type=\"widget\" data-e-type=\"widget\" data-widget_type=\"image.default\">\n\t\t\t\t<div class=\"elementor-widget-container\">\n\t\t\t\t\t\t\t\t\t\t\t\t\t\t\t<img loading=\"lazy\" decoding=\"async\" width=\"800\" height=\"800\" src=\"https:\/\/keepdata.com\/pt\/wp-content\/uploads\/2026\/03\/KD-P2_1-1024x1024.jpg\" class=\"attachment-large size-large wp-image-4337\" alt=\"\" srcset=\"https:\/\/keepdata.com\/pt\/wp-content\/uploads\/2026\/03\/KD-P2_1-1024x1024.jpg 1024w, https:\/\/keepdata.com\/pt\/wp-content\/uploads\/2026\/03\/KD-P2_1-300x300.jpg 300w, https:\/\/keepdata.com\/pt\/wp-content\/uploads\/2026\/03\/KD-P2_1-150x150.jpg 150w, https:\/\/keepdata.com\/pt\/wp-content\/uploads\/2026\/03\/KD-P2_1-768x768.jpg 768w, https:\/\/keepdata.com\/pt\/wp-content\/uploads\/2026\/03\/KD-P2_1.jpg 1080w\" sizes=\"(max-width: 800px) 100vw, 800px\" \/>\t\t\t\t\t\t\t\t\t\t\t\t\t\t\t<\/div>\n\t\t\t\t<\/div>\n\t\t\t\t\t<\/div>\n\t\t<\/div>\n\t\t\t\t<div class=\"elementor-column elementor-col-50 elementor-top-column elementor-element elementor-element-b0ad8d0\" data-id=\"b0ad8d0\" data-element_type=\"column\" data-e-type=\"column\">\n\t\t\t<div class=\"elementor-widget-wrap elementor-element-populated\">\n\t\t\t\t\t\t<div class=\"elementor-element elementor-element-d189e2e elementor-widget elementor-widget-heading\" data-id=\"d189e2e\" data-element_type=\"widget\" data-e-type=\"widget\" data-widget_type=\"heading.default\">\n\t\t\t\t<div class=\"elementor-widget-container\">\n\t\t\t\t\t<h2 class=\"elementor-heading-title elementor-size-default\">O rolamento hidraum\u00e1tico (Hydraumatic Bearing) aumenta a durabilidade e reduz o desgaste interno do ventilador, proporcionando vida \u00fatil de at\u00e9 50.000 horas e funcionamento confi\u00e1vel por longos per\u00edodos.<\/h2>\t\t\t\t<\/div>\n\t\t\t\t<\/div>\n\t\t\t\t<div class=\"elementor-element elementor-element-45edf45 elementor-widget elementor-widget-heading\" data-id=\"45edf45\" data-element_type=\"widget\" data-e-type=\"widget\" data-widget_type=\"heading.default\">\n\t\t\t\t<div class=\"elementor-widget-container\">\n\t\t\t\t\t<h2 class=\"elementor-heading-title elementor-size-default\">Projetado para m\u00e1xima versatilidade, o Keepdata KD-P2 \u00e9 compat\u00edvel com uma grande variedade de plataformas, incluindo Intel LGA 775, 1150, 1151, 1155, 1156, 1200, 1366, 1700, 2011 e 2066, al\u00e9m de AMD AM2, AM3, AM4, AM5, FM1 e FM2, tornando-o uma solu\u00e7\u00e3o ideal para upgrades e novas montagens.<\/h2>\t\t\t\t<\/div>\n\t\t\t\t<\/div>\n\t\t\t\t\t<\/div>\n\t\t<\/div>\n\t\t\t\t\t<\/div>\n\t\t<\/section>\n\t\t\t\t<section class=\"elementor-section elementor-top-section elementor-element elementor-element-3c72ae10 elementor-section-boxed elementor-section-height-default elementor-section-height-default\" data-id=\"3c72ae10\" data-element_type=\"section\" data-e-type=\"section\">\n\t\t\t\t\t\t<div class=\"elementor-container elementor-column-gap-default\">\n\t\t\t\t\t<div class=\"elementor-column elementor-col-100 elementor-top-column elementor-element elementor-element-7fb1a038\" data-id=\"7fb1a038\" data-element_type=\"column\" data-e-type=\"column\">\n\t\t\t<div class=\"elementor-widget-wrap elementor-element-populated\">\n\t\t\t\t\t\t<div class=\"elementor-element elementor-element-76ce2d12 elementor-widget elementor-widget-heading\" data-id=\"76ce2d12\" data-element_type=\"widget\" data-e-type=\"widget\" data-widget_type=\"heading.default\">\n\t\t\t\t<div class=\"elementor-widget-container\">\n\t\t\t\t\t<h2 class=\"elementor-heading-title elementor-size-default\">Especifica\u00e7\u00f5es T\u00e9cnicas:<\/h2>\t\t\t\t<\/div>\n\t\t\t\t<\/div>\n\t\t\t\t<div class=\"elementor-element elementor-element-3047f9ec elementor-widget elementor-widget-elementskit-tablepress\" data-id=\"3047f9ec\" data-element_type=\"widget\" data-e-type=\"widget\" data-widget_type=\"elementskit-tablepress.default\">\n\t\t\t\t<div class=\"elementor-widget-container\">\n\t\t\t\t\t<div class=\"elemenetskit-tablepress ekit-wid-con\" id=\"ekit_tablepress_3047f9ec\">\n<table id=\"tablepress-113\" class=\"tablepress tablepress-id-113\">\n<tbody class=\"row-striping row-hover\">\n<tr class=\"row-1\">\n\t<td class=\"column-1\">EAN<\/td><td class=\"column-2\">7898722600911<\/td>\n<\/tr>\n<tr class=\"row-2\">\n\t<td class=\"column-1\">Product Size<\/td><td class=\"column-2\">95x65x130 mm<\/td>\n<\/tr>\n<tr class=\"row-3\">\n\t<td class=\"column-1\">Fan Size<\/td><td class=\"column-2\">92x92x25mm <\/td>\n<\/tr>\n<tr class=\"row-4\">\n\t<td class=\"column-1\">Fan Speed<\/td><td class=\"column-2\">2000 RPM +\/-10%<\/td>\n<\/tr>\n<tr class=\"row-5\">\n\t<td class=\"column-1\">Weight<\/td><td class=\"column-2\">310g<\/td>\n<\/tr>\n<tr class=\"row-6\">\n\t<td class=\"column-1\">Connector<\/td><td class=\"column-2\">3pin<\/td>\n<\/tr>\n<tr class=\"row-7\">\n\t<td class=\"column-1\">Bearing Type<\/td><td class=\"column-2\">Hydraumatic<\/td>\n<\/tr>\n<tr class=\"row-8\">\n\t<td class=\"column-1\">Starting Voltage<\/td><td class=\"column-2\">7V DC<\/td>\n<\/tr>\n<tr class=\"row-9\">\n\t<td class=\"column-1\">Rated Voltage<\/td><td class=\"column-2\">12V DC<\/td>\n<\/tr>\n<tr class=\"row-10\">\n\t<td class=\"column-1\">Rated Current<\/td><td class=\"column-2\">0.2A +\/-10%<\/td>\n<\/tr>\n<tr class=\"row-11\">\n\t<td class=\"column-1\">Air Flow<\/td><td class=\"column-2\">48 CFM<\/td>\n<\/tr>\n<tr class=\"row-12\">\n\t<td class=\"column-1\">Noise<\/td><td class=\"column-2\">18dBA +\/-10%<\/td>\n<\/tr>\n<tr class=\"row-13\">\n\t<td class=\"column-1\">Life<\/td><td class=\"column-2\">50,000 Hours<\/td>\n<\/tr>\n<tr class=\"row-14\">\n\t<td class=\"column-1\">Intel <\/td><td class=\"column-2\">LGA 775\/1156\/1155\/1150\/1151<\/td>\n<\/tr>\n<tr class=\"row-15\">\n\t<td class=\"column-1\"><\/td><td class=\"column-2\">LGA 1200\/1366\/1700<\/td>\n<\/tr>\n<tr class=\"row-16\">\n\t<td class=\"column-1\"><\/td><td class=\"column-2\">LGA 2011\/2066 Xeon <\/td>\n<\/tr>\n<tr class=\"row-17\">\n\t<td class=\"column-1\"><\/td><td class=\"column-2\">Core i7\/i5\/i3<\/td>\n<\/tr>\n<tr class=\"row-18\">\n\t<td class=\"column-1\"><\/td><td class=\"column-2\">Core 2 Extreme<\/td>\n<\/tr>\n<tr class=\"row-19\">\n\t<td class=\"column-1\"><\/td><td class=\"column-2\">Core 2 Quad<\/td>\n<\/tr>\n<tr class=\"row-20\">\n\t<td class=\"column-1\"><\/td><td class=\"column-2\">Core 2 Duo<\/td>\n<\/tr>\n<tr class=\"row-21\">\n\t<td class=\"column-1\"><\/td><td class=\"column-2\">Pentium Dual-Core<\/td>\n<\/tr>\n<tr class=\"row-22\">\n\t<td class=\"column-1\"><\/td><td class=\"column-2\">Pentium D\/4<\/td>\n<\/tr>\n<tr class=\"row-23\">\n\t<td class=\"column-1\"><\/td><td class=\"column-2\">Celeron Dual-Core<\/td>\n<\/tr>\n<tr class=\"row-24\">\n\t<td class=\"column-1\"><\/td><td class=\"column-2\">Celeron \/ Celeron D<\/td>\n<\/tr>\n<tr class=\"row-25\">\n\t<td class=\"column-1\">Amd<\/td><td class=\"column-2\">AM5\/AM4\/FM2\/FM1<\/td>\n<\/tr>\n<tr class=\"row-26\">\n\t<td class=\"column-1\"><\/td><td class=\"column-2\">AM2\/AM2+\/AM3\/AM3+<\/td>\n<\/tr>\n<tr class=\"row-27\">\n\t<td class=\"column-1\"><\/td><td class=\"column-2\">FX X8\/X6\/X4<\/td>\n<\/tr>\n<tr class=\"row-28\">\n\t<td class=\"column-1\"><\/td><td class=\"column-2\">A10\/A8\/A6\/A4<\/td>\n<\/tr>\n<tr class=\"row-29\">\n\t<td class=\"column-1\"><\/td><td class=\"column-2\">Phenom II X6\/X4\/X3\/X2<\/td>\n<\/tr>\n<tr class=\"row-30\">\n\t<td class=\"column-1\"><\/td><td class=\"column-2\">Phenom X4\/X3<\/td>\n<\/tr>\n<tr class=\"row-31\">\n\t<td class=\"column-1\"><\/td><td class=\"column-2\">Athlon II X4\/X3\/X2<\/td>\n<\/tr>\n<tr class=\"row-32\">\n\t<td class=\"column-1\"><\/td><td class=\"column-2\">Athlon X2<\/td>\n<\/tr>\n<tr class=\"row-33\">\n\t<td class=\"column-1\"><\/td><td class=\"column-2\">Athlon\/Athlon F<\/td>\n<\/tr>\n<tr class=\"row-34\">\n\t<td class=\"column-1\"><\/td><td class=\"column-2\">Ryzen7\/Ryzen5<\/td>\n<\/tr>\n<\/tbody>\n<\/table>\n<\/div>\t\t\t\t<\/div>\n\t\t\t\t<\/div>\n\t\t\t\t\t<\/div>\n\t\t<\/div>\n\t\t\t\t\t<\/div>\n\t\t<\/section>\n\t\t\t\t<\/div>\n\t\t","protected":false},"excerpt":{"rendered":"<p>CPU COOLER KD-P2 Resfriamento universal de alto desempenho O Keepdata KD-P2 CPU Cooler foi desenvolvido para oferecer refrigera\u00e7\u00e3o eficiente, compatibilidade universal e opera\u00e7\u00e3o silenciosa para uma ampla variedade de sistemas desktop. Com um design robusto e tecnologia de dissipa\u00e7\u00e3o otimizada, este cooler \u00e9 ideal para usu\u00e1rios que precisam de desempenho t\u00e9rmico est\u00e1vel para processadores Intel [&hellip;]<\/p>\n","protected":false},"author":1,"featured_media":0,"parent":0,"menu_order":0,"comment_status":"closed","ping_status":"closed","template":"elementor_header_footer","meta":{"footnotes":""},"folder":[],"class_list":["post-4333","page","type-page","status-publish","hentry"],"_links":{"self":[{"href":"https:\/\/keepdata.com\/pt\/wp-json\/wp\/v2\/pages\/4333","targetHints":{"allow":["GET"]}}],"collection":[{"href":"https:\/\/keepdata.com\/pt\/wp-json\/wp\/v2\/pages"}],"about":[{"href":"https:\/\/keepdata.com\/pt\/wp-json\/wp\/v2\/types\/page"}],"author":[{"embeddable":true,"href":"https:\/\/keepdata.com\/pt\/wp-json\/wp\/v2\/users\/1"}],"replies":[{"embeddable":true,"href":"https:\/\/keepdata.com\/pt\/wp-json\/wp\/v2\/comments?post=4333"}],"version-history":[{"count":7,"href":"https:\/\/keepdata.com\/pt\/wp-json\/wp\/v2\/pages\/4333\/revisions"}],"predecessor-version":[{"id":4381,"href":"https:\/\/keepdata.com\/pt\/wp-json\/wp\/v2\/pages\/4333\/revisions\/4381"}],"wp:attachment":[{"href":"https:\/\/keepdata.com\/pt\/wp-json\/wp\/v2\/media?parent=4333"}],"wp:term":[{"taxonomy":"folder","embeddable":true,"href":"https:\/\/keepdata.com\/pt\/wp-json\/wp\/v2\/folder?post=4333"}],"curies":[{"name":"wp","href":"https:\/\/api.w.org\/{rel}","templated":true}]}}