{"id":4355,"date":"2026-03-12T16:33:05","date_gmt":"2026-03-12T19:33:05","guid":{"rendered":"https:\/\/keepdata.com\/pt\/?page_id=4355"},"modified":"2026-03-12T17:23:22","modified_gmt":"2026-03-12T20:23:22","slug":"cpu-cooler-kd-p4rgb","status":"publish","type":"page","link":"https:\/\/keepdata.com\/pt\/cpu-cooler-kd-p4rgb\/","title":{"rendered":"CPU Cooler KD-P4RGB"},"content":{"rendered":"\t\t<div data-elementor-type=\"wp-page\" data-elementor-id=\"4355\" class=\"elementor elementor-4355\" data-elementor-post-type=\"page\">\n\t\t\t\t\t\t<section class=\"elementor-section elementor-top-section elementor-element elementor-element-9268f14 elementor-section-boxed elementor-section-height-default elementor-section-height-default\" data-id=\"9268f14\" data-element_type=\"section\" data-e-type=\"section\" data-settings=\"{&quot;background_background&quot;:&quot;classic&quot;}\">\n\t\t\t\t\t\t<div class=\"elementor-container elementor-column-gap-default\">\n\t\t\t\t\t<div class=\"elementor-column elementor-col-50 elementor-top-column elementor-element elementor-element-8d51c8c\" data-id=\"8d51c8c\" data-element_type=\"column\" data-e-type=\"column\">\n\t\t\t<div class=\"elementor-widget-wrap elementor-element-populated\">\n\t\t\t\t\t\t<div class=\"elementor-element elementor-element-90a33e6 elementor-widget elementor-widget-image\" data-id=\"90a33e6\" data-element_type=\"widget\" data-e-type=\"widget\" data-widget_type=\"image.default\">\n\t\t\t\t<div class=\"elementor-widget-container\">\n\t\t\t\t\t\t\t\t\t\t\t\t\t\t\t<img decoding=\"async\" width=\"357\" height=\"121\" src=\"https:\/\/keepdata.com\/pt\/wp-content\/uploads\/2026\/03\/dragongly.png\" class=\"attachment-large size-large wp-image-4346\" alt=\"\" srcset=\"https:\/\/keepdata.com\/pt\/wp-content\/uploads\/2026\/03\/dragongly.png 357w, https:\/\/keepdata.com\/pt\/wp-content\/uploads\/2026\/03\/dragongly-300x102.png 300w\" sizes=\"(max-width: 357px) 100vw, 357px\" \/>\t\t\t\t\t\t\t\t\t\t\t\t\t\t\t<\/div>\n\t\t\t\t<\/div>\n\t\t\t\t<div class=\"elementor-element elementor-element-a93bbdf elementor-widget elementor-widget-image\" data-id=\"a93bbdf\" data-element_type=\"widget\" data-e-type=\"widget\" data-widget_type=\"image.default\">\n\t\t\t\t<div class=\"elementor-widget-container\">\n\t\t\t\t\t\t\t\t\t\t\t\t\t\t\t<img fetchpriority=\"high\" decoding=\"async\" width=\"800\" height=\"285\" src=\"https:\/\/keepdata.com\/pt\/wp-content\/uploads\/2026\/03\/gaming.png\" class=\"attachment-large size-large wp-image-4347\" alt=\"\" srcset=\"https:\/\/keepdata.com\/pt\/wp-content\/uploads\/2026\/03\/gaming.png 906w, https:\/\/keepdata.com\/pt\/wp-content\/uploads\/2026\/03\/gaming-300x107.png 300w, https:\/\/keepdata.com\/pt\/wp-content\/uploads\/2026\/03\/gaming-768x274.png 768w\" sizes=\"(max-width: 800px) 100vw, 800px\" \/>\t\t\t\t\t\t\t\t\t\t\t\t\t\t\t<\/div>\n\t\t\t\t<\/div>\n\t\t\t\t<div class=\"elementor-element elementor-element-da379ca elementor-widget elementor-widget-heading\" data-id=\"da379ca\" data-element_type=\"widget\" data-e-type=\"widget\" data-widget_type=\"heading.default\">\n\t\t\t\t<div class=\"elementor-widget-container\">\n\t\t\t\t\t<h1 class=\"elementor-heading-title elementor-size-default\"> CPU COOLER KD-P4RGB<\/h1>\t\t\t\t<\/div>\n\t\t\t\t<\/div>\n\t\t\t\t<div class=\"elementor-element elementor-element-29f97e77 elementor-widget elementor-widget-heading\" data-id=\"29f97e77\" data-element_type=\"widget\" data-e-type=\"widget\" data-widget_type=\"heading.default\">\n\t\t\t\t<div class=\"elementor-widget-container\">\n\t\t\t\t\t<h2 class=\"elementor-heading-title elementor-size-default\">Cooler de CPU para jogos de alto desempenho<\/h2>\t\t\t\t<\/div>\n\t\t\t\t<\/div>\n\t\t\t\t<div class=\"elementor-element elementor-element-9480c01 elementor-widget elementor-widget-heading\" data-id=\"9480c01\" data-element_type=\"widget\" data-e-type=\"widget\" data-widget_type=\"heading.default\">\n\t\t\t\t<div class=\"elementor-widget-container\">\n\t\t\t\t\t<h2 class=\"elementor-heading-title elementor-size-default\">O Dragonfly KD-P4RGB Keepdata CPU Cooler foi desenvolvido para oferecer alto desempenho de refrigera\u00e7\u00e3o aliado a um visual gamer moderno com ilumina\u00e7\u00e3o RGB. Projetado para sistemas que exigem maior capacidade de dissipa\u00e7\u00e3o t\u00e9rmica, este cooler combina tecnologia avan\u00e7ada de heat pipes, fluxo de ar eficiente e opera\u00e7\u00e3o silenciosa.<\/h2>\t\t\t\t<\/div>\n\t\t\t\t<\/div>\n\t\t\t\t\t<\/div>\n\t\t<\/div>\n\t\t\t\t<div class=\"elementor-column elementor-col-50 elementor-top-column elementor-element elementor-element-776a7377\" data-id=\"776a7377\" data-element_type=\"column\" data-e-type=\"column\">\n\t\t\t<div class=\"elementor-widget-wrap elementor-element-populated\">\n\t\t\t\t\t\t<div class=\"elementor-element elementor-element-8890f57 elementor-widget elementor-widget-image\" data-id=\"8890f57\" data-element_type=\"widget\" data-e-type=\"widget\" data-widget_type=\"image.default\">\n\t\t\t\t<div class=\"elementor-widget-container\">\n\t\t\t\t\t\t\t\t\t\t\t\t\t\t\t<img decoding=\"async\" width=\"438\" height=\"539\" src=\"https:\/\/keepdata.com\/pt\/wp-content\/uploads\/2026\/03\/cooler-KD-P4RGB.png\" class=\"attachment-large size-large wp-image-4360\" alt=\"\" srcset=\"https:\/\/keepdata.com\/pt\/wp-content\/uploads\/2026\/03\/cooler-KD-P4RGB.png 438w, https:\/\/keepdata.com\/pt\/wp-content\/uploads\/2026\/03\/cooler-KD-P4RGB-244x300.png 244w\" sizes=\"(max-width: 438px) 100vw, 438px\" \/>\t\t\t\t\t\t\t\t\t\t\t\t\t\t\t<\/div>\n\t\t\t\t<\/div>\n\t\t\t\t\t<\/div>\n\t\t<\/div>\n\t\t\t\t\t<\/div>\n\t\t<\/section>\n\t\t\t\t<section class=\"elementor-section elementor-top-section elementor-element elementor-element-12d73260 elementor-section-boxed elementor-section-height-default elementor-section-height-default\" data-id=\"12d73260\" data-element_type=\"section\" data-e-type=\"section\" data-settings=\"{&quot;background_background&quot;:&quot;classic&quot;}\">\n\t\t\t\t\t\t<div class=\"elementor-container elementor-column-gap-default\">\n\t\t\t\t\t<div class=\"elementor-column elementor-col-100 elementor-top-column elementor-element elementor-element-469f0dab\" data-id=\"469f0dab\" data-element_type=\"column\" data-e-type=\"column\">\n\t\t\t<div class=\"elementor-widget-wrap elementor-element-populated\">\n\t\t\t\t\t\t<div class=\"elementor-element elementor-element-7fbd65e elementor-widget elementor-widget-image\" data-id=\"7fbd65e\" data-element_type=\"widget\" data-e-type=\"widget\" data-widget_type=\"image.default\">\n\t\t\t\t<div class=\"elementor-widget-container\">\n\t\t\t\t\t\t\t\t\t\t\t\t\t\t\t<img loading=\"lazy\" decoding=\"async\" width=\"800\" height=\"54\" src=\"https:\/\/keepdata.com\/pt\/wp-content\/uploads\/2026\/03\/cooler-KD-P4RGB-ICON-1024x69.jpg\" class=\"attachment-large size-large wp-image-4357\" alt=\"\" srcset=\"https:\/\/keepdata.com\/pt\/wp-content\/uploads\/2026\/03\/cooler-KD-P4RGB-ICON-1024x69.jpg 1024w, https:\/\/keepdata.com\/pt\/wp-content\/uploads\/2026\/03\/cooler-KD-P4RGB-ICON-300x20.jpg 300w, https:\/\/keepdata.com\/pt\/wp-content\/uploads\/2026\/03\/cooler-KD-P4RGB-ICON-768x52.jpg 768w, https:\/\/keepdata.com\/pt\/wp-content\/uploads\/2026\/03\/cooler-KD-P4RGB-ICON.jpg 1443w\" sizes=\"(max-width: 800px) 100vw, 800px\" \/>\t\t\t\t\t\t\t\t\t\t\t\t\t\t\t<\/div>\n\t\t\t\t<\/div>\n\t\t\t\t<div class=\"elementor-element elementor-element-0ab9e94 elementor-widget elementor-widget-heading\" data-id=\"0ab9e94\" data-element_type=\"widget\" data-e-type=\"widget\" data-widget_type=\"heading.default\">\n\t\t\t\t<div class=\"elementor-widget-container\">\n\t\t\t\t\t<h2 class=\"elementor-heading-title elementor-size-default\">O cooler \u00e9 equipado com uma ventoinha RGB de 120 mm, que proporciona excelente fluxo de ar e ilumina\u00e7\u00e3o vibrante para destacar o interior do gabinete. Operando a aproximadamente 1500 RPM, a ventoinha oferece at\u00e9 48 CFM de fluxo de ar, garantindo equil\u00edbrio entre desempenho de refrigera\u00e7\u00e3o e opera\u00e7\u00e3o silenciosa.<\/h2>\t\t\t\t<\/div>\n\t\t\t\t<\/div>\n\t\t\t\t\t<\/div>\n\t\t<\/div>\n\t\t\t\t\t<\/div>\n\t\t<\/section>\n\t\t\t\t<section class=\"elementor-section elementor-top-section elementor-element elementor-element-ebae4b4 elementor-section-items-top elementor-section-height-min-height elementor-hidden-desktop elementor-hidden-tablet elementor-section-boxed elementor-section-height-default\" data-id=\"ebae4b4\" data-element_type=\"section\" data-e-type=\"section\" data-settings=\"{&quot;background_background&quot;:&quot;classic&quot;}\">\n\t\t\t\t\t\t<div class=\"elementor-container elementor-column-gap-default\">\n\t\t\t\t\t<div class=\"elementor-column elementor-col-100 elementor-top-column elementor-element elementor-element-889c5ab\" data-id=\"889c5ab\" data-element_type=\"column\" data-e-type=\"column\">\n\t\t\t<div class=\"elementor-widget-wrap elementor-element-populated\">\n\t\t\t\t\t\t<div class=\"elementor-element elementor-element-5b19945 elementor-widget elementor-widget-heading\" data-id=\"5b19945\" data-element_type=\"widget\" data-e-type=\"widget\" data-widget_type=\"heading.default\">\n\t\t\t\t<div class=\"elementor-widget-container\">\n\t\t\t\t\t<h2 class=\"elementor-heading-title elementor-size-default\">4 HEAT PIPES<\/h2>\t\t\t\t<\/div>\n\t\t\t\t<\/div>\n\t\t\t\t<div class=\"elementor-element elementor-element-0999b07 elementor-widget elementor-widget-heading\" data-id=\"0999b07\" data-element_type=\"widget\" data-e-type=\"widget\" data-widget_type=\"heading.default\">\n\t\t\t\t<div class=\"elementor-widget-container\">\n\t\t\t\t\t<h2 class=\"elementor-heading-title elementor-size-default\">Equipado com quatro heat pipes de cobre de alta efici\u00eancia, o KD-P4RGB proporciona transfer\u00eancia t\u00e9rmica r\u00e1pida entre o processador e o dissipador de alum\u00ednio. Essa arquitetura melhora significativamente a dissipa\u00e7\u00e3o de calor, permitindo que o cooler suporte processadores com maior carga t\u00e9rmica e mantenha temperaturas est\u00e1veis mesmo durante jogos intensivos ou aplica\u00e7\u00f5es exigentes.<\/h2>\t\t\t\t<\/div>\n\t\t\t\t<\/div>\n\t\t\t\t\t<\/div>\n\t\t<\/div>\n\t\t\t\t\t<\/div>\n\t\t<\/section>\n\t\t\t\t<section class=\"elementor-section elementor-top-section elementor-element elementor-element-cabc1cf elementor-section-items-top elementor-section-height-min-height elementor-hidden-mobile elementor-section-boxed elementor-section-height-default\" data-id=\"cabc1cf\" data-element_type=\"section\" data-e-type=\"section\" data-settings=\"{&quot;background_background&quot;:&quot;classic&quot;}\">\n\t\t\t\t\t\t<div class=\"elementor-container elementor-column-gap-default\">\n\t\t\t\t\t<div class=\"elementor-column elementor-col-50 elementor-top-column elementor-element elementor-element-d89fc07\" data-id=\"d89fc07\" data-element_type=\"column\" data-e-type=\"column\">\n\t\t\t<div class=\"elementor-widget-wrap\">\n\t\t\t\t\t\t\t<\/div>\n\t\t<\/div>\n\t\t\t\t<div class=\"elementor-column elementor-col-50 elementor-top-column elementor-element elementor-element-07733b3\" data-id=\"07733b3\" data-element_type=\"column\" data-e-type=\"column\">\n\t\t\t<div class=\"elementor-widget-wrap elementor-element-populated\">\n\t\t\t\t\t\t<div class=\"elementor-element elementor-element-7e677ea elementor-widget elementor-widget-heading\" data-id=\"7e677ea\" data-element_type=\"widget\" data-e-type=\"widget\" data-widget_type=\"heading.default\">\n\t\t\t\t<div class=\"elementor-widget-container\">\n\t\t\t\t\t<h2 class=\"elementor-heading-title elementor-size-default\">4 HEAT PIPES<\/h2>\t\t\t\t<\/div>\n\t\t\t\t<\/div>\n\t\t\t\t<div class=\"elementor-element elementor-element-41975a9 elementor-widget elementor-widget-heading\" data-id=\"41975a9\" data-element_type=\"widget\" data-e-type=\"widget\" data-widget_type=\"heading.default\">\n\t\t\t\t<div class=\"elementor-widget-container\">\n\t\t\t\t\t<h2 class=\"elementor-heading-title elementor-size-default\">Equipado com quatro heat pipes de cobre de alta efici\u00eancia, o KD-P4RGB proporciona transfer\u00eancia t\u00e9rmica r\u00e1pida entre o processador e o dissipador de alum\u00ednio. Essa arquitetura melhora significativamente a dissipa\u00e7\u00e3o de calor, permitindo que o cooler suporte processadores com maior carga t\u00e9rmica e mantenha temperaturas est\u00e1veis mesmo durante jogos intensivos ou aplica\u00e7\u00f5es exigentes.<\/h2>\t\t\t\t<\/div>\n\t\t\t\t<\/div>\n\t\t\t\t\t<\/div>\n\t\t<\/div>\n\t\t\t\t\t<\/div>\n\t\t<\/section>\n\t\t\t\t<section class=\"elementor-section elementor-top-section elementor-element elementor-element-fb97c68 elementor-section-content-middle elementor-section-boxed elementor-section-height-default elementor-section-height-default\" data-id=\"fb97c68\" data-element_type=\"section\" data-e-type=\"section\">\n\t\t\t\t\t\t<div class=\"elementor-container elementor-column-gap-default\">\n\t\t\t\t\t<div class=\"elementor-column elementor-col-50 elementor-top-column elementor-element elementor-element-b0ad8d0\" data-id=\"b0ad8d0\" data-element_type=\"column\" data-e-type=\"column\">\n\t\t\t<div class=\"elementor-widget-wrap elementor-element-populated\">\n\t\t\t\t\t\t<div class=\"elementor-element elementor-element-2410163 elementor-widget elementor-widget-image\" data-id=\"2410163\" data-element_type=\"widget\" data-e-type=\"widget\" data-widget_type=\"image.default\">\n\t\t\t\t<div class=\"elementor-widget-container\">\n\t\t\t\t\t\t\t\t\t\t\t\t\t\t\t<img fetchpriority=\"high\" decoding=\"async\" width=\"800\" height=\"285\" src=\"https:\/\/keepdata.com\/pt\/wp-content\/uploads\/2026\/03\/gaming.png\" class=\"attachment-large size-large wp-image-4347\" alt=\"\" srcset=\"https:\/\/keepdata.com\/pt\/wp-content\/uploads\/2026\/03\/gaming.png 906w, https:\/\/keepdata.com\/pt\/wp-content\/uploads\/2026\/03\/gaming-300x107.png 300w, https:\/\/keepdata.com\/pt\/wp-content\/uploads\/2026\/03\/gaming-768x274.png 768w\" sizes=\"(max-width: 800px) 100vw, 800px\" \/>\t\t\t\t\t\t\t\t\t\t\t\t\t\t\t<\/div>\n\t\t\t\t<\/div>\n\t\t\t\t<div class=\"elementor-element elementor-element-d189e2e elementor-widget elementor-widget-heading\" data-id=\"d189e2e\" data-element_type=\"widget\" data-e-type=\"widget\" data-widget_type=\"heading.default\">\n\t\t\t\t<div class=\"elementor-widget-container\">\n\t\t\t\t\t<h2 class=\"elementor-heading-title elementor-size-default\">O cooler utiliza uma ventoinha RGB de 120 mm, projetada para gerar fluxo de ar eficiente dentro do gabinete enquanto adiciona um visual vibrante ao setup gamer. Com velocidade de aproximadamente 1500 RPM, a ventoinha fornece at\u00e9 48 CFM de fluxo de ar, garantindo equil\u00edbrio entre desempenho t\u00e9rmico e baixo n\u00edvel de ru\u00eddo.<\/h2>\t\t\t\t<\/div>\n\t\t\t\t<\/div>\n\t\t\t\t<div class=\"elementor-element elementor-element-45edf45 elementor-widget elementor-widget-heading\" data-id=\"45edf45\" data-element_type=\"widget\" data-e-type=\"widget\" data-widget_type=\"heading.default\">\n\t\t\t\t<div class=\"elementor-widget-container\">\n\t\t\t\t\t<h2 class=\"elementor-heading-title elementor-size-default\">Para maior confiabilidade e durabilidade, o rolamento hidraum\u00e1tico (Hydraumatic Bearing) reduz o atrito interno e prolonga a vida \u00fatil do ventilador, oferecendo at\u00e9 50.000 horas de opera\u00e7\u00e3o est\u00e1vel.<\/h2>\t\t\t\t<\/div>\n\t\t\t\t<\/div>\n\t\t\t\t<div class=\"elementor-element elementor-element-25f271c elementor-widget elementor-widget-heading\" data-id=\"25f271c\" data-element_type=\"widget\" data-e-type=\"widget\" data-widget_type=\"heading.default\">\n\t\t\t\t<div class=\"elementor-widget-container\">\n\t\t\t\t\t<h2 class=\"elementor-heading-title elementor-size-default\">Com capacidade t\u00e9rmica de at\u00e9 140W TDP, o Keepdata KD-P4RGB Dragonfly \u00e9 ideal para sistemas gamers e PCs de alto desempenho que precisam de refrigera\u00e7\u00e3o eficiente, confi\u00e1vel e visual moderno.<\/h2>\t\t\t\t<\/div>\n\t\t\t\t<\/div>\n\t\t\t\t\t<\/div>\n\t\t<\/div>\n\t\t\t\t<div class=\"elementor-column elementor-col-50 elementor-top-column elementor-element elementor-element-69ff1ce\" data-id=\"69ff1ce\" data-element_type=\"column\" data-e-type=\"column\">\n\t\t\t<div class=\"elementor-widget-wrap elementor-element-populated\">\n\t\t\t\t\t\t<div class=\"elementor-element elementor-element-8c79dfc elementor-widget elementor-widget-image\" data-id=\"8c79dfc\" data-element_type=\"widget\" data-e-type=\"widget\" data-widget_type=\"image.default\">\n\t\t\t\t<div class=\"elementor-widget-container\">\n\t\t\t\t\t\t\t\t\t\t\t\t\t\t\t<img loading=\"lazy\" decoding=\"async\" width=\"800\" height=\"800\" src=\"https:\/\/keepdata.com\/pt\/wp-content\/uploads\/2026\/03\/KD-P4RGB_1-1024x1024.jpg\" class=\"attachment-large size-large wp-image-4362\" alt=\"\" srcset=\"https:\/\/keepdata.com\/pt\/wp-content\/uploads\/2026\/03\/KD-P4RGB_1-1024x1024.jpg 1024w, https:\/\/keepdata.com\/pt\/wp-content\/uploads\/2026\/03\/KD-P4RGB_1-300x300.jpg 300w, https:\/\/keepdata.com\/pt\/wp-content\/uploads\/2026\/03\/KD-P4RGB_1-150x150.jpg 150w, https:\/\/keepdata.com\/pt\/wp-content\/uploads\/2026\/03\/KD-P4RGB_1-768x768.jpg 768w, https:\/\/keepdata.com\/pt\/wp-content\/uploads\/2026\/03\/KD-P4RGB_1.jpg 1080w\" sizes=\"(max-width: 800px) 100vw, 800px\" \/>\t\t\t\t\t\t\t\t\t\t\t\t\t\t\t<\/div>\n\t\t\t\t<\/div>\n\t\t\t\t\t<\/div>\n\t\t<\/div>\n\t\t\t\t\t<\/div>\n\t\t<\/section>\n\t\t\t\t<section class=\"elementor-section elementor-top-section elementor-element elementor-element-3c72ae10 elementor-section-boxed elementor-section-height-default elementor-section-height-default\" data-id=\"3c72ae10\" data-element_type=\"section\" data-e-type=\"section\">\n\t\t\t\t\t\t<div class=\"elementor-container elementor-column-gap-default\">\n\t\t\t\t\t<div class=\"elementor-column elementor-col-100 elementor-top-column elementor-element elementor-element-7fb1a038\" data-id=\"7fb1a038\" data-element_type=\"column\" data-e-type=\"column\">\n\t\t\t<div class=\"elementor-widget-wrap elementor-element-populated\">\n\t\t\t\t\t\t<div class=\"elementor-element elementor-element-76ce2d12 elementor-widget elementor-widget-heading\" data-id=\"76ce2d12\" data-element_type=\"widget\" data-e-type=\"widget\" data-widget_type=\"heading.default\">\n\t\t\t\t<div class=\"elementor-widget-container\">\n\t\t\t\t\t<h2 class=\"elementor-heading-title elementor-size-default\">Especifica\u00e7\u00f5es T\u00e9cnicas:<\/h2>\t\t\t\t<\/div>\n\t\t\t\t<\/div>\n\t\t\t\t<div class=\"elementor-element elementor-element-3047f9ec elementor-widget elementor-widget-elementskit-tablepress\" data-id=\"3047f9ec\" data-element_type=\"widget\" data-e-type=\"widget\" data-widget_type=\"elementskit-tablepress.default\">\n\t\t\t\t<div class=\"elementor-widget-container\">\n\t\t\t\t\t<div class=\"elemenetskit-tablepress ekit-wid-con\" id=\"ekit_tablepress_3047f9ec\">\n<table id=\"tablepress-115\" class=\"tablepress tablepress-id-115\">\n<tbody class=\"row-striping row-hover\">\n<tr class=\"row-1\">\n\t<td class=\"column-1\">EAN<\/td><td class=\"column-2\">7898722600935<\/td>\n<\/tr>\n<tr class=\"row-2\">\n\t<td class=\"column-1\">Product Size<\/td><td class=\"column-2\">125x80x155 mm<\/td>\n<\/tr>\n<tr class=\"row-3\">\n\t<td class=\"column-1\">Fan Size<\/td><td class=\"column-2\">120x120x25mm <\/td>\n<\/tr>\n<tr class=\"row-4\">\n\t<td class=\"column-1\">Fan Speed<\/td><td class=\"column-2\">1500 RPM +\/-10%<\/td>\n<\/tr>\n<tr class=\"row-5\">\n\t<td class=\"column-1\">Weight<\/td><td class=\"column-2\">480g<\/td>\n<\/tr>\n<tr class=\"row-6\">\n\t<td class=\"column-1\">Connector<\/td><td class=\"column-2\">3pin\/4pin<\/td>\n<\/tr>\n<tr class=\"row-7\">\n\t<td class=\"column-1\">Bearing Type<\/td><td class=\"column-2\">Hydraumatic<\/td>\n<\/tr>\n<tr class=\"row-8\">\n\t<td class=\"column-1\">Starting Voltage<\/td><td class=\"column-2\">7V DC<\/td>\n<\/tr>\n<tr class=\"row-9\">\n\t<td class=\"column-1\">Rated Voltage<\/td><td class=\"column-2\">12V DC<\/td>\n<\/tr>\n<tr class=\"row-10\">\n\t<td class=\"column-1\">Rated Current<\/td><td class=\"column-2\">0.2A +\/-10%<\/td>\n<\/tr>\n<tr class=\"row-11\">\n\t<td class=\"column-1\">Air Flow<\/td><td class=\"column-2\">48 CFM<\/td>\n<\/tr>\n<tr class=\"row-12\">\n\t<td class=\"column-1\">Noise<\/td><td class=\"column-2\">18dBA +\/-10%<\/td>\n<\/tr>\n<tr class=\"row-13\">\n\t<td class=\"column-1\">Life<\/td><td class=\"column-2\">50,000 Hours<\/td>\n<\/tr>\n<tr class=\"row-14\">\n\t<td class=\"column-1\">Intel<\/td><td class=\"column-2\">LGA 775\/1156\/1155\/1150\/1151<\/td>\n<\/tr>\n<tr class=\"row-15\">\n\t<td class=\"column-1\"><\/td><td class=\"column-2\">LGA 1200\/1366\/1700<\/td>\n<\/tr>\n<tr class=\"row-16\">\n\t<td class=\"column-1\"><\/td><td class=\"column-2\">LGA 2011\/2066 Xeon <\/td>\n<\/tr>\n<tr class=\"row-17\">\n\t<td class=\"column-1\"><\/td><td class=\"column-2\">Core i7\/i5\/i3<\/td>\n<\/tr>\n<tr class=\"row-18\">\n\t<td class=\"column-1\"><\/td><td class=\"column-2\">Core 2 Extreme<\/td>\n<\/tr>\n<tr class=\"row-19\">\n\t<td class=\"column-1\"><\/td><td class=\"column-2\">Core 2 Quad<\/td>\n<\/tr>\n<tr class=\"row-20\">\n\t<td class=\"column-1\"><\/td><td class=\"column-2\">Core 2 Duo<\/td>\n<\/tr>\n<tr class=\"row-21\">\n\t<td class=\"column-1\"><\/td><td class=\"column-2\">Pentium Dual-Core<\/td>\n<\/tr>\n<tr class=\"row-22\">\n\t<td class=\"column-1\"><\/td><td class=\"column-2\">Pentium D\/4<\/td>\n<\/tr>\n<tr class=\"row-23\">\n\t<td class=\"column-1\"><\/td><td class=\"column-2\">Celeron Dual-Core<\/td>\n<\/tr>\n<tr class=\"row-24\">\n\t<td class=\"column-1\"><\/td><td class=\"column-2\">Celeron \/ Celeron D<\/td>\n<\/tr>\n<tr class=\"row-25\">\n\t<td class=\"column-1\">AMD<\/td><td class=\"column-2\">AM5\/AM4\/FM2\/FM1<\/td>\n<\/tr>\n<tr class=\"row-26\">\n\t<td class=\"column-1\"><\/td><td class=\"column-2\">AM2\/AM2+\/AM3\/AM3+<\/td>\n<\/tr>\n<tr class=\"row-27\">\n\t<td class=\"column-1\"><\/td><td class=\"column-2\">FX X8\/X6\/X4<\/td>\n<\/tr>\n<tr class=\"row-28\">\n\t<td class=\"column-1\"><\/td><td class=\"column-2\">A10\/A8\/A6\/A4<\/td>\n<\/tr>\n<tr class=\"row-29\">\n\t<td class=\"column-1\"><\/td><td class=\"column-2\">Phenom II X6\/X4\/X3\/X2<\/td>\n<\/tr>\n<tr class=\"row-30\">\n\t<td class=\"column-1\"><\/td><td class=\"column-2\">Phenom X4\/X3<\/td>\n<\/tr>\n<tr class=\"row-31\">\n\t<td class=\"column-1\"><\/td><td class=\"column-2\">Athlon II X4\/X3\/X2<\/td>\n<\/tr>\n<tr class=\"row-32\">\n\t<td class=\"column-1\"><\/td><td class=\"column-2\">Athlon X2<\/td>\n<\/tr>\n<tr class=\"row-33\">\n\t<td class=\"column-1\"><\/td><td class=\"column-2\">Athlon\/Athlon F<\/td>\n<\/tr>\n<tr class=\"row-34\">\n\t<td class=\"column-1\"><\/td><td class=\"column-2\">Ryzen7\/Ryzen5<\/td>\n<\/tr>\n<\/tbody>\n<\/table>\n<\/div>\t\t\t\t<\/div>\n\t\t\t\t<\/div>\n\t\t\t\t\t<\/div>\n\t\t<\/div>\n\t\t\t\t\t<\/div>\n\t\t<\/section>\n\t\t\t\t<\/div>\n\t\t","protected":false},"excerpt":{"rendered":"<p>CPU COOLER KD-P4RGB Cooler de CPU para jogos de alto desempenho O Dragonfly KD-P4RGB Keepdata CPU Cooler foi desenvolvido para oferecer alto desempenho de refrigera\u00e7\u00e3o aliado a um visual gamer moderno com ilumina\u00e7\u00e3o RGB. Projetado para sistemas que exigem maior capacidade de dissipa\u00e7\u00e3o t\u00e9rmica, este cooler combina tecnologia avan\u00e7ada de heat pipes, fluxo de ar [&hellip;]<\/p>\n","protected":false},"author":1,"featured_media":0,"parent":0,"menu_order":0,"comment_status":"closed","ping_status":"closed","template":"elementor_header_footer","meta":{"footnotes":""},"folder":[],"class_list":["post-4355","page","type-page","status-publish","hentry"],"_links":{"self":[{"href":"https:\/\/keepdata.com\/pt\/wp-json\/wp\/v2\/pages\/4355","targetHints":{"allow":["GET"]}}],"collection":[{"href":"https:\/\/keepdata.com\/pt\/wp-json\/wp\/v2\/pages"}],"about":[{"href":"https:\/\/keepdata.com\/pt\/wp-json\/wp\/v2\/types\/page"}],"author":[{"embeddable":true,"href":"https:\/\/keepdata.com\/pt\/wp-json\/wp\/v2\/users\/1"}],"replies":[{"embeddable":true,"href":"https:\/\/keepdata.com\/pt\/wp-json\/wp\/v2\/comments?post=4355"}],"version-history":[{"count":7,"href":"https:\/\/keepdata.com\/pt\/wp-json\/wp\/v2\/pages\/4355\/revisions"}],"predecessor-version":[{"id":4387,"href":"https:\/\/keepdata.com\/pt\/wp-json\/wp\/v2\/pages\/4355\/revisions\/4387"}],"wp:attachment":[{"href":"https:\/\/keepdata.com\/pt\/wp-json\/wp\/v2\/media?parent=4355"}],"wp:term":[{"taxonomy":"folder","embeddable":true,"href":"https:\/\/keepdata.com\/pt\/wp-json\/wp\/v2\/folder?post=4355"}],"curies":[{"name":"wp","href":"https:\/\/api.w.org\/{rel}","templated":true}]}}