{"id":969,"date":"2022-08-17T17:02:10","date_gmt":"2022-08-17T20:02:10","guid":{"rendered":"https:\/\/keepdata.com\/demo\/?page_id=969"},"modified":"2025-02-04T17:56:06","modified_gmt":"2025-02-04T20:56:06","slug":"ssd-1tb-sata","status":"publish","type":"page","link":"https:\/\/keepdata.com\/pt\/ssd-1tb-sata\/","title":{"rendered":"SSD 1TB SATA"},"content":{"rendered":"\t\t<div data-elementor-type=\"wp-page\" data-elementor-id=\"969\" class=\"elementor elementor-969\" data-elementor-post-type=\"page\">\n\t\t\t\t\t\t<section class=\"elementor-section elementor-top-section elementor-element elementor-element-6256929f elementor-section-boxed elementor-section-height-default elementor-section-height-default\" data-id=\"6256929f\" data-element_type=\"section\" data-e-type=\"section\">\n\t\t\t\t\t\t<div class=\"elementor-container elementor-column-gap-default\">\n\t\t\t\t\t<div class=\"elementor-column elementor-col-100 elementor-top-column elementor-element elementor-element-3efd1689\" data-id=\"3efd1689\" data-element_type=\"column\" data-e-type=\"column\">\n\t\t\t<div class=\"elementor-widget-wrap elementor-element-populated\">\n\t\t\t\t\t\t<div class=\"elementor-element elementor-element-4d668a6a elementor-widget elementor-widget-heading\" data-id=\"4d668a6a\" data-element_type=\"widget\" data-e-type=\"widget\" data-widget_type=\"heading.default\">\n\t\t\t\t<div class=\"elementor-widget-container\">\n\t\t\t\t\t<h2 class=\"elementor-heading-title elementor-size-default\">SSD 1TB SATA<\/h2>\t\t\t\t<\/div>\n\t\t\t\t<\/div>\n\t\t\t\t<div class=\"elementor-element elementor-element-60182c65 elementor-widget elementor-widget-heading\" data-id=\"60182c65\" data-element_type=\"widget\" data-e-type=\"widget\" data-widget_type=\"heading.default\">\n\t\t\t\t<div class=\"elementor-widget-container\">\n\t\t\t\t\t<h2 class=\"elementor-heading-title elementor-size-default\">Modelo: KDS1T-L21<\/h2>\t\t\t\t<\/div>\n\t\t\t\t<\/div>\n\t\t\t\t<div class=\"elementor-element elementor-element-3e8e4966 elementor-widget elementor-widget-image\" data-id=\"3e8e4966\" data-element_type=\"widget\" data-e-type=\"widget\" data-widget_type=\"image.default\">\n\t\t\t\t<div class=\"elementor-widget-container\">\n\t\t\t\t\t\t\t\t\t\t\t\t\t\t\t<img fetchpriority=\"high\" decoding=\"async\" width=\"800\" height=\"800\" src=\"https:\/\/keepdata.com\/pt\/wp-content\/uploads\/2025\/02\/KDS1T-L21_01-1.jpg\" class=\"attachment-full size-full wp-image-3455\" alt=\"\" srcset=\"https:\/\/keepdata.com\/pt\/wp-content\/uploads\/2025\/02\/KDS1T-L21_01-1.jpg 800w, https:\/\/keepdata.com\/pt\/wp-content\/uploads\/2025\/02\/KDS1T-L21_01-1-300x300.jpg 300w, https:\/\/keepdata.com\/pt\/wp-content\/uploads\/2025\/02\/KDS1T-L21_01-1-150x150.jpg 150w, https:\/\/keepdata.com\/pt\/wp-content\/uploads\/2025\/02\/KDS1T-L21_01-1-768x768.jpg 768w\" sizes=\"(max-width: 800px) 100vw, 800px\" \/>\t\t\t\t\t\t\t\t\t\t\t\t\t\t\t<\/div>\n\t\t\t\t<\/div>\n\t\t\t\t<div class=\"elementor-element elementor-element-80448d9 elementor-widget elementor-widget-text-editor\" data-id=\"80448d9\" data-element_type=\"widget\" data-e-type=\"widget\" data-widget_type=\"text-editor.default\">\n\t\t\t\t<div class=\"elementor-widget-container\">\n\t\t\t\t\t\t\t\t\t<p>R\u00e1pida inicializa\u00e7\u00e3o, carregamento e transfer\u00eancia de arquivos. Mais confi\u00e1vel e mais dur\u00e1vel do que um disco r\u00edgido. A unidade de estado s\u00f3lido L21 da KeepData, aumenta eficientemente a resposta do seu computador com tempos inacredit\u00e1veis de inicializa\u00e7\u00e3o, carregamento e transfer\u00eancia, comparados a discos r\u00edgidos mec\u00e2nicos. Acrescido com uma controladora de alta tecnologia para velocidades de leitura e grava\u00e7\u00e3o de at\u00e9 550MB\/s e 500MB\/s, este SSD \u00e9 10x mais r\u00e1pido do que um disco r\u00edgido tradicional. Para melhor desempenho, resposta instant\u00e2nea em multitarefas e um computador mais r\u00e1pido de modo geral.<\/p>\t\t\t\t\t\t\t\t<\/div>\n\t\t\t\t<\/div>\n\t\t\t\t<div class=\"elementor-element elementor-element-55746f26 elementor-widget elementor-widget-heading\" data-id=\"55746f26\" data-element_type=\"widget\" data-e-type=\"widget\" data-widget_type=\"heading.default\">\n\t\t\t\t<div class=\"elementor-widget-container\">\n\t\t\t\t\t<h2 class=\"elementor-heading-title elementor-size-default\">Especifica\u00e7\u00f5es T\u00e9cnicas:<\/h2>\t\t\t\t<\/div>\n\t\t\t\t<\/div>\n\t\t\t\t<div class=\"elementor-element elementor-element-7245f6bf elementor-widget elementor-widget-elementskit-tablepress\" data-id=\"7245f6bf\" data-element_type=\"widget\" data-e-type=\"widget\" data-widget_type=\"elementskit-tablepress.default\">\n\t\t\t\t<div class=\"elementor-widget-container\">\n\t\t\t\t\t<div class=\"elemenetskit-tablepress ekit-wid-con\" id=\"ekit_tablepress_7245f6bf\">\n<table id=\"tablepress-5\" class=\"tablepress tablepress-id-5\">\n<tbody class=\"row-striping row-hover\">\n<tr class=\"row-1\">\n\t<td class=\"column-1\">EAN<\/td><td class=\"column-2\">7898722600614<\/td><td class=\"column-3\"><\/td>\n<\/tr>\n<tr class=\"row-2\">\n\t<td class=\"column-1\">Overview <\/td><td class=\"column-2\">Meas. <\/td><td class=\"column-3\">2.5inch 100.2\u00d769.8\u00d79.5mm \u00b10.05mm <\/td>\n<\/tr>\n<tr class=\"row-3\">\n\t<td class=\"column-1\">General <\/td><td class=\"column-2\">Capacity<\/td><td class=\"column-3\">1 TB<\/td>\n<\/tr>\n<tr class=\"row-4\">\n\t<td class=\"column-1\"><\/td><td class=\"column-2\">interface <\/td><td class=\"column-3\">SATA III <\/td>\n<\/tr>\n<tr class=\"row-5\">\n\t<td class=\"column-1\">Performance <\/td><td class=\"column-2\">Average Access time <\/td><td class=\"column-3\">0.1ms <\/td>\n<\/tr>\n<tr class=\"row-6\">\n\t<td class=\"column-1\"><\/td><td class=\"column-2\">Sustained Read <\/td><td class=\"column-3\">up to 550MB\/S <\/td>\n<\/tr>\n<tr class=\"row-7\">\n\t<td class=\"column-1\"><\/td><td class=\"column-2\">Sustained Write <\/td><td class=\"column-3\">up to 500MB\/S <\/td>\n<\/tr>\n<tr class=\"row-8\">\n\t<td class=\"column-1\"><\/td><td class=\"column-2\">4KB Random Read IOPS <\/td><td class=\"column-3\">70000<\/td>\n<\/tr>\n<tr class=\"row-9\">\n\t<td class=\"column-1\"><\/td><td class=\"column-2\">4KB Random Write IOPS <\/td><td class=\"column-3\">68000<\/td>\n<\/tr>\n<tr class=\"row-10\">\n\t<td class=\"column-1\">Storage Media <\/td><td class=\"column-2\">NAND Flash <\/td><td class=\"column-3\">TLC\/QLC <\/td>\n<\/tr>\n<tr class=\"row-11\">\n\t<td class=\"column-1\">Power Consumption <\/td><td class=\"column-2\">input Voltage <\/td><td class=\"column-3\">5V\u00b15% <\/td>\n<\/tr>\n<tr class=\"row-12\">\n\t<td class=\"column-1\"><\/td><td class=\"column-2\">Idle<\/td><td class=\"column-3\">0.4W<\/td>\n<\/tr>\n<tr class=\"row-13\">\n\t<td class=\"column-1\"><\/td><td class=\"column-2\">Active<\/td><td class=\"column-3\">4.0W<\/td>\n<\/tr>\n<tr class=\"row-14\">\n\t<td class=\"column-1\">Reliability &amp; Endurance <\/td><td class=\"column-2\">Write endurance <\/td><td class=\"column-3\">8years@100GBytes write and erase per day at 32GB <\/td>\n<\/tr>\n<tr class=\"row-15\">\n\t<td class=\"column-1\"><\/td><td class=\"column-2\">Read endurance <\/td><td class=\"column-3\">unlimited <\/td>\n<\/tr>\n<tr class=\"row-16\">\n\t<td class=\"column-1\"><\/td><td class=\"column-2\">Wear-Leveling Algorithm <\/td><td class=\"column-3\">Dynamic and static wear-leveling <\/td>\n<\/tr>\n<tr class=\"row-17\">\n\t<td class=\"column-1\"><\/td><td class=\"column-2\">Data Retention <\/td><td class=\"column-3\">10years at 25\u00b0C <\/td>\n<\/tr>\n<tr class=\"row-18\">\n\t<td class=\"column-1\"><\/td><td class=\"column-2\">MTBF <\/td><td class=\"column-3\">>1,000,000hours <\/td>\n<\/tr>\n<tr class=\"row-19\">\n\t<td class=\"column-1\"><\/td><td class=\"column-2\">ECC <\/td><td class=\"column-3\">Supports BCH ECC 8bits or 15bits in 512 bytes <\/td>\n<\/tr>\n<tr class=\"row-20\">\n\t<td class=\"column-1\"><\/td><td class=\"column-2\">Bad block Management <\/td><td class=\"column-3\">Auto bad black management in system <\/td>\n<\/tr>\n<tr class=\"row-21\">\n\t<td class=\"column-1\">Environment <\/td><td class=\"column-2\">Operating Temperature <\/td><td class=\"column-3\">0~70\u00b0C <\/td>\n<\/tr>\n<tr class=\"row-22\">\n\t<td class=\"column-1\"><\/td><td class=\"column-2\">Non-operating Temperature <\/td><td class=\"column-3\">-40~85\u00b0C <\/td>\n<\/tr>\n<tr class=\"row-23\">\n\t<td class=\"column-1\"><\/td><td class=\"column-2\">Shock <\/td><td class=\"column-3\">2,000G(@0.3ms half sine wave) <\/td>\n<\/tr>\n<tr class=\"row-24\">\n\t<td class=\"column-1\"><\/td><td class=\"column-2\">Vibration <\/td><td class=\"column-3\">20G(40-2000HZ) <\/td>\n<\/tr>\n<tr class=\"row-25\">\n\t<td class=\"column-1\"><\/td><td class=\"column-2\">Humidity <\/td><td class=\"column-3\">5-95% <\/td>\n<\/tr>\n<tr class=\"row-26\">\n\t<td class=\"column-1\">Warranty <\/td><td class=\"column-2\">MLC Flash 2 years, SLC Flash 2 years <\/td><td class=\"column-3\"><\/td>\n<\/tr>\n<tr class=\"row-27\">\n\t<td class=\"column-1\">Available unit <\/td><td class=\"column-2\"><\/td><td class=\"column-3\">Available,NO EOL <\/td>\n<\/tr>\n<tr class=\"row-28\">\n\t<td class=\"column-1\">Testing platform <\/td><td class=\"column-2\">CPU<\/td><td class=\"column-3\">Intel\u00ae Core(TM) i5-2400 CPU @ 3.10GHz <\/td>\n<\/tr>\n<tr class=\"row-29\">\n\t<td class=\"column-1\"><\/td><td class=\"column-2\">Chipset<\/td><td class=\"column-3\">Intel\u00ae Z68 Express Chipset <\/td>\n<\/tr>\n<tr class=\"row-30\">\n\t<td class=\"column-1\"><\/td><td class=\"column-2\">Memory<\/td><td class=\"column-3\">DDR3 8GB 1600MHZ KEEPDATA KD16N11\/8G<\/td>\n<\/tr>\n<tr class=\"row-31\">\n\t<td class=\"column-1\"><\/td><td class=\"column-2\">OS<\/td><td class=\"column-3\">Microsoft Windows 7 Professional 64-bit <\/td>\n<\/tr>\n<tr class=\"row-32\">\n\t<td class=\"column-1\"><\/td><td class=\"column-2\">AHCI Driver<\/td><td class=\"column-3\">Server Express Chipset SATA AHCI Controller <\/td>\n<\/tr>\n<tr class=\"row-33\">\n\t<td class=\"column-1\"><\/td><td class=\"column-2\">BIOS Settings<\/td><td class=\"column-3\">AHCI Mode <\/td>\n<\/tr>\n<tr class=\"row-34\">\n\t<td class=\"column-1\">Testing software <\/td><td class=\"column-2\">Crystal Disk Mark 3.0 <\/td><td class=\"column-3\"><\/td>\n<\/tr>\n<tr class=\"row-35\">\n\t<td class=\"column-1\"><\/td><td class=\"column-2\">AS SSD Benchmark <\/td><td class=\"column-3\"><\/td>\n<\/tr>\n<tr class=\"row-36\">\n\t<td class=\"column-1\"><\/td><td class=\"column-2\">ATTO Disk Benchmarks V2.47_CN IOmeter 2008 <\/td><td class=\"column-3\"><\/td>\n<\/tr>\n<tr class=\"row-37\">\n\t<td class=\"column-1\"><\/td><td class=\"column-2\">HD Tune Pro5.00 <\/td><td class=\"column-3\"><\/td>\n<\/tr>\n<\/tbody>\n<\/table>\n<\/div>\t\t\t\t<\/div>\n\t\t\t\t<\/div>\n\t\t\t\t\t<\/div>\n\t\t<\/div>\n\t\t\t\t\t<\/div>\n\t\t<\/section>\n\t\t\t\t<\/div>\n\t\t","protected":false},"excerpt":{"rendered":"<p>SSD 1TB SATA Modelo: KDS1T-L21 R\u00e1pida inicializa\u00e7\u00e3o, carregamento e transfer\u00eancia de arquivos. Mais confi\u00e1vel e mais dur\u00e1vel do que um disco r\u00edgido. A unidade de estado s\u00f3lido L21 da KeepData, aumenta eficientemente a resposta do seu computador com tempos inacredit\u00e1veis de inicializa\u00e7\u00e3o, carregamento e transfer\u00eancia, comparados a discos r\u00edgidos mec\u00e2nicos. Acrescido com uma controladora de [&hellip;]<\/p>\n","protected":false},"author":1,"featured_media":0,"parent":0,"menu_order":0,"comment_status":"closed","ping_status":"closed","template":"elementor_header_footer","meta":{"footnotes":""},"folder":[],"class_list":["post-969","page","type-page","status-publish","hentry"],"_links":{"self":[{"href":"https:\/\/keepdata.com\/pt\/wp-json\/wp\/v2\/pages\/969","targetHints":{"allow":["GET"]}}],"collection":[{"href":"https:\/\/keepdata.com\/pt\/wp-json\/wp\/v2\/pages"}],"about":[{"href":"https:\/\/keepdata.com\/pt\/wp-json\/wp\/v2\/types\/page"}],"author":[{"embeddable":true,"href":"https:\/\/keepdata.com\/pt\/wp-json\/wp\/v2\/users\/1"}],"replies":[{"embeddable":true,"href":"https:\/\/keepdata.com\/pt\/wp-json\/wp\/v2\/comments?post=969"}],"version-history":[{"count":32,"href":"https:\/\/keepdata.com\/pt\/wp-json\/wp\/v2\/pages\/969\/revisions"}],"predecessor-version":[{"id":3462,"href":"https:\/\/keepdata.com\/pt\/wp-json\/wp\/v2\/pages\/969\/revisions\/3462"}],"wp:attachment":[{"href":"https:\/\/keepdata.com\/pt\/wp-json\/wp\/v2\/media?parent=969"}],"wp:term":[{"taxonomy":"folder","embeddable":true,"href":"https:\/\/keepdata.com\/pt\/wp-json\/wp\/v2\/folder?post=969"}],"curies":[{"name":"wp","href":"https:\/\/api.w.org\/{rel}","templated":true}]}}